{"id":2185,"date":"2026-03-05T17:30:53","date_gmt":"2026-03-05T16:30:53","guid":{"rendered":"https:\/\/www.biobey.be\/fr-temp\/produit\/cbd-gel-hygiene-intime-250ml\/"},"modified":"2026-03-05T19:08:35","modified_gmt":"2026-03-05T18:08:35","slug":"cbd-gel-hygiene-intime-250ml","status":"publish","type":"product","link":"https:\/\/www.biobey.be\/fr\/produit\/cbd-gel-hygiene-intime-250ml\/","title":{"rendered":"CBD Gel Hygi\u00e8ne intime 250ml"},"content":{"rendered":"<p>CBD Gel Hygi\u00e8ne intime naturel riche en vitamines, min\u00e9raux et acides gras insatur\u00e9s assure le soin quotidien et la fra\u00eecheur de la zone intime. Il pr\u00e9vient \u00e9galement les infections bact\u00e9riennes et fongiques. Ceci favorise la protection naturelle du vagin. Gr\u00e2ce \u00e0 sa composition douce, le CBD Gel Hygi\u00e8ne intime convient aux soins quotidiens.<\/p>\n<h3>Composition pure et douce de cbd gel hygi\u00e8ne intime<\/h3>\n<p>Le nettoyant naturel CBD pour l&rsquo;hygi\u00e8ne intime est compos\u00e9 d&rsquo;ingr\u00e9dients 100% naturels. Les ingr\u00e9dients actifs dont Cannabis Sativa L., l&rsquo;huile de chanvre et les huiles essentielles d&rsquo;arbre \u00e0 th\u00e9 et de romarin sont connus pour leurs effets b\u00e9n\u00e9fiques. La combinaison de cannabidiols, d&rsquo;antioxydants et de vitamines \u00e9limine et pr\u00e9vient les bact\u00e9ries et champignons nocifs.<\/p>\n<p>Ceci restaure et prot\u00e8ge donc la microflore naturelle du vagin. L&rsquo;huile essentielle d&rsquo;arbre \u00e0 th\u00e9 a un fort effet antiseptique. Elle traite les infections fongiques et soulage les sympt\u00f4mes tels que les d\u00e9mangeaisons, l&rsquo;irritation et les \u00e9ruptions cutan\u00e9es.<\/p>\n<h3>Le soin naturel de l&rsquo;hygi\u00e8ne intime<\/h3>\n<p>Gr\u00e2ce \u00e0 la composition douce de l&rsquo;\u00e9mulsion de cire d&rsquo;hygi\u00e8ne intime, la couche protectrice naturelle de la peau sensible des zones intimes n&rsquo;est ni perturb\u00e9e ni d\u00e9shydrat\u00e9e. Le gel lavant naturel CBD nettoie ensuite la zone intime, \u00e9limine les mauvaises odeurs et pr\u00e9vient l&rsquo;inflammation et les infections. Il procure une agr\u00e9able sensation de fra\u00eecheur tout au long de la journ\u00e9e.<\/p>\n<h2>Cbd gel hygi\u00e8ne intime pr\u00e9vient les infections et les irritations<\/h2>\n<p>Les infections et les irritations de la r\u00e9gion intime peuvent \u00eatre caus\u00e9es par plusieurs facteurs. Il s&rsquo;agit notamment de l&rsquo;exposition excessive \u00e0 des ingr\u00e9dients irritants provenant de savons parfum\u00e9s, de v\u00eatements serr\u00e9s et de serviettes hygi\u00e9niques synth\u00e9tiques.<\/p>\n<p>L&rsquo;\u00e9mulsion de cire naturelle CBD (contient moins de 0,2 % de THC) l&rsquo;hygi\u00e8ne intime restaure et maintient une flore vaginale \u00e9quilibr\u00e9e. De plus, il offre une protection quotidienne contre les bact\u00e9ries nocives, les irritations, la d\u00e9shydratation et pr\u00e9vient les infections fongiques.<\/p>\n<h3>Vous \u00eates allergique \u00e0 l&rsquo;un des ingr\u00e9dients de la composition ? Voici des alternatives au gel douche au CBD<\/h3>\n<p>Cette \u00e9mulsion lavante au CBD a \u00e9t\u00e9 sp\u00e9cialement d\u00e9velopp\u00e9e pour les peaux tr\u00e8s sensibles, mais si vous avez une peau extr\u00eamement sensible ou si vous pr\u00e9sentez une r\u00e9action particuli\u00e8re au limon\u00e8ne, nous vous recommandons d&rsquo;utiliser <span style=\"color: #0000ff;\"><a style=\"color: #0000ff;\" href=\"https:\/\/www.biobey.be\/fr\/produit\/gel-nettoyant-pour-zone-intime-bioigen\/\">Bioigen<\/a><\/span> de Bioecopharma.<\/p>\n<h3>Comment utiliser ce gel douche intime au CBD pour apaiser les irritations cutan\u00e9es de la zone intime ?<\/h3>\n<p>Verser une petite quantit\u00e9 de gel dans vos mains. Appliquer ensuite sur la zone intime et rincer abondamment \u00e0 l&rsquo;eau claire. Le gel intime est adapt\u00e9 \u00e0 un usage quotidien.<\/p>\n<p>La pr\u00e9sence d&rsquo;huiles d\u00e9sinfectantes provoque une l\u00e9g\u00e8re sensation de picotement au d\u00e9but, ce n&rsquo;est pas une sensation d\u00e9sagr\u00e9able, mais peut dans certains cas ne pas convenir aux personnes ayant une peau tr\u00e8s sensible.<\/p>\n<p>*Une explication d\u00e9taill\u00e9e de chaque ingr\u00e9dient se trouve sur la page de l&rsquo;encyclop\u00e9die des ingr\u00e9dients.<\/p>\n<h3>Composition INCI officielle du gel douche intime biologique au CBD, par ordre d\u00e9croissant de concentration<\/h3>\n<p>Aqua, Sodium Cocoamphoacetate, Glycerin, Lauryl Glucoside, Sodium Cocoyl Glutamate, Sodium Lauryl Glucose Carboxylate,Olea Europaea Fruit Oil*, Coco-glucoside, Glyceryl Oleate, Citric Acid, Xanthan Gum, Alcohol Denat., Cannabis Sativa leaf \/ stem extract without THC*,<\/p>\n<p>Lonicera Caprifolium Extract, Cannabis Sativa oil*, Melaleuca Altemifolia Leaf Oil, Rosmarinus Officinalis Leaf Oil*, Geraniol, Limonene, Linalool<\/p>\n<p>*Ingr\u00e9dients issus de l&rsquo;agriculture biologique<br \/>\nRosmarinus Officinalis Leaf Oil*,Cannabis Sativa leaf \/ stem extract (contient moins de 0,2 % de THC),Cannabis Sativa oil*,Olea Europaea Fruit Oil*<\/p>\n<h3>Le CBD Intimate Wash Gel bio convient-il aux peaux sensibles ?<\/h3>\n<p>Oui, le CBD Intimate Wash Gel bio est sp\u00e9cialement formul\u00e9 pour les peaux sensibles.<\/p>\n","protected":false},"excerpt":{"rendered":"<p>Nettoyant naturel cbd gel hygi\u00e8ne intime \u00e0 base de CBD, d&rsquo;huile de chanvre, d&rsquo;huile essentielle de th\u00e9ier et d&rsquo;huile de romarin nettoie et aide \u00e0 r\u00e9tablir et \u00e0 maintenir l&rsquo;\u00e9quilibre naturel de la zone intime.<\/p>\n","protected":false},"featured_media":168,"comment_status":"open","ping_status":"closed","template":"","meta":{"ocean_post_layout":"","ocean_both_sidebars_style":"","ocean_both_sidebars_content_width":0,"ocean_both_sidebars_sidebars_width":0,"ocean_sidebar":"0","ocean_second_sidebar":"0","ocean_disable_margins":"enable","ocean_add_body_class":"","ocean_shortcode_before_top_bar":"","ocean_shortcode_after_top_bar":"","ocean_shortcode_before_header":"","ocean_shortcode_after_header":"","ocean_has_shortcode":"","ocean_shortcode_after_title":"","ocean_shortcode_before_footer_widgets":"","ocean_shortcode_after_footer_widgets":"","ocean_shortcode_before_footer_bottom":"","ocean_shortcode_after_footer_bottom":"","ocean_display_top_bar":"default","ocean_display_header":"default","ocean_header_style":"","ocean_center_header_left_menu":"0","ocean_custom_header_template":"0","ocean_custom_logo":0,"ocean_custom_retina_logo":0,"ocean_custom_logo_max_width":0,"ocean_custom_logo_tablet_max_width":0,"ocean_custom_logo_mobile_max_width":0,"ocean_custom_logo_max_height":0,"ocean_custom_logo_tablet_max_height":0,"ocean_custom_logo_mobile_max_height":0,"ocean_header_custom_menu":"0","ocean_menu_typo_font_family":"0","ocean_menu_typo_font_subset":"","ocean_menu_typo_font_size":0,"ocean_menu_typo_font_size_tablet":0,"ocean_menu_typo_font_size_mobile":0,"ocean_menu_typo_font_size_unit":"px","ocean_menu_typo_font_weight":"","ocean_menu_typo_font_weight_tablet":"","ocean_menu_typo_font_weight_mobile":"","ocean_menu_typo_transform":"","ocean_menu_typo_transform_tablet":"","ocean_menu_typo_transform_mobile":"","ocean_menu_typo_line_height":0,"ocean_menu_typo_line_height_tablet":0,"ocean_menu_typo_line_height_mobile":0,"ocean_menu_typo_line_height_unit":"","ocean_menu_typo_spacing":0,"ocean_menu_typo_spacing_tablet":0,"ocean_menu_typo_spacing_mobile":0,"ocean_menu_typo_spacing_unit":"","ocean_menu_link_color":"","ocean_menu_link_color_hover":"","ocean_menu_link_color_active":"","ocean_menu_link_background":"","ocean_menu_link_hover_background":"","ocean_menu_link_active_background":"","ocean_menu_social_links_bg":"","ocean_menu_social_hover_links_bg":"","ocean_menu_social_links_color":"","ocean_menu_social_hover_links_color":"","ocean_disable_title":"default","ocean_disable_heading":"default","ocean_post_title":"","ocean_post_subheading":"","ocean_post_title_style":"","ocean_post_title_background_color":"","ocean_post_title_background":0,"ocean_post_title_bg_image_position":"","ocean_post_title_bg_image_attachment":"","ocean_post_title_bg_image_repeat":"","ocean_post_title_bg_image_size":"","ocean_post_title_height":0,"ocean_post_title_bg_overlay":0.5,"ocean_post_title_bg_overlay_color":"","ocean_disable_breadcrumbs":"default","ocean_breadcrumbs_color":"","ocean_breadcrumbs_separator_color":"","ocean_breadcrumbs_links_color":"","ocean_breadcrumbs_links_hover_color":"","ocean_display_footer_widgets":"default","ocean_display_footer_bottom":"default","ocean_custom_footer_template":"0"},"product_brand":[104],"product_cat":[41,27,16,51,43],"product_tag":[140,141,126,133,125],"class_list":{"0":"post-2185","1":"product","2":"type-product","3":"status-publish","4":"has-post-thumbnail","6":"product_brand-cannabios","7":"product_cat-cbd-et-chanvre-biologique","8":"product_cat-hygiene-intime","9":"product_cat-soins","10":"product_cat-soins-du-corps","11":"product_cat-soins-naturels-cbd","12":"product_tag-contient-cbd","13":"product_tag-ph-neutre","14":"product_tag-sans-paraben","15":"product_tag-sansparfumsynthetique","16":"product_tag-vegan","18":"entry","19":"has-media","21":"first","22":"instock","23":"sale","24":"taxable","25":"shipping-taxable","26":"purchasable","27":"product-type-simple","28":"has-rating","29":"col","30":"span_1_of_3","31":"owp-content-center","32":"owp-thumbs-layout-horizontal","33":"owp-btn-normal","34":"owp-tabs-layout-section","35":"has-no-thumbnails","36":"circle-sale"},"_links":{"self":[{"href":"https:\/\/www.biobey.be\/fr\/wp-json\/wp\/v2\/product\/2185","targetHints":{"allow":["GET"]}}],"collection":[{"href":"https:\/\/www.biobey.be\/fr\/wp-json\/wp\/v2\/product"}],"about":[{"href":"https:\/\/www.biobey.be\/fr\/wp-json\/wp\/v2\/types\/product"}],"replies":[{"embeddable":true,"href":"https:\/\/www.biobey.be\/fr\/wp-json\/wp\/v2\/comments?post=2185"}],"wp:featuredmedia":[{"embeddable":true,"href":"https:\/\/www.biobey.be\/fr\/wp-json\/wp\/v2\/media\/168"}],"wp:attachment":[{"href":"https:\/\/www.biobey.be\/fr\/wp-json\/wp\/v2\/media?parent=2185"}],"wp:term":[{"taxonomy":"product_brand","embeddable":true,"href":"https:\/\/www.biobey.be\/fr\/wp-json\/wp\/v2\/product_brand?post=2185"},{"taxonomy":"product_cat","embeddable":true,"href":"https:\/\/www.biobey.be\/fr\/wp-json\/wp\/v2\/product_cat?post=2185"},{"taxonomy":"product_tag","embeddable":true,"href":"https:\/\/www.biobey.be\/fr\/wp-json\/wp\/v2\/product_tag?post=2185"}],"curies":[{"name":"wp","href":"https:\/\/api.w.org\/{rel}","templated":true}]}}