{"id":2186,"date":"2022-07-12T14:55:18","date_gmt":"2022-07-12T12:55:18","guid":{"rendered":"https:\/\/www.biobey.be\/fr-temp\/produit\/cadeau-ecologique-soins-naturels\/"},"modified":"2026-02-19T00:40:47","modified_gmt":"2026-02-18T23:40:47","slug":"cadeau-ecologique-soins-naturels","status":"publish","type":"product","link":"https:\/\/www.biobey.be\/fr\/produit\/cadeau-ecologique-soins-naturels\/","title":{"rendered":"Cadeau \u00e9cologique soins naturels"},"content":{"rendered":"<p>Cadeau \u00e9cologique soins naturels &#8211; La valeur des produits s\u00e9par\u00e9ment est de 70 euros. L&#8217;emballage cadeau est \u00e0 55 euros.<\/p>\n<h2>Que contient le Cadeau \u00e9cologique ?<\/h2>\n<p>Vous y trouverez des produits de soins v\u00e9gans. Shampooing naturel pour cheveux et produits soins de la peau. Les produits sont certifi\u00e9s\u00a0 bdih, eco, icea bio.<\/p>\n<ul>\n<li>Masque contour des yeux 50ml. Gr\u00e2ce \u00e0 l\u2019association unique d\u2019argile verte et d\u2019extrait d\u2019\u00e9clat pour les yeux, ce masque bio yeux r\u00e9duit le volume les rides et les cernes autours des yeux. Utilis\u00e9 r\u00e9guli\u00e8rement, il prot\u00e8ge la peau sensible du contour des yeux. De plus, il aide \u00e0 maintenir une apparence fra\u00eeche, claire et jeune. <a href=\"https:\/\/www.biobey.be\/fr\/produit\/masque-contour-des-yeux-poches-et-rides-50-ml\/\"><strong>Voir le produit<\/strong><\/a><\/li>\n<li>La cr\u00e8me avec CBD pour le visage Trompetol CC+ (Cannabicomplex plus) \u00e0 l\u2019huile de Rose et de G\u00e9ranium hydrate, prot\u00e8ge et r\u00e9g\u00e9n\u00e8re efficacement la peau. <a href=\"https:\/\/www.biobey.be\/fr\/produit\/creme-du-jour-au-cbd-rose-geranium\/\"><strong>Voir le produit<\/strong><\/a><\/li>\n<li>Le shampooing biologique CBD de Cannabios a non seulement une fonction nettoyante et nourrissante, mais aussi une fonction r\u00e9paratrice et protectrice. Gr\u00e2ce \u00e0 sa composition pure, ce shampooing CBD convient \u00e0 tous les types de peau, y compris les peaux sensibles.<a href=\"https:\/\/www.biobey.be\/fr\/produit\/shampooing-naturel-au-cbd-100-ml\/\"><strong>Voir le produit<\/strong><\/a><\/li>\n<li>La cr\u00e8me de jour hypoallerg\u00e9nique Argital est con\u00e7ue pour tous les besoins de notre peau. La peau peut \u00eatre hypersensible aux influences ext\u00e9rieures, ce qui se refl\u00e8te par une r\u00e9action allergique ou m\u00eame un ecz\u00e9ma. La cr\u00e8me de jour bio traite les impuret\u00e9s et les irritations de la peau et la prot\u00e8ge des agressions ext\u00e9rieures tout au long de la journ\u00e9e.<a href=\"https:\/\/www.biobey.be\/fr\/produit\/violet-creme-visage-hypoallergenique-argital-50-ml\/\"><b> Voir le produit<\/b><\/a><\/li>\n<li>Trois produits miniatures extra<\/li>\n<\/ul>\n","protected":false},"excerpt":{"rendered":"<p>Cadeau \u00e9cologique est compos\u00e9 de produits de soins 100% naturels. <a href=\"https:\/\/www.biobey.be\/fr\/produit\/masque-contour-des-yeux-poches-et-rides-50-ml\/\">Masque naturel pour les yeux 50ml<\/a>. Cr\u00e8me anti-rides et hydratante au cbd 40ml. Shampooing et gel douche bio 2 en 1 avec cbd 100ml. <a href=\"https:\/\/www.biobey.be\/fr\/produit\/violet-creme-visage-hypoallergenique-argital-50-ml\/\">Cr\u00e8me de jour pour une peau hypersensibles 50ml<\/a>. Travelsize, mini produits 3 pi\u00e8ces<\/p>\n","protected":false},"featured_media":167,"comment_status":"open","ping_status":"closed","template":"","meta":{"ocean_post_layout":"","ocean_both_sidebars_style":"","ocean_both_sidebars_content_width":0,"ocean_both_sidebars_sidebars_width":0,"ocean_sidebar":"0","ocean_second_sidebar":"0","ocean_disable_margins":"enable","ocean_add_body_class":"","ocean_shortcode_before_top_bar":"","ocean_shortcode_after_top_bar":"","ocean_shortcode_before_header":"","ocean_shortcode_after_header":"","ocean_has_shortcode":"","ocean_shortcode_after_title":"","ocean_shortcode_before_footer_widgets":"","ocean_shortcode_after_footer_widgets":"","ocean_shortcode_before_footer_bottom":"","ocean_shortcode_after_footer_bottom":"","ocean_display_top_bar":"default","ocean_display_header":"default","ocean_header_style":"","ocean_center_header_left_menu":"0","ocean_custom_header_template":"0","ocean_custom_logo":0,"ocean_custom_retina_logo":0,"ocean_custom_logo_max_width":0,"ocean_custom_logo_tablet_max_width":0,"ocean_custom_logo_mobile_max_width":0,"ocean_custom_logo_max_height":0,"ocean_custom_logo_tablet_max_height":0,"ocean_custom_logo_mobile_max_height":0,"ocean_header_custom_menu":"0","ocean_menu_typo_font_family":"0","ocean_menu_typo_font_subset":"","ocean_menu_typo_font_size":0,"ocean_menu_typo_font_size_tablet":0,"ocean_menu_typo_font_size_mobile":0,"ocean_menu_typo_font_size_unit":"px","ocean_menu_typo_font_weight":"","ocean_menu_typo_font_weight_tablet":"","ocean_menu_typo_font_weight_mobile":"","ocean_menu_typo_transform":"","ocean_menu_typo_transform_tablet":"","ocean_menu_typo_transform_mobile":"","ocean_menu_typo_line_height":0,"ocean_menu_typo_line_height_tablet":0,"ocean_menu_typo_line_height_mobile":0,"ocean_menu_typo_line_height_unit":"","ocean_menu_typo_spacing":0,"ocean_menu_typo_spacing_tablet":0,"ocean_menu_typo_spacing_mobile":0,"ocean_menu_typo_spacing_unit":"","ocean_menu_link_color":"","ocean_menu_link_color_hover":"","ocean_menu_link_color_active":"","ocean_menu_link_background":"","ocean_menu_link_hover_background":"","ocean_menu_link_active_background":"","ocean_menu_social_links_bg":"","ocean_menu_social_hover_links_bg":"","ocean_menu_social_links_color":"","ocean_menu_social_hover_links_color":"","ocean_disable_title":"default","ocean_disable_heading":"default","ocean_post_title":"","ocean_post_subheading":"","ocean_post_title_style":"","ocean_post_title_background_color":"","ocean_post_title_background":0,"ocean_post_title_bg_image_position":"","ocean_post_title_bg_image_attachment":"","ocean_post_title_bg_image_repeat":"","ocean_post_title_bg_image_size":"","ocean_post_title_height":0,"ocean_post_title_bg_overlay":0.5,"ocean_post_title_bg_overlay_color":"","ocean_disable_breadcrumbs":"default","ocean_breadcrumbs_color":"","ocean_breadcrumbs_separator_color":"","ocean_breadcrumbs_links_color":"","ocean_breadcrumbs_links_hover_color":"","ocean_display_footer_widgets":"default","ocean_display_footer_bottom":"default","ocean_custom_footer_template":"0"},"product_brand":[104],"product_cat":[16],"product_tag":[140,133,128],"class_list":{"0":"post-2186","1":"product","2":"type-product","3":"status-publish","4":"has-post-thumbnail","6":"product_brand-cannabios","7":"product_cat-soins","8":"product_tag-contient-cbd","9":"product_tag-sansparfumsynthetique","10":"product_tag-sanssulfates","12":"entry","13":"has-media","15":"first","16":"instock","17":"taxable","18":"shipping-taxable","19":"purchasable","20":"product-type-simple","21":"has-rating","22":"col","23":"span_1_of_3","24":"owp-content-center","25":"owp-thumbs-layout-horizontal","26":"owp-btn-normal","27":"owp-tabs-layout-section","28":"has-no-thumbnails","29":"circle-sale"},"_links":{"self":[{"href":"https:\/\/www.biobey.be\/fr\/wp-json\/wp\/v2\/product\/2186","targetHints":{"allow":["GET"]}}],"collection":[{"href":"https:\/\/www.biobey.be\/fr\/wp-json\/wp\/v2\/product"}],"about":[{"href":"https:\/\/www.biobey.be\/fr\/wp-json\/wp\/v2\/types\/product"}],"replies":[{"embeddable":true,"href":"https:\/\/www.biobey.be\/fr\/wp-json\/wp\/v2\/comments?post=2186"}],"wp:featuredmedia":[{"embeddable":true,"href":"https:\/\/www.biobey.be\/fr\/wp-json\/wp\/v2\/media\/167"}],"wp:attachment":[{"href":"https:\/\/www.biobey.be\/fr\/wp-json\/wp\/v2\/media?parent=2186"}],"wp:term":[{"taxonomy":"product_brand","embeddable":true,"href":"https:\/\/www.biobey.be\/fr\/wp-json\/wp\/v2\/product_brand?post=2186"},{"taxonomy":"product_cat","embeddable":true,"href":"https:\/\/www.biobey.be\/fr\/wp-json\/wp\/v2\/product_cat?post=2186"},{"taxonomy":"product_tag","embeddable":true,"href":"https:\/\/www.biobey.be\/fr\/wp-json\/wp\/v2\/product_tag?post=2186"}],"curies":[{"name":"wp","href":"https:\/\/api.w.org\/{rel}","templated":true}]}}