{"id":2188,"date":"2024-04-13T23:22:33","date_gmt":"2024-04-13T21:22:33","guid":{"rendered":"https:\/\/www.biobey.be\/fr-temp\/produit\/exfoliant-visage-bio\/"},"modified":"2026-05-02T21:58:57","modified_gmt":"2026-05-02T19:58:57","slug":"exfoliant-visage-bio","status":"publish","type":"product","link":"https:\/\/www.biobey.be\/fr\/produit\/exfoliant-visage-bio\/","title":{"rendered":"Exfoliant Visage bio 75ml"},"content":{"rendered":"<p>Le Exfoliant Visage naturel a re\u00e7u le prix du \u00ab\u00a0meilleur produit cosm\u00e9tique naturel en Finlande\u00a0\u00bb. Le gommage est une combinaison d&rsquo;ingr\u00e9dients 100% naturels qui non seulement \u00e9limine en douceur les cellules mortes de la peau, mais redonne aussi de l&rsquo;\u00e9clat et de la douceur \u00e0 la peau.<\/p>\n<h2>Le exfoliant visage naturel am\u00e9liore la structure de la peau et le teint de votre peau.<\/h2>\n<p>Il rend la peau plus uniforme et plus lisse par:<br \/>\n1. \u00c9limination des cellules de peau morte<br \/>\n2. Nettoyage des pores contamin\u00e9s<br \/>\n3. Adoucir et r\u00e9g\u00e9n\u00e9rer la peau, lui donner un teint \u00e9clatant et uniforme et la rendre plus lisse.<\/p>\n<p>Le masque exfoliant \u00e9limine les cellules mortes et nettoie en profondeur les pores contamin\u00e9s.<\/p>\n<p>L&rsquo;action purifiante et absorbante de l&rsquo;argile verte, associ\u00e9e \u00e0 d&rsquo;autres extraits de plantes m\u00e9dicinales, permet d&rsquo;\u00e9liminer ce masque exfoliant, les cellules mortes et d&rsquo;absorber l&rsquo;exc\u00e8s de s\u00e9bum. Il donne \u00e0 la peau un effet satin\u00e9 et matifiant.<\/p>\n<p>Le gommage du visage apaise et r\u00e9pare la peau, lui donnant un teint lumineux et uniforme et la rendant plus lisse.<br \/>\nCe gommage naturel est enrichi de Rosa Damascana (extrait d&rsquo;huile de rose) et d&rsquo;eau de rose. L&rsquo;extrait d&rsquo;eau de rose apaise et adoucit la peau. L&rsquo;huile essentielle de rose r\u00e9g\u00e9n\u00e8re la peau, affine la structure cutan\u00e9e et prot\u00e8ge la peau contre les rougeurs.<\/p>\n<h3>Quelle est l&rsquo;action des ingr\u00e9dients principes actifs de ce Exfoliant Visage ?<\/h3>\n<ul>\n<li>Le gel d&rsquo;argile verte s\u00e9ch\u00e9e au soleil purifie la peau, absorbe l&rsquo;exc\u00e8s de s\u00e9bum et <strong>nettoie les pores en profondeur<\/strong>. En m\u00eame temps, il am\u00e9liore la circulation de la peau et stimule le renouvellement de la peau.<\/li>\n<li>L&rsquo;huile essentielle de Rosa Damascana est l&rsquo;une des huiles les plus pr\u00e9cieuses au monde et Rosa Damascana aide \u00e0 traiter divers probl\u00e8mes de peau tels que l&rsquo;ecz\u00e9ma, l&rsquo;acn\u00e9. La Rosa Damascana est un anti-inflammatoire puissant, elle apaise, restaure et prot\u00e8ge la surface de la peau. Il<strong> am\u00e9liore la structure de la peau, l&rsquo;affine et l&rsquo;uniformise<\/strong>.<\/li>\n<li>L&rsquo;extrait de racine d&rsquo;Iris florentina, riche en isoflavones, inhibe l&rsquo;activit\u00e9 des enzymes responsables de la d\u00e9gradation des prot\u00e9ines dans le collag\u00e8ne et l&rsquo;\u00e9lastine. Ainsi, l&rsquo;extrait de racine d&rsquo;iris lorentina renforce la barri\u00e8re cutan\u00e9e et <strong>r\u00e9duit la profondeur des rides.<\/strong><\/li>\n<\/ul>\n<h2>Exfoliant Visage bio d\u2019argital convient-il aux peaux sensibles ?<\/h2>\n<p>Exfoliant Visage bio d\u2019argital convient aux personnes ayant une peau sensible. La cause de la peau sensible est une barri\u00e8re cutan\u00e9e compromise. L&rsquo;affaiblissement de la barri\u00e8re cutan\u00e9e entra\u00eene une r\u00e9action sensible de la peau aux facteurs environnementaux et aux produits de soin.<\/p>\n<p>La formulation douce a des propri\u00e9t\u00e9s \u00e0 la fois soignantes et nettoyantes. Elle <strong>\u00e9limine les cellules mortes et nettoie les pores sans irriter la couche sup\u00e9rieure de l&rsquo;\u00e9piderme. <\/strong><\/p>\n<p>L&rsquo;huile de rose bio et l&rsquo;huile d&rsquo;amande douce hydratent la peau et stimulent la r\u00e9g\u00e9n\u00e9ration des cellules cutan\u00e9es. Les antioxydants contenus dans exfoliant Visage bio d\u2019argital rendent la barri\u00e8re cutan\u00e9e r\u00e9sistante aux radicaux libres.<\/p>\n<p>Apr\u00e8s le traitement, la peau absorbe mieux les principes actifs de la cr\u00e8me de jour soignante. Pour les peaux sensibles, il est conseill\u00e9 d&rsquo;utiliser des produits de soin hypoallerg\u00e9niques et adapt\u00e9s aux peaux sensibles.<\/p>\n<h4>Quels sont les bienfaits de l&rsquo;exfoliation et de l&rsquo;exfoliant visage bio?<\/h4>\n<p>Les bienfaits de l&rsquo;exfoliation sont le rajeunissement de la peau, une structure plus fine et une peau plus fra\u00eeche.<br \/>\nExfoliant Visage permet d&rsquo;\u00e9liminer les cellules mortes, d&rsquo;affiner et d&rsquo;uniformiser la peau. De plus, <strong>l&rsquo;exfoliation stimule la circulation sanguine dans la peau<\/strong>. Ainsi, les huiles ou les cr\u00e8mes pour le visage sont mieux absorb\u00e9es par la peau.<\/p>\n<p>Le gommage donne \u00e0 la peau un aspect jeune et frais. Faites donc de l&rsquo;exfoliation un \u00e9l\u00e9ment permanent de votre routine de soins de la peau.<\/p>\n<p>Ingr\u00e9dients : Aqua, glyc\u00e9rine, extrait de fleur de Rosa Damascena (eau de rose de Damas), huile de Prunus Amygdalus Dulcis (huile d&rsquo;amande), prot\u00e9ines de bl\u00e9 hydrolys\u00e9es au palmitoyle de potassium\/ st\u00e9arate de glyc\u00e9ryle\/alcool c\u00e9t\u00e9arylique, Racine d&rsquo;Iris Florentina (extrait de la racine s\u00e9ch\u00e9e de l&rsquo;iris florentin)<\/p>\n<p>Solum Fullonum (argile verte ventil\u00e9e), alcool c\u00e9tylique, huile de fleur de Rosa Damascena* (huile de rose de Damas biologique), alcool, extrait de r\u00e9sine de Styrax Benjoin, extrait d&rsquo;\u00e9corce de Berberis Vulgaris.<\/p>\n<p>*Constituants naturels des huiles essentielles : alcool benzylique, citronellol, eug\u00e9nol, farnesol, g\u00e9raniol.<\/p>\n<p>Ingr\u00e9dients biologiques : Alcool, huile de fleur de Rosa Damascena, huile de Prunus Amygdalus Dulcis.<\/p>\n","protected":false},"excerpt":{"rendered":"<p>Le Exfoliant Visage bio d&rsquo;argital enrichi \u00e0 la Rosa Domascana est un masque exfoliant biologique qui \u00e9limine les cellules mortes, purifie les pores et renouvelle l&rsquo;\u00e9piderme de la peau.<\/p>\n","protected":false},"featured_media":211,"comment_status":"open","ping_status":"closed","template":"","meta":{"ocean_post_layout":"","ocean_both_sidebars_style":"","ocean_both_sidebars_content_width":0,"ocean_both_sidebars_sidebars_width":0,"ocean_sidebar":"","ocean_second_sidebar":"","ocean_disable_margins":"enable","ocean_add_body_class":"","ocean_shortcode_before_top_bar":"","ocean_shortcode_after_top_bar":"","ocean_shortcode_before_header":"","ocean_shortcode_after_header":"","ocean_has_shortcode":"","ocean_shortcode_after_title":"","ocean_shortcode_before_footer_widgets":"","ocean_shortcode_after_footer_widgets":"","ocean_shortcode_before_footer_bottom":"","ocean_shortcode_after_footer_bottom":"","ocean_display_top_bar":"default","ocean_display_header":"default","ocean_header_style":"","ocean_center_header_left_menu":"","ocean_custom_header_template":"","ocean_custom_logo":0,"ocean_custom_retina_logo":0,"ocean_custom_logo_max_width":0,"ocean_custom_logo_tablet_max_width":0,"ocean_custom_logo_mobile_max_width":0,"ocean_custom_logo_max_height":0,"ocean_custom_logo_tablet_max_height":0,"ocean_custom_logo_mobile_max_height":0,"ocean_header_custom_menu":"","ocean_menu_typo_font_family":"","ocean_menu_typo_font_subset":"","ocean_menu_typo_font_size":0,"ocean_menu_typo_font_size_tablet":0,"ocean_menu_typo_font_size_mobile":0,"ocean_menu_typo_font_size_unit":"px","ocean_menu_typo_font_weight":"","ocean_menu_typo_font_weight_tablet":"","ocean_menu_typo_font_weight_mobile":"","ocean_menu_typo_transform":"","ocean_menu_typo_transform_tablet":"","ocean_menu_typo_transform_mobile":"","ocean_menu_typo_line_height":0,"ocean_menu_typo_line_height_tablet":0,"ocean_menu_typo_line_height_mobile":0,"ocean_menu_typo_line_height_unit":"","ocean_menu_typo_spacing":0,"ocean_menu_typo_spacing_tablet":0,"ocean_menu_typo_spacing_mobile":0,"ocean_menu_typo_spacing_unit":"","ocean_menu_link_color":"","ocean_menu_link_color_hover":"","ocean_menu_link_color_active":"","ocean_menu_link_background":"","ocean_menu_link_hover_background":"","ocean_menu_link_active_background":"","ocean_menu_social_links_bg":"","ocean_menu_social_hover_links_bg":"","ocean_menu_social_links_color":"","ocean_menu_social_hover_links_color":"","ocean_disable_title":"default","ocean_disable_heading":"default","ocean_post_title":"","ocean_post_subheading":"","ocean_post_title_style":"","ocean_post_title_background_color":"","ocean_post_title_background":0,"ocean_post_title_bg_image_position":"","ocean_post_title_bg_image_attachment":"","ocean_post_title_bg_image_repeat":"","ocean_post_title_bg_image_size":"","ocean_post_title_height":0,"ocean_post_title_bg_overlay":0.5,"ocean_post_title_bg_overlay_color":"","ocean_disable_breadcrumbs":"default","ocean_breadcrumbs_color":"","ocean_breadcrumbs_separator_color":"","ocean_breadcrumbs_links_color":"","ocean_breadcrumbs_links_hover_color":"","ocean_display_footer_widgets":"default","ocean_display_footer_bottom":"default","ocean_custom_footer_template":""},"product_brand":[102],"product_cat":[18,17,16,20],"product_tag":[126,133,125],"class_list":{"0":"post-2188","1":"product","2":"type-product","3":"status-publish","4":"has-post-thumbnail","6":"product_brand-argital","7":"product_cat-nettoyage-de-la-peau-et-masques","8":"product_cat-soins-du-visage","9":"product_cat-soins","10":"product_cat-anti-age","11":"product_tag-sans-paraben","12":"product_tag-sansparfumsynthetique","13":"product_tag-vegan","15":"entry","16":"has-media","18":"first","19":"instock","20":"taxable","21":"shipping-taxable","22":"purchasable","23":"product-type-simple","24":"has-rating","25":"col","26":"span_1_of_3","27":"owp-content-center","28":"owp-thumbs-layout-horizontal","29":"owp-btn-normal","30":"owp-tabs-layout-section","31":"has-no-thumbnails","32":"circle-sale"},"_links":{"self":[{"href":"https:\/\/www.biobey.be\/fr\/wp-json\/wp\/v2\/product\/2188","targetHints":{"allow":["GET"]}}],"collection":[{"href":"https:\/\/www.biobey.be\/fr\/wp-json\/wp\/v2\/product"}],"about":[{"href":"https:\/\/www.biobey.be\/fr\/wp-json\/wp\/v2\/types\/product"}],"replies":[{"embeddable":true,"href":"https:\/\/www.biobey.be\/fr\/wp-json\/wp\/v2\/comments?post=2188"}],"wp:featuredmedia":[{"embeddable":true,"href":"https:\/\/www.biobey.be\/fr\/wp-json\/wp\/v2\/media\/211"}],"wp:attachment":[{"href":"https:\/\/www.biobey.be\/fr\/wp-json\/wp\/v2\/media?parent=2188"}],"wp:term":[{"taxonomy":"product_brand","embeddable":true,"href":"https:\/\/www.biobey.be\/fr\/wp-json\/wp\/v2\/product_brand?post=2188"},{"taxonomy":"product_cat","embeddable":true,"href":"https:\/\/www.biobey.be\/fr\/wp-json\/wp\/v2\/product_cat?post=2188"},{"taxonomy":"product_tag","embeddable":true,"href":"https:\/\/www.biobey.be\/fr\/wp-json\/wp\/v2\/product_tag?post=2188"}],"curies":[{"name":"wp","href":"https:\/\/api.w.org\/{rel}","templated":true}]}}