{"id":2189,"date":"2026-02-18T02:44:19","date_gmt":"2026-02-18T01:44:19","guid":{"rendered":"https:\/\/www.biobey.be\/fr-temp\/produit\/argile-blanche-masque-1000-g\/"},"modified":"2026-02-18T02:44:50","modified_gmt":"2026-02-18T01:44:50","slug":"argile-blanche-masque-1000-g","status":"publish","type":"product","link":"https:\/\/www.biobey.be\/fr\/produit\/argile-blanche-masque-1000-g\/","title":{"rendered":"Argile Blanche en poudre 1Kg"},"content":{"rendered":"<p>L&rsquo;argile blanche est un exfoliant doux naturel qui permet d&rsquo;\u00e9liminer les cellules mortes de la peau et de resserrer les pores. La poudre d&rsquo;argile blanche est la seule argile hypoallerg\u00e9nique. Gr\u00e2ce \u00e0 sa composition min\u00e9rale, elle a des propri\u00e9t\u00e9s astringentes et r\u00e9g\u00e9n\u00e9ratrices sur la peau. Des soins naturels r\u00e9guliers \u00e0 l&rsquo;argile de kaolin donnent aux peaux matures une apparence fra\u00eeche et juv\u00e9nile.<\/p>\n<p>Le kaolin acc\u00e9l\u00e8re la gu\u00e9rison des cicatrices, des peaux irrit\u00e9es, ce qui r\u00e9sulte en une am\u00e9lioration visible de la peau.<\/p>\n<h2>\u00c0 quels usages l&rsquo;argile blanche est-elle destin\u00e9e ?<\/h2>\n<p>Le kaolin ou poudre d&rsquo;argile blanche est la plus tendre de toutes les argiles. Elle est riche en silicium et en magn\u00e9sium. Le silicium a de nombreux bienfaits pour l&rsquo;organisme. Il favorise la formation normale des os et des tissus conjonctifs. Comme la poudre d&rsquo;argile blanche n&rsquo;absorbe pas l&rsquo;huile, elle convient parfaitement aux peaux s\u00e8ches.<\/p>\n<p>Elle est souvent utilis\u00e9e pour les peaux sensibles et les peaux de b\u00e9b\u00e9 gr\u00e2ce \u00e0 sa formule au pH neutre. Elle apaise et adoucit la peau. De plus, l&rsquo;argile blanche est ajout\u00e9e aux <span style=\"color: #0000ff;\"><a style=\"color: #0000ff;\" href=\"https:\/\/www.biobey.be\/fr\/produit\/violet-creme-visage-hypoallergenique-argital-50-ml\/\">produits naturels hypoallerg\u00e9niques.<\/a><\/span><\/p>\n<h2>Une apparence saine et une peau uniforme gr\u00e2ce \u00e0 la poudre d&rsquo;argile blanche<\/h2>\n<p>L kaolin, aussi appel\u00e9e argile chinoise, est l&rsquo;ancien secret de beaut\u00e9 des femmes asiatiques pour une apparence jeune et pour le traitement des rides existantes. L&rsquo;argile de kaolin prot\u00e8ge contre le vieillissement pr\u00e9matur\u00e9 de la peau. Il stimule les cellules du derme \u00e0 produire plus de collag\u00e8ne, prot\u00e8ge l&rsquo;\u00e9lastine et le collag\u00e8ne en rendant la peau plus \u00e9lastique.<\/p>\n<h3>Composition b\u00e9n\u00e9fique de l&rsquo; Argile Blanche<\/h3>\n<p>Argile blanche a des applications \u00e0 la fois m\u00e9dicales et cosm\u00e9tiques. Elle poss\u00e8de diverses propri\u00e9t\u00e9s m\u00e9dicinales, dont l&rsquo;une est l&rsquo;absorption de substances nocives par l&rsquo;organisme. En outre, le kaolin a de nombreuses applications cosm\u00e9tiques pour le soin et le rajeunissement de la peau, la restauration des cheveux cassants et des ongles fragiles.<\/p>\n<p>Le kaolin se compose de divers min\u00e9raux avec une forte concentration de silicium min\u00e9ral (67,89 %), \u00e9galement appel\u00e9 acide silicique. Le silicium, \u00e9galement appel\u00e9 acide silicique, est essentiel pour la production de collag\u00e8ne et de k\u00e9ratine.<\/p>\n<p>Argile blanche stimule les cellules du derme \u00e0 produire plus de collag\u00e8ne, prot\u00e8ge l&rsquo;\u00e9lastine et le collag\u00e8ne afin que la peau devienne plus \u00e9lastique et pr\u00e9sente moins de rides. De plus, le silicium permet d&rsquo;obtenir des cheveux et des ongles sains et brillants.<\/p>\n<h3>Que fait le kaolin pour votre peau ?<\/h3>\n<p>Les masques au kaolin ou \u00e0 l&rsquo;argile blanche am\u00e9liorent visiblement la peau. L&rsquo;utilisation r\u00e9guli\u00e8re de masques en kaolin ou en argile blanche en r\u00e9sulte :<br \/>\n1. Peau uniforme et douce, pores resserr\u00e9s : en absorbant et en nettoyant le kaolin.<br \/>\n2. Pas de zone T huileuse brillante, \u00e9limination des rougeurs gr\u00e2ce \u00e0 des propri\u00e9t\u00e9s anti-inflammatoires et l\u00e9g\u00e8rement antibact\u00e9riennes.<br \/>\n4. La production de s\u00e9bum en \u00e9quilibre<br \/>\n3. Rides frontales et plis nasog\u00e9niens estomp\u00e9s et moins prononc\u00e9s, car le gonflement de la peau diminue, les cellules mortes sont \u00e9limin\u00e9es et la r\u00e9g\u00e9n\u00e9ration de la peau est acc\u00e9l\u00e9r\u00e9e.<br \/>\nDe plus, la peau est prot\u00e9g\u00e9e contre les radicaux libres et la d\u00e9shydratation.<\/p>\n<p><strong>Vous cherchez d&rsquo;autres recettes et une explication du fonctionnement de l&rsquo;argile blanche ? <\/strong><\/p>\n<p>Lisez notre article de blog sur l&rsquo;argile blanche.<br \/>\nDans l&rsquo;article du blog \u00ab\u00a0<a href=\"https:\/\/www.biobey.be\/fr\/le-traitement-de-lacne-avec-un-masque-dargile-blanche\/\">Le traitement de l\u2019acn\u00e9 avec un masque d\u2019argile blanch<\/a>e\u00a0\u00bb, vous trouverez plus \u00e0 propos de l&rsquo;acn\u00e9 et comment soigner cette affection cutan\u00e9e avec un masque \u00e0 l&rsquo;argile blanche.<\/p>\n<h4>Kaolin est-il adapt\u00e9 aux peaux s\u00e8ches ayant tendance \u00e0 l&rsquo;ecz\u00e9ma et au psoriasis ?<\/h4>\n<p>Le kaolin ou l&rsquo;argile blanche est le plus doux de tous les types d&rsquo;argile et est recommand\u00e9 aux personnes ayant une peau sensible. Apr\u00e8s avoir appliqu\u00e9 un masque facial \u00e0 l&rsquo;argile blanche, une l\u00e9g\u00e8re rougeur de la peau peut appara\u00eetre, c&rsquo;est une r\u00e9action normale qui dispara\u00eetra dans une heure.<\/p>\n<p>Notez que si vous avez une peau tr\u00e8s sensible, utilisez la recette du masque \u00e0 l&rsquo;argile blanche sans ajouter d&rsquo;huiles essentielles.<\/p>\n<p>Le kaolin ou l&rsquo;argile blanche \u00e9tant hypoallerg\u00e9nique, il convient \u00e0 tous les types de peau, y compris les peaux s\u00e8ches et tr\u00e8s sensibles ayant tendance \u00e0 l&rsquo;ecz\u00e9ma et au psoriasis. En raison de sa teneur en min\u00e9raux dans l&rsquo;argile blanche, elle emp\u00eache l&rsquo;\u00e9caillement de la peau.<\/p>\n<p>INCI: kaolin<\/p>\n<h5>Mode d&#8217;emploi<\/h5>\n<p>Faites un visage avec de l&rsquo;argile blanche :<br \/>\nMettre 2-3 cuill\u00e8res \u00e0 soupe d&rsquo;argile blanche dans un bol<br \/>\nAjoutez 3 cuill\u00e8res \u00e0 soupe d&rsquo;eau de source purifi\u00e9e, vous pouvez \u00e9galement utiliser de l&rsquo;eau bouillie refroidie.<br \/>\nM\u00e9langez bien jusqu&rsquo;\u00e0 obtenir une masse homog\u00e8ne. Ajoutez de l&rsquo;argile si le m\u00e9lange est trop liquide.<br \/>\nAppliquez-le sur le visage et laissez le masque sur le visage pendant environ 20 minutes.<br \/>\nRincez le masque facial \u00e0 l&rsquo;eau ti\u00e8de.<\/p>\n<h3>Quelle est la diff\u00e9rence entre un masque \u00e0 l&rsquo;argile blanche et un masque \u00e0 l&rsquo;argile verte ?<\/h3>\n<p>Le masque \u00e0 <a href=\"https:\/\/www.biobey.be\/fr\/produit\/poudre-dargile-verte-ventilee-sechee-au-soleil\/\"><span style=\"color: #0000ff;\">l&rsquo;argile verte<\/span> <\/a>a un effet purifiant et r\u00e9gulateur de s\u00e9bum. Le masque \u00e0 l&rsquo;argile blanche est riche en silicium et en min\u00e9raux. Compte tenu de la texture douce de la poudre d&rsquo;argile blanche, elle convient mieux aux personnes ayant une peau sensible et s\u00e8che.<\/p>\n<p>Le <span style=\"color: #0000ff;\"><a style=\"color: #0000ff;\" href=\"https:\/\/www.biobey.be\/fr\/produit\/masque-a-argile-verte-argiltubo-250-ml\/\">masque \u00e0 la poudre d&rsquo;argile verte<\/a><\/span> est utilis\u00e9 pour traiter les poches sous les yeux, l&rsquo;acn\u00e9, les impuret\u00e9s et la r\u00e9tention d&rsquo;eau. Le kaolin est particuli\u00e8rement adapt\u00e9 pour un masque facial nourrissant pour les peaux s\u00e8ches, sensibles et pr\u00e9sentant des imperfections. La poudre d&rsquo;argile blanche aide \u00e0 uniformiser le teint. Elle stimule la production de collag\u00e8ne et purifie la peau en douceur.<\/p>\n<p><strong>En savoir plus sur la poudre d&rsquo;argile blanche de kaolin<\/strong><\/p>\n<p>Les produits Argital ne contiennent ni conservateurs synth\u00e9tiques, ni parfums synth\u00e9tiques, ni colorants artificiels. L&rsquo;argile blanche a un emballage \u00e9cologique.<\/p>\n","protected":false},"excerpt":{"rendered":"<p>Argile blanche masque ou Kaolin est une poudre tr\u00e8s fine et l\u00e9g\u00e8re qui convient aux masques de d\u00e9toxification pour le visage et les cheveux. La poudre d&rsquo;argile blanche de l&rsquo;Argital est un produit naturel et \u00e9cologique. Aucun agent de traitement synth\u00e9tique, colorant, conservateur ou parfum n&rsquo;a \u00e9t\u00e9 utilis\u00e9 dans la production\/extraction de l&rsquo;argile blanche.<\/p>\n","protected":false},"featured_media":210,"comment_status":"open","ping_status":"closed","template":"","meta":{"ocean_post_layout":"","ocean_both_sidebars_style":"","ocean_both_sidebars_content_width":0,"ocean_both_sidebars_sidebars_width":0,"ocean_sidebar":"0","ocean_second_sidebar":"0","ocean_disable_margins":"enable","ocean_add_body_class":"","ocean_shortcode_before_top_bar":"","ocean_shortcode_after_top_bar":"","ocean_shortcode_before_header":"","ocean_shortcode_after_header":"","ocean_has_shortcode":"","ocean_shortcode_after_title":"","ocean_shortcode_before_footer_widgets":"","ocean_shortcode_after_footer_widgets":"","ocean_shortcode_before_footer_bottom":"","ocean_shortcode_after_footer_bottom":"","ocean_display_top_bar":"default","ocean_display_header":"default","ocean_header_style":"","ocean_center_header_left_menu":"0","ocean_custom_header_template":"0","ocean_custom_logo":0,"ocean_custom_retina_logo":0,"ocean_custom_logo_max_width":0,"ocean_custom_logo_tablet_max_width":0,"ocean_custom_logo_mobile_max_width":0,"ocean_custom_logo_max_height":0,"ocean_custom_logo_tablet_max_height":0,"ocean_custom_logo_mobile_max_height":0,"ocean_header_custom_menu":"0","ocean_menu_typo_font_family":"0","ocean_menu_typo_font_subset":"","ocean_menu_typo_font_size":0,"ocean_menu_typo_font_size_tablet":0,"ocean_menu_typo_font_size_mobile":0,"ocean_menu_typo_font_size_unit":"px","ocean_menu_typo_font_weight":"","ocean_menu_typo_font_weight_tablet":"","ocean_menu_typo_font_weight_mobile":"","ocean_menu_typo_transform":"","ocean_menu_typo_transform_tablet":"","ocean_menu_typo_transform_mobile":"","ocean_menu_typo_line_height":0,"ocean_menu_typo_line_height_tablet":0,"ocean_menu_typo_line_height_mobile":0,"ocean_menu_typo_line_height_unit":"","ocean_menu_typo_spacing":0,"ocean_menu_typo_spacing_tablet":0,"ocean_menu_typo_spacing_mobile":0,"ocean_menu_typo_spacing_unit":"","ocean_menu_link_color":"","ocean_menu_link_color_hover":"","ocean_menu_link_color_active":"","ocean_menu_link_background":"","ocean_menu_link_hover_background":"","ocean_menu_link_active_background":"","ocean_menu_social_links_bg":"","ocean_menu_social_hover_links_bg":"","ocean_menu_social_links_color":"","ocean_menu_social_hover_links_color":"","ocean_disable_title":"default","ocean_disable_heading":"default","ocean_post_title":"","ocean_post_subheading":"","ocean_post_title_style":"","ocean_post_title_background_color":"","ocean_post_title_background":0,"ocean_post_title_bg_image_position":"","ocean_post_title_bg_image_attachment":"","ocean_post_title_bg_image_repeat":"","ocean_post_title_bg_image_size":"","ocean_post_title_height":0,"ocean_post_title_bg_overlay":0.5,"ocean_post_title_bg_overlay_color":"","ocean_disable_breadcrumbs":"default","ocean_breadcrumbs_color":"","ocean_breadcrumbs_separator_color":"","ocean_breadcrumbs_links_color":"","ocean_breadcrumbs_links_hover_color":"","ocean_display_footer_widgets":"default","ocean_display_footer_bottom":"default","ocean_custom_footer_template":"0"},"product_brand":[102],"product_cat":[33,21,18,49,34,31,17,16,20,51],"product_tag":[130,126,133,125],"class_list":{"0":"post-2189","1":"product","2":"type-product","3":"status-publish","4":"has-post-thumbnail","6":"product_brand-argital","7":"product_cat-irritation-cutanee-eczema-et-psoriasis","8":"product_cat-acne-et-peau-abimee","9":"product_cat-nettoyage-de-la-peau-et-masques","10":"product_cat-peau-seche","11":"product_cat-problemes-de-cheveux-et-de-cuir-chevelu","12":"product_cat-sante","13":"product_cat-soins-du-visage","14":"product_cat-soins","15":"product_cat-anti-age","16":"product_cat-soins-du-corps","17":"product_tag-hyporallergenique","18":"product_tag-sans-paraben","19":"product_tag-sansparfumsynthetique","20":"product_tag-vegan","22":"entry","23":"has-media","25":"first","26":"instock","27":"taxable","28":"shipping-taxable","29":"purchasable","30":"product-type-simple","31":"has-rating","32":"col","33":"span_1_of_3","34":"owp-content-center","35":"owp-thumbs-layout-horizontal","36":"owp-btn-normal","37":"owp-tabs-layout-section","38":"has-no-thumbnails","39":"circle-sale"},"_links":{"self":[{"href":"https:\/\/www.biobey.be\/fr\/wp-json\/wp\/v2\/product\/2189","targetHints":{"allow":["GET"]}}],"collection":[{"href":"https:\/\/www.biobey.be\/fr\/wp-json\/wp\/v2\/product"}],"about":[{"href":"https:\/\/www.biobey.be\/fr\/wp-json\/wp\/v2\/types\/product"}],"replies":[{"embeddable":true,"href":"https:\/\/www.biobey.be\/fr\/wp-json\/wp\/v2\/comments?post=2189"}],"wp:featuredmedia":[{"embeddable":true,"href":"https:\/\/www.biobey.be\/fr\/wp-json\/wp\/v2\/media\/210"}],"wp:attachment":[{"href":"https:\/\/www.biobey.be\/fr\/wp-json\/wp\/v2\/media?parent=2189"}],"wp:term":[{"taxonomy":"product_brand","embeddable":true,"href":"https:\/\/www.biobey.be\/fr\/wp-json\/wp\/v2\/product_brand?post=2189"},{"taxonomy":"product_cat","embeddable":true,"href":"https:\/\/www.biobey.be\/fr\/wp-json\/wp\/v2\/product_cat?post=2189"},{"taxonomy":"product_tag","embeddable":true,"href":"https:\/\/www.biobey.be\/fr\/wp-json\/wp\/v2\/product_tag?post=2189"}],"curies":[{"name":"wp","href":"https:\/\/api.w.org\/{rel}","templated":true}]}}