{"id":2190,"date":"2025-03-24T03:04:39","date_gmt":"2025-03-24T02:04:39","guid":{"rendered":"https:\/\/www.biobey.be\/fr-temp\/produit\/huile-anti-age-visage-bio-50ml\/"},"modified":"2026-03-27T19:15:30","modified_gmt":"2026-03-27T18:15:30","slug":"huile-anti-age-visage-bio-50ml","status":"publish","type":"product","link":"https:\/\/www.biobey.be\/fr\/produit\/huile-anti-age-visage-bio-50ml\/","title":{"rendered":"Huile anti-\u00e2ge bio 50 ml"},"content":{"rendered":"<p>Huile anti-\u00e2ge bio est une huile pour le visage nourrissante et revitalisante d&rsquo;origine 100% naturelle. L&rsquo;un des principaux ingr\u00e9dients actifs de cette huile bio anti-rides est l&rsquo;huile d&rsquo;argan pure et l&rsquo;huile essentielle de cynorhodon, avec une forte concentration d&rsquo;acide gamma-linol\u00e9nique et d&rsquo;acide alpha-linol\u00e9nique.<\/p>\n<p>Les ingr\u00e9dients actifs de ce s\u00e9rum anti-\u00e2ge pour le visage hydratent et favorisent la r\u00e9g\u00e9n\u00e9ration de la peau.<\/p>\n<h2>Que fait huile anti-\u00e2ge bio pour votre peau ?<\/h2>\n<p>1.Huile anti-\u00e2ge bio pour le visage r\u00e9duit les fines rides autour des yeux. C&rsquo;est un s\u00e9rum tr\u00e8s doux et adapt\u00e9 \u00e0 la peau extr\u00eamement sensible du contour des yeux.<\/p>\n<p>2. Anti-age huile visage estompe les rides autour de la bouche.<\/p>\n<p>3. Gr\u00e2ce \u00e0 l&rsquo;huile essentielle de santal qui entre dans sa composition, le s\u00e9rum anti-age bio r\u00e9duit le gonflement du visage.<\/p>\n<p>4. Gr\u00e2ce \u00e0 la combinaison de puissants antioxydants et de composants b\u00e9n\u00e9fiques, anti-age huile visage bio assure une peau fra\u00eeche et uniforme.<\/p>\n<p>5. Les composants actifs de l&rsquo;huile anti-\u00e2ge pour le visage assurent une hydratation et une r\u00e9g\u00e9n\u00e9ration profondes de la peau. Cela rend la peau tonique et douce.<\/p>\n<h3>Huile anti-\u00e2ge bio visage : les substances actives et leurs propri\u00e9t\u00e9s<\/h3>\n<p>Huile de graine de Rosa Moschata : connue \u00e9galement sous le nom d&rsquo;huile de rose sauvage ou d&rsquo;huile de graine d&rsquo;\u00e9glantier, elle est riche en vitamine E et stimule le collag\u00e8ne. L&rsquo;huile d&rsquo;\u00e9glantier biologique est utilis\u00e9e avec efficacit\u00e9 pour traiter les ridules du contour des yeux, les vieilles cicatrices, les rides et les vergetures. L&rsquo;huile d&rsquo;\u00e9glantier biologique aide \u00e0 estomper les fines rides.<\/p>\n<p>L&rsquo;huile de Boswelia Carterii ou huile essentielle d&rsquo;encens stimule efficacement le r\u00e9g\u00e9n\u00e9ration cellulaire, ralentit la formation des rides et am\u00e9liore l&rsquo;\u00e9lasticit\u00e9 de la peau.<\/p>\n<p>L&rsquo;huile d&rsquo;album de santal ou huile essentielle de bois de santal est une huile tr\u00e8s pr\u00e9cieuse. Elle poss\u00e8de de nombreuses propri\u00e9t\u00e9s m\u00e9dicinales. L&rsquo;huile de santal a un effet d\u00e9congestionnant, l&rsquo;antibact\u00e9rien aide \u00e0 soulager l&rsquo;inflammation des articulations.<\/p>\n<p>De plus, l&rsquo;huile de santal est tr\u00e8s efficace pour soulager les sympt\u00f4mes de l&rsquo;ecz\u00e9ma, du psoriasis. Elle \u00e9limine les boutons sur la peau.<\/p>\n<p>L&rsquo;huile de noyau d&rsquo;Argania Spinosa ou huile d&rsquo;argan th\u00e9rapeutique est un puissant antioxydant qui prot\u00e8ge la peau contre les radicaux libres et donc contre le vieillissement cutan\u00e9. L&rsquo;huile d&rsquo;argan stimule la r\u00e9g\u00e9n\u00e9ration de la peau, am\u00e9liore l&rsquo;\u00e9lasticit\u00e9 de la peau et r\u00e9gule la production de s\u00e9bum. La forte concentration d&rsquo;acides gras insatur\u00e9s stimule la r\u00e9cup\u00e9ration et la r\u00e9juv\u00e9nation de la peau.<\/p>\n<p>L&rsquo;acide f\u00e9rulique prot\u00e8ge votre peau contre les dommages caus\u00e9s par les rayons UV. L&rsquo;huile d&rsquo;argan press\u00e9e \u00e0 froid est \u00e0 la fois une huile de soin et une huile protectrice pour la peau.<\/p>\n<p>L&rsquo;huile d&rsquo;argan qui obstrue les pores agraf\u00e9s convient \u00e0 tous les types de peau, qu&rsquo;elle soit sensible, irrit\u00e9e, mature ou grasse.<\/p>\n<p>Pour un effet liftant et lissant instantan\u00e9, nous recommandons le<a href=\"https:\/\/www.biobey.be\/fr\/produit\/serum-liftant-immediat-anti-rides-30ml\/\"> s\u00e9rum liftant bio<\/a>.<\/p>\n<h4>L&rsquo;huile antirides peut-elle \u00eatre utilis\u00e9e comme huile de massage du visage ?<\/h4>\n<p>Cette huile antirides douce et pure est pleine de nutriments pour la peau et convient parfaitement comme huile de massage du visage.<\/p>\n<h4>Quels sont les bienfaits d&rsquo;un massage facial ?<\/h4>\n<p>Un massage facial am\u00e9liore l&rsquo;\u00e9tat g\u00e9n\u00e9ral de la peau. Il d\u00e9tend les muscles tendus du visage et stimule la circulation sanguine qui apporte plus d&rsquo;oxyg\u00e8ne aux tissus. Le massage du visage stimule aussi le syst\u00e8me lymphatique, qui fournit davantage de nutriments \u00e0 la peau. Cela r\u00e9duit les rides et les ridules.<\/p>\n<p>Certificats biologiques et v\u00e9g\u00e9taliens : BDIH &#8211; LAV.<\/p>\n<p><strong>Contenu : 50 ml<\/strong><\/p>\n<p>Ingr\u00e9dients INCI : Triticum Vulgare Germ Oil, Simmondsia Chinensis Oil, Santalum Album Oil (huile essentielle de bois de santal) Boswelia Carterii Oil *(huile essentielle d&rsquo;encens bio), Lavandula Angustifolia Oil *, Argania Spinosa Kernel Oil (huile d&rsquo;argan pure), Rosa Moschata Seed Oil (huile de rose sauvage ou huile de graine d&rsquo;\u00e9glantier)<\/p>\n<p>* Composants d\u00e9riv\u00e9s des huiles essentielles : Limon\u00e8ne, Linalol.<\/p>\n<p><strong>Ingr\u00e9dients biologiques :<\/strong> Huile de Simmondsia Chinensis.<\/p>\n<p>Le conseil : mettez une quantit\u00e9 suffisante de s\u00e9rum anti-\u00e2ge bio Argital dans la paume de votre main, appliquez sur la peau du visage et du cou et massez doucement par de petits mouvements de rotation.<\/p>\n<p><strong>Informations compl\u00e9mentaires sur Huile anti-\u00e2ge bio<\/strong><\/p>\n<p>Aucun conservateur synth\u00e9tique, parfum synth\u00e9tique ou colorant artificiel n&rsquo;a \u00e9t\u00e9 ajout\u00e9 \u00e0 la composition de cette Huile anti-\u00e2ge bio pour le visage. Huile anti-\u00e2ge bio est produite en Italie. Les mati\u00e8res premi\u00e8res proviennent de l&rsquo;agriculture biologique de l&rsquo;Europe.<\/p>\n","protected":false},"excerpt":{"rendered":"<p>Huile anti-\u00e2ge bio d&rsquo;Argital am\u00e9liore l&rsquo;\u00e9lasticit\u00e9 de la peau, estompe les fines rides et donne une peau plus pleine et plus ferme avec moins de rides.<\/p>\n","protected":false},"featured_media":212,"comment_status":"open","ping_status":"closed","template":"","meta":{"ocean_post_layout":"","ocean_both_sidebars_style":"","ocean_both_sidebars_content_width":0,"ocean_both_sidebars_sidebars_width":0,"ocean_sidebar":"","ocean_second_sidebar":"","ocean_disable_margins":"enable","ocean_add_body_class":"","ocean_shortcode_before_top_bar":"","ocean_shortcode_after_top_bar":"","ocean_shortcode_before_header":"","ocean_shortcode_after_header":"","ocean_has_shortcode":"","ocean_shortcode_after_title":"","ocean_shortcode_before_footer_widgets":"","ocean_shortcode_after_footer_widgets":"","ocean_shortcode_before_footer_bottom":"","ocean_shortcode_after_footer_bottom":"","ocean_display_top_bar":"default","ocean_display_header":"default","ocean_header_style":"","ocean_center_header_left_menu":"","ocean_custom_header_template":"","ocean_custom_logo":0,"ocean_custom_retina_logo":0,"ocean_custom_logo_max_width":0,"ocean_custom_logo_tablet_max_width":0,"ocean_custom_logo_mobile_max_width":0,"ocean_custom_logo_max_height":0,"ocean_custom_logo_tablet_max_height":0,"ocean_custom_logo_mobile_max_height":0,"ocean_header_custom_menu":"","ocean_menu_typo_font_family":"","ocean_menu_typo_font_subset":"","ocean_menu_typo_font_size":0,"ocean_menu_typo_font_size_tablet":0,"ocean_menu_typo_font_size_mobile":0,"ocean_menu_typo_font_size_unit":"px","ocean_menu_typo_font_weight":"","ocean_menu_typo_font_weight_tablet":"","ocean_menu_typo_font_weight_mobile":"","ocean_menu_typo_transform":"","ocean_menu_typo_transform_tablet":"","ocean_menu_typo_transform_mobile":"","ocean_menu_typo_line_height":0,"ocean_menu_typo_line_height_tablet":0,"ocean_menu_typo_line_height_mobile":0,"ocean_menu_typo_line_height_unit":"","ocean_menu_typo_spacing":0,"ocean_menu_typo_spacing_tablet":0,"ocean_menu_typo_spacing_mobile":0,"ocean_menu_typo_spacing_unit":"","ocean_menu_link_color":"","ocean_menu_link_color_hover":"","ocean_menu_link_color_active":"","ocean_menu_link_background":"","ocean_menu_link_hover_background":"","ocean_menu_link_active_background":"","ocean_menu_social_links_bg":"","ocean_menu_social_hover_links_bg":"","ocean_menu_social_links_color":"","ocean_menu_social_hover_links_color":"","ocean_disable_title":"default","ocean_disable_heading":"default","ocean_post_title":"","ocean_post_subheading":"","ocean_post_title_style":"","ocean_post_title_background_color":"","ocean_post_title_background":0,"ocean_post_title_bg_image_position":"","ocean_post_title_bg_image_attachment":"","ocean_post_title_bg_image_repeat":"","ocean_post_title_bg_image_size":"","ocean_post_title_height":0,"ocean_post_title_bg_overlay":0.5,"ocean_post_title_bg_overlay_color":"","ocean_disable_breadcrumbs":"default","ocean_breadcrumbs_color":"","ocean_breadcrumbs_separator_color":"","ocean_breadcrumbs_links_color":"","ocean_breadcrumbs_links_hover_color":"","ocean_display_footer_widgets":"default","ocean_display_footer_bottom":"default","ocean_custom_footer_template":""},"product_brand":[102],"product_cat":[17,16,20],"product_tag":[137,126,133,125],"class_list":{"0":"post-2190","1":"product","2":"type-product","3":"status-publish","4":"has-post-thumbnail","6":"product_brand-argital","7":"product_cat-soins-du-visage","8":"product_cat-soins","9":"product_cat-anti-age","10":"product_tag-sans-colorants-synthetiques","11":"product_tag-sans-paraben","12":"product_tag-sansparfumsynthetique","13":"product_tag-vegan","15":"entry","16":"has-media","18":"first","19":"instock","20":"taxable","21":"shipping-taxable","22":"purchasable","23":"product-type-simple","24":"has-rating","25":"col","26":"span_1_of_3","27":"owp-content-center","28":"owp-thumbs-layout-horizontal","29":"owp-btn-normal","30":"owp-tabs-layout-section","31":"has-no-thumbnails","32":"circle-sale"},"_links":{"self":[{"href":"https:\/\/www.biobey.be\/fr\/wp-json\/wp\/v2\/product\/2190","targetHints":{"allow":["GET"]}}],"collection":[{"href":"https:\/\/www.biobey.be\/fr\/wp-json\/wp\/v2\/product"}],"about":[{"href":"https:\/\/www.biobey.be\/fr\/wp-json\/wp\/v2\/types\/product"}],"replies":[{"embeddable":true,"href":"https:\/\/www.biobey.be\/fr\/wp-json\/wp\/v2\/comments?post=2190"}],"wp:featuredmedia":[{"embeddable":true,"href":"https:\/\/www.biobey.be\/fr\/wp-json\/wp\/v2\/media\/212"}],"wp:attachment":[{"href":"https:\/\/www.biobey.be\/fr\/wp-json\/wp\/v2\/media?parent=2190"}],"wp:term":[{"taxonomy":"product_brand","embeddable":true,"href":"https:\/\/www.biobey.be\/fr\/wp-json\/wp\/v2\/product_brand?post=2190"},{"taxonomy":"product_cat","embeddable":true,"href":"https:\/\/www.biobey.be\/fr\/wp-json\/wp\/v2\/product_cat?post=2190"},{"taxonomy":"product_tag","embeddable":true,"href":"https:\/\/www.biobey.be\/fr\/wp-json\/wp\/v2\/product_tag?post=2190"}],"curies":[{"name":"wp","href":"https:\/\/api.w.org\/{rel}","templated":true}]}}