{"id":2191,"date":"2026-02-17T22:05:11","date_gmt":"2026-02-17T21:05:11","guid":{"rendered":"https:\/\/www.biobey.be\/fr-temp\/produit\/tonique-visage-bio-100-ml\/"},"modified":"2026-02-17T22:05:20","modified_gmt":"2026-02-17T21:05:20","slug":"tonique-visage-bio-100-ml","status":"publish","type":"product","link":"https:\/\/www.biobey.be\/fr\/produit\/tonique-visage-bio-100-ml\/","title":{"rendered":"Tonique visage bio 100 ml &#8211; Argital"},"content":{"rendered":"<p>Tonique visage bio en spray rafra\u00eechit, revitalise et apaise la peau en douceur. Le tonique doux et bio pour le visage Rugiada est un vrai booster d&rsquo;hydratation pour la peau. Le tonique visage bio donne une sensation de puret\u00e9 et de bien-\u00eatre \u00e0 la peau.<\/p>\n<p>Ce tonique bio est enrichi en huile de cananga odorata, huile de litsea cubeba, <span style=\"color: #0000ff;\"><a style=\"color: #0000ff;\" href=\"https:\/\/www.biobey.be\/fr\/produit\/creme-de-jour-a-lhuile-de-rose-bio-50\/\">huile de g\u00e9ranium rose<\/a><\/span>, huiles essentielles de lavande, huile de menthe poivr\u00e9e.<\/p>\n<p>Ces composants sont particuli\u00e8rement riches en antioxydants, ils prot\u00e8gent la peau contre les radicaux libres, donnent \u00e0 la peau une fra\u00eecheur juv\u00e9nile et un \u00e9clat de sant\u00e9. Gr\u00e2ce \u00e0 la puissante combinaison d&rsquo;huiles essentielles, ce tonique visage bio a un effet raffermissant sur la peau.<\/p>\n<h2>Quel est l&rsquo;effet de ce tonique visage bio sur votre peau ?<\/h2>\n<p>Gr\u00e2ce \u00e0 sa composition particuli\u00e8rement b\u00e9n\u00e9fique, ce tonique bio apporte :<br \/>\n&#8211; Une peau fra\u00eeche et saine<br \/>\n&#8211; Neutralisation et restauration de la valeur naturelle du pH de la peau<br \/>\n&#8211; Hydratation profonde de la peau<br \/>\n&#8211; uniformiser la peau en r\u00e9tr\u00e9cissant les pores<\/p>\n<p><strong>Principaux composants actifs du tonique biologique et leur action<\/strong><\/p>\n<p>&#8211; L&rsquo;huile essentielle de rose g\u00e9ranium restaure et apaise les peaux agit\u00e9es par des \u00e9ruptions ou des boutons. Elle a \u00e9galement un effet curatif sur les cicatrices et les br\u00fblures. Convient aux peaux s\u00e8ches et grasses<br \/>\n&#8211; L&rsquo;huile de May Chang ou Litsea cubeba est utilis\u00e9e pour traiter les taches, l&rsquo;acn\u00e9 et les \u00e9ruptions cutan\u00e9es.<\/p>\n<p>Il rafra\u00eechit la peau, purifie, resserre les pores et \u00e9quilibre la production de s\u00e9bum. En outre, May chang<br \/>\nIl convient \u00e0 tous les types de peau. Ne contient pas de conservateurs<\/p>\n<h3>Comment utiliser ce tonique bio visage ?<\/h3>\n<p>Utilisez le tonique bio apr\u00e8s avoir nettoy\u00e9 votre visage. Vaporiser \u00e0 10 cm du visage, de la bouche et des yeux en gardant les yeux ferm\u00e9s<\/p>\n<p><strong>\u00c0 quel type de peau ce tonique visage convient-il ?<\/strong><\/p>\n<p>Gr\u00e2ce \u00e0 sa haute tol\u00e9rance et \u00e0 sa douceur, ce tonique bio convient aux peaux les plus sensibles.<br \/>\nCertifi\u00e9 avec : Bdih (Cosmo Organic) &#8211; Icea &#8211; Lav<\/p>\n<p><strong>Informations suppl\u00e9mentaires sur le tonique visage bio<\/strong><\/p>\n<p>Aucun conservateur synth\u00e9tique ni colorant artificiel n&rsquo;a \u00e9t\u00e9 ajout\u00e9 \u00e0 la composition de ce tonique visage bio.<br \/>\nLe tonique biologique pour le visage est produit en Italie. Les mati\u00e8res premi\u00e8res proviennent de l&rsquo;agriculture biologique de la Communaut\u00e9 europ\u00e9enne.<\/p>\n<p>Contenu du spray : 100 ml<\/p>\n<h3>Liste INCI : composition de ce tonique biologique pour le visage par ordre de concentration<\/h3>\n<p>eau, alcool, huile de lavande hybride *, <a href=\"https:\/\/www.biobey.be\/fr\/geranium-rose\/\">huile de p\u00e9largonium graveolens<\/a> *, huile de feuille de Rosmarinus Officinalis *, huile de fleur de Cananga Odorata *,<a href=\"https:\/\/www.biobey.be\/fr\/litsea-cubeba-fruit-huile\/\"> huile de fruit de Litsea Cubeba<\/a> *, <a href=\"https:\/\/www.biobey.be\/fr\/mentha-piperita\/\">huile de Mentha Piperita<\/a> *, extrait de Krameria Triandra.<\/p>\n<p>* Composants des huiles essentielles : Limon\u00e8ne, Linalol, Citronellol, Coumarine, G\u00e9raniol, Benzyl Benzoate, Alcool Benzylique, Salicylate de Benzyle, Eug\u00e9nol, Farnesol, Isoeugenol, Citral.<br \/>\nIngr\u00e9dients biologiques : alcool, huile de Lavandula Hybrida<\/p>\n","protected":false},"excerpt":{"rendered":"<p>Le tonique visage bio Rugiada est un spray hydratant, raffermissant et revitalisant pour le visage.<\/p>\n<h2>Quels sont les bienfaits de ce tonique bio pour le visage ?<\/h2>\n<p>Ce tonique biologique offre de nombreux avantages et a une action multifonctionnelle. Ses principales propri\u00e9t\u00e9s sont les suivantes :<\/p>\n<ul>\n<li>il convient au traitement ou \u00e0 la pr\u00e9vention de l&rsquo;acn\u00e9 et des peaux \u00e0 tendance acn\u00e9ique<\/li>\n<li>il est efficace pour nettoyer la peau<\/li>\n<li>ce tonique hydrate en profondeur et redonne son pH \u00e0 la peau<\/li>\n<li>\u00a0peut \u00eatre utilis\u00e9 pour am\u00e9liorer l&rsquo;absorption d&rsquo;une cr\u00e8me de jour<\/li>\n<\/ul>\n","protected":false},"featured_media":214,"comment_status":"open","ping_status":"closed","template":"","meta":{"ocean_post_layout":"","ocean_both_sidebars_style":"","ocean_both_sidebars_content_width":0,"ocean_both_sidebars_sidebars_width":0,"ocean_sidebar":"0","ocean_second_sidebar":"0","ocean_disable_margins":"enable","ocean_add_body_class":"","ocean_shortcode_before_top_bar":"","ocean_shortcode_after_top_bar":"","ocean_shortcode_before_header":"","ocean_shortcode_after_header":"","ocean_has_shortcode":"","ocean_shortcode_after_title":"","ocean_shortcode_before_footer_widgets":"","ocean_shortcode_after_footer_widgets":"","ocean_shortcode_before_footer_bottom":"","ocean_shortcode_after_footer_bottom":"","ocean_display_top_bar":"default","ocean_display_header":"default","ocean_header_style":"","ocean_center_header_left_menu":"0","ocean_custom_header_template":"0","ocean_custom_logo":0,"ocean_custom_retina_logo":0,"ocean_custom_logo_max_width":0,"ocean_custom_logo_tablet_max_width":0,"ocean_custom_logo_mobile_max_width":0,"ocean_custom_logo_max_height":0,"ocean_custom_logo_tablet_max_height":0,"ocean_custom_logo_mobile_max_height":0,"ocean_header_custom_menu":"0","ocean_menu_typo_font_family":"0","ocean_menu_typo_font_subset":"","ocean_menu_typo_font_size":0,"ocean_menu_typo_font_size_tablet":0,"ocean_menu_typo_font_size_mobile":0,"ocean_menu_typo_font_size_unit":"px","ocean_menu_typo_font_weight":"","ocean_menu_typo_font_weight_tablet":"","ocean_menu_typo_font_weight_mobile":"","ocean_menu_typo_transform":"","ocean_menu_typo_transform_tablet":"","ocean_menu_typo_transform_mobile":"","ocean_menu_typo_line_height":0,"ocean_menu_typo_line_height_tablet":0,"ocean_menu_typo_line_height_mobile":0,"ocean_menu_typo_line_height_unit":"","ocean_menu_typo_spacing":0,"ocean_menu_typo_spacing_tablet":0,"ocean_menu_typo_spacing_mobile":0,"ocean_menu_typo_spacing_unit":"","ocean_menu_link_color":"","ocean_menu_link_color_hover":"","ocean_menu_link_color_active":"","ocean_menu_link_background":"","ocean_menu_link_hover_background":"","ocean_menu_link_active_background":"","ocean_menu_social_links_bg":"","ocean_menu_social_hover_links_bg":"","ocean_menu_social_links_color":"","ocean_menu_social_hover_links_color":"","ocean_disable_title":"default","ocean_disable_heading":"default","ocean_post_title":"","ocean_post_subheading":"","ocean_post_title_style":"","ocean_post_title_background_color":"","ocean_post_title_background":0,"ocean_post_title_bg_image_position":"","ocean_post_title_bg_image_attachment":"","ocean_post_title_bg_image_repeat":"","ocean_post_title_bg_image_size":"","ocean_post_title_height":0,"ocean_post_title_bg_overlay":0.5,"ocean_post_title_bg_overlay_color":"","ocean_disable_breadcrumbs":"default","ocean_breadcrumbs_color":"","ocean_breadcrumbs_separator_color":"","ocean_breadcrumbs_links_color":"","ocean_breadcrumbs_links_hover_color":"","ocean_display_footer_widgets":"default","ocean_display_footer_bottom":"default","ocean_custom_footer_template":"0"},"product_brand":[102],"product_cat":[21,18,49,17,16,20],"product_tag":[127,125],"class_list":{"0":"post-2191","1":"product","2":"type-product","3":"status-publish","4":"has-post-thumbnail","6":"product_brand-argital","7":"product_cat-acne-et-peau-abimee","8":"product_cat-nettoyage-de-la-peau-et-masques","9":"product_cat-peau-seche","10":"product_cat-soins-du-visage","11":"product_cat-soins","12":"product_cat-anti-age","13":"product_tag-sans-silicone","14":"product_tag-vegan","16":"entry","17":"has-media","19":"first","20":"instock","21":"taxable","22":"shipping-taxable","23":"purchasable","24":"product-type-simple","25":"has-rating","26":"col","27":"span_1_of_3","28":"owp-content-center","29":"owp-thumbs-layout-horizontal","30":"owp-btn-normal","31":"owp-tabs-layout-section","32":"has-no-thumbnails","33":"circle-sale"},"_links":{"self":[{"href":"https:\/\/www.biobey.be\/fr\/wp-json\/wp\/v2\/product\/2191","targetHints":{"allow":["GET"]}}],"collection":[{"href":"https:\/\/www.biobey.be\/fr\/wp-json\/wp\/v2\/product"}],"about":[{"href":"https:\/\/www.biobey.be\/fr\/wp-json\/wp\/v2\/types\/product"}],"replies":[{"embeddable":true,"href":"https:\/\/www.biobey.be\/fr\/wp-json\/wp\/v2\/comments?post=2191"}],"wp:featuredmedia":[{"embeddable":true,"href":"https:\/\/www.biobey.be\/fr\/wp-json\/wp\/v2\/media\/214"}],"wp:attachment":[{"href":"https:\/\/www.biobey.be\/fr\/wp-json\/wp\/v2\/media?parent=2191"}],"wp:term":[{"taxonomy":"product_brand","embeddable":true,"href":"https:\/\/www.biobey.be\/fr\/wp-json\/wp\/v2\/product_brand?post=2191"},{"taxonomy":"product_cat","embeddable":true,"href":"https:\/\/www.biobey.be\/fr\/wp-json\/wp\/v2\/product_cat?post=2191"},{"taxonomy":"product_tag","embeddable":true,"href":"https:\/\/www.biobey.be\/fr\/wp-json\/wp\/v2\/product_tag?post=2191"}],"curies":[{"name":"wp","href":"https:\/\/api.w.org\/{rel}","templated":true}]}}