{"id":2192,"date":"2025-05-25T11:55:02","date_gmt":"2025-05-25T09:55:02","guid":{"rendered":"https:\/\/www.biobey.be\/fr-temp\/produit\/cbd-baume-revitalisant-visage-50ml\/"},"modified":"2025-10-28T00:29:03","modified_gmt":"2025-10-27T23:29:03","slug":"cbd-baume-revitalisant-visage-50ml","status":"publish","type":"product","link":"https:\/\/www.biobey.be\/fr\/produit\/cbd-baume-revitalisant-visage-50ml\/","title":{"rendered":"Cbd baume revitalisant Face and Lips 50ml"},"content":{"rendered":"<p>Que fait le baume de chanvre bio pour les l\u00e8vres et le visage ? Cbd baume revitalisant pour les hanches nourrit et raffermit les peaux sensibles et fatigu\u00e9es. C&rsquo;est un excellent produit anti-\u00e2ge et donc adapt\u00e9 au traitement des rides et des imperfections d\u00e9j\u00e0 existantes.<\/p>\n<p>Lavande Menthe, Citron Balsem est un baume de beaut\u00e9 intens\u00e9ment nourrissant, id\u00e9al pour tous les types de peau. Apaise et hydrate instantan\u00e9ment les l\u00e8vres s\u00e8ches et gerc\u00e9es.<\/p>\n<p>Utilisez le <span style=\"color: #0000ff;\"><a style=\"color: #0000ff;\" href=\"https:\/\/www.biobey.be\/fr\/produit\/lotion-tonique-vitaminee-bio-visage-200ml\/\">tonique aux vitamines naturelles<\/a><\/span> avant d&rsquo;appliquer le baume de chanvre sur le visage. Le tonique assure une meilleure absorption des ingr\u00e9dients actifs du baume de chanvre Cannabios.<\/p>\n<h2>Effets Cbd baume revitalisant visage :<\/h2>\n<p>&#8211; Favorise la circulation et <span style=\"color: #0000ff;\"><a style=\"color: #0000ff;\" href=\"https:\/\/www.biobey.be\/fr\/produit\/creme-visage-bio-a-effet-botox-50ml\/\">am\u00e9liore l&rsquo;\u00e9lasticit\u00e9 et la tonicit\u00e9 de la peau<\/a><\/span><br \/>\n&#8211; Donne une apparence saine et claire \u00e0 la peau<br \/>\n&#8211; Donne un \u00e9clat lumineux \u00e0 votre peau<br \/>\n&#8211; R\u00e9duit les taches de pigmentation<br \/>\n&#8211; Aide contre les irritations et les d\u00e9mangeaisons apr\u00e8s un coup de soleil<\/p>\n<p>Cbd baume revitalisant visage &#8211; substances actives<\/p>\n<p>Le cbd brut pr\u00e9sent dans la composition du baume de chanvre revitalisant a \u00e9t\u00e9 prouv\u00e9 efficace en cas d&rsquo;affections cutan\u00e9es diverses. Le CBD brut a de fortes propri\u00e9t\u00e9s anti-inflammatoires et r\u00e9g\u00e9n\u00e9ratrices. C&rsquo;est pourquoi il est utilis\u00e9 avec succ\u00e8s dans le traitement de diverses affections cutan\u00e9es. Il am\u00e9liore la sant\u00e9 g\u00e9n\u00e9rale de la peau.<\/p>\n<p>Ce baume 100% naturel pour le visage est rempli d&rsquo;ingr\u00e9dients biologiques et b\u00e9n\u00e9fiques tels que<br \/>\n&#8211; Huile biologique de la CBD (extrait naturel de Cannabis Sativa sans THC)<br \/>\n&#8211; <a href=\"https:\/\/www.biobey.be\/fr\/lavandula-hybrida\/\">Huile de lavande<\/a><br \/>\n&#8211; Huile essentielle de menthe<br \/>\n&#8211; huile essentielle de citron<\/p>\n<p>Le m\u00e9lange du CannabiComplex CC+ (contient moins de 0,2 % de THC) et des huiles essentielles de lavande, de citron et de menthe stimule la r\u00e9g\u00e9n\u00e9ration de la peau. Il donne un aspect incroyablement fra\u00eeche et claire \u00e0 la peau terne et fatigu\u00e9e.<\/p>\n<p>Mode d&#8217;emploi :<\/p>\n<p>A utilis\u00e9 au quotidien sur une peau nettoy\u00e9e. Cbd baume revitalisant visage convient aussi au traitement des l\u00e8vres s\u00e8ches ou gerc\u00e9es.<\/p>\n<p>Cbd baume revitalisant Face and Lips convient aux soins de tous les types de peau : peau s\u00e8che, grasse, mixte et sensible.<br \/>\nIngr\u00e9dients (liste INCI des baumes pour le visage \u00e0 la menthe, au citron et \u00e0 la lavande) : huile de fruits Olea Europaea*, huile de colza hydrog\u00e9n\u00e9e, Cannabis Sativa L.*(contient moins de 0,2 % de THC), tocoph\u00e9rol, huile de feuilles de Lavandula<\/p>\n<p>Angustifolia*, huile d&rsquo;herbes Mentha Piperita*, huile d&rsquo;\u00e9corce de citron*, huile de graines Helianthus Annus, citral, g\u00e9raniol, limon\u00e8ne, linolool.<\/p>\n<p>* Ingr\u00e9dients issus de l&rsquo;agriculture biologique<br \/>\nFabriqu\u00e9 sans conservateurs, ni colorants, ni parfums ajout\u00e9s. Elle est le fruit d&rsquo;une agriculture durable et biologique.<\/p>\n<p>Le baume revitalisant au chanvre CBD l\u00e8vres et visage est un produit naturel mais il contient des huiles essentielles biologiques qui peuvent provoquer une r\u00e9action chez certaines personnes \u00e0 la peau sensible.<\/p>\n<p>Il est donc fortement recommand\u00e9 de v\u00e9rifier la liste des ingr\u00e9dients pour s&rsquo;assurer que le baume de chanvre revitalisant ne contient pas de composants auxquels vous avez une r\u00e9action allergique.<\/p>\n","protected":false},"excerpt":{"rendered":"<p>Cbd baume revitalisant visage est un baume 100% naturel, hydratant et apaisant. Apaise et hydrate instantan\u00e9ment les l\u00e8vres s\u00e8ches et gerc\u00e9es. Gr\u00e2ce \u00e0 sa teneur \u00e9lev\u00e9e en huile de cbd, elle am\u00e9liore l&rsquo;\u00e9lasticit\u00e9 de la peau, prot\u00e8ge contre le stress oxydatif et lutte ainsi contre le vieillissement pr\u00e9matur\u00e9 de la peau.<\/p>\n","protected":false},"featured_media":216,"comment_status":"open","ping_status":"closed","template":"","meta":{"ocean_post_layout":"","ocean_both_sidebars_style":"","ocean_both_sidebars_content_width":0,"ocean_both_sidebars_sidebars_width":0,"ocean_sidebar":"0","ocean_second_sidebar":"0","ocean_disable_margins":"enable","ocean_add_body_class":"","ocean_shortcode_before_top_bar":"","ocean_shortcode_after_top_bar":"","ocean_shortcode_before_header":"","ocean_shortcode_after_header":"","ocean_has_shortcode":"","ocean_shortcode_after_title":"","ocean_shortcode_before_footer_widgets":"","ocean_shortcode_after_footer_widgets":"","ocean_shortcode_before_footer_bottom":"","ocean_shortcode_after_footer_bottom":"","ocean_display_top_bar":"default","ocean_display_header":"default","ocean_header_style":"","ocean_center_header_left_menu":"0","ocean_custom_header_template":"0","ocean_custom_logo":0,"ocean_custom_retina_logo":0,"ocean_custom_logo_max_width":0,"ocean_custom_logo_tablet_max_width":0,"ocean_custom_logo_mobile_max_width":0,"ocean_custom_logo_max_height":0,"ocean_custom_logo_tablet_max_height":0,"ocean_custom_logo_mobile_max_height":0,"ocean_header_custom_menu":"0","ocean_menu_typo_font_family":"0","ocean_menu_typo_font_subset":"","ocean_menu_typo_font_size":0,"ocean_menu_typo_font_size_tablet":0,"ocean_menu_typo_font_size_mobile":0,"ocean_menu_typo_font_size_unit":"px","ocean_menu_typo_font_weight":"","ocean_menu_typo_font_weight_tablet":"","ocean_menu_typo_font_weight_mobile":"","ocean_menu_typo_transform":"","ocean_menu_typo_transform_tablet":"","ocean_menu_typo_transform_mobile":"","ocean_menu_typo_line_height":0,"ocean_menu_typo_line_height_tablet":0,"ocean_menu_typo_line_height_mobile":0,"ocean_menu_typo_line_height_unit":"","ocean_menu_typo_spacing":0,"ocean_menu_typo_spacing_tablet":0,"ocean_menu_typo_spacing_mobile":0,"ocean_menu_typo_spacing_unit":"","ocean_menu_link_color":"","ocean_menu_link_color_hover":"","ocean_menu_link_color_active":"","ocean_menu_link_background":"","ocean_menu_link_hover_background":"","ocean_menu_link_active_background":"","ocean_menu_social_links_bg":"","ocean_menu_social_hover_links_bg":"","ocean_menu_social_links_color":"","ocean_menu_social_hover_links_color":"","ocean_disable_title":"default","ocean_disable_heading":"default","ocean_post_title":"","ocean_post_subheading":"","ocean_post_title_style":"","ocean_post_title_background_color":"","ocean_post_title_background":0,"ocean_post_title_bg_image_position":"","ocean_post_title_bg_image_attachment":"","ocean_post_title_bg_image_repeat":"","ocean_post_title_bg_image_size":"","ocean_post_title_height":0,"ocean_post_title_bg_overlay":0.5,"ocean_post_title_bg_overlay_color":"","ocean_disable_breadcrumbs":"default","ocean_breadcrumbs_color":"","ocean_breadcrumbs_separator_color":"","ocean_breadcrumbs_links_color":"","ocean_breadcrumbs_links_hover_color":"","ocean_display_footer_widgets":"default","ocean_display_footer_bottom":"default","ocean_custom_footer_template":"0"},"product_brand":[104],"product_cat":[41,23,19,33,49,31,17,16,20,43,22],"product_tag":[140,132,131,126],"class_list":{"0":"post-2192","1":"product","2":"type-product","3":"status-publish","4":"has-post-thumbnail","6":"product_brand-cannabios","7":"product_cat-cbd-et-chanvre-biologique","8":"product_cat-cou-decollete","9":"product_cat-cremes-naturelles-de-jour-et-de-nuit","10":"product_cat-irritation-cutanee-eczema-et-psoriasis","11":"product_cat-peau-seche","12":"product_cat-sante","13":"product_cat-soins-du-visage","14":"product_cat-soins","15":"product_cat-anti-age","16":"product_cat-soins-naturels-cbd","17":"product_cat-yeux-et-levres","18":"product_tag-contient-cbd","19":"product_tag-sans-alcool","20":"product_tag-sans-glycerine","21":"product_tag-sans-paraben","23":"entry","24":"has-media","26":"first","27":"instock","28":"taxable","29":"shipping-taxable","30":"purchasable","31":"product-type-simple","32":"has-rating","33":"col","34":"span_1_of_3","35":"owp-content-center","36":"owp-thumbs-layout-horizontal","37":"owp-btn-normal","38":"owp-tabs-layout-section","39":"has-no-thumbnails","40":"circle-sale"},"_links":{"self":[{"href":"https:\/\/www.biobey.be\/fr\/wp-json\/wp\/v2\/product\/2192","targetHints":{"allow":["GET"]}}],"collection":[{"href":"https:\/\/www.biobey.be\/fr\/wp-json\/wp\/v2\/product"}],"about":[{"href":"https:\/\/www.biobey.be\/fr\/wp-json\/wp\/v2\/types\/product"}],"replies":[{"embeddable":true,"href":"https:\/\/www.biobey.be\/fr\/wp-json\/wp\/v2\/comments?post=2192"}],"wp:featuredmedia":[{"embeddable":true,"href":"https:\/\/www.biobey.be\/fr\/wp-json\/wp\/v2\/media\/216"}],"wp:attachment":[{"href":"https:\/\/www.biobey.be\/fr\/wp-json\/wp\/v2\/media?parent=2192"}],"wp:term":[{"taxonomy":"product_brand","embeddable":true,"href":"https:\/\/www.biobey.be\/fr\/wp-json\/wp\/v2\/product_brand?post=2192"},{"taxonomy":"product_cat","embeddable":true,"href":"https:\/\/www.biobey.be\/fr\/wp-json\/wp\/v2\/product_cat?post=2192"},{"taxonomy":"product_tag","embeddable":true,"href":"https:\/\/www.biobey.be\/fr\/wp-json\/wp\/v2\/product_tag?post=2192"}],"curies":[{"name":"wp","href":"https:\/\/api.w.org\/{rel}","templated":true}]}}