{"id":2194,"date":"2026-03-12T16:51:18","date_gmt":"2026-03-12T15:51:18","guid":{"rendered":"https:\/\/www.biobey.be\/fr-temp\/produit\/deodorant-naturel-pour-homme-100-ml\/"},"modified":"2026-03-12T16:51:37","modified_gmt":"2026-03-12T15:51:37","slug":"deodorant-naturel-pour-homme-100-ml","status":"publish","type":"product","link":"https:\/\/www.biobey.be\/fr\/produit\/deodorant-naturel-pour-homme-100-ml\/","title":{"rendered":"D\u00e9odorant naturel pour homme 100 ml"},"content":{"rendered":"<p>Le d\u00e9odorant spray BIO pour homme sans chlorure d&rsquo;aluminium de Bema est fabriqu\u00e9 uniquement \u00e0 partir d&rsquo;ingr\u00e9dients naturels qui sont non agressifs pour la peau. Comme l&rsquo;extrait d&rsquo;alo\u00e8s et l&rsquo;eau florale distill\u00e9e de lavande et de sauge.<\/p>\n<p>Il s&rsquo;agit d&rsquo;un rem\u00e8de naturel contre la transpiration excessive des aisselles. Le d\u00e9odorant spray BIO homme hypoallerg\u00e9nique peut \u00eatre utilis\u00e9 \u00e0 tout moment de la journ\u00e9e, au travail, \u00e0 la maison ou au sport.<\/p>\n<p>Gr\u00e2ce \u00e0 sa puissante composition, il prot\u00e8ge contre la transpiration excessive et l&rsquo;odeur de la transpiration. Le d\u00e9odorant spray BIO sans gaz propulseur et sans parfum synth\u00e9tique convient aux hommes \u00e0 la peau sensible.<\/p>\n<p>Il est doux pour la peau et peut \u00eatre utilis\u00e9 apr\u00e8s le rasage des aisselles. Le d\u00e9odorant spray pour homme <strong>emp\u00eache la transpiration excessive sans boucher les pores.<\/strong><\/p>\n<h2>D\u00e9odorant Spray BIO homme pour une peau sensible<\/h2>\n<p>La combinaison d&rsquo;eau florale organique distill\u00e9e de lavande et de sauge procure une sensation de fra\u00eecheur durable. L&rsquo;extrait de sauge a \u00e9galement des propri\u00e9t\u00e9s antibact\u00e9riennes. Il arr\u00eate la multiplication des mauvaises bact\u00e9ries qui provoquent les odeurs de transpiration.<\/p>\n<p>L&rsquo;eau florale de lavande soigne et apaise la peau irrit\u00e9e. Elle purifie et nourrit intens\u00e9ment les peaux s\u00e8ches. Le d\u00e9odorant Spray BIO pour homme contient de l&rsquo;alun.<\/p>\n<p>Ce min\u00e9ral naturel aide \u00e0 lutter contre la transpiration excessive sous les aisselles par un effet l\u00e9g\u00e8rement astringent sur les pores. Le d\u00e9odorant naturel en spray pour hommes prot\u00e8ge non seulement contre la transpiration excessive, mais assure \u00e9galement que les aisselles sentent agr\u00e9ablement bon.<\/p>\n<p>Le d\u00e9odorant pour la peau sensible des hommes convient aux v\u00e9gans. Il s&rsquo;agit d&rsquo;un produit enti\u00e8rement naturel, fabriqu\u00e9 \u00e0 partir de plantes et d&rsquo;ingr\u00e9dients biologiques.<\/p>\n<h3>Ce d\u00e9odorant naturel convient-il aux peaux tr\u00e8s sensibles ?<\/h3>\n<p>Oui, le d\u00e9odorant naturel bema bio est formul\u00e9 pour les peaux sensibles, il peut \u00eatre appliqu\u00e9 sur les peaux sensibles ainsi que sur les peaux sensibles fra\u00eechement ras\u00e9es. Le <span style=\"color: #000080;\"><a style=\"color: #000080;\" href=\"https:\/\/www.biobey.be\/fr\/produit\/deodorant-naturel-sans-gaz-propulseur\/\">d\u00e9odorant bio de love bio<\/a><\/span> est \u00e9galement tr\u00e8s doux pour les peaux sensibles.<\/p>\n<h2>Comment fonctionne le d\u00e9odorant spray BIO pour homme ?<\/h2>\n<p>Le d\u00e9odorant spray BIO pour homme Bema <strong>aide \u00e0 r\u00e9duire la transpiration et les odeurs de transpiration de mani\u00e8re naturelle<\/strong>. Le d\u00e9odorant convient aux personnes ayant des aisselles sensibles ou \u00e0 la peau irrit\u00e9e apr\u00e8s le rasage. Les extraits de gel d&rsquo;aloe vera et de camomille apaisent la peau apr\u00e8s les irritations.<\/p>\n<p>Les min\u00e9raux ont un effet astringent naturel sur les pores. Ils contribuent \u00e0 r\u00e9duire la transpiration excessive. Les eaux florales de sauge et de lavande ont des propri\u00e9t\u00e9s anti-inflammatoires et antibact\u00e9riennes. Ces extraits combattent les mauvaises bact\u00e9ries \u00e0 l&rsquo;origine des odeurs de transpiration et emp\u00eachent leur formation.<\/p>\n<p>Le d\u00e9odorant bio en spray pour hommes <strong>ne contient pas d&rsquo;alcool, de parfum, d&rsquo;aluminium et d&rsquo;autres ingr\u00e9dients synth\u00e9tiques irritants.<\/strong><\/p>\n<h3>Comment utiliser le d\u00e9odorant naturel en spray pour hommes contre les odeurs des aisselles ?<\/h3>\n<p>Le d\u00e9odorant spray BIO homme peut \u00eatre appliqu\u00e9 sur les peaux sensibles, ainsi qu&rsquo;apr\u00e8s le rasage.<\/p>\n<p>Ce d\u00e9odorant naturel offre une protection longue dur\u00e9e contre les odeurs des aisselles, mais il est tr\u00e8s important de l&rsquo;appliquer sur une peau propre.<\/p>\n<p>INCI: Lavandula Angustifolia* (Lavande) Flower Water, Salvia Officinalis* (Sauge) Distilled Water, Potassium Alum (Aluin), Decyl Glucoside, Lauryl Glucoside (d\u00e9riv\u00e9 de l&rsquo;huile de noix de coco), Glycerin, (v\u00e9g\u00e9tal)<\/p>\n<p>Polyglyceryl-2 Dipolyhydroxystearate, Aloe Barbadensis* Leaf Extract, Sodium Dehydroacetate, Fragrance (origine naturelle), Benzyl Alcohol, Potassium Sorbate, Sodium Benzoate.<\/p>\n","protected":false},"excerpt":{"rendered":"<p>Le d\u00e9odorant spray BIO pour homme Bema sans chlorure d&rsquo;aluminium, sans parfum et sans alcool convient aux peaux sensibles et irrit\u00e9es. Le d\u00e9odorant en spray r\u00e9duit naturellement la transpiration excessive et les mauvaises odeurs de transpiration. Le d\u00e9odorant spray est test\u00e9 dermatologiquement et poss\u00e8de les certificats Icea Bio, Vegan et Nickel Tested.<\/p>\n","protected":false},"featured_media":243,"comment_status":"open","ping_status":"closed","template":"","meta":{"ocean_post_layout":"","ocean_both_sidebars_style":"","ocean_both_sidebars_content_width":0,"ocean_both_sidebars_sidebars_width":0,"ocean_sidebar":"0","ocean_second_sidebar":"0","ocean_disable_margins":"enable","ocean_add_body_class":"","ocean_shortcode_before_top_bar":"","ocean_shortcode_after_top_bar":"","ocean_shortcode_before_header":"","ocean_shortcode_after_header":"","ocean_has_shortcode":"","ocean_shortcode_after_title":"","ocean_shortcode_before_footer_widgets":"","ocean_shortcode_after_footer_widgets":"","ocean_shortcode_before_footer_bottom":"","ocean_shortcode_after_footer_bottom":"","ocean_display_top_bar":"default","ocean_display_header":"default","ocean_header_style":"","ocean_center_header_left_menu":"0","ocean_custom_header_template":"0","ocean_custom_logo":0,"ocean_custom_retina_logo":0,"ocean_custom_logo_max_width":0,"ocean_custom_logo_tablet_max_width":0,"ocean_custom_logo_mobile_max_width":0,"ocean_custom_logo_max_height":0,"ocean_custom_logo_tablet_max_height":0,"ocean_custom_logo_mobile_max_height":0,"ocean_header_custom_menu":"0","ocean_menu_typo_font_family":"0","ocean_menu_typo_font_subset":"","ocean_menu_typo_font_size":0,"ocean_menu_typo_font_size_tablet":0,"ocean_menu_typo_font_size_mobile":0,"ocean_menu_typo_font_size_unit":"px","ocean_menu_typo_font_weight":"","ocean_menu_typo_font_weight_tablet":"","ocean_menu_typo_font_weight_mobile":"","ocean_menu_typo_transform":"","ocean_menu_typo_transform_tablet":"","ocean_menu_typo_transform_mobile":"","ocean_menu_typo_line_height":0,"ocean_menu_typo_line_height_tablet":0,"ocean_menu_typo_line_height_mobile":0,"ocean_menu_typo_line_height_unit":"","ocean_menu_typo_spacing":0,"ocean_menu_typo_spacing_tablet":0,"ocean_menu_typo_spacing_mobile":0,"ocean_menu_typo_spacing_unit":"","ocean_menu_link_color":"","ocean_menu_link_color_hover":"","ocean_menu_link_color_active":"","ocean_menu_link_background":"","ocean_menu_link_hover_background":"","ocean_menu_link_active_background":"","ocean_menu_social_links_bg":"","ocean_menu_social_hover_links_bg":"","ocean_menu_social_links_color":"","ocean_menu_social_hover_links_color":"","ocean_disable_title":"default","ocean_disable_heading":"default","ocean_post_title":"","ocean_post_subheading":"","ocean_post_title_style":"","ocean_post_title_background_color":"","ocean_post_title_background":0,"ocean_post_title_bg_image_position":"","ocean_post_title_bg_image_attachment":"","ocean_post_title_bg_image_repeat":"","ocean_post_title_bg_image_size":"","ocean_post_title_height":0,"ocean_post_title_bg_overlay":0.5,"ocean_post_title_bg_overlay_color":"","ocean_disable_breadcrumbs":"default","ocean_breadcrumbs_color":"","ocean_breadcrumbs_separator_color":"","ocean_breadcrumbs_links_color":"","ocean_breadcrumbs_links_hover_color":"","ocean_display_footer_widgets":"default","ocean_display_footer_bottom":"default","ocean_custom_footer_template":"0"},"product_brand":[106],"product_cat":[54,16,51,30],"product_tag":[132,126,133,125],"class_list":{"0":"post-2194","1":"product","2":"type-product","3":"status-publish","4":"has-post-thumbnail","6":"product_brand-bema-bio","7":"product_cat-deodorants","8":"product_cat-soins","9":"product_cat-soins-du-corps","10":"product_cat-soins-pour-hommes","11":"product_tag-sans-alcool","12":"product_tag-sans-paraben","13":"product_tag-sansparfumsynthetique","14":"product_tag-vegan","16":"entry","17":"has-media","19":"first","20":"instock","21":"taxable","22":"shipping-taxable","23":"purchasable","24":"product-type-simple","25":"has-rating","26":"col","27":"span_1_of_3","28":"owp-content-center","29":"owp-thumbs-layout-horizontal","30":"owp-btn-normal","31":"owp-tabs-layout-section","32":"has-no-thumbnails","33":"circle-sale"},"_links":{"self":[{"href":"https:\/\/www.biobey.be\/fr\/wp-json\/wp\/v2\/product\/2194","targetHints":{"allow":["GET"]}}],"collection":[{"href":"https:\/\/www.biobey.be\/fr\/wp-json\/wp\/v2\/product"}],"about":[{"href":"https:\/\/www.biobey.be\/fr\/wp-json\/wp\/v2\/types\/product"}],"replies":[{"embeddable":true,"href":"https:\/\/www.biobey.be\/fr\/wp-json\/wp\/v2\/comments?post=2194"}],"wp:featuredmedia":[{"embeddable":true,"href":"https:\/\/www.biobey.be\/fr\/wp-json\/wp\/v2\/media\/243"}],"wp:attachment":[{"href":"https:\/\/www.biobey.be\/fr\/wp-json\/wp\/v2\/media?parent=2194"}],"wp:term":[{"taxonomy":"product_brand","embeddable":true,"href":"https:\/\/www.biobey.be\/fr\/wp-json\/wp\/v2\/product_brand?post=2194"},{"taxonomy":"product_cat","embeddable":true,"href":"https:\/\/www.biobey.be\/fr\/wp-json\/wp\/v2\/product_cat?post=2194"},{"taxonomy":"product_tag","embeddable":true,"href":"https:\/\/www.biobey.be\/fr\/wp-json\/wp\/v2\/product_tag?post=2194"}],"curies":[{"name":"wp","href":"https:\/\/api.w.org\/{rel}","templated":true}]}}