{"id":2196,"date":"2026-03-12T16:53:47","date_gmt":"2026-03-12T15:53:47","guid":{"rendered":"https:\/\/www.biobey.be\/fr-temp\/produit\/deodorant-roll-on-bio-homme-50-ml\/"},"modified":"2026-03-12T16:53:17","modified_gmt":"2026-03-12T15:53:17","slug":"deodorant-roll-on-bio-homme-50-ml","status":"publish","type":"product","link":"https:\/\/www.biobey.be\/fr\/produit\/deodorant-roll-on-bio-homme-50-ml\/","title":{"rendered":"Deodorant Roll On Bio pour homme 50 ml"},"content":{"rendered":"<p>D\u00e9odorant Roll On Bio homme a un parfum l\u00e9g\u00e8rement \u00e9pic\u00e9 avec des notes bois\u00e9es. Ce d\u00e9o roll-on sans parfum ni alcool est une solution efficace contre la transpiration excessive et l&rsquo;odeur d\u00e9sagr\u00e9able de la transpiration au niveau des aisselles. Il est sp\u00e9cialement d\u00e9velopp\u00e9 pour les hommes ayant une peau allergique et sensible.<\/p>\n<p>Le d\u00e9odorant Roll On Bio homme Wood Tea est sans alcool, sans parfum, sans allerg\u00e8nes, sans chlorure d&rsquo;aluminium, sans propulseurs et sans autres substances synth\u00e9tiques qui peuvent irriter la peau.<\/p>\n<p>Le d\u00e9odorant naturel roll-on est id\u00e9al pour les hommes ayant un style de vie actif, qui veulent conserver la fra\u00eecheur et l&rsquo;agr\u00e9able ar\u00f4me bois\u00e9 tout au long de la journ\u00e9e. Il neutralise les odeurs d\u00e9sagr\u00e9ables et prot\u00e8ge contre la transpiration excessive sans boucher les glandes sudoripares.<\/p>\n<h2>Les b\u00e9n\u00e9fices du d\u00e9odorant roll-on bio homme ?<\/h2>\n<p>L&rsquo;utilisation du d\u00e9odorant roll-on pour hommes Bema est meilleure pour la sant\u00e9 que les d\u00e9odorants conventionnels \u00e0 formule synth\u00e9tique. Le d\u00e9odorant naturel ne contient pas de substances nocives telles que le chlorure d&rsquo;aluminium, l&rsquo;alcool synth\u00e9tique, le parfum et les parab\u00e8nes.<\/p>\n<p>Les aisselles ayant de larges pores, ces mauvais ingr\u00e9dients sont rapidement absorb\u00e9s par la peau. Ils bouchent les pores et ont donc un effet inhibiteur sur la transpiration. C&rsquo;est pourquoi les gens se tournent de plus en plus vers des d\u00e9odorants naturels sans chlorure d&rsquo;aluminium.<\/p>\n<p>Le d\u00e9odorant roll-on bio homme de Bema a une formule et une action tr\u00e8s diff\u00e9rentes. Les min\u00e9raux naturels de l&rsquo;alun sont surdimensionn\u00e9s et n&rsquo;obstruent donc pas les pores. Ils agissent comme des astringents et r\u00e9duisent naturellement la transpiration.<\/p>\n<p>Les extraits organiques de sauge et de lavande ont des propri\u00e9t\u00e9s antibact\u00e9riennes. Ils combattent les bact\u00e9ries \u00e0 l&rsquo;origine des odeurs de transpiration. Le d\u00e9odorant naturel en rouleau peut \u00eatre utilis\u00e9 r\u00e9guli\u00e8rement et convient aux personnes \u00e0 la peau sensible.<\/p>\n<h2>D\u00e9odorant Roll On Bio homme : peau sensible<\/h2>\n<p>Le d\u00e9odorant Roll On Bio homme est compos\u00e9 d&rsquo;ingr\u00e9dients naturels tels que l&rsquo;extrait d&rsquo;aloe vera, l&rsquo;alun, l&rsquo;eau florale de lavande et de sauge. L&rsquo;extrait d&rsquo;aloe vera a un effet nourrissant sur la peau. Elle assure une r\u00e9cup\u00e9ration rapide de la peau irrit\u00e9e. De plus, l&rsquo;extrait d&rsquo;alo\u00e8s <strong>prot\u00e8ge la peau contre les irritations et l&rsquo;hypersensibilit\u00e9.<\/strong><\/p>\n<p>Par cons\u00e9quent, le <strong>d\u00e9odorant naturel roll-on pour hommes<\/strong> peut \u00e9galement \u00eatre utilis\u00e9 sur la peau ras\u00e9e.<br \/>\nL&rsquo;alun, un min\u00e9ral naturel, a un effet antibact\u00e9rien.<\/p>\n<p>Comme l&rsquo;alun a un degr\u00e9 de pH plus acide que la peau, il <strong>inhibe la croissance des mauvaises bact\u00e9ries<\/strong>. Il \u00e9limine ainsi les mauvaises odeurs sans effets n\u00e9fastes sur la sant\u00e9. Sa composition purement naturelle et sans allerg\u00e8nes <strong>convient aux peaux les plus sensibles<\/strong> qui r\u00e9agissent de mani\u00e8re allergique aux d\u00e9os conventionnels.<\/p>\n<p>Le d\u00e9odorant Roll On Bio pour homme convient aux vegans. Le produit final et les mati\u00e8res brutes n&rsquo;ont pas \u00e9t\u00e9 test\u00e9s sur les animaux. Bema Bio est une marque de produits de soins naturels certifi\u00e9s biologiques.<\/p>\n<h3>Un d\u00e9odorant naturel \u00e0 roll-on est-il plus s\u00fbr pour les hommes ?<\/h3>\n<p>Oui, en g\u00e9n\u00e9ral, un d\u00e9odorant \u00e0 roll-on sans aluminium, sans alcool et sans parab\u00e8nes est bien meilleur et plus s\u00fbr pour la peau.<\/p>\n<p>Les d\u00e9odorants conventionnels contiennent de l&rsquo;aluminium. Comme on le sait depuis longtemps, les d\u00e9odorants \u00e0 base d&rsquo;aluminium pr\u00e9sentent un risque \u00e0 long terme pour la sant\u00e9 en raison de l&rsquo;accumulation d&rsquo;aluminium dans la peau, qui est toxique en cas d&rsquo;absorption excessive. Il est m\u00eame d\u00e9conseill\u00e9 d&rsquo;utiliser des d\u00e9odorants conventionnels \u00e0 bille sur une peau ab\u00eem\u00e9e ou ras\u00e9e, car l&rsquo;absorption est alors plus importante.<\/p>\n<p>Nos d\u00e9odorants naturels en spray et \u00e0 roll-on ne contiennent pas d&rsquo;aluminium et peuvent \u00eatre appliqu\u00e9s sur une peau ras\u00e9e.<\/p>\n<p>Mode d&#8217;emploi : Appliquez le roll-on d\u00e9o sur la peau sous les aisselles. De pr\u00e9f\u00e9rence sur une peau nettoy\u00e9e. Il peut \u00eatre appliqu\u00e9 directement sur la peau simplement ras\u00e9e.<\/p>\n<p>INCI: Lavandula Angustifolia*\u00a0 Flower Water, Salvia Officinalis* (Sauge ) Distilled Water, Potassium Alum, Decyl Glucoside, Lauryl Glucoside (d\u00e9riv\u00e9s de l&rsquo;huile de noix de co),<\/p>\n<p>Glycerin, Polyglyceryl-2 Dipolyhydroxystearate (v\u00e9g\u00e9tal), Aloe Barbadensis* Leaf Extract, Xanthan Gum, Sodium Dehydroacetate,<br \/>\nFragrance (origine naturelle), Benzyl Alcohol (origine huiles essentielles), Potassium Sorbate, Sodium Benzoate.<\/p>\n<p>*Ces ingr\u00e9dients sont issus de l&rsquo;agriculture biologique.<\/p>\n<p>Vous pr\u00e9f\u00e9rez un d\u00e9odorant naturel en spray pour hommes ? Essayez \u00e9galement <strong><a href=\"https:\/\/www.biobey.be\/fr\/produit\/deodorant-naturel-pour-homme-100-ml\/\">le d\u00e9odorant Wood Tea en spray de Bema bio<\/a><\/strong><\/p>\n","protected":false},"excerpt":{"rendered":"<p>D\u00e9odorant Roll On Bio homme est sans chlorure d&rsquo;aluminium, sans propulseurs et sans autres substances synth\u00e9tiques. Efficace contre la transpiration excessive et les odeurs de transpiration d\u00e9sagr\u00e9ables.<\/p>\n","protected":false},"featured_media":241,"comment_status":"open","ping_status":"closed","template":"","meta":{"ocean_post_layout":"","ocean_both_sidebars_style":"","ocean_both_sidebars_content_width":0,"ocean_both_sidebars_sidebars_width":0,"ocean_sidebar":"0","ocean_second_sidebar":"0","ocean_disable_margins":"enable","ocean_add_body_class":"","ocean_shortcode_before_top_bar":"","ocean_shortcode_after_top_bar":"","ocean_shortcode_before_header":"","ocean_shortcode_after_header":"","ocean_has_shortcode":"","ocean_shortcode_after_title":"","ocean_shortcode_before_footer_widgets":"","ocean_shortcode_after_footer_widgets":"","ocean_shortcode_before_footer_bottom":"","ocean_shortcode_after_footer_bottom":"","ocean_display_top_bar":"default","ocean_display_header":"default","ocean_header_style":"","ocean_center_header_left_menu":"0","ocean_custom_header_template":"0","ocean_custom_logo":0,"ocean_custom_retina_logo":0,"ocean_custom_logo_max_width":0,"ocean_custom_logo_tablet_max_width":0,"ocean_custom_logo_mobile_max_width":0,"ocean_custom_logo_max_height":0,"ocean_custom_logo_tablet_max_height":0,"ocean_custom_logo_mobile_max_height":0,"ocean_header_custom_menu":"0","ocean_menu_typo_font_family":"0","ocean_menu_typo_font_subset":"","ocean_menu_typo_font_size":0,"ocean_menu_typo_font_size_tablet":0,"ocean_menu_typo_font_size_mobile":0,"ocean_menu_typo_font_size_unit":"px","ocean_menu_typo_font_weight":"","ocean_menu_typo_font_weight_tablet":"","ocean_menu_typo_font_weight_mobile":"","ocean_menu_typo_transform":"","ocean_menu_typo_transform_tablet":"","ocean_menu_typo_transform_mobile":"","ocean_menu_typo_line_height":0,"ocean_menu_typo_line_height_tablet":0,"ocean_menu_typo_line_height_mobile":0,"ocean_menu_typo_line_height_unit":"","ocean_menu_typo_spacing":0,"ocean_menu_typo_spacing_tablet":0,"ocean_menu_typo_spacing_mobile":0,"ocean_menu_typo_spacing_unit":"","ocean_menu_link_color":"","ocean_menu_link_color_hover":"","ocean_menu_link_color_active":"","ocean_menu_link_background":"","ocean_menu_link_hover_background":"","ocean_menu_link_active_background":"","ocean_menu_social_links_bg":"","ocean_menu_social_hover_links_bg":"","ocean_menu_social_links_color":"","ocean_menu_social_hover_links_color":"","ocean_disable_title":"default","ocean_disable_heading":"default","ocean_post_title":"","ocean_post_subheading":"","ocean_post_title_style":"","ocean_post_title_background_color":"","ocean_post_title_background":0,"ocean_post_title_bg_image_position":"","ocean_post_title_bg_image_attachment":"","ocean_post_title_bg_image_repeat":"","ocean_post_title_bg_image_size":"","ocean_post_title_height":0,"ocean_post_title_bg_overlay":0.5,"ocean_post_title_bg_overlay_color":"","ocean_disable_breadcrumbs":"default","ocean_breadcrumbs_color":"","ocean_breadcrumbs_separator_color":"","ocean_breadcrumbs_links_color":"","ocean_breadcrumbs_links_hover_color":"","ocean_display_footer_widgets":"default","ocean_display_footer_bottom":"default","ocean_custom_footer_template":"0"},"product_brand":[106],"product_cat":[54,16,51,30],"product_tag":[132,133,125],"class_list":{"0":"post-2196","1":"product","2":"type-product","3":"status-publish","4":"has-post-thumbnail","6":"product_brand-bema-bio","7":"product_cat-deodorants","8":"product_cat-soins","9":"product_cat-soins-du-corps","10":"product_cat-soins-pour-hommes","11":"product_tag-sans-alcool","12":"product_tag-sansparfumsynthetique","13":"product_tag-vegan","15":"entry","16":"has-media","18":"first","19":"instock","20":"taxable","21":"shipping-taxable","22":"purchasable","23":"product-type-simple","24":"has-rating","25":"col","26":"span_1_of_3","27":"owp-content-center","28":"owp-thumbs-layout-horizontal","29":"owp-btn-normal","30":"owp-tabs-layout-section","31":"has-no-thumbnails","32":"circle-sale"},"_links":{"self":[{"href":"https:\/\/www.biobey.be\/fr\/wp-json\/wp\/v2\/product\/2196","targetHints":{"allow":["GET"]}}],"collection":[{"href":"https:\/\/www.biobey.be\/fr\/wp-json\/wp\/v2\/product"}],"about":[{"href":"https:\/\/www.biobey.be\/fr\/wp-json\/wp\/v2\/types\/product"}],"replies":[{"embeddable":true,"href":"https:\/\/www.biobey.be\/fr\/wp-json\/wp\/v2\/comments?post=2196"}],"wp:featuredmedia":[{"embeddable":true,"href":"https:\/\/www.biobey.be\/fr\/wp-json\/wp\/v2\/media\/241"}],"wp:attachment":[{"href":"https:\/\/www.biobey.be\/fr\/wp-json\/wp\/v2\/media?parent=2196"}],"wp:term":[{"taxonomy":"product_brand","embeddable":true,"href":"https:\/\/www.biobey.be\/fr\/wp-json\/wp\/v2\/product_brand?post=2196"},{"taxonomy":"product_cat","embeddable":true,"href":"https:\/\/www.biobey.be\/fr\/wp-json\/wp\/v2\/product_cat?post=2196"},{"taxonomy":"product_tag","embeddable":true,"href":"https:\/\/www.biobey.be\/fr\/wp-json\/wp\/v2\/product_tag?post=2196"}],"curies":[{"name":"wp","href":"https:\/\/api.w.org\/{rel}","templated":true}]}}