{"id":2197,"date":"2025-05-02T02:43:42","date_gmt":"2025-05-02T00:43:42","guid":{"rendered":"https:\/\/www.biobey.be\/fr-temp\/produit\/deo-roll-on-bio-femme-50ml\/"},"modified":"2026-02-10T19:07:06","modified_gmt":"2026-02-10T18:07:06","slug":"deo-roll-on-bio-femme-50ml","status":"publish","type":"product","link":"https:\/\/www.biobey.be\/fr\/produit\/deo-roll-on-bio-femme-50ml\/","title":{"rendered":"Hypnose D\u00e9o roll-on Bio femme 50ml"},"content":{"rendered":"<p>L&rsquo;hypnose est un d\u00e9o roll-on bio sans chlorure d&rsquo;aluminium, sans propulseurs et sans allerg\u00e8nes. Il ne contient aucune substance synth\u00e9tique pouvant irriter les peaux sensibles. C&rsquo;est un d\u00e9o efficace en cas de transpiration excessive et d&rsquo;odeurs d\u00e9sagr\u00e9ables. Le d\u00e9o roll-on bio a un subtil ar\u00f4me de rose de Damas combin\u00e9 \u00e0 la fleur d&rsquo;oranger.<\/p>\n<p>Il offre une protection durable <strong>contre la transpiration excessive et les mauvaises odeurs sans aucun effet n\u00e9gatif sur la sant\u00e9<\/strong>. Le d\u00e9o roll-on naturel sans propulseurs, sans parfum synth\u00e9tique et sans irritants doit son efficacit\u00e9 \u00e0 ses principaux ingr\u00e9dients.<\/p>\n<h2>D\u00e9o roll-on bio femme : pour les peaux sensibles<\/h2>\n<p>Il contient des ingr\u00e9dients actifs tels que l&rsquo;extrait de l&rsquo;aloe vera, l&rsquo;alun, l&rsquo;eau florale organique distill\u00e9e de la rose de Damas et le n\u00e9roli. Le d\u00e9o roll-on bio \u00e9limine les mauvaises bact\u00e9ries qui provoquent une odeur de transpiration d\u00e9sagr\u00e9able. L&rsquo;alun est un min\u00e9ral naturel qui <strong>emp\u00eache la transpiration excessive sans boucher les pores de la peau.<\/strong><\/p>\n<p>C&rsquo;est un d\u00e9o naturel utile dans les sports et les autres activit\u00e9s tr\u00e8s actives. Apr\u00e8s le rasage des aisselles, la peau est tr\u00e8s sensible et peut rapidement s&rsquo;irriter.<\/p>\n<p>Le Bema natural deo roll-on ne provoque pas d&rsquo;irritation aux peaux sensibles car il ne contient que des composants naturels doux. L&rsquo;extrait d&rsquo;aloe vera convient parfaitement pour soigner les taches rouges, les peaux ab\u00eem\u00e9es et irrit\u00e9es.<\/p>\n<p>Bema bio d\u00e9o roll-on bio est destin\u00e9 aux femmes ayant un mode de vie actif. Elle procure une sensation de fra\u00eecheur tout au long de la journ\u00e9e. C&rsquo;est un produit naturel qui est <strong>sans gaz propulseur, sans chlorure d&rsquo;aluminium, sans micro-plastiques, sans parfum synth\u00e9tique et sans alcool<\/strong>.<\/p>\n<p>L&rsquo;hypnose deo roll-on naturel est un produit vegan. Les produits ne sont pas test\u00e9s sur les animaux.<\/p>\n<p><strong>Mode d&#8217;emploi :<\/strong> Appliquer sur une peau nettoy\u00e9e. Le d\u00e9o roll-on naturel peut \u00eatre utilis\u00e9 sur les peaux sensibles ou apr\u00e8s le rasage des aisselles.<\/p>\n<p><strong>INCI :<\/strong> Rosa Damascena* Flower Water, Citrus Aurantium Amara* Flower Water, Potassium Alum (aluin), Decyl Glucoside, Lauryl Glucoside (\u00e0 base d&rsquo;huile de noix de coco), Glycerin, Polyglyceryl-2 Dipolyhydroxystearate (v\u00e9g\u00e9tal), Aloe Barbadensis* Leaf Extract, Xanthan Gum, Sodium Dehydroacetate,<\/p>\n<p>Fragrance (origine v\u00e9g\u00e9tale), Benzyl Alcohol, Potassium Sorbate, Sodium Benzoate.<\/p>\n<p>*Ingr\u00e9dients issus de l&rsquo;agriculture biologique.<\/p>\n<h2>Un d\u00e9odorant BIO : pourquoi ?<\/h2>\n<p>L&rsquo;utilisation d&rsquo;un d\u00e9odorant naturel sans aluminium est importante pour \u00e9viter les risques sanitaires li\u00e9s \u00e0 l&rsquo;aluminium. On sait depuis longtemps que l&rsquo;utilisation de d\u00e9odorants contenant de l&rsquo;aluminium pr\u00e9sente des risques.<br \/>\nDes \u00e9tudes ont sugg\u00e9r\u00e9 un lien entre l&rsquo;utilisation de d\u00e9odorants contenant de l&rsquo;aluminium et un risque accru de maladies graves telles que la maladie d&rsquo;Alzheimer. Ces risques font encore l&rsquo;objet de recherches, mais si vous \u00eates inquiet, vous pouvez choisir d&rsquo;utiliser des d\u00e9odorants naturels qui ne contiennent pas d&rsquo;aluminium.<\/p>\n<h2>Quel d\u00e9odorant Bio ne contient pas d&rsquo;aluminium ?<\/h2>\n<p>Les d\u00e9odorants Bema Bio ne contiennent pas d&rsquo;aluminium. Bema Bio a d\u00e9velopp\u00e9 6 d\u00e9odorants naturels diff\u00e9rents qui sont extr\u00eamement efficaces pour lutter contre les odeurs de transpiration d\u00e9sagr\u00e9ables et r\u00e9duire la transpiration. Ces d\u00e9odorants ne contiennent pas d&rsquo;aluminium et peuvent \u00eatre utilis\u00e9s pendant longtemps sans effets nocifs pour la sant\u00e9.<\/p>\n<p><strong>Les d\u00e9odorants Bema Bio sont :<\/strong><\/p>\n<ol>\n<li>Ce d\u00e9odorant naturel roll-on Hypnose 50ml<\/li>\n<li>D\u00e9odorant naturel spray sans chlorure d&rsquo;aluminium<\/li>\n<li>Bema D\u00e9odorant naturel homme sans chlorure d&rsquo;aluminium et sans alcool<\/li>\n<li>Wood Tea D\u00e9odorant naturel roll-on peau sensible<\/li>\n<li>La cr\u00e8me d\u00e9odorante 100% naturelle contre la transpiration des pieds<\/li>\n<li><span style=\"color: #0000ff;\"><a style=\"color: #0000ff;\" href=\"https:\/\/www.biobey.be\/fr\/produit\/deodorant-creme-bio-zones-sensibles-50ml\/\">Cr\u00e8me d\u00e9odorante naturelle contre les odeurs de transpiration pour les zones sensibles Odour Stop<\/a><\/span><\/li>\n<\/ol>\n","protected":false},"excerpt":{"rendered":"<p>Le d\u00e9o roll-on bio \u00e9limine les mauvaises bact\u00e9ries qui provoquent une odeur de transpiration d\u00e9sagr\u00e9able.<\/p>\n","protected":false},"featured_media":242,"comment_status":"open","ping_status":"closed","template":"","meta":{"ocean_post_layout":"","ocean_both_sidebars_style":"","ocean_both_sidebars_content_width":0,"ocean_both_sidebars_sidebars_width":0,"ocean_sidebar":"","ocean_second_sidebar":"","ocean_disable_margins":"enable","ocean_add_body_class":"","ocean_shortcode_before_top_bar":"","ocean_shortcode_after_top_bar":"","ocean_shortcode_before_header":"","ocean_shortcode_after_header":"","ocean_has_shortcode":"","ocean_shortcode_after_title":"","ocean_shortcode_before_footer_widgets":"","ocean_shortcode_after_footer_widgets":"","ocean_shortcode_before_footer_bottom":"","ocean_shortcode_after_footer_bottom":"","ocean_display_top_bar":"default","ocean_display_header":"default","ocean_header_style":"","ocean_center_header_left_menu":"","ocean_custom_header_template":"","ocean_custom_logo":0,"ocean_custom_retina_logo":0,"ocean_custom_logo_max_width":0,"ocean_custom_logo_tablet_max_width":0,"ocean_custom_logo_mobile_max_width":0,"ocean_custom_logo_max_height":0,"ocean_custom_logo_tablet_max_height":0,"ocean_custom_logo_mobile_max_height":0,"ocean_header_custom_menu":"","ocean_menu_typo_font_family":"","ocean_menu_typo_font_subset":"","ocean_menu_typo_font_size":0,"ocean_menu_typo_font_size_tablet":0,"ocean_menu_typo_font_size_mobile":0,"ocean_menu_typo_font_size_unit":"px","ocean_menu_typo_font_weight":"","ocean_menu_typo_font_weight_tablet":"","ocean_menu_typo_font_weight_mobile":"","ocean_menu_typo_transform":"","ocean_menu_typo_transform_tablet":"","ocean_menu_typo_transform_mobile":"","ocean_menu_typo_line_height":0,"ocean_menu_typo_line_height_tablet":0,"ocean_menu_typo_line_height_mobile":0,"ocean_menu_typo_line_height_unit":"","ocean_menu_typo_spacing":0,"ocean_menu_typo_spacing_tablet":0,"ocean_menu_typo_spacing_mobile":0,"ocean_menu_typo_spacing_unit":"","ocean_menu_link_color":"","ocean_menu_link_color_hover":"","ocean_menu_link_color_active":"","ocean_menu_link_background":"","ocean_menu_link_hover_background":"","ocean_menu_link_active_background":"","ocean_menu_social_links_bg":"","ocean_menu_social_hover_links_bg":"","ocean_menu_social_links_color":"","ocean_menu_social_hover_links_color":"","ocean_disable_title":"default","ocean_disable_heading":"default","ocean_post_title":"","ocean_post_subheading":"","ocean_post_title_style":"","ocean_post_title_background_color":"","ocean_post_title_background":0,"ocean_post_title_bg_image_position":"","ocean_post_title_bg_image_attachment":"","ocean_post_title_bg_image_repeat":"","ocean_post_title_bg_image_size":"","ocean_post_title_height":0,"ocean_post_title_bg_overlay":0.5,"ocean_post_title_bg_overlay_color":"","ocean_disable_breadcrumbs":"default","ocean_breadcrumbs_color":"","ocean_breadcrumbs_separator_color":"","ocean_breadcrumbs_links_color":"","ocean_breadcrumbs_links_hover_color":"","ocean_display_footer_widgets":"default","ocean_display_footer_bottom":"default","ocean_custom_footer_template":""},"product_brand":[106],"product_cat":[54,16,51],"product_tag":[132,126,133,125],"class_list":{"0":"post-2197","1":"product","2":"type-product","3":"status-publish","4":"has-post-thumbnail","6":"product_brand-bema-bio","7":"product_cat-deodorants","8":"product_cat-soins","9":"product_cat-soins-du-corps","10":"product_tag-sans-alcool","11":"product_tag-sans-paraben","12":"product_tag-sansparfumsynthetique","13":"product_tag-vegan","15":"entry","16":"has-media","18":"first","19":"instock","20":"taxable","21":"shipping-taxable","22":"purchasable","23":"product-type-simple","24":"has-rating","25":"col","26":"span_1_of_3","27":"owp-content-center","28":"owp-thumbs-layout-horizontal","29":"owp-btn-normal","30":"owp-tabs-layout-section","31":"has-no-thumbnails","32":"circle-sale"},"_links":{"self":[{"href":"https:\/\/www.biobey.be\/fr\/wp-json\/wp\/v2\/product\/2197","targetHints":{"allow":["GET"]}}],"collection":[{"href":"https:\/\/www.biobey.be\/fr\/wp-json\/wp\/v2\/product"}],"about":[{"href":"https:\/\/www.biobey.be\/fr\/wp-json\/wp\/v2\/types\/product"}],"replies":[{"embeddable":true,"href":"https:\/\/www.biobey.be\/fr\/wp-json\/wp\/v2\/comments?post=2197"}],"wp:featuredmedia":[{"embeddable":true,"href":"https:\/\/www.biobey.be\/fr\/wp-json\/wp\/v2\/media\/242"}],"wp:attachment":[{"href":"https:\/\/www.biobey.be\/fr\/wp-json\/wp\/v2\/media?parent=2197"}],"wp:term":[{"taxonomy":"product_brand","embeddable":true,"href":"https:\/\/www.biobey.be\/fr\/wp-json\/wp\/v2\/product_brand?post=2197"},{"taxonomy":"product_cat","embeddable":true,"href":"https:\/\/www.biobey.be\/fr\/wp-json\/wp\/v2\/product_cat?post=2197"},{"taxonomy":"product_tag","embeddable":true,"href":"https:\/\/www.biobey.be\/fr\/wp-json\/wp\/v2\/product_tag?post=2197"}],"curies":[{"name":"wp","href":"https:\/\/api.w.org\/{rel}","templated":true}]}}