{"id":2198,"date":"2025-05-23T14:23:36","date_gmt":"2025-05-23T12:23:36","guid":{"rendered":"https:\/\/www.biobey.be\/fr-temp\/produit\/bb-creme-bio-sand-01-chiara-50-ml\/"},"modified":"2025-07-11T12:42:48","modified_gmt":"2025-07-11T10:42:48","slug":"bb-creme-bio-sand-01-chiara-50-ml","status":"publish","type":"product","link":"https:\/\/www.biobey.be\/fr\/produit\/bb-creme-bio-sand-01-chiara-50-ml\/","title":{"rendered":"BB cr\u00e8me BIO Sand 01 Chiara &#8211; Beige 50 ml"},"content":{"rendered":"<p>BB cr\u00e8me BIO de la marque Nature Up hydrate la peau, couvre les imperfections (rougeurs, t\u00e2ches brunes, ridules) et unifie le teint. La combinaison de puissants ingr\u00e9dients r\u00e9g\u00e9n\u00e8re la peau et aide \u00e0 lutter contre les signes du vieillissement.<\/p>\n<p>La BB cr\u00e8me semble-t-elle plus naturelle que le fond de teint et peut-elle couvrir les taches brunes? Une BB cr\u00e8me min\u00e9rale naturelle a-t-elle \u00e9galement des propri\u00e9t\u00e9s nourrissantes? Une BB cr\u00e8me offre une couverture plus l\u00e9g\u00e8re qu&rsquo;un fond de teint, mais le <span style=\"color: #0000ff;\"><a style=\"color: #0000ff;\" href=\"https:\/\/www.biobey.be\/fr\/produit\/fond-de-teint-bio-silk-lepo-05-beige-50ml\/\">fond de teint bio silk de Lepo<\/a><\/span> offre une bonne coverage tout en garantissant un r\u00e9sultat tr\u00e8s naturel qui n&rsquo;ass\u00e8che pas la peau.<\/p>\n<p>La BB cr\u00e8me BIO prot\u00e8ge la peau contre les radicaux libres. La BB cr\u00e8me BIO de Nature Up a \u00e9t\u00e9 honor\u00e9e par plusieurs prix de beaut\u00e9.<\/p>\n<h2>Composition unique de la BB cr\u00e8me BIO<\/h2>\n<p>Gr\u00e2ce aux ingr\u00e9dients actifs pr\u00e9cieux qui sont pr\u00e9sents dans la composition, tels que l&rsquo;huile d&rsquo;\u00e9glantier, la prune Kakadu, l&rsquo;Avena Sativa et les antioxydants, cette cr\u00e8me BB est un produit de soin aux multiples fonctions pour le visage.<\/p>\n<p>&#8211; L&rsquo;huile d&rsquo;\u00e9glantier a une teneur \u00e9lev\u00e9e en vitamine A et en acides gras anti-inflammatoires qui <span style=\"color: #0000ff;\"><a style=\"color: #0000ff;\" href=\"https:\/\/www.biobey.be\/fr\/produit\/creme-visage-bio-a-effet-botox-50ml\/\">am\u00e9liorent la structure de la peau et r\u00e9duisent les rides<\/a><\/span>. Elle favorise la r\u00e9cup\u00e9ration des peaux endommag\u00e9es.<\/p>\n<p>&#8211; L&rsquo;extrait de prune de Kakadu est riche en antioxydants. Il r\u00e9duit les dommages caus\u00e9s par le soleil et \u00e9claircit la peau.<\/p>\n<p>&#8211; L&rsquo;Avena Sativa est riche en vitamine E, en om\u00e9ga 3 et 6. L&rsquo;Avena Sativa apaise la peau. De plus, elle a un effet apaisant sur les affections cutan\u00e9es telles que l&rsquo;acn\u00e9, les d\u00e9mangeaisons, le psoriasis et l&rsquo;ecz\u00e9ma.<\/p>\n<p><strong>Comment mettre de la BB cr\u00e8me BIO?<\/strong><br \/>\nAppliquez sur un visage propre et massez bien en douceur de l&rsquo;int\u00e9rieur vers l&rsquo;ext\u00e9rieur.<\/p>\n<p><strong>Pour quel type de peau ?<\/strong><br \/>\nLa BB cr\u00e8me BIO Sand 01 convient aux peaux claires avec un sous-ton neutre qui bronze plus rarement.<\/p>\n<p><strong>Composition d\u00e9taill\u00e9e du produit<\/strong><br \/>\ninci: Aqua\/Water, Glyceryl stearate SE, Coco-Caprylate, Decyl Oleate, TitaniumDioxide, Glycerin, Mica, CI 77492, Shorea Stenoptera* Butter, Sodium Stearoyl Glutamate, CI 77491, Avena Sativa* Kernel Extract, Terminalia Ferdinandiana*<\/p>\n<p>Kakadu Plum Fruit Extract, Rosa Moschata*( Roses musqu\u00e9es), RoseHip Seed Oil (Huile d&rsquo;\u00e9glantier), BenzylAlcohol ( composant d&rsquo;huile essentielle) Dehydroacetic acid, Magnesium Aluminum Silicate, CetearylAlcohol, Xanthan Gum, Citric Acid, Tocopherol, CI 77499, Fragnance. *<\/p>\n<p>*Ingr\u00e9dients issus de l&rsquo;agriculture biologique<br \/>\nFragnance provient d&rsquo;ingr\u00e9dients 100% naturels<\/p>\n","protected":false},"excerpt":{"rendered":"<p>La BB cr\u00e8me BIO Sand 01 de Nature Up couvre les imperfections telles que les rougeurs, les taches de pigmentation et les ridules sans alourdir la peau. Cette cr\u00e8me BB Sand 01 ton convient aux peaux claires avec un sous-ton neutre qui peut parfois bronzer.<\/p>\n","protected":false},"featured_media":225,"comment_status":"open","ping_status":"closed","template":"","meta":{"ocean_post_layout":"","ocean_both_sidebars_style":"","ocean_both_sidebars_content_width":0,"ocean_both_sidebars_sidebars_width":0,"ocean_sidebar":"","ocean_second_sidebar":"","ocean_disable_margins":"enable","ocean_add_body_class":"","ocean_shortcode_before_top_bar":"","ocean_shortcode_after_top_bar":"","ocean_shortcode_before_header":"","ocean_shortcode_after_header":"","ocean_has_shortcode":"","ocean_shortcode_after_title":"","ocean_shortcode_before_footer_widgets":"","ocean_shortcode_after_footer_widgets":"","ocean_shortcode_before_footer_bottom":"","ocean_shortcode_after_footer_bottom":"","ocean_display_top_bar":"default","ocean_display_header":"default","ocean_header_style":"","ocean_center_header_left_menu":"","ocean_custom_header_template":"","ocean_custom_logo":0,"ocean_custom_retina_logo":0,"ocean_custom_logo_max_width":0,"ocean_custom_logo_tablet_max_width":0,"ocean_custom_logo_mobile_max_width":0,"ocean_custom_logo_max_height":0,"ocean_custom_logo_tablet_max_height":0,"ocean_custom_logo_mobile_max_height":0,"ocean_header_custom_menu":"","ocean_menu_typo_font_family":"","ocean_menu_typo_font_subset":"","ocean_menu_typo_font_size":0,"ocean_menu_typo_font_size_tablet":0,"ocean_menu_typo_font_size_mobile":0,"ocean_menu_typo_font_size_unit":"px","ocean_menu_typo_font_weight":"","ocean_menu_typo_font_weight_tablet":"","ocean_menu_typo_font_weight_mobile":"","ocean_menu_typo_transform":"","ocean_menu_typo_transform_tablet":"","ocean_menu_typo_transform_mobile":"","ocean_menu_typo_line_height":0,"ocean_menu_typo_line_height_tablet":0,"ocean_menu_typo_line_height_mobile":0,"ocean_menu_typo_line_height_unit":"","ocean_menu_typo_spacing":0,"ocean_menu_typo_spacing_tablet":0,"ocean_menu_typo_spacing_mobile":0,"ocean_menu_typo_spacing_unit":"","ocean_menu_link_color":"","ocean_menu_link_color_hover":"","ocean_menu_link_color_active":"","ocean_menu_link_background":"","ocean_menu_link_hover_background":"","ocean_menu_link_active_background":"","ocean_menu_social_links_bg":"","ocean_menu_social_hover_links_bg":"","ocean_menu_social_links_color":"","ocean_menu_social_hover_links_color":"","ocean_disable_title":"default","ocean_disable_heading":"default","ocean_post_title":"","ocean_post_subheading":"","ocean_post_title_style":"","ocean_post_title_background_color":"","ocean_post_title_background":0,"ocean_post_title_bg_image_position":"","ocean_post_title_bg_image_attachment":"","ocean_post_title_bg_image_repeat":"","ocean_post_title_bg_image_size":"","ocean_post_title_height":0,"ocean_post_title_bg_overlay":0.5,"ocean_post_title_bg_overlay_color":"","ocean_disable_breadcrumbs":"default","ocean_breadcrumbs_color":"","ocean_breadcrumbs_separator_color":"","ocean_breadcrumbs_links_color":"","ocean_breadcrumbs_links_hover_color":"","ocean_display_footer_widgets":"default","ocean_display_footer_bottom":"default","ocean_custom_footer_template":""},"product_brand":[107],"product_cat":[55,16],"product_tag":[137,133,125],"class_list":{"0":"post-2198","1":"product","2":"type-product","3":"status-publish","4":"has-post-thumbnail","6":"product_brand-nature-up","7":"product_cat-maquillage","8":"product_cat-soins","9":"product_tag-sans-colorants-synthetiques","10":"product_tag-sansparfumsynthetique","11":"product_tag-vegan","13":"entry","14":"has-media","16":"first","17":"instock","18":"taxable","19":"shipping-taxable","20":"purchasable","21":"product-type-simple","22":"has-rating","23":"col","24":"span_1_of_3","25":"owp-content-center","26":"owp-thumbs-layout-horizontal","27":"owp-btn-normal","28":"owp-tabs-layout-section","29":"has-no-thumbnails","30":"circle-sale"},"_links":{"self":[{"href":"https:\/\/www.biobey.be\/fr\/wp-json\/wp\/v2\/product\/2198","targetHints":{"allow":["GET"]}}],"collection":[{"href":"https:\/\/www.biobey.be\/fr\/wp-json\/wp\/v2\/product"}],"about":[{"href":"https:\/\/www.biobey.be\/fr\/wp-json\/wp\/v2\/types\/product"}],"replies":[{"embeddable":true,"href":"https:\/\/www.biobey.be\/fr\/wp-json\/wp\/v2\/comments?post=2198"}],"wp:featuredmedia":[{"embeddable":true,"href":"https:\/\/www.biobey.be\/fr\/wp-json\/wp\/v2\/media\/225"}],"wp:attachment":[{"href":"https:\/\/www.biobey.be\/fr\/wp-json\/wp\/v2\/media?parent=2198"}],"wp:term":[{"taxonomy":"product_brand","embeddable":true,"href":"https:\/\/www.biobey.be\/fr\/wp-json\/wp\/v2\/product_brand?post=2198"},{"taxonomy":"product_cat","embeddable":true,"href":"https:\/\/www.biobey.be\/fr\/wp-json\/wp\/v2\/product_cat?post=2198"},{"taxonomy":"product_tag","embeddable":true,"href":"https:\/\/www.biobey.be\/fr\/wp-json\/wp\/v2\/product_tag?post=2198"}],"curies":[{"name":"wp","href":"https:\/\/api.w.org\/{rel}","templated":true}]}}