{"id":2200,"date":"2023-09-19T23:01:51","date_gmt":"2023-09-19T21:01:51","guid":{"rendered":"https:\/\/www.biobey.be\/fr-temp\/produit\/creme-bb-naturelle-caramel-50-ml\/"},"modified":"2026-04-03T00:27:24","modified_gmt":"2026-04-02T22:27:24","slug":"creme-bb-naturelle-caramel-50-ml","status":"publish","type":"product","link":"https:\/\/www.biobey.be\/fr\/produit\/creme-bb-naturelle-caramel-50-ml\/","title":{"rendered":"Cr\u00e8me BB naturelle Caramel &#8211; Beige 50 ml"},"content":{"rendered":"<p>La cr\u00e8me BB naturelle avec des vitamines, des min\u00e9raux et des antioxydants naturels offre une excellente couverture et donne \u00e0 votre peau un teint uniforme et \u00e9clatant. Les ingr\u00e9dients actifs puissants pr\u00e9sents dans la composition apaisent la peau, apportent de l&rsquo;hydratation et ont un <strong>effet anti-\u00e2ge<\/strong>.<\/p>\n<h2>Que fait une cr\u00e8me BB naturelle ?<\/h2>\n<p>Une cr\u00e8me BB naturelle aux extraits pr\u00e9cieux de plantes et aux huiles essentielles couvre les imperfections et lisse la peau naturellement. Cette cr\u00e8me <strong>BB naturelle<\/strong> hydrate, apaise et r\u00e9g\u00e9n\u00e8re la peau.<\/p>\n<p><strong>Ingr\u00e9dients actifs<\/strong><br \/>\nL&rsquo;extrait d&rsquo;Avena Sativa est riche en phospholipides, en vitamine E et en antioxydants. Elle a un effet calmant et anti-inflammatoire. L&rsquo;Avena Sativa r\u00e9tablit l&rsquo;\u00e9quilibre lipidique de la peau et la prot\u00e8ge contre les dommages caus\u00e9s par le soleil (premi\u00e8re cause de vieillissement de la peau).<\/p>\n<p>L&rsquo;huile d&rsquo;\u00e9glantier biologique press\u00e9e \u00e0 froid contient une forte teneur en GLA, vitamines A et C. L&rsquo;huile d&rsquo;\u00e9glantier stimule la r\u00e9g\u00e9n\u00e9ration des cellules de la peau et est utilis\u00e9e avec succ\u00e8s dans le traitement des rides fines.<\/p>\n<p>La prune de Kakadu contient des polyph\u00e9nols, des antioxydants et une \u00e9norme quantit\u00e9 de vitamine C. Elle augmente la production de collag\u00e8ne, donne <strong>un \u00e9clat sain \u00e0 la peau<\/strong> et la prot\u00e8ge des influences ext\u00e9rieures n\u00e9fastes.<\/p>\n<p>Application : Appliquez sur un visage propre et massez bien en douceur de l&rsquo;int\u00e9rieur vers l&rsquo;ext\u00e9rieur.<\/p>\n<p>Gr\u00e2ce \u00e0 sa texture l\u00e9g\u00e8re, cette cr\u00e8me BB<strong> convient \u00e0 tous les types de peau<\/strong>, y compris les peaux sensibles.<\/p>\n<p>INCI: Aqua, Glyceryl stearate SE, Coco-Caprylate, Decyl Oleate, TitaniumDioxide, Glycerin, Mica, CI 77492(oxyde de fer : pigment enti\u00e8rement naturel, le vegan procure un effet matifiant) , Shorea Stenoptera* Seed Butter, Sodium Stearoyl Glutamate,<br \/>\nCI 77491 (oxyde de fer : pigment naturel rouge), Avena Sativa* Kernel Extract, Terminalia Ferdinandiana*<\/p>\n<p>Kakadu Plum Fruit Extract (source de vitamine C, polyph\u00e9nols), Rosa Moschata*, RoseHip Seed Oil (Huile d&rsquo;\u00e9glantier), Benzyl Alcohol (composant des huiles essentielles), Dehydroacetic acid, Magnesium Silicate, Cetearyl Alcohol, Xanthan Gom, Citric Acid, Tocopherol (Vitamine E), CI 77499 (oxyde de fer : pigment naturel noir), fragnance naturel (d\u00e9riv\u00e9s d&rsquo;ingr\u00e9dients 100% naturels) *<\/p>\n<p>*Ingr\u00e9dients issus de l&rsquo;agriculture biologique<\/p>\n","protected":false},"excerpt":{"rendered":"<p>La cr\u00e8me BB naturelle ayant les propri\u00e9t\u00e9s d&rsquo;une cr\u00e8me de jour couvre les imperfections, les rougeurs et unifie la peau. Elle hydrate, r\u00e9g\u00e9n\u00e8re et apaise la peau. La cr\u00e8me BB Caramel convient aux peaux moyennes \u00e0 fonc\u00e9es qui bronzent rapidement.<br \/>\nGr\u00e2ce \u00e0 sa texture l\u00e9g\u00e8re, cette cr\u00e8me BB convient \u00e0 tous les types de peau, y compris les peaux sensibles.<\/p>\n","protected":false},"featured_media":238,"comment_status":"open","ping_status":"closed","template":"","meta":{"ocean_post_layout":"","ocean_both_sidebars_style":"","ocean_both_sidebars_content_width":0,"ocean_both_sidebars_sidebars_width":0,"ocean_sidebar":"0","ocean_second_sidebar":"0","ocean_disable_margins":"enable","ocean_add_body_class":"","ocean_shortcode_before_top_bar":"","ocean_shortcode_after_top_bar":"","ocean_shortcode_before_header":"","ocean_shortcode_after_header":"","ocean_has_shortcode":"","ocean_shortcode_after_title":"","ocean_shortcode_before_footer_widgets":"","ocean_shortcode_after_footer_widgets":"","ocean_shortcode_before_footer_bottom":"","ocean_shortcode_after_footer_bottom":"","ocean_display_top_bar":"default","ocean_display_header":"default","ocean_header_style":"","ocean_center_header_left_menu":"0","ocean_custom_header_template":"0","ocean_custom_logo":0,"ocean_custom_retina_logo":0,"ocean_custom_logo_max_width":0,"ocean_custom_logo_tablet_max_width":0,"ocean_custom_logo_mobile_max_width":0,"ocean_custom_logo_max_height":0,"ocean_custom_logo_tablet_max_height":0,"ocean_custom_logo_mobile_max_height":0,"ocean_header_custom_menu":"0","ocean_menu_typo_font_family":"0","ocean_menu_typo_font_subset":"","ocean_menu_typo_font_size":0,"ocean_menu_typo_font_size_tablet":0,"ocean_menu_typo_font_size_mobile":0,"ocean_menu_typo_font_size_unit":"px","ocean_menu_typo_font_weight":"","ocean_menu_typo_font_weight_tablet":"","ocean_menu_typo_font_weight_mobile":"","ocean_menu_typo_transform":"","ocean_menu_typo_transform_tablet":"","ocean_menu_typo_transform_mobile":"","ocean_menu_typo_line_height":0,"ocean_menu_typo_line_height_tablet":0,"ocean_menu_typo_line_height_mobile":0,"ocean_menu_typo_line_height_unit":"","ocean_menu_typo_spacing":0,"ocean_menu_typo_spacing_tablet":0,"ocean_menu_typo_spacing_mobile":0,"ocean_menu_typo_spacing_unit":"","ocean_menu_link_color":"","ocean_menu_link_color_hover":"","ocean_menu_link_color_active":"","ocean_menu_link_background":"","ocean_menu_link_hover_background":"","ocean_menu_link_active_background":"","ocean_menu_social_links_bg":"","ocean_menu_social_hover_links_bg":"","ocean_menu_social_links_color":"","ocean_menu_social_hover_links_color":"","ocean_disable_title":"default","ocean_disable_heading":"default","ocean_post_title":"","ocean_post_subheading":"","ocean_post_title_style":"","ocean_post_title_background_color":"","ocean_post_title_background":0,"ocean_post_title_bg_image_position":"","ocean_post_title_bg_image_attachment":"","ocean_post_title_bg_image_repeat":"","ocean_post_title_bg_image_size":"","ocean_post_title_height":0,"ocean_post_title_bg_overlay":0.5,"ocean_post_title_bg_overlay_color":"","ocean_disable_breadcrumbs":"default","ocean_breadcrumbs_color":"","ocean_breadcrumbs_separator_color":"","ocean_breadcrumbs_links_color":"","ocean_breadcrumbs_links_hover_color":"","ocean_display_footer_widgets":"default","ocean_display_footer_bottom":"default","ocean_custom_footer_template":"0"},"product_brand":[107],"product_cat":[47,55,17,16],"product_tag":[137,133,125],"class_list":{"0":"post-2200","1":"product","2":"type-product","3":"status-publish","4":"has-post-thumbnail","6":"product_brand-nature-up","7":"product_cat-offres-et-minis","8":"product_cat-maquillage","9":"product_cat-soins-du-visage","10":"product_cat-soins","11":"product_tag-sans-colorants-synthetiques","12":"product_tag-sansparfumsynthetique","13":"product_tag-vegan","15":"entry","16":"has-media","18":"first","19":"instock","20":"taxable","21":"shipping-taxable","22":"purchasable","23":"product-type-simple","24":"has-rating","25":"col","26":"span_1_of_3","27":"owp-content-center","28":"owp-thumbs-layout-horizontal","29":"owp-btn-normal","30":"owp-tabs-layout-section","31":"has-no-thumbnails","32":"circle-sale"},"_links":{"self":[{"href":"https:\/\/www.biobey.be\/fr\/wp-json\/wp\/v2\/product\/2200","targetHints":{"allow":["GET"]}}],"collection":[{"href":"https:\/\/www.biobey.be\/fr\/wp-json\/wp\/v2\/product"}],"about":[{"href":"https:\/\/www.biobey.be\/fr\/wp-json\/wp\/v2\/types\/product"}],"replies":[{"embeddable":true,"href":"https:\/\/www.biobey.be\/fr\/wp-json\/wp\/v2\/comments?post=2200"}],"wp:featuredmedia":[{"embeddable":true,"href":"https:\/\/www.biobey.be\/fr\/wp-json\/wp\/v2\/media\/238"}],"wp:attachment":[{"href":"https:\/\/www.biobey.be\/fr\/wp-json\/wp\/v2\/media?parent=2200"}],"wp:term":[{"taxonomy":"product_brand","embeddable":true,"href":"https:\/\/www.biobey.be\/fr\/wp-json\/wp\/v2\/product_brand?post=2200"},{"taxonomy":"product_cat","embeddable":true,"href":"https:\/\/www.biobey.be\/fr\/wp-json\/wp\/v2\/product_cat?post=2200"},{"taxonomy":"product_tag","embeddable":true,"href":"https:\/\/www.biobey.be\/fr\/wp-json\/wp\/v2\/product_tag?post=2200"}],"curies":[{"name":"wp","href":"https:\/\/api.w.org\/{rel}","templated":true}]}}