{"id":2202,"date":"2024-01-02T17:38:34","date_gmt":"2024-01-02T16:38:34","guid":{"rendered":"https:\/\/www.biobey.be\/fr-temp\/produit\/masque-capillaire-regenerant-bio-200-ml\/"},"modified":"2025-10-20T18:57:43","modified_gmt":"2025-10-20T16:57:43","slug":"masque-capillaire-regenerant-bio-200-ml","status":"publish","type":"product","link":"https:\/\/www.biobey.be\/fr\/produit\/masque-capillaire-regenerant-bio-200-ml\/","title":{"rendered":"Masque bio cheveux secs et fins 200 ml"},"content":{"rendered":"<p>Le masque bio cheveux secs et fins restructure et renforce la fibre capillaire. Le masque bio cheveux secs et fins Hair Pro sans silicone, sulfates, parab\u00e8nes, parfum synth\u00e9tique et autres ingr\u00e9dients synth\u00e9tiques est compos\u00e9 d&rsquo;ingr\u00e9dients naturels b\u00e9n\u00e9fiques. Il est sp\u00e9cialement formul\u00e9 pour r\u00e9parer les cheveux fins et renforcer les cheveux fragiles.<\/p>\n<p>La formule efficace du masque bio cheveux secs et fins r\u00e9duit la casse des cheveux. Il aide les cheveux fins \u00e0 s&rsquo;\u00e9paissir et \u00e0 pr\u00e9venir la chute des cheveux en renfor\u00e7ant la racine des cheveux. Sans alourdir les cheveux ni irriter le cuir chevelu.<\/p>\n<h2>Masque bio cheveux secs et fins<\/h2>\n<p>Les composants actifs du masque capillaire r\u00e9g\u00e9n\u00e9rant bio Hairmask Pro ont \u00e9t\u00e9 soigneusement s\u00e9lectionn\u00e9s pour une efficacit\u00e9 maximale. L&rsquo;huile de Macadamia biologique contient beaucoup d&rsquo;acides gras insatur\u00e9s, elle est riche en min\u00e9raux tels que le cuivre, le zinc et le magn\u00e9sium. Cette huile est un ingr\u00e9dient populaire pour le traitement des cheveux ab\u00eem\u00e9s.<\/p>\n<p>Elle nourrit le cuir chevelu et les cheveux sans les alourdir car elle a <strong>une texture tr\u00e8s l\u00e9g\u00e8re<\/strong>. Les eaux florales distill\u00e9es de th\u00e9 vert et de bleuet biologiques contiennent une forte concentration d&rsquo;antioxydants qui stimulent la croissance des cheveux.<\/p>\n<p>L&rsquo;a\u00e7a\u00ef, l&rsquo;amande et l&rsquo;huile d&rsquo;olive ont des propri\u00e9t\u00e9s nourrissantes et apaisantes. La combinaison de ces extraits et de ces huiles <strong>rend la fibre capillaire plus volumineuse et donne aux cheveux fins plus de r\u00e9sistance et de volume<\/strong>. Utilis\u00e9 r\u00e9guli\u00e8rement, il renforce et restaure les cheveux fragiles et fins.<\/p>\n<p>En outre, le <strong>masque capillaire r\u00e9g\u00e9n\u00e9rant bio<\/strong> pour cheveux fins prot\u00e8ge le cuir chevelu et les cheveux contre les radicaux libres et les influences ext\u00e9rieures n\u00e9gatives.<\/p>\n<h3>Comment rendre les cheveux plus \u00e9pais et plus volumineux?<\/h3>\n<p>Le masque pour les cheveux secs et fins aide \u00e0 obtenir des cheveux plus \u00e9pais naturellement.<br \/>\nL&rsquo;huile d&rsquo;amande biologique est l&rsquo;un des principaux ingr\u00e9dients de ce masque pour cheveux. Cette huile est pleine de min\u00e9raux et de vitamines, comme le magn\u00e9sium et la vitamine E.<\/p>\n<p>Le magn\u00e9sium pr\u00e9vient les pointes fourchues et les cassures de cheveux. La vitamine E est un important antioxydant qui nourrit les cheveux et les prot\u00e8ge des substances ext\u00e9rieures nocives. Ces vitamines et min\u00e9raux am\u00e9liorent donc l&rsquo;\u00e9tat g\u00e9n\u00e9ral des cheveux. Rendre vos cheveux plus \u00e9pais et plus sains naturellement.<\/p>\n<h4>Comment utiliser le masque bio cheveux secs et fins le plus efficace possible ?<\/h4>\n<p>Le masque bio contre les cheveux secs et fins de la marque Bema Hair Pro est un produit exceptionnellement pur et doit \u00eatre appliqu\u00e9 non seulement sur les cheveux mais aussi sur le cuir chevelu. Ainsi, tous les principes actifs b\u00e9n\u00e9fiques sont bien absorb\u00e9s par le cuir chevelu. Cela active le cuir chevelu et renforce les cheveux \u00e0 partir de la racine.<\/p>\n<p><strong>Lavage des cheveux avec des produits naturels pour des cheveux plus \u00e9pais<\/strong><\/p>\n<p>Remarque : pour soigner ou traiter de fa\u00e7on optimale les cheveux fins et ternes, il est important de se laver les cheveux avec des shampoings naturels qui compl\u00e8tent les masques capillaires r\u00e9g\u00e9n\u00e9rants naturels.<\/p>\n<p>Utilisation : Appliquez le masque bio cheveux secs et fins apr\u00e8s avoir lav\u00e9 les cheveux. \u00c9talez-le sur toute la longueur des cheveux. Laissez agir entre 5 et 8 minutes et rincez.<\/p>\n<p><strong>Les produits Bema ne sont pas test\u00e9s sur les animaux.<\/strong><\/p>\n<p>INCI: Camelia Sinensis Leaf Water*, Centaurea Cyanus Flower Water*, Cetearyl Alcohol, Prunus AmygdalusDulcis* Oil (huile d&rsquo;amande douce), Behenamidopropyl Dimethylamine, Glycerin,Aqua\/Water, Tocopherol (vitamine E), Glycogen, Mannitol, Pterocarpus Marsupium BarkExtract, Disodium Succinate,<\/p>\n<p>Glutamic Acid, Helianthus Annuus* Seed Oil, Euterpe Oleracea Fruit Oil*, <a href=\"https:\/\/www.biobey.be\/fr\/olea-europaea-olive-fruit-oil\/\">Olea Europaea* (olive) Fruit Oil<\/a>, Macadamia Ternifolia Seed Oil*, Citric Acid,Sodium Benzoate, Potassium Sorbate,Benzyl Alcohol, Dehydroacetic Acid, Parfum\/Fragrance**, Limonene***<\/p>\n<p>*Ingr\u00e9dients issus de l&rsquo;agriculture biologique<br \/>\n**Contient uniquement du parfum naturel<br \/>\n***A partir d&rsquo;huiles essentielles<\/p>\n","protected":false},"excerpt":{"rendered":"<p>Masque bio cheveux secs et fins de Bema Bio Hair Pro. Il nourrit les cheveux et renforce les fibres capillaires. Utilis\u00e9 r\u00e9guli\u00e8rement, il renforce les cheveux fragiles et fins.<\/p>\n","protected":false},"featured_media":247,"comment_status":"open","ping_status":"closed","template":"","meta":{"ocean_post_layout":"","ocean_both_sidebars_style":"","ocean_both_sidebars_content_width":0,"ocean_both_sidebars_sidebars_width":0,"ocean_sidebar":"","ocean_second_sidebar":"","ocean_disable_margins":"enable","ocean_add_body_class":"","ocean_shortcode_before_top_bar":"","ocean_shortcode_after_top_bar":"","ocean_shortcode_before_header":"","ocean_shortcode_after_header":"","ocean_has_shortcode":"","ocean_shortcode_after_title":"","ocean_shortcode_before_footer_widgets":"","ocean_shortcode_after_footer_widgets":"","ocean_shortcode_before_footer_bottom":"","ocean_shortcode_after_footer_bottom":"","ocean_display_top_bar":"default","ocean_display_header":"default","ocean_header_style":"","ocean_center_header_left_menu":"","ocean_custom_header_template":"","ocean_custom_logo":0,"ocean_custom_retina_logo":0,"ocean_custom_logo_max_width":0,"ocean_custom_logo_tablet_max_width":0,"ocean_custom_logo_mobile_max_width":0,"ocean_custom_logo_max_height":0,"ocean_custom_logo_tablet_max_height":0,"ocean_custom_logo_mobile_max_height":0,"ocean_header_custom_menu":"","ocean_menu_typo_font_family":"","ocean_menu_typo_font_subset":"","ocean_menu_typo_font_size":0,"ocean_menu_typo_font_size_tablet":0,"ocean_menu_typo_font_size_mobile":0,"ocean_menu_typo_font_size_unit":"px","ocean_menu_typo_font_weight":"","ocean_menu_typo_font_weight_tablet":"","ocean_menu_typo_font_weight_mobile":"","ocean_menu_typo_transform":"","ocean_menu_typo_transform_tablet":"","ocean_menu_typo_transform_mobile":"","ocean_menu_typo_line_height":0,"ocean_menu_typo_line_height_tablet":0,"ocean_menu_typo_line_height_mobile":0,"ocean_menu_typo_line_height_unit":"","ocean_menu_typo_spacing":0,"ocean_menu_typo_spacing_tablet":0,"ocean_menu_typo_spacing_mobile":0,"ocean_menu_typo_spacing_unit":"","ocean_menu_link_color":"","ocean_menu_link_color_hover":"","ocean_menu_link_color_active":"","ocean_menu_link_background":"","ocean_menu_link_hover_background":"","ocean_menu_link_active_background":"","ocean_menu_social_links_bg":"","ocean_menu_social_hover_links_bg":"","ocean_menu_social_links_color":"","ocean_menu_social_hover_links_color":"","ocean_disable_title":"default","ocean_disable_heading":"default","ocean_post_title":"","ocean_post_subheading":"","ocean_post_title_style":"","ocean_post_title_background_color":"","ocean_post_title_background":0,"ocean_post_title_bg_image_position":"","ocean_post_title_bg_image_attachment":"","ocean_post_title_bg_image_repeat":"","ocean_post_title_bg_image_size":"","ocean_post_title_height":0,"ocean_post_title_bg_overlay":0.5,"ocean_post_title_bg_overlay_color":"","ocean_disable_breadcrumbs":"default","ocean_breadcrumbs_color":"","ocean_breadcrumbs_separator_color":"","ocean_breadcrumbs_links_color":"","ocean_breadcrumbs_links_hover_color":"","ocean_display_footer_widgets":"default","ocean_display_footer_bottom":"default","ocean_custom_footer_template":""},"product_brand":[106],"product_cat":[16,24,50],"product_tag":[133,127,125],"class_list":{"0":"post-2202","1":"product","2":"type-product","3":"status-publish","4":"has-post-thumbnail","6":"product_brand-bema-bio","7":"product_cat-soins","8":"product_cat-soins-cheveux","9":"product_cat-traitement-capillaire-intensif","10":"product_tag-sansparfumsynthetique","11":"product_tag-sans-silicone","12":"product_tag-vegan","14":"entry","15":"has-media","17":"first","18":"instock","19":"sale","20":"taxable","21":"shipping-taxable","22":"purchasable","23":"product-type-simple","24":"has-rating","25":"col","26":"span_1_of_3","27":"owp-content-center","28":"owp-thumbs-layout-horizontal","29":"owp-btn-normal","30":"owp-tabs-layout-section","31":"has-no-thumbnails","32":"circle-sale"},"_links":{"self":[{"href":"https:\/\/www.biobey.be\/fr\/wp-json\/wp\/v2\/product\/2202","targetHints":{"allow":["GET"]}}],"collection":[{"href":"https:\/\/www.biobey.be\/fr\/wp-json\/wp\/v2\/product"}],"about":[{"href":"https:\/\/www.biobey.be\/fr\/wp-json\/wp\/v2\/types\/product"}],"replies":[{"embeddable":true,"href":"https:\/\/www.biobey.be\/fr\/wp-json\/wp\/v2\/comments?post=2202"}],"wp:featuredmedia":[{"embeddable":true,"href":"https:\/\/www.biobey.be\/fr\/wp-json\/wp\/v2\/media\/247"}],"wp:attachment":[{"href":"https:\/\/www.biobey.be\/fr\/wp-json\/wp\/v2\/media?parent=2202"}],"wp:term":[{"taxonomy":"product_brand","embeddable":true,"href":"https:\/\/www.biobey.be\/fr\/wp-json\/wp\/v2\/product_brand?post=2202"},{"taxonomy":"product_cat","embeddable":true,"href":"https:\/\/www.biobey.be\/fr\/wp-json\/wp\/v2\/product_cat?post=2202"},{"taxonomy":"product_tag","embeddable":true,"href":"https:\/\/www.biobey.be\/fr\/wp-json\/wp\/v2\/product_tag?post=2202"}],"curies":[{"name":"wp","href":"https:\/\/api.w.org\/{rel}","templated":true}]}}