{"id":2203,"date":"2024-04-14T10:55:04","date_gmt":"2024-04-14T08:55:04","guid":{"rendered":"https:\/\/www.biobey.be\/fr-temp\/produit\/masque-capillaire-reparateur-bio-200-ml\/"},"modified":"2026-01-15T19:59:10","modified_gmt":"2026-01-15T18:59:10","slug":"masque-capillaire-reparateur-bio-200-ml","status":"publish","type":"product","link":"https:\/\/www.biobey.be\/fr\/produit\/masque-capillaire-reparateur-bio-200-ml\/","title":{"rendered":"Masque r\u00e9parateur cheveux color\u00e9s 200 ml"},"content":{"rendered":"<p>Le masque capillaire r\u00e9parateur Bio pour cheveux color\u00e9s est un masque capillaire de Bema Bio Hair Pro. Il renforce la brillance et hydrate les cheveux en profondeur. Le masque capillaire a un double effet. Il restaure les cheveux secs et ab\u00eem\u00e9s de l&rsquo;int\u00e9rieur.<\/p>\n<p>Le masque capillaire restaurateur naturel <strong>donne aux cheveux une brillance \u00e9clatante de la racine aux pointes<\/strong>. De plus, il a un effet protecteur sur les cheveux color\u00e9s en les nourrissant avec des vitamines et des min\u00e9raux.<\/p>\n<h2>Les cheveux color\u00e9s brillent avec masque capillaire r\u00e9parateur bio<\/h2>\n<p>Apr\u00e8s une coloration, les cheveux ont besoin de soins suppl\u00e9mentaires. Les cheveux peuvent \u00eatre s\u00e8che au toucher et avoir l&rsquo;air terne. Le masque capillaire hydratant est compos\u00e9 d&rsquo;extraits de plantes et d&rsquo;huiles de haute qualit\u00e9. Il ne contient aucun ingr\u00e9dient synth\u00e9tique susceptible d&rsquo;irriter les cheveux et le cuir chevelu.<\/p>\n<p>Le masque r\u00e9parateur pour cheveux color\u00e9s renforce les fibres capillaires endommag\u00e9es, nourrit le cuir chevelu et donne un \u00e9clat naturel aux cheveux.<\/p>\n<p>L&rsquo;utilisation r\u00e9guli\u00e8re du masque capillaire r\u00e9parateur bio permet de nourrir intensivement le cuir chevelu et les cheveux. Cela rend les cheveux brillants et soyeux au toucher. En outre<strong>, le cuir chevelu est prot\u00e9g\u00e9 contre les irritations, les desquamations et les d\u00e9mangeaisons.<\/strong><\/p>\n<p>Le masque capillaire r\u00e9parateur bio pour les cheveux color\u00e9s est vegan. Les produits de soins capillaires Bema sont compos\u00e9s d&rsquo;ingr\u00e9dients naturels issus de l&rsquo;agriculture biologique. Le masque capillaire Bema Hair pro est certifi\u00e9 <a href=\"https:\/\/www.biobey.be\/fr\/encyclopedie\/certificats-bio\/icea-bio-cosmetica\/\">ICEA BIO.<\/a> Il ne contient pas de substances synth\u00e9tiques.<\/p>\n<h2>Le masque r\u00e9parateur cheveux color\u00e9s Bema Bio, comment fonctionne-t-il ?<\/h2>\n<p>Le masque r\u00e9parateur cheveux color\u00e9s Bema Bio Pro est con\u00e7u pour r\u00e9parer plus rapidement les cheveux ab\u00eem\u00e9s apr\u00e8s la coloration. En outre, le masque r\u00e9parateur cheveux color\u00e9s bio aide \u00e0 embellir la couleur des cheveux. Les extraits de lavande et de camomille aident les racines et les cheveux \u00e0 se r\u00e9tablir plus rapidement.<\/p>\n<p>L&rsquo;huile d&rsquo;amande douce bio a des propri\u00e9t\u00e9s apaisantes et hydratantes. Elle nourrit les cheveux et le cuir chevelu et pr\u00e9vient la d\u00e9shydratation. La formule du masque r\u00e9parateur cheveux color\u00e9s est<strong> riche en antioxydants<\/strong>. Ceux-ci prot\u00e8gent les cheveux et le cuir chevelu des effets n\u00e9gatifs des radicaux libres.<\/p>\n<p>Le masque capillaire r\u00e9parateur Bema Bio Pro est produit dans le laboratoire naturel des cosm\u00e9ticiens Bema. Le masque r\u00e9parateur cheveux color\u00e9s est test\u00e9 dermatologiquement et approuv\u00e9 pour son efficacit\u00e9.<\/p>\n<p>Utilisation : Appliquez le masque capillaire apr\u00e8s avoir lav\u00e9 les cheveux. \u00c9talez sur la longueur des cheveux et massez doucement. Laissez agir entre 5 et 8 minutes, puis rincez.<\/p>\n<p>Des explications d\u00e9taill\u00e9es de tous les ingr\u00e9dients et des explications des certificats sont disponibles sur l&rsquo;encyclop\u00e9die Biobey.<\/p>\n<p>Inci : lavandula angustifolia* (Lavande) flower water, Chamomilla Recutita* (Matricaria) Flower Water, Cetearyl Alcohol, Prunus Amygdalus Dulcis* (Sweet Almond) Oil, Behenamidopropyl Dimethylamine, Glycerin,Aqua\/Water, Tocopherol, Helianthus Annuus (Sunflower) Seed Extract,<\/p>\n<p>Decyl Glucoside, Bixa Orellana Seed Oil,Glycine Soja (Sojabonen) Oil, Pentaclethra Macroloba Seed Oil*, Olea Europaea* Fruit Oil, Macadamia Ternifolia Seed Oil*, Citric Acid, Sodium Benzoate, Potassium Sorbate, Benzyl Alcohol, Dehydroacetic Acid, Fragrance naturelle**, Limonene***<\/p>\n<p>*Ingr\u00e9dients issus de l&rsquo;agriculture biologique<br \/>\n**Contient uniquement du parfum naturel<br \/>\n***A partir d&rsquo;huiles essentielles<\/p>\n","protected":false},"excerpt":{"rendered":"<p>Le masque capillaire r\u00e9parateur Bio pour cheveux color\u00e9s ab\u00eem\u00e9s renforce les fibres capillaires endommag\u00e9es, nourrit le cuir chevelu et donne un \u00e9clat naturel aux cheveux. Le masque capillaire Bema Hair pro est certifi\u00e9 ICEA BIO. Il ne contient pas de substances synth\u00e9tiques.<\/p>\n","protected":false},"featured_media":248,"comment_status":"open","ping_status":"closed","template":"","meta":{"ocean_post_layout":"","ocean_both_sidebars_style":"","ocean_both_sidebars_content_width":0,"ocean_both_sidebars_sidebars_width":0,"ocean_sidebar":"","ocean_second_sidebar":"","ocean_disable_margins":"enable","ocean_add_body_class":"","ocean_shortcode_before_top_bar":"","ocean_shortcode_after_top_bar":"","ocean_shortcode_before_header":"","ocean_shortcode_after_header":"","ocean_has_shortcode":"","ocean_shortcode_after_title":"","ocean_shortcode_before_footer_widgets":"","ocean_shortcode_after_footer_widgets":"","ocean_shortcode_before_footer_bottom":"","ocean_shortcode_after_footer_bottom":"","ocean_display_top_bar":"default","ocean_display_header":"default","ocean_header_style":"","ocean_center_header_left_menu":"","ocean_custom_header_template":"","ocean_custom_logo":0,"ocean_custom_retina_logo":0,"ocean_custom_logo_max_width":0,"ocean_custom_logo_tablet_max_width":0,"ocean_custom_logo_mobile_max_width":0,"ocean_custom_logo_max_height":0,"ocean_custom_logo_tablet_max_height":0,"ocean_custom_logo_mobile_max_height":0,"ocean_header_custom_menu":"","ocean_menu_typo_font_family":"","ocean_menu_typo_font_subset":"","ocean_menu_typo_font_size":0,"ocean_menu_typo_font_size_tablet":0,"ocean_menu_typo_font_size_mobile":0,"ocean_menu_typo_font_size_unit":"px","ocean_menu_typo_font_weight":"","ocean_menu_typo_font_weight_tablet":"","ocean_menu_typo_font_weight_mobile":"","ocean_menu_typo_transform":"","ocean_menu_typo_transform_tablet":"","ocean_menu_typo_transform_mobile":"","ocean_menu_typo_line_height":0,"ocean_menu_typo_line_height_tablet":0,"ocean_menu_typo_line_height_mobile":0,"ocean_menu_typo_line_height_unit":"","ocean_menu_typo_spacing":0,"ocean_menu_typo_spacing_tablet":0,"ocean_menu_typo_spacing_mobile":0,"ocean_menu_typo_spacing_unit":"","ocean_menu_link_color":"","ocean_menu_link_color_hover":"","ocean_menu_link_color_active":"","ocean_menu_link_background":"","ocean_menu_link_hover_background":"","ocean_menu_link_active_background":"","ocean_menu_social_links_bg":"","ocean_menu_social_hover_links_bg":"","ocean_menu_social_links_color":"","ocean_menu_social_hover_links_color":"","ocean_disable_title":"default","ocean_disable_heading":"default","ocean_post_title":"","ocean_post_subheading":"","ocean_post_title_style":"","ocean_post_title_background_color":"","ocean_post_title_background":0,"ocean_post_title_bg_image_position":"","ocean_post_title_bg_image_attachment":"","ocean_post_title_bg_image_repeat":"","ocean_post_title_bg_image_size":"","ocean_post_title_height":0,"ocean_post_title_bg_overlay":0.5,"ocean_post_title_bg_overlay_color":"","ocean_disable_breadcrumbs":"default","ocean_breadcrumbs_color":"","ocean_breadcrumbs_separator_color":"","ocean_breadcrumbs_links_color":"","ocean_breadcrumbs_links_hover_color":"","ocean_display_footer_widgets":"default","ocean_display_footer_bottom":"default","ocean_custom_footer_template":""},"product_brand":[106],"product_cat":[16,24,50],"product_tag":[133,127,128,125],"class_list":{"0":"post-2203","1":"product","2":"type-product","3":"status-publish","4":"has-post-thumbnail","6":"product_brand-bema-bio","7":"product_cat-soins","8":"product_cat-soins-cheveux","9":"product_cat-traitement-capillaire-intensif","10":"product_tag-sansparfumsynthetique","11":"product_tag-sans-silicone","12":"product_tag-sanssulfates","13":"product_tag-vegan","15":"entry","16":"has-media","18":"first","19":"instock","20":"taxable","21":"shipping-taxable","22":"purchasable","23":"product-type-simple","24":"has-rating","25":"col","26":"span_1_of_3","27":"owp-content-center","28":"owp-thumbs-layout-horizontal","29":"owp-btn-normal","30":"owp-tabs-layout-section","31":"has-no-thumbnails","32":"circle-sale"},"_links":{"self":[{"href":"https:\/\/www.biobey.be\/fr\/wp-json\/wp\/v2\/product\/2203","targetHints":{"allow":["GET"]}}],"collection":[{"href":"https:\/\/www.biobey.be\/fr\/wp-json\/wp\/v2\/product"}],"about":[{"href":"https:\/\/www.biobey.be\/fr\/wp-json\/wp\/v2\/types\/product"}],"replies":[{"embeddable":true,"href":"https:\/\/www.biobey.be\/fr\/wp-json\/wp\/v2\/comments?post=2203"}],"wp:featuredmedia":[{"embeddable":true,"href":"https:\/\/www.biobey.be\/fr\/wp-json\/wp\/v2\/media\/248"}],"wp:attachment":[{"href":"https:\/\/www.biobey.be\/fr\/wp-json\/wp\/v2\/media?parent=2203"}],"wp:term":[{"taxonomy":"product_brand","embeddable":true,"href":"https:\/\/www.biobey.be\/fr\/wp-json\/wp\/v2\/product_brand?post=2203"},{"taxonomy":"product_cat","embeddable":true,"href":"https:\/\/www.biobey.be\/fr\/wp-json\/wp\/v2\/product_cat?post=2203"},{"taxonomy":"product_tag","embeddable":true,"href":"https:\/\/www.biobey.be\/fr\/wp-json\/wp\/v2\/product_tag?post=2203"}],"curies":[{"name":"wp","href":"https:\/\/api.w.org\/{rel}","templated":true}]}}