{"id":2204,"date":"2025-04-21T15:38:43","date_gmt":"2025-04-21T13:38:43","guid":{"rendered":"https:\/\/www.biobey.be\/fr-temp\/produit\/ampoules-anti-chute-de-cheveux-bio\/"},"modified":"2025-07-11T12:53:29","modified_gmt":"2025-07-11T10:53:29","slug":"ampoules-anti-chute-de-cheveux-bio","status":"publish","type":"product","link":"https:\/\/www.biobey.be\/fr\/produit\/ampoules-anti-chute-de-cheveux-bio\/","title":{"rendered":"Ampoules anti chute de cheveux Bio efficace 10 x 10 ml"},"content":{"rendered":"<p>Ampoules anti chute de cheveux Bio efficace stimule la croissance des cheveux et pr\u00e9vient leur chute. La lotion contenue dans les ampoules, riche en vitamines, antioxydants et prot\u00e9ines, stimule la microcirculation du cuir chevelu.<\/p>\n<p>La lotion fortifiante poss\u00e8de une formule puissante \u00e0 base d&rsquo;ingr\u00e9dients tels que l&rsquo;extrait de kino indien, l&rsquo;huile d&rsquo;a\u00e7a\u00ef, l&rsquo;acide glutamique et l&rsquo;eau distill\u00e9e de th\u00e9 vert biologique.<\/p>\n<h2>Ampoules anti chute de cheveux Bio efficace pour \u00e9paissir \u00e0 nouveau les cheveux<\/h2>\n<p>Ampoules anti chute de cheveux Bio efficace Hair pro Bema <span style=\"color: #0000ff;\"><a style=\"color: #0000ff;\" href=\"https:\/\/www.biobey.be\/fr\/produit\/masque-capillaire-bio-effet-volume-200-ml\/\">aide \u00e0 \u00e9paissir \u00e0 nouveau les cheveux fins<\/a><\/span>. Elle favorise la circulation sanguine du cuir chevelu et stimule l&rsquo;apport de vitamines et de nutriments aux racines des cheveux. Cela stimule la croissance des cheveux et les rend plus \u00e9pais.<\/p>\n<p>Les ampoules capillaires sont exemptes d&rsquo;ingr\u00e9dients synth\u00e9tiques, de silicones, de sulfates et d&rsquo;autres ingr\u00e9dients nocifs. Les ampoules naturelles contre la chute des cheveux renforcent les cheveux et les prot\u00e8gent contre les radicaux libres et les influences ext\u00e9rieures n\u00e9gatives.<\/p>\n<h2>Quelles sont les carences en vitamines en cas de chute de cheveux ?<\/h2>\n<p>Comme nous l&rsquo;avons vu dans la section pr\u00e9c\u00e9dente, <span style=\"color: #0000ff;\"><a style=\"color: #0000ff;\" href=\"https:\/\/www.biobey.be\/fr\/produit\/complement-naturel-antichute-de-cheveux\/\">les produits capillaires contiennent des vitamines, favorisent la circulation sanguine<\/a><\/span> et stimulent l&rsquo;apport de vitamines au cuir chevelu. Il a \u00e9t\u00e9 prouv\u00e9 qu&rsquo;une carence en riboflavine, biotine et B12 provoque la chute des cheveux.<\/p>\n<p>La carence en fer chez les femmes ayant des r\u00e8gles abondantes ou chez les femmes pr\u00e9m\u00e9nopaus\u00e9es est \u00e9galement une cause majeure de perte de cheveux chez les femmes.<\/p>\n<p>La prise de suppl\u00e9ments de fer et d&rsquo;aliments riches en fer (haricots, lentilles, graines de chia, noix, abricots secs) permet de compl\u00e9ter ou de pr\u00e9venir la carence en fer. Une carence en vitamine D peut entra\u00eener l&rsquo;amincissement ou l&rsquo;arr\u00eat de la croissance des cheveux. Les carences en zinc provoquent \u00e9galement la chute des cheveux.<\/p>\n<p>C&rsquo;est pourquoi, en plus des ampoules capillaires, il est recommand\u00e9 de prendre des compl\u00e9ments alimentaires afin d&rsquo;apporter plus de nutriments \u00e0 vos cheveux.<\/p>\n<h2>Stimuler la croissance des cheveux gr\u00e2ce \u00e0 un traitement naturel contre la chute des cheveux<\/h2>\n<p>L&rsquo;efficacit\u00e9 des ampoules est due \u00e0 leur composition de haute qualit\u00e9. Par exemple, l&rsquo;huile d&rsquo;a\u00e7a\u00ef est une riche source d&rsquo;antioxydants.<\/p>\n<p>Elle contient une tr\u00e8s grande quantit\u00e9 de substances phytochimiques v\u00e9g\u00e9tales. Ces substances prot\u00e8gent contre les dommages oxydatifs cellulaires. Elles prot\u00e8gent la peau des radicaux libres qui affaiblissent les fonctions cellulaires de la peau.<\/p>\n<p>L&rsquo;extrait de kino indien pr\u00e9vient la chute des cheveux et permet d&rsquo;obtenir des cheveux plus sains et plus \u00e9pais. Les ampoules fortifiantes naturelles conviennent aux personnes souffrant de cheveux clairsem\u00e9s, de chute de cheveux ou de ralentissement de la croissance des cheveux.<\/p>\n<p>Elles revitalisent les cheveux affaiblis, r\u00e9duisent la chute des cheveux et stimulent leur croissance.<\/p>\n<h2>Existe-t-il d&rsquo;autres rem\u00e8des naturels contre la chute des cheveux ?<\/h2>\n<p>Les huiles essentielles de lavande et de romarin sont utilis\u00e9es depuis plus de 100 ans contre la chute des cheveux. Une certaine substance contenue dans ces huiles essentielles stimule la croissance des cheveux. Vous pouvez essayer d&rsquo;appliquer une ou plusieurs de ces huiles sur votre cuir chevelu pendant au moins 2 minutes chaque soir.<\/p>\n<p>Conseil : ce traitement peut \u00eatre combin\u00e9 avec un masque capillaire fortifiant pour des r\u00e9sultats visibles plus rapidement.<br \/>\nContenu : 10 ampoules de 10 ml. Le contenu total est de 100 ml<\/p>\n<h2>Comment fonctionne la lotion ampoules anti chute de cheveux Bio ?<\/h2>\n<p>Les ampoules naturelles contre la chute des cheveux de Bema Hair Pro sont sp\u00e9cialement d\u00e9velopp\u00e9es pour traiter la chute des cheveux et renforcer les cheveux fins. Les ampoules sont riches en prot\u00e9ines v\u00e9g\u00e9tales, en antioxydants, en min\u00e9raux et en vitamines.<\/p>\n<p>L&rsquo;huile d&rsquo;a\u00e7a\u00ef est riche en complexe de vitamines B, en acides gras insatur\u00e9s et en acides amin\u00e9s.<\/p>\n<p>Elle renforce les cheveux et les prot\u00e8ge des influences ext\u00e9rieures n\u00e9gatives. Les ampoules contre la chute des cheveux renforcent les racines des cheveux en stimulant la circulation sanguine vers les follicules pileux. L&rsquo;acide glutamique augmente l&rsquo;apport de soufre aux racines des cheveux.<\/p>\n<p>Cela favorise la croissance de cheveux plus \u00e9pais et plus forts. Les ampoules contre la chute des cheveux sont test\u00e9es dermatologiquement. Les ampoules Bema Hair Pro contre la chute des cheveux renforcent les cheveux et aident \u00e0 r\u00e9duire la chute des cheveux.<\/p>\n<h3>Comment dois-je appliquer les ampoules contre la chute des cheveux ?<\/h3>\n<p>Mode d&#8217;emploi du traitement naturel contre la chute des cheveux: Bien agiter avant utilisation. Utiliser 1 ampoule par traitement sur des cheveux essor\u00e9s. R\u00e9partir uniform\u00e9ment le contenu de l&rsquo;ampoule sur le cuir chevelu. Masser doucement jusqu&rsquo;\u00e0 absorption compl\u00e8te.<\/p>\n<p>Laisser s\u00e9cher les cheveux comme d&rsquo;habitude. Ne pas rincer. R\u00e9p\u00e9ter ce traitement 2 \u00e0 3 fois par semaine.<\/p>\n<p><strong>INCI:<\/strong> Camelia Sinensis Leaf Water*, Centaurea Cyanus Flower Water*, Aqua\/Water, Glycogen, Mannitol, Pterocarpus Marsupium Bark Extract, Disodium Succinate, Glutamic Acid, HelianthusAnnuus* (Sunflower) Seed Oil, Euterpe Oleracea Fruit Oil*, Tocopherol, OleaEuropaea* (Olive) Fruit Oil*,<\/p>\n<p>MacadamiaTernifolia Seed Oil*, Glycerin, Benzyl Alcohol, Potassium Sorbate, Sodium Benzoate, Citric Acid, Parfum\/Fragrance**,Limonene***<\/p>\n<p>* Ingr\u00e9dients issus de l&rsquo;agriculture biologique.<br \/>\n** Fragrance est purement naturel<br \/>\n*** Origine des huiles essentielles<\/p>\n","protected":false},"excerpt":{"rendered":"<p>La lotion dans les ampoules anti chute de cheveux Bio efficace 10 x 10ml<br \/>\nrevitalise les cheveux faibles, r\u00e9duit la chute des cheveux et stimule la croissance des cheveux. Les ampoules anti chute de cheveux ne contiennent pas d&rsquo;ingr\u00e9dients synth\u00e9tiques, de silicones, de sulfates et d&rsquo;autres ingr\u00e9dients nocifs.<\/p>\n","protected":false},"featured_media":437,"comment_status":"open","ping_status":"closed","template":"","meta":{"ocean_post_layout":"","ocean_both_sidebars_style":"","ocean_both_sidebars_content_width":0,"ocean_both_sidebars_sidebars_width":0,"ocean_sidebar":"0","ocean_second_sidebar":"0","ocean_disable_margins":"enable","ocean_add_body_class":"","ocean_shortcode_before_top_bar":"","ocean_shortcode_after_top_bar":"","ocean_shortcode_before_header":"","ocean_shortcode_after_header":"","ocean_has_shortcode":"","ocean_shortcode_after_title":"","ocean_shortcode_before_footer_widgets":"","ocean_shortcode_after_footer_widgets":"","ocean_shortcode_before_footer_bottom":"","ocean_shortcode_after_footer_bottom":"","ocean_display_top_bar":"default","ocean_display_header":"default","ocean_header_style":"","ocean_center_header_left_menu":"0","ocean_custom_header_template":"0","ocean_custom_logo":0,"ocean_custom_retina_logo":0,"ocean_custom_logo_max_width":0,"ocean_custom_logo_tablet_max_width":0,"ocean_custom_logo_mobile_max_width":0,"ocean_custom_logo_max_height":0,"ocean_custom_logo_tablet_max_height":0,"ocean_custom_logo_mobile_max_height":0,"ocean_header_custom_menu":"0","ocean_menu_typo_font_family":"0","ocean_menu_typo_font_subset":"","ocean_menu_typo_font_size":0,"ocean_menu_typo_font_size_tablet":0,"ocean_menu_typo_font_size_mobile":0,"ocean_menu_typo_font_size_unit":"px","ocean_menu_typo_font_weight":"","ocean_menu_typo_font_weight_tablet":"","ocean_menu_typo_font_weight_mobile":"","ocean_menu_typo_transform":"","ocean_menu_typo_transform_tablet":"","ocean_menu_typo_transform_mobile":"","ocean_menu_typo_line_height":0,"ocean_menu_typo_line_height_tablet":0,"ocean_menu_typo_line_height_mobile":0,"ocean_menu_typo_line_height_unit":"","ocean_menu_typo_spacing":0,"ocean_menu_typo_spacing_tablet":0,"ocean_menu_typo_spacing_mobile":0,"ocean_menu_typo_spacing_unit":"","ocean_menu_link_color":"","ocean_menu_link_color_hover":"","ocean_menu_link_color_active":"","ocean_menu_link_background":"","ocean_menu_link_hover_background":"","ocean_menu_link_active_background":"","ocean_menu_social_links_bg":"","ocean_menu_social_hover_links_bg":"","ocean_menu_social_links_color":"","ocean_menu_social_hover_links_color":"","ocean_disable_title":"default","ocean_disable_heading":"default","ocean_post_title":"","ocean_post_subheading":"","ocean_post_title_style":"","ocean_post_title_background_color":"","ocean_post_title_background":0,"ocean_post_title_bg_image_position":"","ocean_post_title_bg_image_attachment":"","ocean_post_title_bg_image_repeat":"","ocean_post_title_bg_image_size":"","ocean_post_title_height":0,"ocean_post_title_bg_overlay":0.5,"ocean_post_title_bg_overlay_color":"","ocean_disable_breadcrumbs":"default","ocean_breadcrumbs_color":"","ocean_breadcrumbs_separator_color":"","ocean_breadcrumbs_links_color":"","ocean_breadcrumbs_links_hover_color":"","ocean_display_footer_widgets":"default","ocean_display_footer_bottom":"default","ocean_custom_footer_template":"0"},"product_brand":[106],"product_cat":[34,31,16,24,50],"product_tag":[133,128,125],"class_list":{"0":"post-2204","1":"product","2":"type-product","3":"status-publish","4":"has-post-thumbnail","6":"product_brand-bema-bio","7":"product_cat-problemes-de-cheveux-et-de-cuir-chevelu","8":"product_cat-sante","9":"product_cat-soins","10":"product_cat-soins-cheveux","11":"product_cat-traitement-capillaire-intensif","12":"product_tag-sansparfumsynthetique","13":"product_tag-sanssulfates","14":"product_tag-vegan","16":"entry","17":"has-media","19":"first","20":"instock","21":"taxable","22":"shipping-taxable","23":"purchasable","24":"product-type-simple","25":"has-rating","26":"col","27":"span_1_of_3","28":"owp-content-center","29":"owp-thumbs-layout-horizontal","30":"owp-btn-normal","31":"owp-tabs-layout-section","32":"has-no-thumbnails","33":"circle-sale"},"_links":{"self":[{"href":"https:\/\/www.biobey.be\/fr\/wp-json\/wp\/v2\/product\/2204","targetHints":{"allow":["GET"]}}],"collection":[{"href":"https:\/\/www.biobey.be\/fr\/wp-json\/wp\/v2\/product"}],"about":[{"href":"https:\/\/www.biobey.be\/fr\/wp-json\/wp\/v2\/types\/product"}],"replies":[{"embeddable":true,"href":"https:\/\/www.biobey.be\/fr\/wp-json\/wp\/v2\/comments?post=2204"}],"wp:featuredmedia":[{"embeddable":true,"href":"https:\/\/www.biobey.be\/fr\/wp-json\/wp\/v2\/media\/437"}],"wp:attachment":[{"href":"https:\/\/www.biobey.be\/fr\/wp-json\/wp\/v2\/media?parent=2204"}],"wp:term":[{"taxonomy":"product_brand","embeddable":true,"href":"https:\/\/www.biobey.be\/fr\/wp-json\/wp\/v2\/product_brand?post=2204"},{"taxonomy":"product_cat","embeddable":true,"href":"https:\/\/www.biobey.be\/fr\/wp-json\/wp\/v2\/product_cat?post=2204"},{"taxonomy":"product_tag","embeddable":true,"href":"https:\/\/www.biobey.be\/fr\/wp-json\/wp\/v2\/product_tag?post=2204"}],"curies":[{"name":"wp","href":"https:\/\/api.w.org\/{rel}","templated":true}]}}