{"id":2206,"date":"2025-04-21T16:27:31","date_gmt":"2025-04-21T14:27:31","guid":{"rendered":"https:\/\/www.biobey.be\/fr-temp\/produit\/base-de-teint-bio-lissant-50-ml\/"},"modified":"2026-04-13T11:39:25","modified_gmt":"2026-04-13T09:39:25","slug":"base-de-teint-bio-lissant-50-ml","status":"publish","type":"product","link":"https:\/\/www.biobey.be\/fr\/produit\/base-de-teint-bio-lissant-50-ml\/","title":{"rendered":"Base de teint Bio lissant 30 ml"},"content":{"rendered":"<p>Base de teint matifiant lissant est une base transparente pour le maquillage avec une texture ultra-l\u00e9g\u00e8re et respirante. Gr\u00e2ce \u00e0 sa texture velout\u00e9e, elle rend la peau lisse et \u00e9clatante. Base de teint matifiant lissant de Lepo a \u00e9galement un effet matifiant sur la peau. C\u2019est un primer matifiant bio pour un maquillage longue dur\u00e9e.<\/p>\n<p>Base de teint matifiant pour le visage est compos\u00e9 de puissants extraits de plantes organiques qui ont un effet hydratant, anti oxydant et r\u00e9parateur sur la peau.<\/p>\n<h2>Une peau \u00e9clatante et lisse avec base de teint Bio \u2013 Primer Maquillage<\/h2>\n<p>Les composants principaux de primer naturel pour le maquillage sont l\u2019extrait de racine de bardane, extrait de concombre, acide hyaluronique, l\u2019huile de castre et l\u2019amidon de zea mays.<\/p>\n<p>L\u2019extrait de racine de bardane est un cocktail de puissants antioxydants tels que les polyph\u00e9nols, la vitamine C, la vitamine E et la vitamine B. En compl\u00e9tant la peau avec ces antioxydants actifs, on r\u00e9duit le stress oxydatif et on prot\u00e8ge la peau des radicaux libres et des rayons UV nocifs.<\/p>\n<p>L&rsquo;acide hyaluronique hydrate la peau en profondeur. Combinaison d&rsquo;acide hayluronique et de vitamine C est utilis\u00e9e efficacement pour combattre les vieilles cicatrices rouges, les taches de pigmentation, les rides et ridules. L\u2019huile de caster a un effet anti-inflammatoire, hydratant et \u00e9claircissant sur la peau.<\/p>\n<p>La composition \u00e0 base d&rsquo;extrait de concombre, d&rsquo;extrait de racine de bardane et d&rsquo;acide hyaluronique aide \u00e0 unifier la peau et \u00e0 renforcer la barri\u00e8re cutan\u00e9e. La formule riche en vitamines aide \u00e0 pr\u00e9venir les rides pr\u00e9matur\u00e9es.<br \/>\nEffet matifiant avec l\u2019amidon de ma\u00efs : L\u2019amidon de Zea Mays ou f\u00e9cule de ma\u00efs a un effet matifiant sur la peau.<\/p>\n<h3>Comment utiliser une Base de teint Bio lissant ?<\/h3>\n<p>Appliquez la base de maquillage sur le visage, le cou et le d\u00e9collet\u00e9 du bout des doigts. Faire p\u00e9n\u00e9trer doucement le primer dans la peau jusqu\u2019\u00e0 ce qu\u2019il forme une fine couche uniforme sur la peau. Laissez le primer se maquiller avant d\u2019appliquer la cr\u00e8me fond de teint anti-rides. Tous les produits Lepo sont test\u00e9s dermatologiquement et approuv\u00e9s pour tous les types de peau.<\/p>\n<p>Conseil: utilisez la cr\u00e8me de jour naturelle avec spf 30 comme base de maquillage pour prot\u00e9ger la peau des rayons UVA\/UVB. La cr\u00e8me pour le visage \u00e0 base de filtres solaires min\u00e9raux et d\u2019acide hyaluronique hydrate et prot\u00e8ge la peau.<\/p>\n<p>Gr\u00e2ce \u00e0 ses propri\u00e9t\u00e9s matifiantes et aux min\u00e9raux contenus dans la cr\u00e8me de jour avec spf, elle peut \u00eatre utilis\u00e9e comme base de maquillage avant l\u2019application du fond de teint ou de la BB cr\u00e8me.<br \/>\nType de peau: La Base de teint matifiant lissant convient \u00e0 tous les types de peau.<\/p>\n<p>Ingr\u00e9dients ou INCI :Aqua, Coco-Caprylate, Glycerin, Caprylic\/Capric Triglyceride, Triethylhexanoin, Caprylyl Caprylate\/Caprate, Squalane, C20-22 Alkyl Phosphate, Microcrystalline Cellulose, C10-18 Triglycerides, Potassium Cetyl<\/p>\n<p>Phosphate, Cucumis sativusFruit Extract, C20-22 Alcohols, Oryza sativa (Ris) Starch, Cellulose Gum, Disteardimonium Hectorite, Sodium Hyaluronate,<\/p>\n<p>Dilinoleic Acid\/Butanediol Copolymer, Dipotassium Glycyrrhizate, Triheptanoin, Betaine, Lactobionic Acid, Arctium lappa Root Powder, Panthenol (Vitamine B5), Aluminum Starch Octenylsuccinate, Tocopheryl Acetate, Silica, Xanthan Gum, Tocopherol (Vitamine E), Castor Oil, Hydroxyacetophenone, Caprylyl Glycol, Tetrasodium Glutamate Diacetate, Maltodextrin,<\/p>\n<p>Sodium Hydroxide, Fragrance, Tetramethyl Acetyloctahydronaphthalenes, Linalyl Acetate, Vanillin<br \/>\nPour un primer avec un effet \u00e9claircissant suppl\u00e9mentaire, nous recommandons le primer Lepo serum glow effect.<\/p>\n","protected":false},"excerpt":{"rendered":"<p>Base de teint matifiant est une base transparente hydratant, lissant et matifiant. Elle am\u00e9liore la tenue du maquillage. Une peau \u00e9clatante et lisse avec base de teint de Lepo<\/p>\n","protected":false},"featured_media":821,"comment_status":"open","ping_status":"closed","template":"","meta":{"ocean_post_layout":"","ocean_both_sidebars_style":"","ocean_both_sidebars_content_width":0,"ocean_both_sidebars_sidebars_width":0,"ocean_sidebar":"0","ocean_second_sidebar":"0","ocean_disable_margins":"enable","ocean_add_body_class":"","ocean_shortcode_before_top_bar":"","ocean_shortcode_after_top_bar":"","ocean_shortcode_before_header":"","ocean_shortcode_after_header":"","ocean_has_shortcode":"","ocean_shortcode_after_title":"","ocean_shortcode_before_footer_widgets":"","ocean_shortcode_after_footer_widgets":"","ocean_shortcode_before_footer_bottom":"","ocean_shortcode_after_footer_bottom":"","ocean_display_top_bar":"default","ocean_display_header":"default","ocean_header_style":"","ocean_center_header_left_menu":"0","ocean_custom_header_template":"0","ocean_custom_logo":0,"ocean_custom_retina_logo":0,"ocean_custom_logo_max_width":0,"ocean_custom_logo_tablet_max_width":0,"ocean_custom_logo_mobile_max_width":0,"ocean_custom_logo_max_height":0,"ocean_custom_logo_tablet_max_height":0,"ocean_custom_logo_mobile_max_height":0,"ocean_header_custom_menu":"0","ocean_menu_typo_font_family":"0","ocean_menu_typo_font_subset":"","ocean_menu_typo_font_size":0,"ocean_menu_typo_font_size_tablet":0,"ocean_menu_typo_font_size_mobile":0,"ocean_menu_typo_font_size_unit":"px","ocean_menu_typo_font_weight":"","ocean_menu_typo_font_weight_tablet":"","ocean_menu_typo_font_weight_mobile":"","ocean_menu_typo_transform":"","ocean_menu_typo_transform_tablet":"","ocean_menu_typo_transform_mobile":"","ocean_menu_typo_line_height":0,"ocean_menu_typo_line_height_tablet":0,"ocean_menu_typo_line_height_mobile":0,"ocean_menu_typo_line_height_unit":"","ocean_menu_typo_spacing":0,"ocean_menu_typo_spacing_tablet":0,"ocean_menu_typo_spacing_mobile":0,"ocean_menu_typo_spacing_unit":"","ocean_menu_link_color":"","ocean_menu_link_color_hover":"","ocean_menu_link_color_active":"","ocean_menu_link_background":"","ocean_menu_link_hover_background":"","ocean_menu_link_active_background":"","ocean_menu_social_links_bg":"","ocean_menu_social_hover_links_bg":"","ocean_menu_social_links_color":"","ocean_menu_social_hover_links_color":"","ocean_disable_title":"default","ocean_disable_heading":"default","ocean_post_title":"","ocean_post_subheading":"","ocean_post_title_style":"","ocean_post_title_background_color":"","ocean_post_title_background":0,"ocean_post_title_bg_image_position":"","ocean_post_title_bg_image_attachment":"","ocean_post_title_bg_image_repeat":"","ocean_post_title_bg_image_size":"","ocean_post_title_height":0,"ocean_post_title_bg_overlay":0.5,"ocean_post_title_bg_overlay_color":"","ocean_disable_breadcrumbs":"default","ocean_breadcrumbs_color":"","ocean_breadcrumbs_separator_color":"","ocean_breadcrumbs_links_color":"","ocean_breadcrumbs_links_hover_color":"","ocean_display_footer_widgets":"default","ocean_display_footer_bottom":"default","ocean_custom_footer_template":"0"},"product_brand":[121],"product_cat":[55,16],"product_tag":[126,133,127,125],"class_list":{"0":"post-2206","1":"product","2":"type-product","3":"status-publish","4":"has-post-thumbnail","6":"product_brand-lepo-ecobio-cosmetica","7":"product_cat-maquillage","8":"product_cat-soins","9":"product_tag-sans-paraben","10":"product_tag-sansparfumsynthetique","11":"product_tag-sans-silicone","12":"product_tag-vegan","14":"entry","15":"has-media","17":"first","18":"instock","19":"taxable","20":"shipping-taxable","21":"purchasable","22":"product-type-simple","23":"has-rating","24":"col","25":"span_1_of_3","26":"owp-content-center","27":"owp-thumbs-layout-horizontal","28":"owp-btn-normal","29":"owp-tabs-layout-section","30":"has-no-thumbnails","31":"circle-sale"},"_links":{"self":[{"href":"https:\/\/www.biobey.be\/fr\/wp-json\/wp\/v2\/product\/2206","targetHints":{"allow":["GET"]}}],"collection":[{"href":"https:\/\/www.biobey.be\/fr\/wp-json\/wp\/v2\/product"}],"about":[{"href":"https:\/\/www.biobey.be\/fr\/wp-json\/wp\/v2\/types\/product"}],"replies":[{"embeddable":true,"href":"https:\/\/www.biobey.be\/fr\/wp-json\/wp\/v2\/comments?post=2206"}],"wp:featuredmedia":[{"embeddable":true,"href":"https:\/\/www.biobey.be\/fr\/wp-json\/wp\/v2\/media\/821"}],"wp:attachment":[{"href":"https:\/\/www.biobey.be\/fr\/wp-json\/wp\/v2\/media?parent=2206"}],"wp:term":[{"taxonomy":"product_brand","embeddable":true,"href":"https:\/\/www.biobey.be\/fr\/wp-json\/wp\/v2\/product_brand?post=2206"},{"taxonomy":"product_cat","embeddable":true,"href":"https:\/\/www.biobey.be\/fr\/wp-json\/wp\/v2\/product_cat?post=2206"},{"taxonomy":"product_tag","embeddable":true,"href":"https:\/\/www.biobey.be\/fr\/wp-json\/wp\/v2\/product_tag?post=2206"}],"curies":[{"name":"wp","href":"https:\/\/api.w.org\/{rel}","templated":true}]}}