{"id":2207,"date":"2025-04-20T00:40:33","date_gmt":"2025-04-19T22:40:33","guid":{"rendered":"https:\/\/www.biobey.be\/fr-temp\/produit\/gel-nettoyant-bio-peau-grasse-200ml\/"},"modified":"2025-07-11T12:56:21","modified_gmt":"2025-07-11T10:56:21","slug":"gel-nettoyant-bio-peau-grasse-200ml","status":"publish","type":"product","link":"https:\/\/www.biobey.be\/fr\/produit\/gel-nettoyant-bio-peau-grasse-200ml\/","title":{"rendered":"Nettoyant BIO Peau Grasse \u00c0 Imperfections 200ml"},"content":{"rendered":"<p>Vanity Routine Cleanser de la marque Naturys est un gel nettoyant BIO Peau Grasse \u00c0 Imperfections. Ce produit r\u00e9gule la production de s\u00e9bum et hydrate la peau. Il a \u00e9t\u00e9 sp\u00e9cialement d\u00e9velopp\u00e9 pour les personnes ayant <span style=\"color: #0000ff;\"><a style=\"color: #0000ff;\" href=\"https:\/\/www.biobey.be\/fr\/produit\/masque-the-vert-point-noir-peaux-grasses\/\">une peau mixte ou peau grasse \u00e0 imperfections parfois s\u00e8che.<\/a><\/span><\/p>\n<p>Le gel nettoyant BIO Peau Grasse \u00c0 Imperfections r\u00e9duit la production excessive de s\u00e9bum. Il a un effet matifiant sur les peaux brillantes et in\u00e9gales. Le nettoyant pour le visage prend soin de la Peau Grasse \u00c0 Tendance Acn\u00e9ique et des \u00e9ruptions cutan\u00e9es sans dess\u00e9cher la peau.<\/p>\n<p>Gr\u00e2ce \u00e0 sa puissante formule \u00e0 base d&rsquo;extrait d&rsquo;algues rouges (algues marines) et d&rsquo;huile d&rsquo;arbre \u00e0 th\u00e9 biologique, il nettoie la peau en profondeur dans les pores sans affecter la couche protectrice naturelle de la peau. Le gel nettoyant pour les peaux grasses \u00e9limine l&rsquo;exc\u00e8s de s\u00e9bum (s\u00e9bum), les squames et les impuret\u00e9s.<\/p>\n<p>La peau est nettoy\u00e9e sans endommager la barri\u00e8re cutan\u00e9e naturelle ni ass\u00e9cher la peau, afin de ne pas stimuler l&rsquo;exc\u00e8s de s\u00e9cr\u00e9tion de s\u00e9bum de la peau. Vanity Routine Facial Cleanser est <a href=\"https:\/\/www.biobey.be\/fr\/produit\/nettoyant-micellaire-bio-a-la-figue\/\"><span style=\"color: #0000ff;\">un gel nettoyant 100% naturel sans sulfates<\/span><\/a>, silicones ou parfum de synth\u00e8se.<\/p>\n<h2>Gel nettoyant BIO Peau Grasse \u00c0 Imperfections &#8211; effet purifiant intense<\/h2>\n<p>L&rsquo;action efficace de ce Gel nettoyant BIO Peau Grasse \u00c0 Imperfections est due aux ingr\u00e9dients principaux tels que l&rsquo;extrait d&rsquo;algues rouges (algues marines), l&rsquo;huile d&rsquo;arbre \u00e0 th\u00e9 et l&rsquo;huile d&rsquo;amande douce. Les algues marines rouges ont une teneur \u00e9lev\u00e9e en acides amin\u00e9s, vitamines et min\u00e9raux.<\/p>\n<p>C&rsquo;est un puissant antioxydant qui prot\u00e8ge la peau contre les radicaux libres. Elle a un effet antibact\u00e9rien et est utilis\u00e9e dans le traitement de diverses affections cutan\u00e9es. L&rsquo;huile d&rsquo;arbre \u00e0 th\u00e9 biologique est connue pour ses propri\u00e9t\u00e9s anti-inflammatoires et fongicides.<\/p>\n<p>C&rsquo;est un ingr\u00e9dient populaire dans les produits contre l&rsquo;acn\u00e9, les peaux grasses et les mycoses. L&rsquo;huile d&rsquo;amande douce s&rsquo;absorbe rapidement dans la peau sans obstruer les pores. Il ne laisse pas de couche grasse sur la peau. L&rsquo;huile est adapt\u00e9e au traitement des peaux grasses et acn\u00e9iques en raison de sa teneur \u00e9lev\u00e9e en acide linol\u00e9ique et en vitamines.<\/p>\n<p><strong>Conseils d&rsquo;utilisation :<\/strong><\/p>\n<p>Appliquez le Gel Nettoyant BIO Peau Grasse \u00c0 Imperfections sur la peau humide du bout des doigts et massez doucement. Rincez ensuite \u00e0 l&rsquo;eau. Le nettoyage de la peau ou le d\u00e9maquillage peuvent \u00e9galement \u00eatre effectu\u00e9s \u00e0 l&rsquo;aide d&rsquo;un coton humide. Appliquez une petite quantit\u00e9 de gel sur un coton humide et nettoyez la peau.<\/p>\n<p>Le gel nettoyant BIO Peau Grasse \u00c0 Imperfections aux v\u00e9g\u00e9taliens. Les produits et les mati\u00e8res premi\u00e8res ne sont pas test\u00e9s sur les animaux.<\/p>\n<h2>Le gel nettoyant naturel est-il efficace pour le front gras ?<\/h2>\n<p>Le gel nettoyant naturel pour peau grasse convient parfaitement aux personnes souffrant d&rsquo;une zone T grasse et brillante (front, nez et menton).<\/p>\n<p>Le gel nettoyant pour le visage de Naturys contient des extraits d&rsquo;huile d&rsquo;arbre \u00e0 th\u00e9 biologique et des extraits d&rsquo;algues rouges. L&rsquo;huile d&rsquo;arbre \u00e0 th\u00e9 est connue pour ses propri\u00e9t\u00e9s anti-inflammatoires et antibact\u00e9riennes.<\/p>\n<p>Elle combat les mauvaises bact\u00e9ries et pr\u00e9vient la formation de l&rsquo;acn\u00e9. L&rsquo;extrait d&rsquo;algues rouges acc\u00e9l\u00e8re le processus de r\u00e9g\u00e9n\u00e9ration des cellules de la peau. Il r\u00e9pare et renforce la barri\u00e8re cutan\u00e9e. Cela permet d&rsquo;inhiber la production excessive de s\u00e9bum. Le gel nettoyant naturel traite les peaux grasses et la zone T.<\/p>\n<p><strong>INCI:<\/strong> Aqua\/Water, Sodium Lauryl Glucose Carboxylate, Lauryl Glucoside, Cocamidopropyl Betaine, Prunus Amygdalus Dulcis* Oil, Glycerin, Asparagopsis Armata Extract, Sodium Benzoate, Citrus Medica Limonum* Peel Extract, Benzyl Alcohol (Composants des huiles essentielles) ,<\/p>\n<p><a href=\"https:\/\/www.biobey.be\/fr\/melaleuca-alternifolia\/\">Melaleuca Alternifolia<\/a>* Leaf Oil, Potassium Sorbate, Sodium Benzoate, Dehydroacetic Acid, Citric Acid, Limonene**, Parfum\/Fragrance (100% naturelle) *<\/p>\n<p><strong>Attention aux allerg\u00e8nes potentiels<\/strong> : ce gel nettoyant BIO peau grasse \u00e0 imperfections contient du limon\u00e8ne naturel d\u00e9riv\u00e9 des huiles essentielles*Ingr\u00e9dients issus de l&rsquo;agriculture biologique<br \/>\n**Composants des huiles essentielles<\/p>\n","protected":false},"excerpt":{"rendered":"<p>Gel Nettoyant BIO Peau Grasse \u00c0 Imperfections r\u00e9duit la production excessive de s\u00e9bum. Le Gel Nettoyant Peau Grasse \u00c0 Tendance Acn\u00e9ique a un effet matifiant sur les peaux brillantes et in\u00e9gales. Soin nettoyant visage non com\u00e9dog\u00e8ne<\/p>\n","protected":false},"featured_media":228,"comment_status":"open","ping_status":"closed","template":"","meta":{"ocean_post_layout":"","ocean_both_sidebars_style":"","ocean_both_sidebars_content_width":0,"ocean_both_sidebars_sidebars_width":0,"ocean_sidebar":"","ocean_second_sidebar":"","ocean_disable_margins":"enable","ocean_add_body_class":"","ocean_shortcode_before_top_bar":"","ocean_shortcode_after_top_bar":"","ocean_shortcode_before_header":"","ocean_shortcode_after_header":"","ocean_has_shortcode":"","ocean_shortcode_after_title":"","ocean_shortcode_before_footer_widgets":"","ocean_shortcode_after_footer_widgets":"","ocean_shortcode_before_footer_bottom":"","ocean_shortcode_after_footer_bottom":"","ocean_display_top_bar":"default","ocean_display_header":"default","ocean_header_style":"","ocean_center_header_left_menu":"","ocean_custom_header_template":"","ocean_custom_logo":0,"ocean_custom_retina_logo":0,"ocean_custom_logo_max_width":0,"ocean_custom_logo_tablet_max_width":0,"ocean_custom_logo_mobile_max_width":0,"ocean_custom_logo_max_height":0,"ocean_custom_logo_tablet_max_height":0,"ocean_custom_logo_mobile_max_height":0,"ocean_header_custom_menu":"","ocean_menu_typo_font_family":"","ocean_menu_typo_font_subset":"","ocean_menu_typo_font_size":0,"ocean_menu_typo_font_size_tablet":0,"ocean_menu_typo_font_size_mobile":0,"ocean_menu_typo_font_size_unit":"px","ocean_menu_typo_font_weight":"","ocean_menu_typo_font_weight_tablet":"","ocean_menu_typo_font_weight_mobile":"","ocean_menu_typo_transform":"","ocean_menu_typo_transform_tablet":"","ocean_menu_typo_transform_mobile":"","ocean_menu_typo_line_height":0,"ocean_menu_typo_line_height_tablet":0,"ocean_menu_typo_line_height_mobile":0,"ocean_menu_typo_line_height_unit":"","ocean_menu_typo_spacing":0,"ocean_menu_typo_spacing_tablet":0,"ocean_menu_typo_spacing_mobile":0,"ocean_menu_typo_spacing_unit":"","ocean_menu_link_color":"","ocean_menu_link_color_hover":"","ocean_menu_link_color_active":"","ocean_menu_link_background":"","ocean_menu_link_hover_background":"","ocean_menu_link_active_background":"","ocean_menu_social_links_bg":"","ocean_menu_social_hover_links_bg":"","ocean_menu_social_links_color":"","ocean_menu_social_hover_links_color":"","ocean_disable_title":"default","ocean_disable_heading":"default","ocean_post_title":"","ocean_post_subheading":"","ocean_post_title_style":"","ocean_post_title_background_color":"","ocean_post_title_background":0,"ocean_post_title_bg_image_position":"","ocean_post_title_bg_image_attachment":"","ocean_post_title_bg_image_repeat":"","ocean_post_title_bg_image_size":"","ocean_post_title_height":0,"ocean_post_title_bg_overlay":0.5,"ocean_post_title_bg_overlay_color":"","ocean_disable_breadcrumbs":"default","ocean_breadcrumbs_color":"","ocean_breadcrumbs_separator_color":"","ocean_breadcrumbs_links_color":"","ocean_breadcrumbs_links_hover_color":"","ocean_display_footer_widgets":"default","ocean_display_footer_bottom":"default","ocean_custom_footer_template":""},"product_brand":[108],"product_cat":[21,18,17,16],"product_tag":[133,128,125],"class_list":{"0":"post-2207","1":"product","2":"type-product","3":"status-publish","4":"has-post-thumbnail","6":"product_brand-naturys","7":"product_cat-acne-et-peau-abimee","8":"product_cat-nettoyage-de-la-peau-et-masques","9":"product_cat-soins-du-visage","10":"product_cat-soins","11":"product_tag-sansparfumsynthetique","12":"product_tag-sanssulfates","13":"product_tag-vegan","15":"entry","16":"has-media","18":"first","19":"instock","20":"taxable","21":"shipping-taxable","22":"purchasable","23":"product-type-simple","24":"has-rating","25":"col","26":"span_1_of_3","27":"owp-content-center","28":"owp-thumbs-layout-horizontal","29":"owp-btn-normal","30":"owp-tabs-layout-section","31":"has-no-thumbnails","32":"circle-sale"},"_links":{"self":[{"href":"https:\/\/www.biobey.be\/fr\/wp-json\/wp\/v2\/product\/2207","targetHints":{"allow":["GET"]}}],"collection":[{"href":"https:\/\/www.biobey.be\/fr\/wp-json\/wp\/v2\/product"}],"about":[{"href":"https:\/\/www.biobey.be\/fr\/wp-json\/wp\/v2\/types\/product"}],"replies":[{"embeddable":true,"href":"https:\/\/www.biobey.be\/fr\/wp-json\/wp\/v2\/comments?post=2207"}],"wp:featuredmedia":[{"embeddable":true,"href":"https:\/\/www.biobey.be\/fr\/wp-json\/wp\/v2\/media\/228"}],"wp:attachment":[{"href":"https:\/\/www.biobey.be\/fr\/wp-json\/wp\/v2\/media?parent=2207"}],"wp:term":[{"taxonomy":"product_brand","embeddable":true,"href":"https:\/\/www.biobey.be\/fr\/wp-json\/wp\/v2\/product_brand?post=2207"},{"taxonomy":"product_cat","embeddable":true,"href":"https:\/\/www.biobey.be\/fr\/wp-json\/wp\/v2\/product_cat?post=2207"},{"taxonomy":"product_tag","embeddable":true,"href":"https:\/\/www.biobey.be\/fr\/wp-json\/wp\/v2\/product_tag?post=2207"}],"curies":[{"name":"wp","href":"https:\/\/api.w.org\/{rel}","templated":true}]}}