{"id":2209,"date":"2025-05-27T00:35:30","date_gmt":"2025-05-26T22:35:30","guid":{"rendered":"https:\/\/www.biobey.be\/fr-temp\/produit\/lotion-tonique-hydratante-bio\/"},"modified":"2025-07-11T11:16:08","modified_gmt":"2025-07-11T09:16:08","slug":"lotion-tonique-hydratante-bio","status":"publish","type":"product","link":"https:\/\/www.biobey.be\/fr\/produit\/lotion-tonique-hydratante-bio\/","title":{"rendered":"Toner Bio sans alcool 200 ml"},"content":{"rendered":"<p>La lotion pour le visage Bema convient-elle aux peaux sensibles pr\u00e9sentant des taches pigmentaires? Lotion tonique hydratante bio pour le visage convient \u00e0 tous les types de peau, y compris les plus sensibles. Elle hydrate la peau s\u00e8che et r\u00e9gule l&rsquo;\u00e9quilibre naturel du pH de la peau. Gr\u00e2ce \u00e0 son complexe d&rsquo;extraits, la lotion tonique hydratante bio pour le visage a <span style=\"color: #0000ff;\"><a style=\"color: #0000ff;\" href=\"https:\/\/www.biobey.be\/fr\/produit\/masque-contre-les-taches-pigmentaires\/\">un effet lissant et \u00e9clairant sur la peau.<br \/>\n<\/a><\/span><\/p>\n<p>La lotion tonique hydratante bio pour le visage est enrichie d&rsquo;un complexe phyto-\u00e9claircissant sp\u00e9cial d\u00e9riv\u00e9 d&rsquo;un extrait organique de grenade. Ainsi, la lotion hydratante r\u00e9duit la pigmentation de la peau et la prot\u00e8ge contre les taches brunes.<\/p>\n<p>La lotion \u00e9claircissante pour le visage Bema White est con\u00e7ue pour soigner les peaux s\u00e8ches et sensibles ayant des imperfections et des taches pigmentaires.<\/p>\n<ol>\n<li>Sa formule naturelle sans parfum ni alcool est test\u00e9e dermatologiquement et approuv\u00e9e pour les peaux sensibles.<\/li>\n<li>Le complexe phyto\u00e9claircissant naturel aide \u00e0 r\u00e9duire les taches pigmentaires et les taches brunes telles que les cicatrices d&rsquo;acn\u00e9 et \u00e0 unifier le teint de la peau.<\/li>\n<li>La lotion pour le visage Bema \u00e0 faible pH purifie la peau sensible sans endommager la barri\u00e8re cutan\u00e9e.<\/li>\n<li>L&rsquo;utilisation de la lotion \u00e9claircissante pour le visage dans la routine de soins de la peau assure une meilleure absorption des ingr\u00e9dients actifs de la cr\u00e8me pour le visage et une hydratation suppl\u00e9mentaire de la peau.<\/li>\n<\/ol>\n<h2>Lotion tonique hydratante bio a une action clarifiante sur la peau<\/h2>\n<p>La lotion tonique hydratante sans alcool a \u00e9t\u00e9 sp\u00e9cialement \u00e9labor\u00e9e pour un soin compl\u00e9mentaire de la peau apr\u00e8s le nettoyage. Elle \u00e9limine les impuret\u00e9s restantes, hydrate et apaise la peau. Cette lotion tonique hydratante naturelle pour le visage am\u00e9liore l&rsquo;absorption de la peau. Elle permet une meilleure absorption de la cr\u00e8me ou du s\u00e9rum appliqu\u00e9 sur la peau.<\/p>\n<p>La lotion tonique hydratante pour le visage est sans alcool, sans parfum synth\u00e9tique et sans autres ingr\u00e9dients chimiques.<\/p>\n<h3>Lotion tonique hydratante bio et clarifiante pour tous les types de peau<\/h3>\n<p>La lotion tonique \u00e9claircissante pour le visage est compos\u00e9e d&rsquo;extraits pr\u00e9cieux tels que l&rsquo;extrait organique de grenade, l&rsquo;extrait de malva et l&rsquo;extrait d&rsquo;achill\u00e9e millefeuille. La grenade contient de l&rsquo;acide ellagique. Cette substance prot\u00e8ge la peau contre les influences n\u00e9fastes des rayons UV. Elle a des propri\u00e9t\u00e9s purifiantes et anti-inflammatoires.<\/p>\n<p>L&rsquo;extrait de malva apaise et soulage la peau rouge irrit\u00e9e et renforce la couche protectrice naturelle. L&rsquo;extrait d&rsquo;achill\u00e9e millefeuille purifie la peau des squames et a un effet d\u00e9sinfectant. La combinaison de ces extraits de plantes assure que la lotion hydratante bio purifie la peau, nourrit et renforce la couche protectrice naturelle.<\/p>\n<p>Une utilisation r\u00e9guli\u00e8re r\u00e9duit les imperfections de la peau du visage et la prot\u00e8ge contre les taches brunes.<\/p>\n<h2>Comment utiliser un tonique pour le visage ?<\/h2>\n<p>La lotion <span style=\"color: #0000ff;\"><a style=\"color: #0000ff;\" href=\"https:\/\/www.biobey.be\/fr\/produit\/brume-hydratante-visage-bio-oxygen-bema-200ml\/\">tonique pour le visage s&rsquo;utilise apr\u00e8s le nettoyage du visage<\/a><\/span>. La lotion tonique renforce le nettoyage de la peau et neutralise le pH de la peau. Les s\u00e9rums et les cr\u00e8mes sont ainsi mieux absorb\u00e9s par la peau. Apr\u00e8s un tonique, par exemple, vous pouvez utiliser un s\u00e9rum, puis appliquer une cr\u00e8me de jour ou de nuit. Vous pouvez \u00e9galement appliquer <span style=\"color: #0000ff;\"><a style=\"color: #0000ff;\" href=\"https:\/\/www.biobey.be\/fr\/produit\/creme-de-jour-avec-spf-30-bema-bio-50ml\/\">votre cr\u00e8me de jour ou de nuit<\/a><\/span> imm\u00e9diatement apr\u00e8s le tonique.<\/p>\n<p><strong>Conseil :<\/strong> les personnes souffrant de d\u00e9coloration et de taches brunes peuvent utiliser le tonique avec la cr\u00e8me \u00e9claircissante ou le s\u00e9rum anti-pigmentation.<\/p>\n<p><strong>Utilisation :<\/strong> appliquez la lotion tonique hydratante matin et soir sur une peau nettoy\u00e9e \u00e0 l&rsquo;aide d&rsquo;un coton. Pour appliquer une cr\u00e8me, une huile pour la peau ou un s\u00e9rum. Il convient aux personnes ayant une peau tr\u00e8s sensible.<\/p>\n<p>Convient aux v\u00e9g\u00e9taliens. Bema bio cosmetics ne fait pas de tests sur les animaux. Les ingr\u00e9dients sont issus de l&rsquo;agriculture biologique et \u00e9cologique.<\/p>\n<p><b>inci:<\/b> Aqua\/Water, Chamomilla Recutita* (Matricaria), Flower Water Punica Granatum* (Granaatappel)Fruit Extract, Glycerin, Punica GranatumFruit Extract, Betaine, Gluconolactone, Panax Ginseng* Root Extract, Achillea Millefolium* Extract, Malva Sylvestris*(Mallow) Extract,<\/p>\n<p>Hedera Helix*(Ivy)Extract, Potassium Sorbate, Sodium Carboxymethyl Beta Glucan, Citric Acid, Maltodextrine, Benzyl Alcohol (composant des huiles essentielles), Sodium Benzoate, Fragrance (de l&rsquo;agriculture biologique). *<\/p>\n","protected":false},"excerpt":{"rendered":"<p>La lotion tonique hydratante bio pour le visage \u00e9limine les impuret\u00e9s restantes, hydrate et apaise la peau. Lotion tonique hydratante bio a une action clarifiante sur la peau.<\/p>\n","protected":false},"featured_media":256,"comment_status":"open","ping_status":"closed","template":"","meta":{"ocean_post_layout":"","ocean_both_sidebars_style":"","ocean_both_sidebars_content_width":0,"ocean_both_sidebars_sidebars_width":0,"ocean_sidebar":"","ocean_second_sidebar":"","ocean_disable_margins":"enable","ocean_add_body_class":"","ocean_shortcode_before_top_bar":"","ocean_shortcode_after_top_bar":"","ocean_shortcode_before_header":"","ocean_shortcode_after_header":"","ocean_has_shortcode":"","ocean_shortcode_after_title":"","ocean_shortcode_before_footer_widgets":"","ocean_shortcode_after_footer_widgets":"","ocean_shortcode_before_footer_bottom":"","ocean_shortcode_after_footer_bottom":"","ocean_display_top_bar":"default","ocean_display_header":"default","ocean_header_style":"","ocean_center_header_left_menu":"","ocean_custom_header_template":"","ocean_custom_logo":0,"ocean_custom_retina_logo":0,"ocean_custom_logo_max_width":0,"ocean_custom_logo_tablet_max_width":0,"ocean_custom_logo_mobile_max_width":0,"ocean_custom_logo_max_height":0,"ocean_custom_logo_tablet_max_height":0,"ocean_custom_logo_mobile_max_height":0,"ocean_header_custom_menu":"","ocean_menu_typo_font_family":"","ocean_menu_typo_font_subset":"","ocean_menu_typo_font_size":0,"ocean_menu_typo_font_size_tablet":0,"ocean_menu_typo_font_size_mobile":0,"ocean_menu_typo_font_size_unit":"px","ocean_menu_typo_font_weight":"","ocean_menu_typo_font_weight_tablet":"","ocean_menu_typo_font_weight_mobile":"","ocean_menu_typo_transform":"","ocean_menu_typo_transform_tablet":"","ocean_menu_typo_transform_mobile":"","ocean_menu_typo_line_height":0,"ocean_menu_typo_line_height_tablet":0,"ocean_menu_typo_line_height_mobile":0,"ocean_menu_typo_line_height_unit":"","ocean_menu_typo_spacing":0,"ocean_menu_typo_spacing_tablet":0,"ocean_menu_typo_spacing_mobile":0,"ocean_menu_typo_spacing_unit":"","ocean_menu_link_color":"","ocean_menu_link_color_hover":"","ocean_menu_link_color_active":"","ocean_menu_link_background":"","ocean_menu_link_hover_background":"","ocean_menu_link_active_background":"","ocean_menu_social_links_bg":"","ocean_menu_social_hover_links_bg":"","ocean_menu_social_links_color":"","ocean_menu_social_hover_links_color":"","ocean_disable_title":"default","ocean_disable_heading":"default","ocean_post_title":"","ocean_post_subheading":"","ocean_post_title_style":"","ocean_post_title_background_color":"","ocean_post_title_background":0,"ocean_post_title_bg_image_position":"","ocean_post_title_bg_image_attachment":"","ocean_post_title_bg_image_repeat":"","ocean_post_title_bg_image_size":"","ocean_post_title_height":0,"ocean_post_title_bg_overlay":0.5,"ocean_post_title_bg_overlay_color":"","ocean_disable_breadcrumbs":"default","ocean_breadcrumbs_color":"","ocean_breadcrumbs_separator_color":"","ocean_breadcrumbs_links_color":"","ocean_breadcrumbs_links_hover_color":"","ocean_display_footer_widgets":"default","ocean_display_footer_bottom":"default","ocean_custom_footer_template":""},"product_brand":[106],"product_cat":[21,18,17,16,20],"product_tag":[132,126,127,125],"class_list":{"0":"post-2209","1":"product","2":"type-product","3":"status-publish","4":"has-post-thumbnail","6":"product_brand-bema-bio","7":"product_cat-acne-et-peau-abimee","8":"product_cat-nettoyage-de-la-peau-et-masques","9":"product_cat-soins-du-visage","10":"product_cat-soins","11":"product_cat-anti-age","12":"product_tag-sans-alcool","13":"product_tag-sans-paraben","14":"product_tag-sans-silicone","15":"product_tag-vegan","17":"entry","18":"has-media","20":"first","21":"instock","22":"taxable","23":"shipping-taxable","24":"purchasable","25":"product-type-simple","26":"has-rating","27":"col","28":"span_1_of_3","29":"owp-content-center","30":"owp-thumbs-layout-horizontal","31":"owp-btn-normal","32":"owp-tabs-layout-section","33":"has-no-thumbnails","34":"circle-sale"},"_links":{"self":[{"href":"https:\/\/www.biobey.be\/fr\/wp-json\/wp\/v2\/product\/2209","targetHints":{"allow":["GET"]}}],"collection":[{"href":"https:\/\/www.biobey.be\/fr\/wp-json\/wp\/v2\/product"}],"about":[{"href":"https:\/\/www.biobey.be\/fr\/wp-json\/wp\/v2\/types\/product"}],"replies":[{"embeddable":true,"href":"https:\/\/www.biobey.be\/fr\/wp-json\/wp\/v2\/comments?post=2209"}],"wp:featuredmedia":[{"embeddable":true,"href":"https:\/\/www.biobey.be\/fr\/wp-json\/wp\/v2\/media\/256"}],"wp:attachment":[{"href":"https:\/\/www.biobey.be\/fr\/wp-json\/wp\/v2\/media?parent=2209"}],"wp:term":[{"taxonomy":"product_brand","embeddable":true,"href":"https:\/\/www.biobey.be\/fr\/wp-json\/wp\/v2\/product_brand?post=2209"},{"taxonomy":"product_cat","embeddable":true,"href":"https:\/\/www.biobey.be\/fr\/wp-json\/wp\/v2\/product_cat?post=2209"},{"taxonomy":"product_tag","embeddable":true,"href":"https:\/\/www.biobey.be\/fr\/wp-json\/wp\/v2\/product_tag?post=2209"}],"curies":[{"name":"wp","href":"https:\/\/api.w.org\/{rel}","templated":true}]}}