{"id":2211,"date":"2025-04-01T16:40:26","date_gmt":"2025-04-01T14:40:26","guid":{"rendered":"https:\/\/www.biobey.be\/fr-temp\/produit\/creme-hydratante-homme-bio\/"},"modified":"2025-11-26T17:16:08","modified_gmt":"2025-11-26T16:16:08","slug":"creme-hydratante-homme-bio","status":"publish","type":"product","link":"https:\/\/www.biobey.be\/fr\/produit\/creme-hydratante-homme-bio\/","title":{"rendered":"Cr\u00e8me hydratante homme bio anti-ride 50 ml"},"content":{"rendered":"<p>Cr\u00e8me hydratante homme bio nourrit la peau de mani\u00e8re intensive avec des vitamines et des min\u00e9raux. La puissante formule \u00e0 base d&rsquo;extraits de noix et de gen\u00e9vrier hydrate la peau et lutte contre les signes du vieillissement pr\u00e9matur\u00e9 de la peau. La cr\u00e8me hydratante bio pour hommes prot\u00e8ge la peau pendant 12 heures contre la d\u00e9shydratation et les influences ext\u00e9rieures n\u00e9gatives.<\/p>\n<p>Elle <strong>am\u00e9liore l&rsquo;\u00e9lasticit\u00e9 de la peau et stimule la circulation sanguine<\/strong>. La cr\u00e8me hydratante homme bio acc\u00e9l\u00e8re la production de nouvelles cellules. Elle aide \u00e0 r\u00e9duire les rides et les ridules du visage. De plus, elle offre une protection de 12 heures contre les radicaux libres et les rayons UV qui endommagent et vieillissent la peau.<\/p>\n<p>La cr\u00e8me hydratante homme bio contre les rides vise avant tout \u00e0 hydrater la peau en profondeur. Ensuite, cela am\u00e9liore l&rsquo;\u00e9lasticit\u00e9 de la peau. Elle r\u00e9duit les fines rides et prot\u00e8ge efficacement la peau.<\/p>\n<h2>Cr\u00e8me hydratante homme bio action protectrice anti-ride<\/h2>\n<p>Les ingr\u00e9dients actifs de la cr\u00e8me sont l&rsquo;extrait de noix, l&rsquo;extrait de geni\u00e8vre, l&rsquo;huile de jojoba, l&rsquo;eau florale de thym et de sauge. L&rsquo;extrait de gen\u00e9vrier est riche en antioxydants qui <span style=\"color: #0000ff;\"><a style=\"color: #0000ff;\" href=\"https:\/\/www.biobey.be\/fr\/produit\/creme-de-jour-avec-spf-30-bema-bio-50ml\/\">renforcent la couche protectrice naturelle de la peau<\/a><\/span>.<\/p>\n<p>L&rsquo;extrait de noix contient une forte teneur en acides gras insatur\u00e9s, en magn\u00e9sium et en vitamine E. Il nourrit la peau avec des min\u00e9raux et des vitamines.<\/p>\n<p><strong>La vitamine E stimule la production de collag\u00e8ne de la peau<\/strong>. L&rsquo;huile de jojoba hydrate la peau et la rend douce au toucher. Celle-ci prot\u00e8ge la peau contre la perte d&rsquo;humidit\u00e9 et les influences n\u00e9fastes des radicaux libres. La combinaison des substances actives assure une action efficace de la cr\u00e8me hydratante homme bio.<\/p>\n<p>La cr\u00e8me hydratante homme bio est v\u00e9g\u00e9talienne. Les produits Nature Up ne sont pas test\u00e9s sur les animaux. Les mati\u00e8res premi\u00e8res utilis\u00e9es pour la production des produits ne sont pas non plus test\u00e9es sur les animaux.<\/p>\n<p>Les produits naturels sont fabriqu\u00e9s \u00e0 partir d&rsquo;ingr\u00e9dients v\u00e9g\u00e9taux issus de l&rsquo;agriculture biologique. Les produits de soin sont exempts de vaseline, de silicone, de parab\u00e8nes, de parfum synth\u00e9tique et d&rsquo;autres irritants.<\/p>\n<h2>Comment la cr\u00e8me anti-rides bio pour homme fonctionne-t-elle ?<\/h2>\n<p>La cr\u00e8me anti-rides bio pour homme Nature Up a un effet hydratant, r\u00e9g\u00e9n\u00e9rant et protecteur sur la peau. La cr\u00e8me anti-\u00e2ge bio pour homme aide \u00e0 remplacer les ridules existantes gr\u00e2ce \u00e0 une hydratation en profondeur de la couche sup\u00e9rieure de la peau.<\/p>\n<p>L&rsquo;action combin\u00e9e de l&rsquo;extrait d&rsquo;algue et de l&rsquo;extrait de gen\u00e9vrier r\u00e9g\u00e9n\u00e8re la peau et stimule le renouvellement des cellules cutan\u00e9es. Cela contribue \u00e0 <strong>renforcer l&rsquo;\u00e9lasticit\u00e9 de la peau et \u00e0 pr\u00e9venir les rides pr\u00e9matur\u00e9es.<\/strong><\/p>\n<p>Les huiles de noix et de jojoba biologiques sont riches en vitamines. Elles hydratent et adoucissent la peau s\u00e8ch. Le beurre de karit\u00e9 a des propri\u00e9t\u00e9s nourrissantes et protectrices. Il aide \u00e0 pr\u00e9venir la perte d&rsquo;hydratation en renfor\u00e7ant la barri\u00e8re cutan\u00e9e.<\/p>\n<p>Utilisation : Appliquez la cr\u00e8me pour le visage matin et soir. Massez doucement sur la peau nettoy\u00e9e. <strong>La cr\u00e8me anti-\u00e2ge pour hommes a un effet hydratant et protecteur de 12h.<\/strong> Utilisez la cr\u00e8me deux fois par jour.<\/p>\n<p>INCI: (Eau florale de l&rsquo;extrait de sauge)Salvia officinalis leaf water*, (Eau florale de thym)Thymus vulgaris leaf water*, Aqua, Glycerin,( Cetearyl alcohol, Propylheptyl caprylate, Cetearyl glucoside, Dicaprylyl carbonate, Glycine soja oil*, Oryza sativa bran oil, Butyrospermum parkii butter*, Cocoglycerides,<\/p>\n<p>Potassium cetyl phosphate, Olea Europaea* Fruit Oil, (huile de jojoba) Simmondsia chinensis seed oil*,(extrait de noix) Juglans regia leaf extract*, (gen\u00e9vrier) Juniperus communis fruit extract*, (Millepertuis) Hypericum Perforatum* Extract, Helianthus Annuus* Seed Oil, (algues marines)<\/p>\n<p>Porphyra umbilicalis extract, (vitamine E) Tocopherol, Salix alba bark extract, Soy isoflavones, Alcohol, Kaolin, Sodium benzoate, Benzyl alcohol, Dehydroacetic acid, Potassium sorbate, Phospholipids, Parfum (parfum d&rsquo;origine naturelle).<\/p>\n","protected":false},"excerpt":{"rendered":"<p>Cr\u00e8me hydratante homme bio anti-ride hydrate la peau en profondeur, r\u00e9duit les fines rides et prot\u00e8ge efficacement la peau contre la perte d&rsquo;humidit\u00e9 et les influences n\u00e9fastes des radicaux libres.<\/p>\n","protected":false},"featured_media":628,"comment_status":"open","ping_status":"closed","template":"","meta":{"ocean_post_layout":"","ocean_both_sidebars_style":"","ocean_both_sidebars_content_width":0,"ocean_both_sidebars_sidebars_width":0,"ocean_sidebar":"0","ocean_second_sidebar":"0","ocean_disable_margins":"enable","ocean_add_body_class":"","ocean_shortcode_before_top_bar":"","ocean_shortcode_after_top_bar":"","ocean_shortcode_before_header":"","ocean_shortcode_after_header":"","ocean_has_shortcode":"","ocean_shortcode_after_title":"","ocean_shortcode_before_footer_widgets":"","ocean_shortcode_after_footer_widgets":"","ocean_shortcode_before_footer_bottom":"","ocean_shortcode_after_footer_bottom":"","ocean_display_top_bar":"default","ocean_display_header":"default","ocean_header_style":"","ocean_center_header_left_menu":"0","ocean_custom_header_template":"0","ocean_custom_logo":0,"ocean_custom_retina_logo":0,"ocean_custom_logo_max_width":0,"ocean_custom_logo_tablet_max_width":0,"ocean_custom_logo_mobile_max_width":0,"ocean_custom_logo_max_height":0,"ocean_custom_logo_tablet_max_height":0,"ocean_custom_logo_mobile_max_height":0,"ocean_header_custom_menu":"0","ocean_menu_typo_font_family":"0","ocean_menu_typo_font_subset":"","ocean_menu_typo_font_size":0,"ocean_menu_typo_font_size_tablet":0,"ocean_menu_typo_font_size_mobile":0,"ocean_menu_typo_font_size_unit":"px","ocean_menu_typo_font_weight":"","ocean_menu_typo_font_weight_tablet":"","ocean_menu_typo_font_weight_mobile":"","ocean_menu_typo_transform":"","ocean_menu_typo_transform_tablet":"","ocean_menu_typo_transform_mobile":"","ocean_menu_typo_line_height":0,"ocean_menu_typo_line_height_tablet":0,"ocean_menu_typo_line_height_mobile":0,"ocean_menu_typo_line_height_unit":"","ocean_menu_typo_spacing":0,"ocean_menu_typo_spacing_tablet":0,"ocean_menu_typo_spacing_mobile":0,"ocean_menu_typo_spacing_unit":"","ocean_menu_link_color":"","ocean_menu_link_color_hover":"","ocean_menu_link_color_active":"","ocean_menu_link_background":"","ocean_menu_link_hover_background":"","ocean_menu_link_active_background":"","ocean_menu_social_links_bg":"","ocean_menu_social_hover_links_bg":"","ocean_menu_social_links_color":"","ocean_menu_social_hover_links_color":"","ocean_disable_title":"default","ocean_disable_heading":"default","ocean_post_title":"","ocean_post_subheading":"","ocean_post_title_style":"","ocean_post_title_background_color":"","ocean_post_title_background":0,"ocean_post_title_bg_image_position":"","ocean_post_title_bg_image_attachment":"","ocean_post_title_bg_image_repeat":"","ocean_post_title_bg_image_size":"","ocean_post_title_height":0,"ocean_post_title_bg_overlay":0.5,"ocean_post_title_bg_overlay_color":"","ocean_disable_breadcrumbs":"default","ocean_breadcrumbs_color":"","ocean_breadcrumbs_separator_color":"","ocean_breadcrumbs_links_color":"","ocean_breadcrumbs_links_hover_color":"","ocean_display_footer_widgets":"default","ocean_display_footer_bottom":"default","ocean_custom_footer_template":"0"},"product_brand":[107],"product_cat":[47,16,30],"product_tag":[133,127,125],"class_list":{"0":"post-2211","1":"product","2":"type-product","3":"status-publish","4":"has-post-thumbnail","6":"product_brand-nature-up","7":"product_cat-offres-et-minis","8":"product_cat-soins","9":"product_cat-soins-pour-hommes","10":"product_tag-sansparfumsynthetique","11":"product_tag-sans-silicone","12":"product_tag-vegan","14":"entry","15":"has-media","17":"first","18":"instock","19":"taxable","20":"shipping-taxable","21":"purchasable","22":"product-type-simple","23":"has-rating","24":"col","25":"span_1_of_3","26":"owp-content-center","27":"owp-thumbs-layout-horizontal","28":"owp-btn-normal","29":"owp-tabs-layout-section","30":"has-no-thumbnails","31":"circle-sale"},"_links":{"self":[{"href":"https:\/\/www.biobey.be\/fr\/wp-json\/wp\/v2\/product\/2211","targetHints":{"allow":["GET"]}}],"collection":[{"href":"https:\/\/www.biobey.be\/fr\/wp-json\/wp\/v2\/product"}],"about":[{"href":"https:\/\/www.biobey.be\/fr\/wp-json\/wp\/v2\/types\/product"}],"replies":[{"embeddable":true,"href":"https:\/\/www.biobey.be\/fr\/wp-json\/wp\/v2\/comments?post=2211"}],"wp:featuredmedia":[{"embeddable":true,"href":"https:\/\/www.biobey.be\/fr\/wp-json\/wp\/v2\/media\/628"}],"wp:attachment":[{"href":"https:\/\/www.biobey.be\/fr\/wp-json\/wp\/v2\/media?parent=2211"}],"wp:term":[{"taxonomy":"product_brand","embeddable":true,"href":"https:\/\/www.biobey.be\/fr\/wp-json\/wp\/v2\/product_brand?post=2211"},{"taxonomy":"product_cat","embeddable":true,"href":"https:\/\/www.biobey.be\/fr\/wp-json\/wp\/v2\/product_cat?post=2211"},{"taxonomy":"product_tag","embeddable":true,"href":"https:\/\/www.biobey.be\/fr\/wp-json\/wp\/v2\/product_tag?post=2211"}],"curies":[{"name":"wp","href":"https:\/\/api.w.org\/{rel}","templated":true}]}}