{"id":2212,"date":"2025-10-01T22:11:35","date_gmt":"2025-10-01T20:11:35","guid":{"rendered":"https:\/\/www.biobey.be\/fr-temp\/produit\/shampooing-bio-contre-les-pellicules\/"},"modified":"2026-04-26T22:02:48","modified_gmt":"2026-04-26T20:02:48","slug":"shampooing-bio-contre-les-pellicules","status":"publish","type":"product","link":"https:\/\/www.biobey.be\/fr\/produit\/shampooing-bio-contre-les-pellicules\/","title":{"rendered":"Shampoing dermite s\u00e9borrh\u00e9ique naturel antipelliculaire 150ml"},"content":{"rendered":"<p>Le shampoing dermite s\u00e9borrh\u00e9ique naturel traite les pellicules sans affecter le cuir chevelu. Il r\u00e9duit les d\u00e9mangeaisons du cuir chevelu et apaise l&rsquo;inconfort caus\u00e9 par les probl\u00e8mes de cuir chevelu. Le shampoing Capillus de la marque Cannaderm est un <strong>rem\u00e8de efficace contre les pellicules<\/strong> tenaces et la <strong>dermite s\u00e9borrh\u00e9ique<\/strong>, aussi appel\u00e9e ecz\u00e9ma s\u00e9borrh\u00e9ique.<\/p>\n<h2>Quel est le meilleur shampoing contre la dermite s\u00e9borrh\u00e9ique de Cannaderm?<\/h2>\n<p>Le meilleur <strong>shampoing dermite s\u00e9borrh\u00e9ique<\/strong> naturel de Cannaderm est le shampoing Capillus. Ceci gr\u00e2ce \u00e0 sa formule \u00e0 base d&rsquo;huile de graines de chanvre, d&rsquo;huiles v\u00e9g\u00e9tales et de sel de la mer morte. Le shampoing soulage les <strong>d\u00e9mangeaisons du cuir chevelu<\/strong>, les irritations et les sympt\u00f4mes de <strong>l\u2019ecz\u00e9ma atopique<\/strong> ou du psoriasis.<\/p>\n<p>L&rsquo;efficacit\u00e9 de shampoing dermite s\u00e9borrh\u00e9ique naturel application chez les personnes souffrant d&rsquo;ecz\u00e9ma, de desquamation et de dermite s\u00e9borrh\u00e9ique a \u00e9t\u00e9 examin\u00e9e et confirm\u00e9e par des des personnes souffrant de ces affections du cuir chevelu.<\/p>\n<h3>Shampoing dermite s\u00e9borrh\u00e9ique naturel contre les pellicules<\/h3>\n<p>Ce shampoing dermite s\u00e9borrh\u00e9ique naturel \u00e0 base <strong>d\u2019huile de chanvre<\/strong> \u00e9limine efficacement les pellicules (flocons blancs ou jaunes du cuir chevelu) et emp\u00eache la formation de nouveaux flocons. Apr\u00e8s le lavage, les cheveux et le cuir chevelu sont parfaitement propres, sans sensation de d\u00e9shydratation ou d\u2019irritation.<\/p>\n<p>Le shampoing dermite s\u00e9borrh\u00e9ique sans sulfates de <strong>Cannaderm<\/strong> est un produit <strong>naturel certifi\u00e9 CPK<\/strong>. Il a \u00e9t\u00e9 sp\u00e9cialement d\u00e9velopp\u00e9 pour le <strong>traitement des pellicules<\/strong> tenaces (ecz\u00e9ma s\u00e9borrh\u00e9ique du cuir chevelu), des d\u00e9mangeaisons du cuir chevelu et des irritations caus\u00e9es par l\u2019<strong>ecz\u00e9ma<\/strong> s\u00e9borrh\u00e9ique.<\/p>\n<h3>Traitement naturel du cuir chevelu avec shampoing dermite s\u00e9borrh\u00e9ique<\/h3>\n<p>Le traitement intensif des probl\u00e8mes du cuir chevelu avec le Capillus shampoing dermite s\u00e9borrh\u00e9ique aide \u00e0 combattre de mani\u00e8re naturelle et efficace les probl\u00e8mes de la peau et du cuir chevelu tels que la s\u00e9borrh\u00e9e, les pellicules tenaces (flocons gras ou secs), les rougeurs, les d\u00e9mangeaisons et l\u2019<strong>irritation du cuir chevelu<\/strong>.<\/p>\n<p>La formule unique de Capillus, \u00e0 base d\u2019huile de chanvre biologique et de <strong>sel de la mer morte<\/strong>, permet non seulement de traiter les squames existantes et les d\u00e9mangeaisons, mais aussi de pr\u00e9venir la formation de nouvelles squames.<\/p>\n<p>Le <strong>shampooing antipelliculaire naturel<\/strong> ne contient pas de d\u00e9tergents agressifs, ni de sulfates et nettoie en douceur le cuir chevelu et les cheveux.<\/p>\n<p><strong>Qu&rsquo;est-ce que l&rsquo;ecz\u00e9ma s\u00e9borrh\u00e9ique ?<\/strong><\/p>\n<p>L&rsquo;ecz\u00e9ma s\u00e9borrh\u00e9ique est une r\u00e9action inflammatoire de la peau o\u00f9 sont pr\u00e9sentes de nombreuses glandes s\u00e9bac\u00e9es. Ce type d&rsquo;ecz\u00e9ma se manifeste g\u00e9n\u00e9ralement sur le cuir chevelu. Les signes principaux de l&rsquo;ecz\u00e9ma s\u00e9borrh\u00e9ique sont la rougeur et les pellicules huileuses, les plaques s\u00e8ches.<\/p>\n<h4>Les effets de Capillus \u2013 Shampoing dermite s\u00e9borrh\u00e9ique naturel contre les pellicules<\/h4>\n<p>Aide contre les pellicules<br \/>\nSoulage les d\u00e9mangeaisons et les irritations du cuir chevelu<br \/>\nR\u00e9gule la production de s\u00e9bum et emp\u00eache la formation de nouveaux flocons.<\/p>\n<h3>Shampoing dermite s\u00e9borrh\u00e9ique contre les pellicules donne plus de brillance et de volume \u00e0 vos cheveux<\/h3>\n<p>Gr\u00e2ce \u00e0 sa composition unique \u00e0 forte teneur en puissants extraits de chanvre b\u00e9n\u00e9fiques, ce shampoing dermite s\u00e9borrh\u00e9ique a un <strong>effet nourrissant<\/strong> et revitalisant sur le cuir chevelu et les cheveux. Il est non seulement efficace contre la s\u00e9borrh\u00e9e, mais il rend les cheveux plus \u00e9pais et plus brillants de mani\u00e8re naturelle.<\/p>\n<h4>Combien de fois faut-il utiliser un shampooing antipelliculaire ?<\/h4>\n<p>Le shampoing naturel antipelliculaire Capillus peut \u00eatre utilis\u00e9 quotidiennement, car il ne contient pas de k\u00e9toconazole ni d&rsquo;autres ingr\u00e9dients nocifs pour la sant\u00e9. Dans la phase initiale du traitement antipelliculaire ou de l&rsquo;ecz\u00e9ma s\u00e9borrh\u00e9ique, vous pouvez utiliser ce shampoing 3 \u00e0 4 fois par semaine.<\/p>\n<p>Au bout d&rsquo;une semaine ou lorsque vous ne remarquez presque plus de squames ou de d\u00e9mangeaisons, vous pouvez r\u00e9duire l&rsquo;utilisation \u00e0 deux fois par semaine.<\/p>\n<h4>Comment utiliser le shampoing dermite s\u00e9borrh\u00e9ique?<\/h4>\n<ol>\n<li>Bien agiter avant l\u2019emploi.<\/li>\n<li>Appliquez le shampoing dermite s\u00e9borrh\u00e9ique naturel sur les cheveux mouill\u00e9s.<\/li>\n<li>Masser doucement, surtout sur le cuir chevelu. Pour que le cuir chevelu absorbe mieux les principes actifs<\/li>\n<li>Laissez agir pendant 3 \u00e0 5 minutes, puis rincez abondamment \u00e0 l\u2019eau.<\/li>\n<\/ol>\n<p>Conseil: pour les cas s\u00e9v\u00e8res de pellicules avec d\u00e9mangeaisons du cuir chevelu.\u00a0 Massez bien le shampooing dans le cuir chevelu pendant 1 \u00e0 2 minutes. Laissez ensuite le shampooing agir pendant 10 minutes.<\/p>\n<p>Pour un effet encore plus fort, le shampooing peut \u00eatre utilis\u00e9 en combinaison avec la lotion contre les d\u00e9mangeaisons du cuir chevelu. Cliquez ici pour d\u00e9couvrir la<a href=\"https:\/\/www.biobey.be\/fr\/produit\/traitement-demangeaison-cuir-chevelu\/\"> lotion pour le cuir chevelu Atopos de Cananderm<\/a>.<br \/>\nIl est recommand\u00e9 de v\u00e9rifier qu&rsquo;il n&rsquo;y a pas dans la composition de comop\u00e8nes auxquels vous \u00eates allergique.<\/p>\n<p>Ne contient pas de THC<br \/>\nContenu: 150 ml<\/p>\n<p>INCI: Aqua, Glycerin, Cocamidopropyl Betaine, Cannabis Sativa Seed Oil, Sodium Cocoyl Glutamate, Sodium Chloride,Citrus Grandis Seed Extract, Eugenia Caryophyllus Leaf Oil, Glyceryl, Caprylate, Eugenol, Xanthan Gum, Ocimum Basilicum Oil,<\/p>\n<p>Salicylic Acid, Cannabis Sativa Seed Extract, Maris Sal, Pimpinella Anisum Fruit Oil, Glyceryl Undecylenate, Isopropyl Alcohol, Inositol, p-anisic, acid, Linalool<\/p>\n<p><strong>Ce produit convient-il aux personnes souffrant d&rsquo;une intol\u00e9rance au gluten?<\/strong><\/p>\n<p>Oui, Capillus shampoing dermite s\u00e9borrh\u00e9ique naturel convient aux personnes intol\u00e9rantes au gluten. La formule naturelle ne contient pas de gluten. Le shampooing Capillus est produit par Cananderm. Ce fabricant tch\u00e8que est sp\u00e9cialis\u00e9 dans la production de produits naturels b\u00e9n\u00e9fiques \u00e0 base d&rsquo;extraits de plantes biologiques.<\/p>\n","protected":false},"excerpt":{"rendered":"<p>Le<strong> shampoing dermite s\u00e9borrh\u00e9ique naturel<\/strong> est antipelliculaire. Ce shampoing Capillus a \u00e9t\u00e9 sp\u00e9cialement d\u00e9velopp\u00e9 pour le <strong>traitement des pellicules<\/strong> tenaces (ecz\u00e9ma s\u00e9borrh\u00e9ique du cuir chevelu), des d\u00e9mangeaisons du cuir chevelu et des irritations caus\u00e9es par <strong>l\u2019ecz\u00e9ma s\u00e9borrh\u00e9ique<\/strong>.<\/p>\n","protected":false},"featured_media":237,"comment_status":"open","ping_status":"closed","template":"","meta":{"ocean_post_layout":"","ocean_both_sidebars_style":"","ocean_both_sidebars_content_width":0,"ocean_both_sidebars_sidebars_width":0,"ocean_sidebar":"0","ocean_second_sidebar":"0","ocean_disable_margins":"enable","ocean_add_body_class":"","ocean_shortcode_before_top_bar":"","ocean_shortcode_after_top_bar":"","ocean_shortcode_before_header":"","ocean_shortcode_after_header":"","ocean_has_shortcode":"","ocean_shortcode_after_title":"","ocean_shortcode_before_footer_widgets":"","ocean_shortcode_after_footer_widgets":"","ocean_shortcode_before_footer_bottom":"","ocean_shortcode_after_footer_bottom":"","ocean_display_top_bar":"default","ocean_display_header":"default","ocean_header_style":"","ocean_center_header_left_menu":"0","ocean_custom_header_template":"0","ocean_custom_logo":0,"ocean_custom_retina_logo":0,"ocean_custom_logo_max_width":0,"ocean_custom_logo_tablet_max_width":0,"ocean_custom_logo_mobile_max_width":0,"ocean_custom_logo_max_height":0,"ocean_custom_logo_tablet_max_height":0,"ocean_custom_logo_mobile_max_height":0,"ocean_header_custom_menu":"0","ocean_menu_typo_font_family":"0","ocean_menu_typo_font_subset":"","ocean_menu_typo_font_size":0,"ocean_menu_typo_font_size_tablet":0,"ocean_menu_typo_font_size_mobile":0,"ocean_menu_typo_font_size_unit":"px","ocean_menu_typo_font_weight":"","ocean_menu_typo_font_weight_tablet":"","ocean_menu_typo_font_weight_mobile":"","ocean_menu_typo_transform":"","ocean_menu_typo_transform_tablet":"","ocean_menu_typo_transform_mobile":"","ocean_menu_typo_line_height":0,"ocean_menu_typo_line_height_tablet":0,"ocean_menu_typo_line_height_mobile":0,"ocean_menu_typo_line_height_unit":"","ocean_menu_typo_spacing":0,"ocean_menu_typo_spacing_tablet":0,"ocean_menu_typo_spacing_mobile":0,"ocean_menu_typo_spacing_unit":"","ocean_menu_link_color":"","ocean_menu_link_color_hover":"","ocean_menu_link_color_active":"","ocean_menu_link_background":"","ocean_menu_link_hover_background":"","ocean_menu_link_active_background":"","ocean_menu_social_links_bg":"","ocean_menu_social_hover_links_bg":"","ocean_menu_social_links_color":"","ocean_menu_social_hover_links_color":"","ocean_disable_title":"default","ocean_disable_heading":"default","ocean_post_title":"","ocean_post_subheading":"","ocean_post_title_style":"","ocean_post_title_background_color":"","ocean_post_title_background":0,"ocean_post_title_bg_image_position":"","ocean_post_title_bg_image_attachment":"","ocean_post_title_bg_image_repeat":"","ocean_post_title_bg_image_size":"","ocean_post_title_height":0,"ocean_post_title_bg_overlay":0.5,"ocean_post_title_bg_overlay_color":"","ocean_disable_breadcrumbs":"default","ocean_breadcrumbs_color":"","ocean_breadcrumbs_separator_color":"","ocean_breadcrumbs_links_color":"","ocean_breadcrumbs_links_hover_color":"","ocean_display_footer_widgets":"default","ocean_display_footer_bottom":"default","ocean_custom_footer_template":"0"},"product_brand":[109],"product_cat":[50,41,33,47,31,25,16,24,43],"product_tag":[127,128,125],"class_list":{"0":"post-2212","1":"product","2":"type-product","3":"status-publish","4":"has-post-thumbnail","6":"product_brand-cannaderm","7":"product_cat-traitement-capillaire-intensif","8":"product_cat-cbd-et-chanvre-biologique","9":"product_cat-irritation-cutanee-eczema-et-psoriasis","10":"product_cat-offres-et-minis","11":"product_cat-sante","12":"product_cat-shampooing-naturel","13":"product_cat-soins","14":"product_cat-soins-cheveux","15":"product_cat-soins-naturels-cbd","16":"product_tag-sans-silicone","17":"product_tag-sanssulfates","18":"product_tag-vegan","20":"entry","21":"has-media","23":"first","24":"instock","25":"taxable","26":"shipping-taxable","27":"purchasable","28":"product-type-simple","29":"has-rating","30":"col","31":"span_1_of_3","32":"owp-content-center","33":"owp-thumbs-layout-horizontal","34":"owp-btn-normal","35":"owp-tabs-layout-section","36":"has-no-thumbnails","37":"circle-sale"},"_links":{"self":[{"href":"https:\/\/www.biobey.be\/fr\/wp-json\/wp\/v2\/product\/2212","targetHints":{"allow":["GET"]}}],"collection":[{"href":"https:\/\/www.biobey.be\/fr\/wp-json\/wp\/v2\/product"}],"about":[{"href":"https:\/\/www.biobey.be\/fr\/wp-json\/wp\/v2\/types\/product"}],"replies":[{"embeddable":true,"href":"https:\/\/www.biobey.be\/fr\/wp-json\/wp\/v2\/comments?post=2212"}],"wp:featuredmedia":[{"embeddable":true,"href":"https:\/\/www.biobey.be\/fr\/wp-json\/wp\/v2\/media\/237"}],"wp:attachment":[{"href":"https:\/\/www.biobey.be\/fr\/wp-json\/wp\/v2\/media?parent=2212"}],"wp:term":[{"taxonomy":"product_brand","embeddable":true,"href":"https:\/\/www.biobey.be\/fr\/wp-json\/wp\/v2\/product_brand?post=2212"},{"taxonomy":"product_cat","embeddable":true,"href":"https:\/\/www.biobey.be\/fr\/wp-json\/wp\/v2\/product_cat?post=2212"},{"taxonomy":"product_tag","embeddable":true,"href":"https:\/\/www.biobey.be\/fr\/wp-json\/wp\/v2\/product_tag?post=2212"}],"curies":[{"name":"wp","href":"https:\/\/api.w.org\/{rel}","templated":true}]}}