{"id":2213,"date":"2023-09-09T23:39:20","date_gmt":"2023-09-09T21:39:20","guid":{"rendered":"https:\/\/www.biobey.be\/fr-temp\/produit\/shampooing-naturel-pour-les-cheveux-gras\/"},"modified":"2025-07-11T13:40:43","modified_gmt":"2025-07-11T11:40:43","slug":"shampooing-naturel-pour-les-cheveux-gras","status":"publish","type":"product","link":"https:\/\/www.biobey.be\/fr\/produit\/shampooing-naturel-pour-les-cheveux-gras\/","title":{"rendered":"Shampooing Naturel pour les cheveux gras 200 ml"},"content":{"rendered":"<p>Shampooing naturel pour les cheveux gras sans silicones ni sulfates est compos\u00e9 d&rsquo;huiles et d&rsquo;extraits naturels de plantes. Le shampooing Naturel au chanvre Cannaderm est sp\u00e9cialement \u00e9labor\u00e9 pour prendre soin des cheveux gras et normaux.<\/p>\n<p>Il nettoie les cheveux et le cuir chevelu en profondeur et en douceur. Il convient donc aux personnes ayant un cuir chevelu sensible. Apr\u00e8s le lavage, les cheveux sont doux et soyeux et ont une brillance naturelle.<\/p>\n<p>Le shampooing Naturel pour les cheveux gras a <strong>un effet r\u00e9gulateur du s\u00e9bum<\/strong>. Il \u00e9limine l&rsquo;exc\u00e8s de s\u00e9bum du cuir chevelu et des cheveux. Le shampooing ne contient aucun ingr\u00e9dient irritant susceptible d&rsquo;endommager le cuir chevelu, de sorte qu&rsquo;il ne produit plus de s\u00e9bum en exc\u00e8s.<\/p>\n<p>Le shampoing Naturel pour les cheveux gras, en plus de sa fonction de r\u00e9gulation du s\u00e9bum, a aussi un effet hydratant sur le cuir chevelu. Il <strong>aide \u00e0 maintenir la valeur du pH de la peau en \u00e9quilibre.<\/strong><\/p>\n<h2>Shampooing Naturel pour les cheveux gras au chanvre Cannaderm<\/h2>\n<p>Le shampoing Naturel au chanvre Cannaderm est compos\u00e9 d&rsquo;ingr\u00e9dients naturels tels que l&rsquo;extrait de graines de chanvre, l&rsquo;huile de graines de chanvre, les p\u00e9pins de pamplemousse et la citronnelle.<\/p>\n<p>L&rsquo;extrait de graines de chanvre r\u00e9duit la production excessive de s\u00e9bum. Il assure un \u00e9quilibre sain du cuir chevelu et pr\u00e9vient l&rsquo;exc\u00e8s de s\u00e9bum. L&rsquo;extrait de graines de chanvre a des propri\u00e9t\u00e9s anti-bact\u00e9riennes et anti-inflammatoires.<\/p>\n<p>L&rsquo;huile de graines de chanvre contient des acides gras insatur\u00e9s qui nourrissent les cheveux et le cuir chevelu. Elle stimule la croissance des cheveux et les renforce. Le pamplemousse contient une forte teneur en vitamine C. Cet antioxydant prot\u00e8ge l&rsquo;organisme contre les influences n\u00e9gatives des radicaux libres.<\/p>\n<p>Il stimule une bonne circulation sanguine vers le cuir chevelu. Cela favorise la croissance de cheveux plus \u00e9pais et plus r\u00e9sistants. Le shampooing naturel pour les cheveux gras rend les cheveux beaux et volumineux.<br \/>\nCertificat : CPK Natural<\/p>\n<p>Utilisation <strong>:<\/strong> Appliquez le shampoing sur les cheveux mouill\u00e9s et faites mousser. Rincez ensuite. Convient aux cuirs chevelus sensibles. Pour les personnes ayant des cheveux gras \u00e0 normaux.<\/p>\n<p>INCI: Aqua, Glycerin, Cocamidopropyl Betaine, Sodium Coco Glucomate, Sodium chloride, (Extrait de p\u00e9pins de courge) Citrus Grandis Seed Exract, (Des huiles v\u00e9g\u00e9tales) Glyceryl Caprlate, Xanthan Gum, (plantaardige melkzuur) Lactic acid,<\/p>\n<p>Cannabis Sativa Seed Oil, ,Cannabis Sativa Seed Extract, (Alcool de sucre de c\u00e9r\u00e9ales) Inositol, (Lavendel) Lavandula Angustifolia Oil, Glyceryl Undecylenate, Isopropyl Alcohol, (Citronnelle) Cymbopogon Flexuosus Oil, (Acide anisique des huiles essentielles) P-Anisic Acid, Citral , Linalool<\/p>\n","protected":false},"excerpt":{"rendered":"<p>Le shampooing Naturel pour les cheveux gras sans silicones ni sulfates a un effet r\u00e9gulateur du s\u00e9bum. Le shampooing naturel pour les cheveux gras rend les cheveux beaux et volumineux.<\/p>\n","protected":false},"featured_media":262,"comment_status":"open","ping_status":"closed","template":"","meta":{"ocean_post_layout":"","ocean_both_sidebars_style":"","ocean_both_sidebars_content_width":0,"ocean_both_sidebars_sidebars_width":0,"ocean_sidebar":"","ocean_second_sidebar":"","ocean_disable_margins":"enable","ocean_add_body_class":"","ocean_shortcode_before_top_bar":"","ocean_shortcode_after_top_bar":"","ocean_shortcode_before_header":"","ocean_shortcode_after_header":"","ocean_has_shortcode":"","ocean_shortcode_after_title":"","ocean_shortcode_before_footer_widgets":"","ocean_shortcode_after_footer_widgets":"","ocean_shortcode_before_footer_bottom":"","ocean_shortcode_after_footer_bottom":"","ocean_display_top_bar":"default","ocean_display_header":"default","ocean_header_style":"","ocean_center_header_left_menu":"","ocean_custom_header_template":"","ocean_custom_logo":0,"ocean_custom_retina_logo":0,"ocean_custom_logo_max_width":0,"ocean_custom_logo_tablet_max_width":0,"ocean_custom_logo_mobile_max_width":0,"ocean_custom_logo_max_height":0,"ocean_custom_logo_tablet_max_height":0,"ocean_custom_logo_mobile_max_height":0,"ocean_header_custom_menu":"","ocean_menu_typo_font_family":"","ocean_menu_typo_font_subset":"","ocean_menu_typo_font_size":0,"ocean_menu_typo_font_size_tablet":0,"ocean_menu_typo_font_size_mobile":0,"ocean_menu_typo_font_size_unit":"px","ocean_menu_typo_font_weight":"","ocean_menu_typo_font_weight_tablet":"","ocean_menu_typo_font_weight_mobile":"","ocean_menu_typo_transform":"","ocean_menu_typo_transform_tablet":"","ocean_menu_typo_transform_mobile":"","ocean_menu_typo_line_height":0,"ocean_menu_typo_line_height_tablet":0,"ocean_menu_typo_line_height_mobile":0,"ocean_menu_typo_line_height_unit":"","ocean_menu_typo_spacing":0,"ocean_menu_typo_spacing_tablet":0,"ocean_menu_typo_spacing_mobile":0,"ocean_menu_typo_spacing_unit":"","ocean_menu_link_color":"","ocean_menu_link_color_hover":"","ocean_menu_link_color_active":"","ocean_menu_link_background":"","ocean_menu_link_hover_background":"","ocean_menu_link_active_background":"","ocean_menu_social_links_bg":"","ocean_menu_social_hover_links_bg":"","ocean_menu_social_links_color":"","ocean_menu_social_hover_links_color":"","ocean_disable_title":"default","ocean_disable_heading":"default","ocean_post_title":"","ocean_post_subheading":"","ocean_post_title_style":"","ocean_post_title_background_color":"","ocean_post_title_background":0,"ocean_post_title_bg_image_position":"","ocean_post_title_bg_image_attachment":"","ocean_post_title_bg_image_repeat":"","ocean_post_title_bg_image_size":"","ocean_post_title_height":0,"ocean_post_title_bg_overlay":0.5,"ocean_post_title_bg_overlay_color":"","ocean_disable_breadcrumbs":"default","ocean_breadcrumbs_color":"","ocean_breadcrumbs_separator_color":"","ocean_breadcrumbs_links_color":"","ocean_breadcrumbs_links_hover_color":"","ocean_display_footer_widgets":"default","ocean_display_footer_bottom":"default","ocean_custom_footer_template":""},"product_brand":[109],"product_cat":[25,16,24],"product_tag":[133,127,128,125],"class_list":{"0":"post-2213","1":"product","2":"type-product","3":"status-publish","4":"has-post-thumbnail","6":"product_brand-cannaderm","7":"product_cat-shampooing-naturel","8":"product_cat-soins","9":"product_cat-soins-cheveux","10":"product_tag-sansparfumsynthetique","11":"product_tag-sans-silicone","12":"product_tag-sanssulfates","13":"product_tag-vegan","15":"entry","16":"has-media","18":"first","19":"instock","20":"taxable","21":"shipping-taxable","22":"purchasable","23":"product-type-simple","24":"has-rating","25":"col","26":"span_1_of_3","27":"owp-content-center","28":"owp-thumbs-layout-horizontal","29":"owp-btn-normal","30":"owp-tabs-layout-section","31":"has-no-thumbnails","32":"circle-sale"},"_links":{"self":[{"href":"https:\/\/www.biobey.be\/fr\/wp-json\/wp\/v2\/product\/2213","targetHints":{"allow":["GET"]}}],"collection":[{"href":"https:\/\/www.biobey.be\/fr\/wp-json\/wp\/v2\/product"}],"about":[{"href":"https:\/\/www.biobey.be\/fr\/wp-json\/wp\/v2\/types\/product"}],"replies":[{"embeddable":true,"href":"https:\/\/www.biobey.be\/fr\/wp-json\/wp\/v2\/comments?post=2213"}],"wp:featuredmedia":[{"embeddable":true,"href":"https:\/\/www.biobey.be\/fr\/wp-json\/wp\/v2\/media\/262"}],"wp:attachment":[{"href":"https:\/\/www.biobey.be\/fr\/wp-json\/wp\/v2\/media?parent=2213"}],"wp:term":[{"taxonomy":"product_brand","embeddable":true,"href":"https:\/\/www.biobey.be\/fr\/wp-json\/wp\/v2\/product_brand?post=2213"},{"taxonomy":"product_cat","embeddable":true,"href":"https:\/\/www.biobey.be\/fr\/wp-json\/wp\/v2\/product_cat?post=2213"},{"taxonomy":"product_tag","embeddable":true,"href":"https:\/\/www.biobey.be\/fr\/wp-json\/wp\/v2\/product_tag?post=2213"}],"curies":[{"name":"wp","href":"https:\/\/api.w.org\/{rel}","templated":true}]}}