{"id":2214,"date":"2025-01-11T23:08:05","date_gmt":"2025-01-11T22:08:05","guid":{"rendered":"https:\/\/www.biobey.be\/fr-temp\/produit\/gel-jambes-lourdes-et-fatiguees-100ml\/"},"modified":"2026-04-16T13:21:15","modified_gmt":"2026-04-16T11:21:15","slug":"gel-jambes-lourdes-et-fatiguees-100ml","status":"publish","type":"product","link":"https:\/\/www.biobey.be\/fr\/produit\/gel-jambes-lourdes-et-fatiguees-100ml\/","title":{"rendered":"Gel Jambes lourdes et fatigu\u00e9es 100ml"},"content":{"rendered":"<p>Gel jambes lourdes et fatigu\u00e9es de Cannaderm, \u00e0 haute teneur en extraits de chanvre b\u00e9n\u00e9fiques, soulage les jambes douloureuses et fatigu\u00e9es. Il r\u00e9duit \u00e9galement les varices visibles. Le gel naturel Cannaderm contre les jambes lourdes am\u00e9liore la circulation sanguine et a un effet analg\u00e9sique.<\/p>\n<p>Le gel jambes lourdes Venosil a \u00e9t\u00e9 sp\u00e9cialement d\u00e9velopp\u00e9 pour les personnes qui souffrent de jambes lourdes et fatigu\u00e9es. \u00c9galement pour les jambes gonfl\u00e9es, les chevilles enfl\u00e9es et les jambes en g\u00e9n\u00e9ral. Apr\u00e8s l&rsquo;application, le gel a un effet analg\u00e9sique contre les jambes fatigu\u00e9es. Avec une utilisation r\u00e9guli\u00e8re, il aide \u00e0 lutter contre la cause du probl\u00e8me et contribue au traitement des varices.<\/p>\n<h2>Venosil gel\u00a0 jambes lourdes et fatigu\u00e9es &#8211; gel varices<\/h2>\n<p>Venosil contre jambes lourdes et fatigu\u00e9es est un gel contre les jambes douloureuses et les varices. Le gel Jambes lourdes contient une formule active naturelle efficace qui <strong>aide \u00e0 soulager les douleurs telles que les jambes fatigu\u00e9es<\/strong>, les jambes gonfl\u00e9es qui semblent lourdes. En outre, il sert \u00e9galement \u00e0 r\u00e9duire les varices visibles. Il am\u00e9liore la circulation sanguine et donne une agr\u00e9able sensation de l\u00e9g\u00e8ret\u00e9 aux jambes fatigu\u00e9es.<\/p>\n<p>L&rsquo;extrait de chanvre contient une forte teneur en acides gras insatur\u00e9s om\u00e9ga 3, 6 et 9. Ils sont importants pour la sant\u00e9 des articulations, du c\u0153ur et des vaisseaux sanguins. Il contient des min\u00e9raux tels que le magn\u00e9sium, le fer, le calcium, l&rsquo;iode et le phosphore qui assurent un bon fonctionnement du corps et une bonne gestion de l&rsquo;\u00e9nergie.<\/p>\n<p>De plus, l&rsquo;extrait de chanvre est riche en vitamine B-complexe, vitamine E et vitamine C.<\/p>\n<p>Le gel <strong>jambes lourdes Venosil<\/strong> contient des ingr\u00e9dients tels que l&rsquo;arnica, le calendula, l&rsquo;agrimonia et l&rsquo;extrait de consoude. Gr\u00e2ce \u00e0 la combinaison de ces puissants extraits de plantes, Venosil gel assure une action rapide et efficace contre les jambes lourdes.<\/p>\n<p><strong>Venosil gel jambes lourdes est recommand\u00e9 pour les probl\u00e8mes de jambes lourdes suivants:<\/strong><\/p>\n<p>Jambes douloureuses, jambes gonfl\u00e9es et fatigu\u00e9es. Les femmes enceintes qui souffrent de jambes lourdes. En cas de pr\u00e9disposition h\u00e9r\u00e9ditaire au d\u00e9veloppement de varices et de jambes fatigu\u00e9es, le gel peut \u00eatre utilis\u00e9 contre les jambes lourdes pour am\u00e9liorer la circulation sanguine et pr\u00e9venir les sympt\u00f4mes.<\/p>\n<p>Le gel jambes lourdes Venosil r\u00e9duit les varices et emp\u00eache l&rsquo;accumulation de liquide. Convient aux personnes qui restent debout ou assises pendant une longue p\u00e9riode pour \u00e9viter les chevilles enfl\u00e9es et les jambes lourdes.<\/p>\n<p><strong>Fonctionnement :<\/strong><br \/>\n&#8211; <strong>R\u00e9duit les \u00ab\u00a0chevilles \u00e9paisses\u00a0\u00bb<\/strong>, les jambes gonfl\u00e9es et douloureuses<br \/>\n&#8211; Donne une agr\u00e9able sensation de l\u00e9g\u00e8ret\u00e9 aux jambes fatigu\u00e9es<br \/>\n&#8211; Am\u00e9liore la circulation sanguine<br \/>\n&#8211; Aide \u00e0 l&rsquo;accumulation de liquide dans les jambes<br \/>\n&#8211; R\u00e9duit la sensation de jambes agit\u00e9es<br \/>\n&#8211; Att\u00e9nue les varices<\/p>\n<p>Utilisation : Appliquez le gel sur la partie inf\u00e9rieure des jambes. Massez Venosil par des mouvements ascendants des pieds aux chevilles jusqu&rsquo;\u00e0 la moiti\u00e9 de la cuisse (vers le c\u0153ur).<br \/>\nLe gel pour jambes fatigu\u00e9es peut \u00eatre appliqu\u00e9 plusieurs fois par jour selon les besoins. Pour les varices visibles, un gel suppl\u00e9mentaire peut \u00eatre appliqu\u00e9 directement.<\/p>\n<p>En raison de la forte concentration d&rsquo;extrait naturel, le gel a une couleur naturelle. Lavez-vous soigneusement les mains apr\u00e8s utilisation. \u00c9vitez le contact avec les yeux. Pour un usage externe. Ne pr\u00e9sente pas de contre-indications par rapport \u00e0 d&rsquo;autres m\u00e9dicaments et\/ou traitements.<\/p>\n<p>IMPORTANT : Ne pas utiliser le gel directement sur la \u00ab\u00a0jambe ouverte\u00a0\u00bb ou l&rsquo;ulc\u00e8re crural. Une zone ouverte ou un ulc\u00e8re sur les jambes et une plaie ouverte.<\/p>\n<p>INCI: Aqua, Alcohol denat., (Huile de chanvre) Cannabis Sativa Seed Oil, Propylene Glycol, Polyglyceryl-6 Distearate, Symphytum Officinale Extract, Cetyl Alcohol, Glyceryl Caprylate, Carbomer, Cetyl\/stearyl alcohol, ( arnica) Arnica Montana Extract, Abies Sibirica Oil,<\/p>\n<p>Mentha Piperita Oil, Menthol, Calendula Officinalis Flower Extract, Glyceryl Undecylenate, p-Anisic Acid, Agrimonia Eupatoria Extract, Cymbopogon Flexuosus Oil, Foeniculum Vulgare Oil, Sodium Hydroxide, Citral, Rutin, Limonene, Geraniol, Linalool.<\/p>\n","protected":false},"excerpt":{"rendered":"<p>Venosil r\u00e9duit les \u00ab\u00a0chevilles \u00e9paisses\u00a0\u00bb, les jambes gonfl\u00e9es et douloureuses. Donne une agr\u00e9able sensation de l\u00e9g\u00e8ret\u00e9 aux jambes fatigu\u00e9es et am\u00e9liore la circulation sanguine.<\/p>\n","protected":false},"featured_media":268,"comment_status":"open","ping_status":"closed","template":"","meta":{"ocean_post_layout":"","ocean_both_sidebars_style":"","ocean_both_sidebars_content_width":0,"ocean_both_sidebars_sidebars_width":0,"ocean_sidebar":"0","ocean_second_sidebar":"0","ocean_disable_margins":"enable","ocean_add_body_class":"","ocean_shortcode_before_top_bar":"","ocean_shortcode_after_top_bar":"","ocean_shortcode_before_header":"","ocean_shortcode_after_header":"","ocean_has_shortcode":"","ocean_shortcode_after_title":"","ocean_shortcode_before_footer_widgets":"","ocean_shortcode_after_footer_widgets":"","ocean_shortcode_before_footer_bottom":"","ocean_shortcode_after_footer_bottom":"","ocean_display_top_bar":"default","ocean_display_header":"default","ocean_header_style":"","ocean_center_header_left_menu":"0","ocean_custom_header_template":"0","ocean_custom_logo":0,"ocean_custom_retina_logo":0,"ocean_custom_logo_max_width":0,"ocean_custom_logo_tablet_max_width":0,"ocean_custom_logo_mobile_max_width":0,"ocean_custom_logo_max_height":0,"ocean_custom_logo_tablet_max_height":0,"ocean_custom_logo_mobile_max_height":0,"ocean_header_custom_menu":"0","ocean_menu_typo_font_family":"0","ocean_menu_typo_font_subset":"","ocean_menu_typo_font_size":0,"ocean_menu_typo_font_size_tablet":0,"ocean_menu_typo_font_size_mobile":0,"ocean_menu_typo_font_size_unit":"px","ocean_menu_typo_font_weight":"","ocean_menu_typo_font_weight_tablet":"","ocean_menu_typo_font_weight_mobile":"","ocean_menu_typo_transform":"","ocean_menu_typo_transform_tablet":"","ocean_menu_typo_transform_mobile":"","ocean_menu_typo_line_height":0,"ocean_menu_typo_line_height_tablet":0,"ocean_menu_typo_line_height_mobile":0,"ocean_menu_typo_line_height_unit":"","ocean_menu_typo_spacing":0,"ocean_menu_typo_spacing_tablet":0,"ocean_menu_typo_spacing_mobile":0,"ocean_menu_typo_spacing_unit":"","ocean_menu_link_color":"","ocean_menu_link_color_hover":"","ocean_menu_link_color_active":"","ocean_menu_link_background":"","ocean_menu_link_hover_background":"","ocean_menu_link_active_background":"","ocean_menu_social_links_bg":"","ocean_menu_social_hover_links_bg":"","ocean_menu_social_links_color":"","ocean_menu_social_hover_links_color":"","ocean_disable_title":"default","ocean_disable_heading":"default","ocean_post_title":"","ocean_post_subheading":"","ocean_post_title_style":"","ocean_post_title_background_color":"","ocean_post_title_background":0,"ocean_post_title_bg_image_position":"","ocean_post_title_bg_image_attachment":"","ocean_post_title_bg_image_repeat":"","ocean_post_title_bg_image_size":"","ocean_post_title_height":0,"ocean_post_title_bg_overlay":0.5,"ocean_post_title_bg_overlay_color":"","ocean_disable_breadcrumbs":"default","ocean_breadcrumbs_color":"","ocean_breadcrumbs_separator_color":"","ocean_breadcrumbs_links_color":"","ocean_breadcrumbs_links_hover_color":"","ocean_display_footer_widgets":"default","ocean_display_footer_bottom":"default","ocean_custom_footer_template":"0"},"product_brand":[109],"product_cat":[43,41,47,32,31],"product_tag":[126,133,127,128,125],"class_list":{"0":"post-2214","1":"product","2":"type-product","3":"status-publish","4":"has-post-thumbnail","6":"product_brand-cannaderm","7":"product_cat-soins-naturels-cbd","8":"product_cat-cbd-et-chanvre-biologique","9":"product_cat-offres-et-minis","10":"product_cat-muscles-articulations-et-dos","11":"product_cat-sante","12":"product_tag-sans-paraben","13":"product_tag-sansparfumsynthetique","14":"product_tag-sans-silicone","15":"product_tag-sanssulfates","16":"product_tag-vegan","18":"entry","19":"has-media","21":"first","22":"instock","23":"taxable","24":"shipping-taxable","25":"purchasable","26":"product-type-simple","27":"has-rating","28":"col","29":"span_1_of_3","30":"owp-content-center","31":"owp-thumbs-layout-horizontal","32":"owp-btn-normal","33":"owp-tabs-layout-section","34":"has-no-thumbnails","35":"circle-sale"},"_links":{"self":[{"href":"https:\/\/www.biobey.be\/fr\/wp-json\/wp\/v2\/product\/2214","targetHints":{"allow":["GET"]}}],"collection":[{"href":"https:\/\/www.biobey.be\/fr\/wp-json\/wp\/v2\/product"}],"about":[{"href":"https:\/\/www.biobey.be\/fr\/wp-json\/wp\/v2\/types\/product"}],"replies":[{"embeddable":true,"href":"https:\/\/www.biobey.be\/fr\/wp-json\/wp\/v2\/comments?post=2214"}],"wp:featuredmedia":[{"embeddable":true,"href":"https:\/\/www.biobey.be\/fr\/wp-json\/wp\/v2\/media\/268"}],"wp:attachment":[{"href":"https:\/\/www.biobey.be\/fr\/wp-json\/wp\/v2\/media?parent=2214"}],"wp:term":[{"taxonomy":"product_brand","embeddable":true,"href":"https:\/\/www.biobey.be\/fr\/wp-json\/wp\/v2\/product_brand?post=2214"},{"taxonomy":"product_cat","embeddable":true,"href":"https:\/\/www.biobey.be\/fr\/wp-json\/wp\/v2\/product_cat?post=2214"},{"taxonomy":"product_tag","embeddable":true,"href":"https:\/\/www.biobey.be\/fr\/wp-json\/wp\/v2\/product_tag?post=2214"}],"curies":[{"name":"wp","href":"https:\/\/api.w.org\/{rel}","templated":true}]}}