{"id":2217,"date":"2024-04-04T13:05:43","date_gmt":"2024-04-04T11:05:43","guid":{"rendered":"https:\/\/www.biobey.be\/fr-temp\/produit\/serum-anti-age-bio-efficace-30ml\/"},"modified":"2026-02-20T19:14:26","modified_gmt":"2026-02-20T18:14:26","slug":"serum-anti-age-bio-efficace-30ml","status":"publish","type":"product","link":"https:\/\/www.biobey.be\/fr\/produit\/serum-anti-age-bio-efficace-30ml\/","title":{"rendered":"S\u00e9rum anti-\u00e2ge bio efficace 30ml"},"content":{"rendered":"<p>S\u00e9rum anti-\u00e2ge bio est sp\u00e9cialement formul\u00e9 pour remplir les rides et corriger la peau ternes et fatigu\u00e9e. Elle hydrate intens\u00e9ment la peau au niveau cellulaire et favorise l&rsquo;apport de vitamines aux tissus cutan\u00e9s. Ce s\u00e9rum anti-\u00e2ge bio 100% naturel pour la peau a une formule hautement concentr\u00e9e en isoflavones de soja, en extraits de ginseng et de gotu-kola.<\/p>\n<p>Gr\u00e2ce \u00e0 la stimulation de la production de collag\u00e8ne, le s\u00e9rum anti-\u00e2ge bio permet de lutter contre les signes de vieillissement de la peau. Le s\u00e9rum au collag\u00e8ne p\u00e9n\u00e8tre en profondeur dans la peau et renforce les cellules du tissu conjonctif (fibroblastes). Il a un effet de comblement des lignes fines et raffermit la peau.<\/p>\n<h2>S\u00e9rum anti-\u00e2ge avec bio des ingr\u00e9dients stimulant la production de collag\u00e8ne<\/h2>\n<p>Le s\u00e9rum anti-\u00e2ge bio favorise la production de collag\u00e8ne et d&rsquo;\u00e9lastine. Cela restaure l&rsquo;\u00e9lasticit\u00e9 de la peau et assure une peau plus ferme. L&rsquo;extrait de ginseng contient une forte concentration d&rsquo;antioxydants et de phytonutriments.<\/p>\n<p>Ile est connue pour son effet de cicatrisation et de gu\u00e9rison des cicatrices sur la peau. L&rsquo;extrait de ginseng, riche en complexe de vitamine B et en min\u00e9raux, estompe les pores, les ridules et les cicatrices cutan\u00e9es superficielles.<\/p>\n<p>La fonction de stimulation du collag\u00e8ne a \u00e9t\u00e9 \u00e9tablie en laboratoire. L&rsquo;extrait m\u00e9dicinal de Gotu-Kola est un agent de raffermissement du tissu conjonctif. Il est riche en b\u00eata-carot\u00e8ne, en acides gras insatur\u00e9s, en substances phytochimiques et en acides amin\u00e9s.<\/p>\n<p>Une tr\u00e8s forte concentration de ces substances dans le s\u00e9rum anti-\u00e2ge bio <strong>assure la r\u00e9cup\u00e9ration de la peau et la r\u00e9duction visible des rides superficielles.<\/strong><\/p>\n<h2>Le s\u00e9rum anti-\u00e2ge bio bloque la d\u00e9gradation du collag\u00e8ne<\/h2>\n<p>Les recherches sur l&rsquo;effet des isoflavones de soja ont prouv\u00e9 qu&rsquo;elles bloquent la d\u00e9gradation du collag\u00e8ne dans la peau. Le collag\u00e8ne reste plus longtemps dans la peau. Il en r\u00e9sulte une r\u00e9duction des rides et un raffermissement de la structure du visage.<\/p>\n<p>Les isoflavones de soja ont une influence positive sur le m\u00e9tabolisme du collag\u00e8ne. Ils prot\u00e8gent la peau contre les radicaux libres et les facteurs environnementaux n\u00e9gatifs.<\/p>\n<p>Les antioxydants contenus dans le s\u00e9rum anti-\u00e2ge bio prot\u00e8gent la peau contre les influences nocives des radicaux libres et du stress oxydant.<\/p>\n<p>Le s\u00e9rum anti-\u00e2ge bio convient aux v\u00e9g\u00e9taliens et ne fait pas de tests sur les animaux. C&rsquo;est un produit naturel pur, sans silicone, sans vaseline, sans parabens et sans parfum de synth\u00e8se.<\/p>\n<p><strong>Type de peau:<\/strong><br \/>\nPeau avec rides ou lignes fines<br \/>\nPeau sensible<br \/>\nPeau s\u00e8che<br \/>\nPeau grasse<\/p>\n<p><strong>Fonctionnement:<\/strong><br \/>\n-Remplit les rides et ridules, ce qui fait plonger la peau.<br \/>\n&#8211; Fournit une hydratation cellulaire profonde de la peau et emp\u00eache la perte d&rsquo;humidit\u00e9<br \/>\n&#8211; Favorise la production de collag\u00e8ne et d&rsquo;\u00e9lastine pour une peau plus ferme et plus \u00e9lastique<br \/>\n&#8211; Emp\u00eache la d\u00e9gradation du collag\u00e8ne dans la peau<br \/>\n&#8211; Restaure la peau et r\u00e9duit les cicatrices et les ridules<\/p>\n<h3>Comment appliquer le s\u00e9rum antirides ?<\/h3>\n<p>Appliquer le s\u00e9rum anti-rides Naturys sur le visage et le cou apr\u00e8s avoir nettoy\u00e9 la peau. Eviter le contact avec les yeux. Masser doucement le s\u00e9rum antirides Naturys jusqu&rsquo;\u00e0 ce qu&rsquo;il soit enti\u00e8rement absorb\u00e9.<\/p>\n<h2>Que faut-il appliquer avant un s\u00e9rum ou une cr\u00e8me ?<\/h2>\n<p>Un s\u00e9rum anti-rides doit \u00eatre appliqu\u00e9 avant la cr\u00e8me de jour ou de nuit. Un s\u00e9rum a une consistance aqueuse fine et a pour fonction de nourrir et de soigner intens\u00e9ment la peau. En outre, un s\u00e9rum antirides permet aux ingr\u00e9dients de la cr\u00e8me d&rsquo;\u00eatre mieux absorb\u00e9s par la peau.<\/p>\n<p>Il convient donc d&rsquo;appliquer d&rsquo;abord un s\u00e9rum anti-rides, puis une cr\u00e8me de jour anti-\u00e2ge. Si un s\u00e9rum est appliqu\u00e9 apr\u00e8s une cr\u00e8me de jour, il ne peut pas \u00eatre correctement absorb\u00e9 par la peau.<\/p>\n<h3>Combien de temps un s\u00e9rum doit-il \u00eatre absorb\u00e9 ?<\/h3>\n<p>Laissez agir le s\u00e9rum anti-rides Naturys pendant environ quatre \u00e0 cinq minutes, puis appliquez une cr\u00e8me anti-\u00e2ge nourrissante.<\/p>\n<p>Ce produit approuv\u00e9 par les dermatologues a \u00e9t\u00e9 test\u00e9 cliniquement pour son efficacit\u00e9 dans le traitement des rides.<\/p>\n<p>Ingr\u00e9dients : Aqua, Glycerin, Olea Europaea Fruit Oil* (Huile de fruit de l&rsquo;olive), Glycine Soja* Oil, Soy Isoflavones, (M\u00fbre)Rubus Chamaemorus Seed Oil, (Ginseng)Panax Ginseng Root Extract, (Gotu-Kola) Centella Asiatica Extract, Phospholipids,<\/p>\n<p>Benzyl Alcohol, Sodium Benzoate, Potassium Sorbate, Lecithin, Alcohol (Alcool), Xanthan Gum (Gomme de xanthane) , Citric Acid, Fragrance (origine naturelle)<\/p>\n<p>*Provenant de l&rsquo;agriculture biologique et \u00e9cologique<\/p>\n","protected":false},"excerpt":{"rendered":"<p>S\u00e9rum anti-\u00e2ge bio est une rem\u00e8de anti-ride puissant naturel. Il a un effet de comblement des lignes fines et raffermit la peau. S\u00e9rum anti-\u00e2ge bio hydratent et raffermissant pour le traitement des rides.<\/p>\n<p>Le s\u00e9rum anti-\u00e2ge Naturys a \u00e9t\u00e9 remplac\u00e9 par le s\u00e9rum Lifting de Bema Bio. Le s\u00e9rum Lifting de Bema Bio est l&rsquo;un des best-sellers anti-rides avec les m\u00eames propri\u00e9t\u00e9s que le s\u00e9rum anti-\u00e2ge Naturys.<\/p>\n<p>&#8211; Favorise la production de collag\u00e8ne et d&rsquo;\u00e9lastine pour une peau plus ferme et plus \u00e9lastique<br \/>\n&#8211; Emp\u00eache la d\u00e9gradation du collag\u00e8ne dans la peau<br \/>\n&#8211; Restaure la peau et r\u00e9duit les cicatrices et les ridules<\/p>\n","protected":false},"featured_media":231,"comment_status":"open","ping_status":"closed","template":"","meta":{"ocean_post_layout":"","ocean_both_sidebars_style":"","ocean_both_sidebars_content_width":0,"ocean_both_sidebars_sidebars_width":0,"ocean_sidebar":"0","ocean_second_sidebar":"0","ocean_disable_margins":"enable","ocean_add_body_class":"","ocean_shortcode_before_top_bar":"","ocean_shortcode_after_top_bar":"","ocean_shortcode_before_header":"","ocean_shortcode_after_header":"","ocean_has_shortcode":"","ocean_shortcode_after_title":"","ocean_shortcode_before_footer_widgets":"","ocean_shortcode_after_footer_widgets":"","ocean_shortcode_before_footer_bottom":"","ocean_shortcode_after_footer_bottom":"","ocean_display_top_bar":"default","ocean_display_header":"default","ocean_header_style":"","ocean_center_header_left_menu":"0","ocean_custom_header_template":"0","ocean_custom_logo":0,"ocean_custom_retina_logo":0,"ocean_custom_logo_max_width":0,"ocean_custom_logo_tablet_max_width":0,"ocean_custom_logo_mobile_max_width":0,"ocean_custom_logo_max_height":0,"ocean_custom_logo_tablet_max_height":0,"ocean_custom_logo_mobile_max_height":0,"ocean_header_custom_menu":"0","ocean_menu_typo_font_family":"0","ocean_menu_typo_font_subset":"","ocean_menu_typo_font_size":0,"ocean_menu_typo_font_size_tablet":0,"ocean_menu_typo_font_size_mobile":0,"ocean_menu_typo_font_size_unit":"px","ocean_menu_typo_font_weight":"","ocean_menu_typo_font_weight_tablet":"","ocean_menu_typo_font_weight_mobile":"","ocean_menu_typo_transform":"","ocean_menu_typo_transform_tablet":"","ocean_menu_typo_transform_mobile":"","ocean_menu_typo_line_height":0,"ocean_menu_typo_line_height_tablet":0,"ocean_menu_typo_line_height_mobile":0,"ocean_menu_typo_line_height_unit":"","ocean_menu_typo_spacing":0,"ocean_menu_typo_spacing_tablet":0,"ocean_menu_typo_spacing_mobile":0,"ocean_menu_typo_spacing_unit":"","ocean_menu_link_color":"","ocean_menu_link_color_hover":"","ocean_menu_link_color_active":"","ocean_menu_link_background":"","ocean_menu_link_hover_background":"","ocean_menu_link_active_background":"","ocean_menu_social_links_bg":"","ocean_menu_social_hover_links_bg":"","ocean_menu_social_links_color":"","ocean_menu_social_hover_links_color":"","ocean_disable_title":"default","ocean_disable_heading":"default","ocean_post_title":"","ocean_post_subheading":"","ocean_post_title_style":"","ocean_post_title_background_color":"","ocean_post_title_background":0,"ocean_post_title_bg_image_position":"","ocean_post_title_bg_image_attachment":"","ocean_post_title_bg_image_repeat":"","ocean_post_title_bg_image_size":"","ocean_post_title_height":0,"ocean_post_title_bg_overlay":0.5,"ocean_post_title_bg_overlay_color":"","ocean_disable_breadcrumbs":"default","ocean_breadcrumbs_color":"","ocean_breadcrumbs_separator_color":"","ocean_breadcrumbs_links_color":"","ocean_breadcrumbs_links_hover_color":"","ocean_display_footer_widgets":"default","ocean_display_footer_bottom":"default","ocean_custom_footer_template":"0"},"product_brand":[108],"product_cat":[19,17,16,20],"product_tag":[133,127,128,125],"class_list":{"0":"post-2217","1":"product","2":"type-product","3":"status-publish","4":"has-post-thumbnail","6":"product_brand-naturys","7":"product_cat-cremes-naturelles-de-jour-et-de-nuit","8":"product_cat-soins-du-visage","9":"product_cat-soins","10":"product_cat-anti-age","11":"product_tag-sansparfumsynthetique","12":"product_tag-sans-silicone","13":"product_tag-sanssulfates","14":"product_tag-vegan","16":"entry","17":"has-media","19":"first","20":"instock","21":"taxable","22":"shipping-taxable","23":"purchasable","24":"product-type-simple","25":"has-rating","26":"col","27":"span_1_of_3","28":"owp-content-center","29":"owp-thumbs-layout-horizontal","30":"owp-btn-normal","31":"owp-tabs-layout-section","32":"has-no-thumbnails","33":"circle-sale"},"_links":{"self":[{"href":"https:\/\/www.biobey.be\/fr\/wp-json\/wp\/v2\/product\/2217","targetHints":{"allow":["GET"]}}],"collection":[{"href":"https:\/\/www.biobey.be\/fr\/wp-json\/wp\/v2\/product"}],"about":[{"href":"https:\/\/www.biobey.be\/fr\/wp-json\/wp\/v2\/types\/product"}],"replies":[{"embeddable":true,"href":"https:\/\/www.biobey.be\/fr\/wp-json\/wp\/v2\/comments?post=2217"}],"wp:featuredmedia":[{"embeddable":true,"href":"https:\/\/www.biobey.be\/fr\/wp-json\/wp\/v2\/media\/231"}],"wp:attachment":[{"href":"https:\/\/www.biobey.be\/fr\/wp-json\/wp\/v2\/media?parent=2217"}],"wp:term":[{"taxonomy":"product_brand","embeddable":true,"href":"https:\/\/www.biobey.be\/fr\/wp-json\/wp\/v2\/product_brand?post=2217"},{"taxonomy":"product_cat","embeddable":true,"href":"https:\/\/www.biobey.be\/fr\/wp-json\/wp\/v2\/product_cat?post=2217"},{"taxonomy":"product_tag","embeddable":true,"href":"https:\/\/www.biobey.be\/fr\/wp-json\/wp\/v2\/product_tag?post=2217"}],"curies":[{"name":"wp","href":"https:\/\/api.w.org\/{rel}","templated":true}]}}