{"id":2218,"date":"2026-03-05T19:53:08","date_gmt":"2026-03-05T18:53:08","guid":{"rendered":"https:\/\/www.biobey.be\/fr-temp\/produit\/fluide-anti-ride-et-anti-lumiere-bleue\/"},"modified":"2026-04-08T16:06:24","modified_gmt":"2026-04-08T14:06:24","slug":"fluide-anti-ride-et-anti-lumiere-bleue","status":"publish","type":"product","link":"https:\/\/www.biobey.be\/fr\/produit\/fluide-anti-ride-et-anti-lumiere-bleue\/","title":{"rendered":"Fluide Anti-ride et Anti-lumi\u00e8re bleue 30 ml"},"content":{"rendered":"<p>Fluide Anti-ride et Anti-lumi\u00e8re bleue contre les rides prot\u00e8ge la peau du vieillissement pr\u00e9matur\u00e9 en luttant contre les effets n\u00e9fastes du stress oxydatif.<\/p>\n<p>Fluide Anti-ride et Anti-lumi\u00e8re bleue anti-rides naturel prot\u00e8ge la peau des effets du stress oxydatif caus\u00e9 par les facteurs environnementaux tels que les rayons UV et la lumi\u00e8re bleue (HEVL &#8211; Blue Light). Son complexe anti-lumi\u00e8re bleue <span style=\"color: #0000ff;\"><a style=\"color: #0000ff;\" href=\"https:\/\/www.biobey.be\/fr\/produit\/creme-de-jour-eclaircissante-bio-argital\/\">aide \u00e0 pr\u00e9venir l&rsquo;hyperpigmentation et les rides<\/a><\/span> r\u00e9sultant de la lumi\u00e8re bleue des appareils num\u00e9riques.<\/p>\n<h2>Fluide Anti-ride et Anti-lumi\u00e8re bleue est-il efficace ?<\/h2>\n<p>Fluide Anti-ride et Anti-lumi\u00e8re bleue de Bema doit son action efficace \u00e0 sa formule \u00e0 base de complexe d&rsquo;\u00e9cran visible et d&rsquo;extraits organiques b\u00e9n\u00e9fiques.<\/p>\n<p>Le s\u00e9rum forme une couche protectrice sur la peau et r\u00e9fl\u00e9chit la lumi\u00e8re bleue nocive de l&rsquo;\u00e9cran. Il contient en outre des extraits biologiques de rose de Damas, d&rsquo;huile d&rsquo;argan, d&rsquo;avocat et d&rsquo;huile de p\u00e9pins de tomate.<\/p>\n<p>Les huiles biologiques d&rsquo;argan et d&rsquo;avocat sont riches en vitamine E, qui aide \u00e0 prot\u00e9ger la peau du stress oxydatif. Ces huiles contiennent des antioxydants et des acides gras insatur\u00e9s qui <span style=\"color: #0000ff;\"><a style=\"color: #0000ff;\" href=\"https:\/\/www.biobey.be\/fr\/produit\/creme-visage-bio-a-effet-botox-50ml\/\">renforcent l&rsquo;\u00e9lasticit\u00e9 de la peau et unifient le teint<\/a><\/span>. Le s\u00e9rum \u00e0 la lumi\u00e8re bleue prot\u00e8ge des rides et apporte \u00e0 la peau l&rsquo;hydratation n\u00e9cessaire.<\/p>\n<h2>Comment le fluide Anti-ride et Anti-lumi\u00e8re bleue agit-il ?<\/h2>\n<p>La texture douce et l\u00e9g\u00e8re du s\u00e9rum antirides a un effet apaisant. La consistance fine du s\u00e9rum est rapidement absorb\u00e9e par la peau et ne laisse pas de film gras sur la peau.<\/p>\n<p>Le s\u00e9rum anti-rides protecteur \u00e0 base de Visible Screen Complex, d\u00e9velopp\u00e9 dans le laboratoire BEMA, prot\u00e8ge la peau des influences n\u00e9fastes de la lumi\u00e8re bleue, des rayons UV et des radicaux libres qui font vieillir la peau.<\/p>\n<p>Le complexe Visible Screen est une formule innovante d&rsquo;ingr\u00e9dients qui prot\u00e8ge la peau des influences nocives de la lumi\u00e8re bleue et des rayons UV.<\/p>\n<p>Gr\u00e2ce \u00e0 son action efficace, il aide \u00e0 r\u00e9duire les dommages caus\u00e9s par la lumi\u00e8re bleue. Outre son effet protecteur,il <span style=\"color: #0000ff;\"><a style=\"color: #0000ff;\" href=\"https:\/\/www.biobey.be\/fr\/produit\/creme-effet-liftant-immediat-bema-bio-50\/\">am\u00e9liore l&rsquo;\u00e9lasticit\u00e9 de la peau et lui donne un aspect plus ferme<\/a><\/span>. Elle nourrit la peau et att\u00e9nue les ridules.<\/p>\n<h2>La lumi\u00e8re bleue a-t-elle une incidence sur la formation des rides ?<\/h2>\n<p>Plusieurs \u00e9tudes ont montr\u00e9 qu&rsquo;une exposition prolong\u00e9e et r\u00e9guli\u00e8re \u00e0 la lumi\u00e8re bleue (lumi\u00e8re bleue, HEVL) provenant des ordinateurs, des t\u00e9l\u00e9phones portables et de l&rsquo;\u00e9clairage, acc\u00e9l\u00e8re le processus de vieillissement de la peau.<\/p>\n<p>Elle acc\u00e9l\u00e8re les effets n\u00e9gatifs des radicaux libres et du stress oxydatif. Ainsi, l&rsquo;exposition \u00e0 la lumi\u00e8re bleue peut provoquer des taches sombres et des rides pr\u00e9matur\u00e9es sur le visage.<\/p>\n<p>La lumi\u00e8re bleue (lumi\u00e8re bleue) p\u00e9n\u00e8tre plus profond\u00e9ment dans les couches de la peau que les rayons UV. Elle affecte n\u00e9gativement le fonctionnement des cellules de la peau. C&rsquo;est pourquoi on parle de \u00ab vieillissement num\u00e9rique \u00bb. La lumi\u00e8re bleue acc\u00e9l\u00e8re le processus d&rsquo;oxydation et affaiblit la barri\u00e8re naturelle de la peau.<\/p>\n<p>Le complexe Visual Screen du s\u00e9rum protecteur contre les rides forme une couche protectrice invisible autour de la peau qui a un effet r\u00e9fl\u00e9chissant sur la lumi\u00e8re bleue, l&#8217;emp\u00eachant de p\u00e9n\u00e9trer dans la peau.<\/p>\n<h2>Les bienfaits du Fluide Anti-ride et Anti-lumi\u00e8re bleue<\/h2>\n<p>Le s\u00e9rum protecteur contre les rides et les taches brunes contient une forte concentration d&rsquo;antioxydants qui prot\u00e8gent la peau des influences des facteurs environnementaux nocifs tels que la lumi\u00e8re bleue de l&rsquo;\u00e9cran num\u00e9rique.<\/p>\n<p>Outre le complexe Visual Screen, le s\u00e9rum contient de l&rsquo;huile de p\u00e9pins de raisin, de l&rsquo;huile d&rsquo;argan et de l&rsquo;huile d&rsquo;avocat biologiques.<\/p>\n<p>L&rsquo;huile de p\u00e9pins de raisin contient des niveaux \u00e9lev\u00e9s de vitamine E et d&rsquo;OPS. Ce sont des antioxydants puissants qui stimulent la production de collag\u00e8ne et am\u00e9liorent l&rsquo;\u00e9lasticit\u00e9 de la peau.<\/p>\n<p>L&rsquo;acide linol\u00e9nique contenu dans l&rsquo;huile de p\u00e9pins de raisin r\u00e9pare les petites cicatrices et estompe les taches pigmentaires. L&rsquo;huile d&rsquo;argan hydrate la peau en p\u00e9n\u00e9trant profond\u00e9ment dans la peau sans obstruer les pores.<\/p>\n<p>Les produits de soins biologiques Bema sont v\u00e9g\u00e9taliens. Les produits ainsi que les mati\u00e8res premi\u00e8res ne sont pas test\u00e9s sur les animaux.<\/p>\n<p>Les produits de soin bio Bema utilisent des extraits bruts issus de l&rsquo;agriculture biologique. Le s\u00e9rum est test\u00e9 dermatologiquement et approuv\u00e9 pour tous les types de peau.<br \/>\nIl est exempt de silicones, de parab\u00e8nes, de vaseline, de parfums synth\u00e9tiques, de colorants et d&rsquo;irritants.<\/p>\n<h3>Y a-t-il d&rsquo;autres moyens de prot\u00e9ger la peau contre la lumi\u00e8re bleue ?<\/h3>\n<p>Oui, en plus du s\u00e9rum anti-lumi\u00e8re bleue et de la cr\u00e8me anti-lumi\u00e8re bleue de Bema Bio, vous pouvez \u00e9galement utiliser une <span style=\"color: #000080;\"><a style=\"color: #000080;\" href=\"https:\/\/www.biobey.be\/fr\/produit\/creme-solaire-visage-teintee-spf-30-bio\/\">cr\u00e8me solaire min\u00e9rale 100 % naturelle<\/a><\/span>. Comme cela a \u00e9t\u00e9 scientifiquement prouv\u00e9, les composants oxybenzone, avobenzone et octocryl\u00e8ne pr\u00e9sents dans les cr\u00e8mes solaires chimiques sont dangereux pour la sant\u00e9. Il est donc pr\u00e9f\u00e9rable d&rsquo;utiliser une cr\u00e8me solaire 100 % naturelle.<\/p>\n<p>La qualit\u00e9 du s\u00e9rum protecteur naturel contre les rides est garantie par plus de 30 ans d&rsquo;expertise dans les soins professionnels de la peau de BemaBio Cosmetici.<\/p>\n<h2>Comment utiliser l&rsquo;elixir Anti-ride et Anti-lumi\u00e8re bleue ?<\/h2>\n<p>Nettoyez la peau avec un gel nettoyant doux. Appliquer ensuite le s\u00e9rum sur le visage et masser jusqu&rsquo;\u00e0 ce qu&rsquo;il soit bien absorb\u00e9 par la peau. Le s\u00e9rum peut \u00eatre appliqu\u00e9 le matin et le soir. Peut \u00eatre utilis\u00e9 avec la cr\u00e8me anti-\u00e2ge Blue Defense.<\/p>\n<p>Peut \u00eatre utilis\u00e9 avec la cr\u00e8me blue defence anti-\u00e2ge.<\/p>\n<p><strong>INCI:<\/strong> Hordeum vulgare stem water*, Aqua, Glycerin, Vegetable oil, Lauryl glucoside, Polyglyceryl-2 dipolyhydroxystearate, Xanthan gum, Lycopene, Solanum lycopersicum seed oil, Centaurea cyanus flower water*, (Eau de fleurs de roses de Damas) Rosa damascena flower water*, Camellia sinensis leaf water*, Hydrolyzed verbascum thapsus flower*, Vaccinium macrocarpon seed oil, Argania spinosa kernel oil*,<\/p>\n<p>Oryza sativa bran oil, Vaccinium myrtillus fruit extract*, Arctostaphylos uva ursi leaf extract, Polygonum aviculare extract, Vitis vinifera seed oil*, Helianthus annuus seed oil, Glycyrrhiza glabra root extract*, Glyceryl oleate, Dicaprylyl carbonate, Caprylic\/capric triglyceride, (vitamine E) Tocopherol,<\/p>\n<p>Dehydroacetic acid, Sodium benzoate, Potassium sorbate, Citric acid, Benzyl alcohol, Fragrance (100% d&rsquo;origine naturelle), Citronellol**, Eugenol**,Limonene**, Linalool**<br \/>\n*Ingr\u00e9dients issus de l&rsquo;agriculture biologique<\/p>\n<p>** Composants des huiles essentielles<br \/>\n*** Fragrance 100% naturel d&rsquo;origine v\u00e9g\u00e9tale<\/p>\n","protected":false},"excerpt":{"rendered":"<p>Fluide Anti-ride et Anti-lumi\u00e8re bleue avec filtres contre la lumi\u00e8re bleue et les rayons UV. Elle prot\u00e8ge contre le vieillissement pr\u00e9matur\u00e9 de la peau et contre les taches brunes caus\u00e9e par la lumi\u00e8re bleue des appareils num\u00e9riques.<\/p>\n","protected":false},"featured_media":234,"comment_status":"open","ping_status":"closed","template":"","meta":{"ocean_post_layout":"","ocean_both_sidebars_style":"","ocean_both_sidebars_content_width":0,"ocean_both_sidebars_sidebars_width":0,"ocean_sidebar":"0","ocean_second_sidebar":"0","ocean_disable_margins":"enable","ocean_add_body_class":"","ocean_shortcode_before_top_bar":"","ocean_shortcode_after_top_bar":"","ocean_shortcode_before_header":"","ocean_shortcode_after_header":"","ocean_has_shortcode":"","ocean_shortcode_after_title":"","ocean_shortcode_before_footer_widgets":"","ocean_shortcode_after_footer_widgets":"","ocean_shortcode_before_footer_bottom":"","ocean_shortcode_after_footer_bottom":"","ocean_display_top_bar":"default","ocean_display_header":"default","ocean_header_style":"","ocean_center_header_left_menu":"0","ocean_custom_header_template":"0","ocean_custom_logo":0,"ocean_custom_retina_logo":0,"ocean_custom_logo_max_width":0,"ocean_custom_logo_tablet_max_width":0,"ocean_custom_logo_mobile_max_width":0,"ocean_custom_logo_max_height":0,"ocean_custom_logo_tablet_max_height":0,"ocean_custom_logo_mobile_max_height":0,"ocean_header_custom_menu":"0","ocean_menu_typo_font_family":"0","ocean_menu_typo_font_subset":"","ocean_menu_typo_font_size":0,"ocean_menu_typo_font_size_tablet":0,"ocean_menu_typo_font_size_mobile":0,"ocean_menu_typo_font_size_unit":"px","ocean_menu_typo_font_weight":"","ocean_menu_typo_font_weight_tablet":"","ocean_menu_typo_font_weight_mobile":"","ocean_menu_typo_transform":"","ocean_menu_typo_transform_tablet":"","ocean_menu_typo_transform_mobile":"","ocean_menu_typo_line_height":0,"ocean_menu_typo_line_height_tablet":0,"ocean_menu_typo_line_height_mobile":0,"ocean_menu_typo_line_height_unit":"","ocean_menu_typo_spacing":0,"ocean_menu_typo_spacing_tablet":0,"ocean_menu_typo_spacing_mobile":0,"ocean_menu_typo_spacing_unit":"","ocean_menu_link_color":"","ocean_menu_link_color_hover":"","ocean_menu_link_color_active":"","ocean_menu_link_background":"","ocean_menu_link_hover_background":"","ocean_menu_link_active_background":"","ocean_menu_social_links_bg":"","ocean_menu_social_hover_links_bg":"","ocean_menu_social_links_color":"","ocean_menu_social_hover_links_color":"","ocean_disable_title":"default","ocean_disable_heading":"default","ocean_post_title":"","ocean_post_subheading":"","ocean_post_title_style":"","ocean_post_title_background_color":"","ocean_post_title_background":0,"ocean_post_title_bg_image_position":"","ocean_post_title_bg_image_attachment":"","ocean_post_title_bg_image_repeat":"","ocean_post_title_bg_image_size":"","ocean_post_title_height":0,"ocean_post_title_bg_overlay":0.5,"ocean_post_title_bg_overlay_color":"","ocean_disable_breadcrumbs":"default","ocean_breadcrumbs_color":"","ocean_breadcrumbs_separator_color":"","ocean_breadcrumbs_links_color":"","ocean_breadcrumbs_links_hover_color":"","ocean_display_footer_widgets":"default","ocean_display_footer_bottom":"default","ocean_custom_footer_template":"0"},"product_brand":[106],"product_cat":[19,17,16,20],"product_tag":[126,133,127,125],"class_list":{"0":"post-2218","1":"product","2":"type-product","3":"status-publish","4":"has-post-thumbnail","6":"product_brand-bema-bio","7":"product_cat-cremes-naturelles-de-jour-et-de-nuit","8":"product_cat-soins-du-visage","9":"product_cat-soins","10":"product_cat-anti-age","11":"product_tag-sans-paraben","12":"product_tag-sansparfumsynthetique","13":"product_tag-sans-silicone","14":"product_tag-vegan","16":"entry","17":"has-media","19":"first","20":"instock","21":"taxable","22":"shipping-taxable","23":"purchasable","24":"product-type-simple","25":"has-rating","26":"col","27":"span_1_of_3","28":"owp-content-center","29":"owp-thumbs-layout-horizontal","30":"owp-btn-normal","31":"owp-tabs-layout-section","32":"has-no-thumbnails","33":"circle-sale"},"_links":{"self":[{"href":"https:\/\/www.biobey.be\/fr\/wp-json\/wp\/v2\/product\/2218","targetHints":{"allow":["GET"]}}],"collection":[{"href":"https:\/\/www.biobey.be\/fr\/wp-json\/wp\/v2\/product"}],"about":[{"href":"https:\/\/www.biobey.be\/fr\/wp-json\/wp\/v2\/types\/product"}],"replies":[{"embeddable":true,"href":"https:\/\/www.biobey.be\/fr\/wp-json\/wp\/v2\/comments?post=2218"}],"wp:featuredmedia":[{"embeddable":true,"href":"https:\/\/www.biobey.be\/fr\/wp-json\/wp\/v2\/media\/234"}],"wp:attachment":[{"href":"https:\/\/www.biobey.be\/fr\/wp-json\/wp\/v2\/media?parent=2218"}],"wp:term":[{"taxonomy":"product_brand","embeddable":true,"href":"https:\/\/www.biobey.be\/fr\/wp-json\/wp\/v2\/product_brand?post=2218"},{"taxonomy":"product_cat","embeddable":true,"href":"https:\/\/www.biobey.be\/fr\/wp-json\/wp\/v2\/product_cat?post=2218"},{"taxonomy":"product_tag","embeddable":true,"href":"https:\/\/www.biobey.be\/fr\/wp-json\/wp\/v2\/product_tag?post=2218"}],"curies":[{"name":"wp","href":"https:\/\/api.w.org\/{rel}","templated":true}]}}