{"id":2220,"date":"2025-03-24T02:00:08","date_gmt":"2025-03-24T01:00:08","guid":{"rendered":"https:\/\/www.biobey.be\/fr-temp\/produit\/serum-liftant-immediat-anti-rides-30ml\/"},"modified":"2026-04-29T12:51:13","modified_gmt":"2026-04-29T10:51:13","slug":"serum-liftant-immediat-anti-rides-30ml","status":"publish","type":"product","link":"https:\/\/www.biobey.be\/fr\/produit\/serum-liftant-immediat-anti-rides-30ml\/","title":{"rendered":"S\u00e9rum liftant imm\u00e9diat anti-rides 30ml"},"content":{"rendered":"<p>S\u00e9rum liftant imm\u00e9diat est un s\u00e9rum raffermissant 100% naturel pour le visage. Il raffermit visiblement la peau instantan\u00e9ment, corriger les rides et prot\u00e9ger la peau contre les signes du vieillissement.<\/p>\n<p>Le s\u00e9rum liftant hydratant a un effet fermet\u00e9 instantan\u00e9 sur la peau. Le complexe liftant actif du s\u00e9rum raffermissant assure un r\u00e9sultat visible. Le s\u00e9rum liftant imm\u00e9diat lisse les rides et les lignes fines. Il renforce les contours du visage et donne \u00e0 la peau un aspect jeune et frais. Ce s\u00e9rum liftant pour le visage et le cou p\u00e9n\u00e8tre dans diff\u00e9rentes couches de la peau et a un effet lissant instantan\u00e9 sur la peau.<\/p>\n<p>Gr\u00e2ce \u00e0 ses puissants ingr\u00e9dients, il a un effet nourrissant sur la peau et peut \u00eatre utilis\u00e9 comme une cr\u00e8me liftante ou une cr\u00e8me anti-\u00e2ge. Il n&rsquo;est donc pas n\u00e9cessaire d&rsquo;utiliser une cr\u00e8me hydratante suppl\u00e9mentaire ou d&rsquo;autres cr\u00e8mes liftantes sur la peau.<\/p>\n<h2>S\u00e9rum liftant imm\u00e9diat &#8211; Raffermit et tonifie la peau<\/h2>\n<p>Le s\u00e9rum liftant anti-rides a une double action sur le visage. Un effet imm\u00e9diatement visible ainsi qu&rsquo;un effet de longue dur\u00e9e. L&rsquo;extrait d&rsquo;avena sativa contenu dans le s\u00e9rum se lie \u00e0 la peau et forme une couche \u00e9lastique sur la peau. Cela procure un effet lifting imm\u00e9diat et une peau visiblement plus ferme.<\/p>\n<p>De plus, il emp\u00eache la perte d&rsquo;humidit\u00e9 de la peau. Elle assure une hydratation intensive et fait dispara\u00eetre les signes de fatigue. La forte concentration d&rsquo;isoflavones de soja r\u00e9duit et pr\u00e9vient les rides. Les recherches sur les isoflavones de soja ont indiqu\u00e9 qu&rsquo;elles r\u00e9duisent la d\u00e9gradation du collag\u00e8ne.<\/p>\n<p>C&rsquo;est ce qu&rsquo;on appelle un booster de collag\u00e8ne v\u00e9g\u00e9tal. Le s\u00e9rum liftant imm\u00e9diat <strong>comble les ridules<\/strong> et prot\u00e8ge la peau contre le vieillissement pr\u00e9matur\u00e9 \u00e0 long terme.<\/p>\n<h3>Substances actives du s\u00e9rum liftant fermet\u00e9 bio<\/h3>\n<p>Le s\u00e9rum liftant anti-rides est compos\u00e9 d&rsquo;ingr\u00e9dients tels que l&rsquo;extrait d&rsquo;avena sativa, les isoflavones de soja, l&rsquo;extrait d&rsquo;algues rouges, l&rsquo;extrait de th\u00e9 vert et l&rsquo;eau florale de bleuet. L&rsquo;extrait de plante de th\u00e9 vert contient des polyph\u00e9nols et des flavono\u00efdes. Ces substances prot\u00e8gent la peau gr\u00e2ce \u00e0 leurs propri\u00e9t\u00e9s anti-oxydantes.<\/p>\n<p>L&rsquo;extrait d&rsquo;algues marines rouges contient un niveau \u00e9lev\u00e9 d&rsquo;oligo-\u00e9l\u00e9ments et d&rsquo;acides amin\u00e9s. Il est riche en antioxydants et en nutriments naturels qui nourrissent et r\u00e9g\u00e9n\u00e8rent la peau en profondeur. L&rsquo;extrait d&rsquo;algue rouge marine<strong> inhibe les enzymes qui d\u00e9composent le collag\u00e8ne, favorise l&rsquo;\u00e9lasticit\u00e9 de la peau.<\/strong><\/p>\n<p>Gr\u00e2ce \u00e0 ces propri\u00e9t\u00e9s, l&rsquo;extrait d&rsquo;algues rouges a une efficacit\u00e9 scientifiquement prouv\u00e9e dans le traitement des rides. Le s\u00e9rum liftant doit son efficacit\u00e9 \u00e0 sa formule unique et \u00e0 ses composants hautement efficaces<\/p>\n<p>L&rsquo;extrait d&rsquo;Avena sativa dans la composition de ce s\u00e9rum liftant assure non seulement un effet lifting visible imm\u00e9diat, mais prot\u00e8ge en plus contre les rayons UV nocifs. De plus, l&rsquo;extrait d&rsquo;Avena sativa a des propri\u00e9t\u00e9s anti-inflammatoires et anti-oxydantes. Il est donc utilis\u00e9 efficacement dans le traitement de diverses formes de troubles cutan\u00e9s.<\/p>\n<p>De plus, l&rsquo;extrait de th\u00e9 vert prot\u00e8ge des rayons UV. L&rsquo;eau de bleuet a des propri\u00e9t\u00e9s apaisantes et nourrissantes pour les peaux sensibles.<br \/>\nLe s\u00e9rum raffermissant lisse visiblement la peau et l&rsquo;am\u00e9liore \u00e0 long terme.<\/p>\n<p>Le s\u00e9rum liftant bio est vegan et 100% naturel. Il est sans parfum synth\u00e9tique, sans vaseline, sans silicone, sans colorants, etc. Les produits de soins Bema Bio ne sont pas test\u00e9s sur les animaux.<\/p>\n<p><strong>Application<\/strong> : Appliquer le s\u00e9rum liftant sur un visage nettoy\u00e9. Massez doucement jusqu&rsquo;\u00e0 ce qu&rsquo;il soit bien absorb\u00e9. Utilisez le s\u00e9rum deux fois par jour, le matin et le soir. Convient aux peaux sensibles.<\/p>\n<p><strong>Action :<\/strong> hydratation en profondeur, fermet\u00e9 de la peau et lisse l\u2019ovale du visage, effet liftant imm\u00e9diat, tonifie la peau, correction des rides<\/p>\n<p>Type de peau: peau s\u00e8che, peau terne, peau avec des rides, peau mixte, peau tr\u00e8s s\u00e8che, peau sensible, peau avec des ridules,<\/p>\n<p>Ingr\u00e9dients: (Extrait de plante de th\u00e9 vert) Camelia Sinensis* Leaf Water, Centaurea Cyanus ( Le Bleuet) * Flower Water, Chamomilla Recutita* (Vraie camomille) Flower Water, (Flocons d&rsquo;avoine) Avena Sativa* Kernel Extract, Glycerin, Soy Isoflavones, (Algues rouges)<\/p>\n<p>Porphyra Umbilicalis Exctract, Sodium Lactate, Xanthan Gum (Gomme de xanthane) , Citric Acid, Gardenia Florida Extract (Gardenia jasminoides), Pisum Sativum (Pois cultiv\u00e9) Extract, Dextrin, Benzyl Alcohol, Sodium Benzoate, Potassium Sorbate, Dehydroacetic Acid (naturelle) Parfum***\/Fragrance(naturelle), Linalool**, Limonene**, Geraniol**.<\/p>\n<p>Ce s\u00e9rum liftant naturel pour le visage contient du limon\u00e8ne, du linalol et du g\u00e9raniol naturels d\u00e9riv\u00e9s des huiles essentielles.<\/p>\n<p><strong>Pouvez-vous utiliser ce s\u00e9rum liftant naturel si vous \u00eates intol\u00e9rant au gluten ?<\/strong><br \/>\nOui, ce s\u00e9rum liftant ne contient pas de gluten et convient aux personnes intol\u00e9rantes au gluten. *Ingr\u00e9dients issus de l&rsquo;agriculture \u00e9cologique et biologique.<br \/>\n***Parfumerie d&rsquo;origine naturelle<br \/>\n**Composants des huiles essentielles<\/p>\n","protected":false},"excerpt":{"rendered":"<p>S\u00e9rum liftant imm\u00e9diat anti-rides affermit et tonifie la peau. Le s\u00e9rum liftant anti-rides \u00e0 une double action sur le visage. Un effet imm\u00e9diatement visible ainsi qu&rsquo;un effet de longue dur\u00e9e.<\/p>\n","protected":false},"featured_media":261,"comment_status":"open","ping_status":"closed","template":"","meta":{"ocean_post_layout":"","ocean_both_sidebars_style":"","ocean_both_sidebars_content_width":0,"ocean_both_sidebars_sidebars_width":0,"ocean_sidebar":"0","ocean_second_sidebar":"0","ocean_disable_margins":"enable","ocean_add_body_class":"","ocean_shortcode_before_top_bar":"","ocean_shortcode_after_top_bar":"","ocean_shortcode_before_header":"","ocean_shortcode_after_header":"","ocean_has_shortcode":"","ocean_shortcode_after_title":"","ocean_shortcode_before_footer_widgets":"","ocean_shortcode_after_footer_widgets":"","ocean_shortcode_before_footer_bottom":"","ocean_shortcode_after_footer_bottom":"","ocean_display_top_bar":"default","ocean_display_header":"default","ocean_header_style":"","ocean_center_header_left_menu":"0","ocean_custom_header_template":"0","ocean_custom_logo":0,"ocean_custom_retina_logo":0,"ocean_custom_logo_max_width":0,"ocean_custom_logo_tablet_max_width":0,"ocean_custom_logo_mobile_max_width":0,"ocean_custom_logo_max_height":0,"ocean_custom_logo_tablet_max_height":0,"ocean_custom_logo_mobile_max_height":0,"ocean_header_custom_menu":"0","ocean_menu_typo_font_family":"0","ocean_menu_typo_font_subset":"","ocean_menu_typo_font_size":0,"ocean_menu_typo_font_size_tablet":0,"ocean_menu_typo_font_size_mobile":0,"ocean_menu_typo_font_size_unit":"px","ocean_menu_typo_font_weight":"","ocean_menu_typo_font_weight_tablet":"","ocean_menu_typo_font_weight_mobile":"","ocean_menu_typo_transform":"","ocean_menu_typo_transform_tablet":"","ocean_menu_typo_transform_mobile":"","ocean_menu_typo_line_height":0,"ocean_menu_typo_line_height_tablet":0,"ocean_menu_typo_line_height_mobile":0,"ocean_menu_typo_line_height_unit":"","ocean_menu_typo_spacing":0,"ocean_menu_typo_spacing_tablet":0,"ocean_menu_typo_spacing_mobile":0,"ocean_menu_typo_spacing_unit":"","ocean_menu_link_color":"","ocean_menu_link_color_hover":"","ocean_menu_link_color_active":"","ocean_menu_link_background":"","ocean_menu_link_hover_background":"","ocean_menu_link_active_background":"","ocean_menu_social_links_bg":"","ocean_menu_social_hover_links_bg":"","ocean_menu_social_links_color":"","ocean_menu_social_hover_links_color":"","ocean_disable_title":"default","ocean_disable_heading":"default","ocean_post_title":"","ocean_post_subheading":"","ocean_post_title_style":"","ocean_post_title_background_color":"","ocean_post_title_background":0,"ocean_post_title_bg_image_position":"","ocean_post_title_bg_image_attachment":"","ocean_post_title_bg_image_repeat":"","ocean_post_title_bg_image_size":"","ocean_post_title_height":0,"ocean_post_title_bg_overlay":0.5,"ocean_post_title_bg_overlay_color":"","ocean_disable_breadcrumbs":"default","ocean_breadcrumbs_color":"","ocean_breadcrumbs_separator_color":"","ocean_breadcrumbs_links_color":"","ocean_breadcrumbs_links_hover_color":"","ocean_display_footer_widgets":"default","ocean_display_footer_bottom":"default","ocean_custom_footer_template":"0"},"product_brand":[106],"product_cat":[19,47,17,16,20],"product_tag":[133,127,128,125],"class_list":{"0":"post-2220","1":"product","2":"type-product","3":"status-publish","4":"has-post-thumbnail","6":"product_brand-bema-bio","7":"product_cat-cremes-naturelles-de-jour-et-de-nuit","8":"product_cat-offres-et-minis","9":"product_cat-soins-du-visage","10":"product_cat-soins","11":"product_cat-anti-age","12":"product_tag-sansparfumsynthetique","13":"product_tag-sans-silicone","14":"product_tag-sanssulfates","15":"product_tag-vegan","17":"entry","18":"has-media","20":"first","21":"instock","22":"featured","23":"taxable","24":"shipping-taxable","25":"purchasable","26":"product-type-simple","27":"has-rating","28":"col","29":"span_1_of_3","30":"owp-content-center","31":"owp-thumbs-layout-horizontal","32":"owp-btn-normal","33":"owp-tabs-layout-section","34":"has-no-thumbnails","35":"circle-sale"},"_links":{"self":[{"href":"https:\/\/www.biobey.be\/fr\/wp-json\/wp\/v2\/product\/2220","targetHints":{"allow":["GET"]}}],"collection":[{"href":"https:\/\/www.biobey.be\/fr\/wp-json\/wp\/v2\/product"}],"about":[{"href":"https:\/\/www.biobey.be\/fr\/wp-json\/wp\/v2\/types\/product"}],"replies":[{"embeddable":true,"href":"https:\/\/www.biobey.be\/fr\/wp-json\/wp\/v2\/comments?post=2220"}],"wp:featuredmedia":[{"embeddable":true,"href":"https:\/\/www.biobey.be\/fr\/wp-json\/wp\/v2\/media\/261"}],"wp:attachment":[{"href":"https:\/\/www.biobey.be\/fr\/wp-json\/wp\/v2\/media?parent=2220"}],"wp:term":[{"taxonomy":"product_brand","embeddable":true,"href":"https:\/\/www.biobey.be\/fr\/wp-json\/wp\/v2\/product_brand?post=2220"},{"taxonomy":"product_cat","embeddable":true,"href":"https:\/\/www.biobey.be\/fr\/wp-json\/wp\/v2\/product_cat?post=2220"},{"taxonomy":"product_tag","embeddable":true,"href":"https:\/\/www.biobey.be\/fr\/wp-json\/wp\/v2\/product_tag?post=2220"}],"curies":[{"name":"wp","href":"https:\/\/api.w.org\/{rel}","templated":true}]}}