{"id":2222,"date":"2025-01-11T23:26:46","date_gmt":"2025-01-11T22:26:46","guid":{"rendered":"https:\/\/www.biobey.be\/fr-temp\/produit\/creme-contre-leczema-atopos-75-g\/"},"modified":"2026-04-03T00:26:49","modified_gmt":"2026-04-02T22:26:49","slug":"creme-contre-leczema-atopos-75-g","status":"publish","type":"product","link":"https:\/\/www.biobey.be\/fr\/produit\/creme-contre-leczema-atopos-75-g\/","title":{"rendered":"Cr\u00e8me contre psoriasis Atopos 75 g"},"content":{"rendered":"<p>Cr\u00e8me contre l\u2019ecz\u00e9ma atopique Atopos de la marque Cannaderm est une cr\u00e8me au chanvre BIO pour le traitement des peaux rugueuses extr\u00eamement s\u00e8ches avec des squames, des rougeurs et des d\u00e9mangeaisons. Atopos am\u00e9liore l&rsquo;\u00e9tat g\u00e9n\u00e9ral de la peau atopique avec des sympt\u00f4mes d&rsquo;ecz\u00e9ma et de psoriasis.<br \/>\nAtopos hydrate intens\u00e9ment la peau tr\u00e8s s\u00e8che de l&rsquo;ecz\u00e9ma et soulage les d\u00e9mangeaisons.<\/p>\n<p>Cr\u00e8me contre l\u2019ecz\u00e9ma stimule ensuite la r\u00e9g\u00e9n\u00e9ration naturelle de la peau et renforce la fonction de barri\u00e8re de la peau. Les composants essentiels de la cr\u00e8me ecz\u00e9ma atopique sont l&rsquo;huile de chanvre biologique, le ch\u00e8vrefeuille, l&rsquo;arnica et le panth\u00e9nol.<\/p>\n<p>Gr\u00e2ce \u00e0 cette composition efficace, Atopos cr\u00e8me contre l\u2019ecz\u00e9ma est utilis\u00e9 avec succ\u00e8s pour le traitement des peaux extr\u00eamement s\u00e8ches souffrant d&rsquo;ecz\u00e9ma atopique.<\/p>\n<h2>Cr\u00e8me contre l\u2019ecz\u00e9ma atopique &#8211; substances actives<\/h2>\n<p>La cr\u00e8me contre l&rsquo;ecz\u00e9ma atopique est efficace gr\u00e2ce \u00e0 la forte concentration d&rsquo;huile de chanvre biologique (27%) enrichie d&rsquo;extraits de ch\u00e8vrefeuille et de panth\u00e9nol.<br \/>\nL&rsquo;huile de chanvre biologique et les extraits de chanvre ont de fortes propri\u00e9t\u00e9s anti-inflammatoires, r\u00e9paratrices et nourrissantes pour la peau.<\/p>\n<p>L&rsquo;extrait de fleur de Lonicera Caprifolium ou extrait de ch\u00e8vrefeuille a des propri\u00e9t\u00e9s antibact\u00e9riennes et anti-inflammatoires. De plus, le ch\u00e8vrefeuille a un effet rafra\u00eechissant qui adoucit et nourrit les affections cutan\u00e9es telles que l&rsquo;ecz\u00e9ma atopique.<br \/>\nLe panth\u00e9nol ou la provitamine B5 a un effet hydratant et calmant pour que la peau puisse se r\u00e9tablir plus rapidement. La provitamine B5 hydrate intens\u00e9ment la peau, la rendant douce et souple.<\/p>\n<h3>Effets de la cr\u00e8me contre l&rsquo;ecz\u00e9ma atopique de Cannaderm<\/h3>\n<p>Nourrit la peau rugueuse et extr\u00eamement s\u00e8che et renforce la fonction de barri\u00e8re de la peau.<br \/>\nA un effet hydratant et anti-inflammatoire, permettant \u00e0 la peau de r\u00e9cup\u00e9rer plus rapidement.<br \/>\nRafra\u00eechit et apaise la peau et soulage les d\u00e9mangeaisons<\/p>\n<p>La cr\u00e8me contre l&rsquo;ecz\u00e9ma atopique Atopos de la marque Cannaderm est un produit certifi\u00e9 par CPK BIO. La cr\u00e8me de chanvre bio Atopos ne contient aucune substance nocive et aucun parab\u00e8ne pouvant irriter la peau et aggraver l&rsquo;ecz\u00e9ma.<\/p>\n<p><strong>CERTIFICAT : CPK bio<\/strong> &#8211; Cosm\u00e9tiques biologiques certifi\u00e9s<br \/>\n<strong>Conseil<\/strong> : appliquez une fine couche de cr\u00e8me contre l&rsquo;ecz\u00e9ma atopique sur la peau affect\u00e9e. A utiliser selon les besoins (au moins 2 \u00e0 3 fois par jour)<\/p>\n<p>INCI: Aqua, Cannabis Sativa Seed Oil (Heennepzaadolie), Glycerin, Polyglyceryl-3 Methylglucose Distearate, Sodium Humate, Glyceryl Stearates, Stearic Acid, Panthenol (Provitamine B5), Cetyl Alcohol, Palmitic Acid, Cannabis Sativa Seed Extract, Lactic Acid, Xanthan gum,<\/p>\n<p>p-Anisic Acid, Lonicera Caprifolium Flower Extract (Kamperfoelie extract) , Sodium Hydroxide, Bisabolol, Glycine Soja Oil, Lecithin, Lonicera Japonica Flower Extract, Arnica Montana Flower Extract, Citric Acid, Inositol<\/p>\n","protected":false},"excerpt":{"rendered":"<p>Cr\u00e8me contre l&rsquo;ecz\u00e9ma Atopos hydrate en profondeur les peaux extr\u00eamement s\u00e8ches et soulage les d\u00e9mangeaisons. Atopos stimule ensuite la r\u00e9g\u00e9n\u00e9ration naturelle de la peau et renforce la fonction de barri\u00e8re de la peau. Cr\u00e8me contre l&rsquo;ecz\u00e9ma atopique.<\/p>\n","protected":false},"featured_media":232,"comment_status":"open","ping_status":"closed","template":"","meta":{"ocean_post_layout":"","ocean_both_sidebars_style":"","ocean_both_sidebars_content_width":0,"ocean_both_sidebars_sidebars_width":0,"ocean_sidebar":"0","ocean_second_sidebar":"0","ocean_disable_margins":"enable","ocean_add_body_class":"","ocean_shortcode_before_top_bar":"","ocean_shortcode_after_top_bar":"","ocean_shortcode_before_header":"","ocean_shortcode_after_header":"","ocean_has_shortcode":"","ocean_shortcode_after_title":"","ocean_shortcode_before_footer_widgets":"","ocean_shortcode_after_footer_widgets":"","ocean_shortcode_before_footer_bottom":"","ocean_shortcode_after_footer_bottom":"","ocean_display_top_bar":"default","ocean_display_header":"default","ocean_header_style":"","ocean_center_header_left_menu":"0","ocean_custom_header_template":"0","ocean_custom_logo":0,"ocean_custom_retina_logo":0,"ocean_custom_logo_max_width":0,"ocean_custom_logo_tablet_max_width":0,"ocean_custom_logo_mobile_max_width":0,"ocean_custom_logo_max_height":0,"ocean_custom_logo_tablet_max_height":0,"ocean_custom_logo_mobile_max_height":0,"ocean_header_custom_menu":"0","ocean_menu_typo_font_family":"0","ocean_menu_typo_font_subset":"","ocean_menu_typo_font_size":0,"ocean_menu_typo_font_size_tablet":0,"ocean_menu_typo_font_size_mobile":0,"ocean_menu_typo_font_size_unit":"px","ocean_menu_typo_font_weight":"","ocean_menu_typo_font_weight_tablet":"","ocean_menu_typo_font_weight_mobile":"","ocean_menu_typo_transform":"","ocean_menu_typo_transform_tablet":"","ocean_menu_typo_transform_mobile":"","ocean_menu_typo_line_height":0,"ocean_menu_typo_line_height_tablet":0,"ocean_menu_typo_line_height_mobile":0,"ocean_menu_typo_line_height_unit":"","ocean_menu_typo_spacing":0,"ocean_menu_typo_spacing_tablet":0,"ocean_menu_typo_spacing_mobile":0,"ocean_menu_typo_spacing_unit":"","ocean_menu_link_color":"","ocean_menu_link_color_hover":"","ocean_menu_link_color_active":"","ocean_menu_link_background":"","ocean_menu_link_hover_background":"","ocean_menu_link_active_background":"","ocean_menu_social_links_bg":"","ocean_menu_social_hover_links_bg":"","ocean_menu_social_links_color":"","ocean_menu_social_hover_links_color":"","ocean_disable_title":"default","ocean_disable_heading":"default","ocean_post_title":"","ocean_post_subheading":"","ocean_post_title_style":"","ocean_post_title_background_color":"","ocean_post_title_background":0,"ocean_post_title_bg_image_position":"","ocean_post_title_bg_image_attachment":"","ocean_post_title_bg_image_repeat":"","ocean_post_title_bg_image_size":"","ocean_post_title_height":0,"ocean_post_title_bg_overlay":0.5,"ocean_post_title_bg_overlay_color":"","ocean_disable_breadcrumbs":"default","ocean_breadcrumbs_color":"","ocean_breadcrumbs_separator_color":"","ocean_breadcrumbs_links_color":"","ocean_breadcrumbs_links_hover_color":"","ocean_display_footer_widgets":"default","ocean_display_footer_bottom":"default","ocean_custom_footer_template":"0"},"product_brand":[109],"product_cat":[41,33,47,31,16,43,30],"product_tag":[126,127,125],"class_list":{"0":"post-2222","1":"product","2":"type-product","3":"status-publish","4":"has-post-thumbnail","6":"product_brand-cannaderm","7":"product_cat-cbd-et-chanvre-biologique","8":"product_cat-irritation-cutanee-eczema-et-psoriasis","9":"product_cat-offres-et-minis","10":"product_cat-sante","11":"product_cat-soins","12":"product_cat-soins-naturels-cbd","13":"product_cat-soins-pour-hommes","14":"product_tag-sans-paraben","15":"product_tag-sans-silicone","16":"product_tag-vegan","18":"entry","19":"has-media","21":"first","22":"instock","23":"taxable","24":"shipping-taxable","25":"purchasable","26":"product-type-simple","27":"has-rating","28":"col","29":"span_1_of_3","30":"owp-content-center","31":"owp-thumbs-layout-horizontal","32":"owp-btn-normal","33":"owp-tabs-layout-section","34":"has-no-thumbnails","35":"circle-sale"},"_links":{"self":[{"href":"https:\/\/www.biobey.be\/fr\/wp-json\/wp\/v2\/product\/2222","targetHints":{"allow":["GET"]}}],"collection":[{"href":"https:\/\/www.biobey.be\/fr\/wp-json\/wp\/v2\/product"}],"about":[{"href":"https:\/\/www.biobey.be\/fr\/wp-json\/wp\/v2\/types\/product"}],"replies":[{"embeddable":true,"href":"https:\/\/www.biobey.be\/fr\/wp-json\/wp\/v2\/comments?post=2222"}],"wp:featuredmedia":[{"embeddable":true,"href":"https:\/\/www.biobey.be\/fr\/wp-json\/wp\/v2\/media\/232"}],"wp:attachment":[{"href":"https:\/\/www.biobey.be\/fr\/wp-json\/wp\/v2\/media?parent=2222"}],"wp:term":[{"taxonomy":"product_brand","embeddable":true,"href":"https:\/\/www.biobey.be\/fr\/wp-json\/wp\/v2\/product_brand?post=2222"},{"taxonomy":"product_cat","embeddable":true,"href":"https:\/\/www.biobey.be\/fr\/wp-json\/wp\/v2\/product_cat?post=2222"},{"taxonomy":"product_tag","embeddable":true,"href":"https:\/\/www.biobey.be\/fr\/wp-json\/wp\/v2\/product_tag?post=2222"}],"curies":[{"name":"wp","href":"https:\/\/api.w.org\/{rel}","templated":true}]}}