{"id":2223,"date":"2025-05-31T11:33:40","date_gmt":"2025-05-31T09:33:40","guid":{"rendered":"https:\/\/www.biobey.be\/fr-temp\/produit\/baume-bio-pour-la-peau-tres-seche-75g\/"},"modified":"2026-04-03T00:25:19","modified_gmt":"2026-04-02T22:25:19","slug":"baume-bio-pour-la-peau-tres-seche-75g","status":"publish","type":"product","link":"https:\/\/www.biobey.be\/fr\/produit\/baume-bio-pour-la-peau-tres-seche-75g\/","title":{"rendered":"Baume Bio au chanvre pour la peau tr\u00e8s s\u00e8che 75g"},"content":{"rendered":"<p>Souffrez-vous souvent d&rsquo;une peau extr\u00eamement s\u00e8che? Vous cherchez un baume bio pour la peau tr\u00e8s s\u00e8che au chanvre pour traiter votre peau s\u00e8che ?<\/p>\n<p><strong>Le baume bio au chanvre est un rem\u00e8de miracle pour les peaux s\u00e8ches, ses trois principaux avantages sont:<\/strong><\/p>\n<ol>\n<li>hydratation en profondeur des peaux extr\u00eamement s\u00e8ches<\/li>\n<li>r\u00e9tablissement rapide des peaux rugueuses, ab\u00eem\u00e9es et des plaques s\u00e8ches<\/li>\n<li>lutte contre la perte d&rsquo;humidit\u00e9 de la peau en formant une couche protectrice respirante sur la peau<\/li>\n<li>apaise la peau craquel\u00e9e<\/li>\n<\/ol>\n<p>Le baume bio pour la peau tr\u00e8s s\u00e8che au chanvre Cannaderm convient aux personnes souffrant de psoriasis et de peau atopique. La pommade au chanvre pour peau extr\u00eamement s\u00e8che a des effets r\u00e9g\u00e9n\u00e9rateurs sur la peau fissur\u00e9e, irrit\u00e9e et s\u00e8che. Elle est sp\u00e9cialement con\u00e7ue pour traiter les peaux s\u00e8ches inconfortables.<\/p>\n<p>La pommade de chanvre hydratante en profondeur \u00e0 base d&rsquo;huile de chanvre biologique pure et de beurre de karit\u00e9 est id\u00e9ale pour soigner et r\u00e9parer les peaux rugueuses et s\u00e8ches en g\u00e9n\u00e9ral ainsi que les plaques s\u00e8ches sur les coudes, les genoux et les talons.<\/p>\n<p>Elle contient une forte teneur en huile de graines de chanvre biologique qui r\u00e9pare efficacement les peaux endommag\u00e9es. La Baume Bio pour la peau tr\u00e8s s\u00e8che forme une couche protectrice sur la peau et emp\u00eache la perte d&rsquo;humidit\u00e9.<\/p>\n<p>Gr\u00e2ce \u00e0 sa formule naturelle, il n&rsquo;a pas d&rsquo;effet \u00e9touffant sur la peau. Baume Bio pour la peau tr\u00e8s s\u00e8che permet \u00e0 la peau de respirer sans dess\u00e9cher. La pommade pour peau extr\u00eamement s\u00e8che nourrit et restaure la peau rugueuse et craquel\u00e9e, laissant une agr\u00e9able sensation de douceur.<\/p>\n<p>Si vous souffrez d&rsquo;une peau rugueuse et s\u00e8che sur le visage, <span style=\"color: #000080;\"><a style=\"color: #000080;\" href=\"https:\/\/www.biobey.be\/fr\/produit\/le-creme-du-jour-cremcann-q10\/\">cette cr\u00e8me de jour \u00e0 base de chanvre biologique<\/a><\/span> peut vous aider.<\/p>\n<h2>Baume Bio pour la peau tr\u00e8s s\u00e8che pour une hydratation et une r\u00e9g\u00e9n\u00e9ration<\/h2>\n<p>Baume Bio pour la peau tr\u00e8s s\u00e8che est compos\u00e9e d&rsquo;ingr\u00e9dients naturels tels que l&rsquo;huile de graines de chanvre, le beurre de karit\u00e9 et l&rsquo;extrait de sauge grec. L&rsquo;huile de chanvre est riche en acides insatur\u00e9s et en vitamines. Elle nourrit et soigne efficacement la peau.<\/p>\n<p>Le beurre de karit\u00e9 a un effet hydratant sur la peau s\u00e8che. Il renforce la couche protectrice naturelle de la peau et prot\u00e8ge contre la d\u00e9shydratation.<\/p>\n<p>L&rsquo;extrait de sauge grec a un effet antibact\u00e9rien. Il nourrit la peau avec des vitamines A et C. La combinaison de l&rsquo;extrait b\u00e9n\u00e9fique traite efficacement les peaux extr\u00eamement s\u00e8ches, les fissures et les d\u00e9mangeaisons.<\/p>\n<h3>Baume Bio pour la peau tr\u00e8s s\u00e8che aussi pour le traitement des peaux atopiques et du psoriasis<\/h3>\n<p>La Baume Bio pour la peau tr\u00e8s s\u00e8che peut \u00eatre utilis\u00e9e comme traitement compl\u00e9mentaire pour les peaux atopiques et le psoriasis. Une utilisation r\u00e9guli\u00e8re adoucit et hydrate la peau s\u00e8che et squameuse. De plus, elle est prot\u00e9g\u00e9e contre la d\u00e9shydratation et l&rsquo;irritation.<\/p>\n<p>La baume Cannaderm Konopka pour la peau extr\u00eamement s\u00e8che est certifi\u00e9e CPK bio. Les produits Cannaderm sont exempts de silicone, de gel\u00e9e de p\u00e9trole, de parab\u00e8nes, de colorants et de parfums synth\u00e9tiques.<\/p>\n<p>Utilisation : Appliquez la Baume Bio pour la peau tr\u00e8s s\u00e8che. Massez doucement avec les doigts. Apr\u00e8s la premi\u00e8re utilisation, la peau est hydrat\u00e9e et nourrie en profondeur. Pour traiter les premiers signes de peau atopique ou de psoriasis, appliquez la baume avant de dormir.<\/p>\n<p>Nettoyez votre peau sensible avec <span style=\"color: #000080;\"><a style=\"color: #000080;\" href=\"https:\/\/www.biobey.be\/fr\/produit\/la-mousse-nettoyante-peau-atopique-180-ml\/\">la mousse nettoyante atopique \u00e0 base d&rsquo;huile de chanvre biologique.<\/a><\/span> Elle convient au visage et \u00e0 la peau.<\/p>\n<p>Il s&rsquo;agit d&rsquo;un produit naturel qui peut \u00eatre utilis\u00e9 plusieurs fois par jour. Il n&rsquo;y a pas de contre-indication avec d&rsquo;autres m\u00e9dicaments ou cr\u00e8mes.<\/p>\n<p>INCI: Cannabis Sativa Seed Oil*, Butyrospermum Parkii*, Glycine Soja Oil*, Glyceryl Stearate, Cera Alba,\u00a0 Helianthus Annuus Seed Oil, Salvia Triloba Leaf<\/p>\n","protected":false},"excerpt":{"rendered":"<p>Baume Bio pour la peau tr\u00e8s s\u00e8che contient une forte teneur en huile de graines de chanvre biologique qui r\u00e9pare efficacement les peaux endommag\u00e9es.<\/p>\n","protected":false},"featured_media":252,"comment_status":"open","ping_status":"closed","template":"","meta":{"ocean_post_layout":"","ocean_both_sidebars_style":"","ocean_both_sidebars_content_width":0,"ocean_both_sidebars_sidebars_width":0,"ocean_sidebar":"","ocean_second_sidebar":"","ocean_disable_margins":"enable","ocean_add_body_class":"","ocean_shortcode_before_top_bar":"","ocean_shortcode_after_top_bar":"","ocean_shortcode_before_header":"","ocean_shortcode_after_header":"","ocean_has_shortcode":"","ocean_shortcode_after_title":"","ocean_shortcode_before_footer_widgets":"","ocean_shortcode_after_footer_widgets":"","ocean_shortcode_before_footer_bottom":"","ocean_shortcode_after_footer_bottom":"","ocean_display_top_bar":"default","ocean_display_header":"default","ocean_header_style":"","ocean_center_header_left_menu":"","ocean_custom_header_template":"","ocean_custom_logo":0,"ocean_custom_retina_logo":0,"ocean_custom_logo_max_width":0,"ocean_custom_logo_tablet_max_width":0,"ocean_custom_logo_mobile_max_width":0,"ocean_custom_logo_max_height":0,"ocean_custom_logo_tablet_max_height":0,"ocean_custom_logo_mobile_max_height":0,"ocean_header_custom_menu":"","ocean_menu_typo_font_family":"","ocean_menu_typo_font_subset":"","ocean_menu_typo_font_size":0,"ocean_menu_typo_font_size_tablet":0,"ocean_menu_typo_font_size_mobile":0,"ocean_menu_typo_font_size_unit":"px","ocean_menu_typo_font_weight":"","ocean_menu_typo_font_weight_tablet":"","ocean_menu_typo_font_weight_mobile":"","ocean_menu_typo_transform":"","ocean_menu_typo_transform_tablet":"","ocean_menu_typo_transform_mobile":"","ocean_menu_typo_line_height":0,"ocean_menu_typo_line_height_tablet":0,"ocean_menu_typo_line_height_mobile":0,"ocean_menu_typo_line_height_unit":"","ocean_menu_typo_spacing":0,"ocean_menu_typo_spacing_tablet":0,"ocean_menu_typo_spacing_mobile":0,"ocean_menu_typo_spacing_unit":"","ocean_menu_link_color":"","ocean_menu_link_color_hover":"","ocean_menu_link_color_active":"","ocean_menu_link_background":"","ocean_menu_link_hover_background":"","ocean_menu_link_active_background":"","ocean_menu_social_links_bg":"","ocean_menu_social_hover_links_bg":"","ocean_menu_social_links_color":"","ocean_menu_social_hover_links_color":"","ocean_disable_title":"default","ocean_disable_heading":"default","ocean_post_title":"","ocean_post_subheading":"","ocean_post_title_style":"","ocean_post_title_background_color":"","ocean_post_title_background":0,"ocean_post_title_bg_image_position":"","ocean_post_title_bg_image_attachment":"","ocean_post_title_bg_image_repeat":"","ocean_post_title_bg_image_size":"","ocean_post_title_height":0,"ocean_post_title_bg_overlay":0.5,"ocean_post_title_bg_overlay_color":"","ocean_disable_breadcrumbs":"default","ocean_breadcrumbs_color":"","ocean_breadcrumbs_separator_color":"","ocean_breadcrumbs_links_color":"","ocean_breadcrumbs_links_hover_color":"","ocean_display_footer_widgets":"default","ocean_display_footer_bottom":"default","ocean_custom_footer_template":""},"product_brand":[109],"product_cat":[41,33,47,35,31,16,51,43],"product_tag":[137,133,127,125],"class_list":{"0":"post-2223","1":"product","2":"type-product","3":"status-publish","4":"has-post-thumbnail","6":"product_brand-cannaderm","7":"product_cat-cbd-et-chanvre-biologique","8":"product_cat-irritation-cutanee-eczema-et-psoriasis","9":"product_cat-offres-et-minis","10":"product_cat-pieds","11":"product_cat-sante","12":"product_cat-soins","13":"product_cat-soins-du-corps","14":"product_cat-soins-naturels-cbd","15":"product_tag-sans-colorants-synthetiques","16":"product_tag-sansparfumsynthetique","17":"product_tag-sans-silicone","18":"product_tag-vegan","20":"entry","21":"has-media","23":"first","24":"instock","25":"taxable","26":"shipping-taxable","27":"purchasable","28":"product-type-simple","29":"has-rating","30":"col","31":"span_1_of_3","32":"owp-content-center","33":"owp-thumbs-layout-horizontal","34":"owp-btn-normal","35":"owp-tabs-layout-section","36":"has-no-thumbnails","37":"circle-sale"},"_links":{"self":[{"href":"https:\/\/www.biobey.be\/fr\/wp-json\/wp\/v2\/product\/2223","targetHints":{"allow":["GET"]}}],"collection":[{"href":"https:\/\/www.biobey.be\/fr\/wp-json\/wp\/v2\/product"}],"about":[{"href":"https:\/\/www.biobey.be\/fr\/wp-json\/wp\/v2\/types\/product"}],"replies":[{"embeddable":true,"href":"https:\/\/www.biobey.be\/fr\/wp-json\/wp\/v2\/comments?post=2223"}],"wp:featuredmedia":[{"embeddable":true,"href":"https:\/\/www.biobey.be\/fr\/wp-json\/wp\/v2\/media\/252"}],"wp:attachment":[{"href":"https:\/\/www.biobey.be\/fr\/wp-json\/wp\/v2\/media?parent=2223"}],"wp:term":[{"taxonomy":"product_brand","embeddable":true,"href":"https:\/\/www.biobey.be\/fr\/wp-json\/wp\/v2\/product_brand?post=2223"},{"taxonomy":"product_cat","embeddable":true,"href":"https:\/\/www.biobey.be\/fr\/wp-json\/wp\/v2\/product_cat?post=2223"},{"taxonomy":"product_tag","embeddable":true,"href":"https:\/\/www.biobey.be\/fr\/wp-json\/wp\/v2\/product_tag?post=2223"}],"curies":[{"name":"wp","href":"https:\/\/api.w.org\/{rel}","templated":true}]}}