{"id":2225,"date":"2025-05-02T02:09:53","date_gmt":"2025-05-02T00:09:53","guid":{"rendered":"https:\/\/www.biobey.be\/fr-temp\/produit\/traitement-aphtes-et-plaies-buccales-5-ml\/"},"modified":"2026-01-14T23:11:25","modified_gmt":"2026-01-14T22:11:25","slug":"traitement-aphtes-et-plaies-buccales-5-ml","status":"publish","type":"product","link":"https:\/\/www.biobey.be\/fr\/produit\/traitement-aphtes-et-plaies-buccales-5-ml\/","title":{"rendered":"Traitement aphtes et Plaies Buccales &#8211; 5 ml"},"content":{"rendered":"<p>Traitement aphtes et plaies buccales est un rem\u00e8de 100% naturel pour les ulc\u00e8res, les inflammations des gencives et la parodontite. S\u00e9rum dentaire contient une forte teneur en extraits anti-inflammatoires naturels. Gr\u00e2ce \u00e0 son action antibact\u00e9rienne et aseptique, il traite les inflammations des gencives, les parodontites, les plaies douloureuses de la bouche et les ulc\u00e8res.<\/p>\n<p>Traitement aphtes et plaies buccales\u00a0 peut aussi \u00eatre utilis\u00e9 pour<strong> le feu sauvage et l&rsquo;herp\u00e8s<\/strong>. Le traitement au s\u00e9rum de chanvre a souvent un effet antibact\u00e9rien. Il r\u00e9duit et acc\u00e9l\u00e8re le processus de r\u00e9cup\u00e9ration. De plus, Cannadent <strong>apaise et soulage la douleur caus\u00e9e par les ulc\u00e8res et les gencives sensibles.<\/strong><\/p>\n<p>Il est utilis\u00e9 <strong>pour les sympt\u00f4mes de l&rsquo;uv\u00e9e, des gencives irrit\u00e9es et de la parodontite.<\/strong><\/p>\n<h2>Traitement aphtes et plaies buccales &#8211; Composition<\/h2>\n<p>Le s\u00e9rum dentaire Cannaderm est compos\u00e9 d&rsquo;extraits de plantes naturelles b\u00e9n\u00e9fiques. Il contient 65% d&rsquo;huile de chanvre biologique. L&rsquo;huile de graines de chanvre a des propri\u00e9t\u00e9s antibact\u00e9riennes et anti-inflammatoires. Il est appliqu\u00e9 sur les inflammations des gencives, les aphtes, les ulc\u00e8res et les gencives sensibles. L&rsquo;huile de chanvre a un effet apaisant et soulageant. Il est riche en min\u00e9raux, vitamines et acides insatur\u00e9s.<\/p>\n<p>L&rsquo;extrait d&rsquo;arnica acc\u00e9l\u00e8re le processus de r\u00e9cup\u00e9ration et r\u00e9duit le gonflement. L&rsquo;huile essentielle de clou de girofle a des propri\u00e9t\u00e9s analg\u00e9siques et antiseptiques puissantes. Gr\u00e2ce \u00e0 ses propri\u00e9t\u00e9s analg\u00e9siques, il <strong>est utilis\u00e9 localement pour les douleurs dentaires<\/strong>. Il pr\u00e9vient les infections et \u00e9limine les mauvaises bact\u00e9ries dans la cavit\u00e9 buccale.<\/p>\n<p>Gr\u00e2ce aux ingr\u00e9dients actifs traitement aphtes et plaies buccales peut \u00eatre utilis\u00e9 pour les gencives enflamm\u00e9es, les gencives sensibles, les ulc\u00e8res et la parodontite. Il acc\u00e9l\u00e8re le processus de gu\u00e9rison et traite les sympt\u00f4mes de l&rsquo;uv\u00e9e. Les puissants extraits de plantes contenus dans le s\u00e9rum aident \u00e0 pr\u00e9venir les infections gr\u00e2ce \u00e0 leur effet antibact\u00e9rien.<\/p>\n<p><strong>Conseils d&rsquo;utilisation :<\/strong> Bien agiter avant l&#8217;emploi. Le traitement aphtes et plaies buccales doit \u00eatre appliqu\u00e9 localement sur la zone \u00e0 traiter. La sensation de br\u00fblure l\u00e9g\u00e8re va progressivement diminuer car les extraits de plantes ont un effet \u00e9clairant et calmant. Il convient pour les soins de la cavit\u00e9 buccale.<\/p>\n<p>Convient aux gencives sensibles, aux parodontites, aux plaies de la cavit\u00e9 buccale et aux gencives douloureuses. Il peut \u00eatre appliqu\u00e9 \u00e0 titre pr\u00e9ventif.<\/p>\n<p>Le Traitement aphtes et plaies buccales de Cannaderm est un produit<strong> 100% naturel.<\/strong> Il convient aux v\u00e9g\u00e9taliens. Les produits Cannaderm ne sont pas test\u00e9s sur les animaux.<\/p>\n<p><strong>Certificat : CPK BIO<\/strong><\/p>\n<p><strong>INCI :<\/strong> (Huile de chanvre) Cannabis Sativa Seed Oil, Alcohol denat, Eugenia Caryophyllus Flower Oil, Arnica Montana Flower Extract, Melaleuca Alternifolia (Tea Tree) Leaf Oil , Abies Sibirica Oil,Limonene, Geraniol, Benzyl Salicylate, Linalool<\/p>\n<h2>Que fait le s\u00e9rum Cannadent contre les ulc\u00e8res ?<\/h2>\n<p>Le s\u00e9rum Canndent pour le traitement des ulc\u00e8res est un rem\u00e8de naturel pour les ulc\u00e8res, la parodontite et les gencives enflamm\u00e9es. Le s\u00e9rum biologique a <strong>des effets anti-inflammatoires, antibact\u00e9riens et analg\u00e9siques.<\/strong> Son action efficace est due \u00e0 sa formule \u00e0 base d&rsquo;extraits m\u00e9dicinaux tels que l&rsquo;huile de graines de chanvre biologique, l&rsquo;arnica et l&rsquo;huile d&rsquo;arbre \u00e0 th\u00e9.<\/p>\n<p>L&rsquo;huile de graines de chanvre biologique aide \u00e0 soulager la douleur et agit comme un anti-inflammatoire. Elle r\u00e9duit l&rsquo;enflure et acc\u00e9l\u00e8re la gu\u00e9rison des gencives enflamm\u00e9es, des ulc\u00e8res aphteux et des feux sauvages. L&rsquo;huile d&rsquo;arbre \u00e0 th\u00e9 tue les mauvaises bact\u00e9ries. Elle a un effet antiseptique et aide \u00e0 lutter contre les gencives douloureuses et les saignements. S\u00e9rum de traitement de la dentition naturel et v\u00e9g\u00e9talien.<\/p>\n","protected":false},"excerpt":{"rendered":"<p>Traitement aphtes et plaies buccales est un rem\u00e8de 100% naturel contre les inflammations des gencives, les parodontites, les plaies douloureuses de la bouche et les ulc\u00e8res. Cannadent peut aussi \u00eatre utilis\u00e9 pour le feu sauvage et l&rsquo;herp\u00e8s.<\/p>\n","protected":false},"featured_media":236,"comment_status":"open","ping_status":"closed","template":"","meta":{"ocean_post_layout":"","ocean_both_sidebars_style":"","ocean_both_sidebars_content_width":0,"ocean_both_sidebars_sidebars_width":0,"ocean_sidebar":"","ocean_second_sidebar":"","ocean_disable_margins":"enable","ocean_add_body_class":"","ocean_shortcode_before_top_bar":"","ocean_shortcode_after_top_bar":"","ocean_shortcode_before_header":"","ocean_shortcode_after_header":"","ocean_has_shortcode":"","ocean_shortcode_after_title":"","ocean_shortcode_before_footer_widgets":"","ocean_shortcode_after_footer_widgets":"","ocean_shortcode_before_footer_bottom":"","ocean_shortcode_after_footer_bottom":"","ocean_display_top_bar":"default","ocean_display_header":"default","ocean_header_style":"","ocean_center_header_left_menu":"","ocean_custom_header_template":"","ocean_custom_logo":0,"ocean_custom_retina_logo":0,"ocean_custom_logo_max_width":0,"ocean_custom_logo_tablet_max_width":0,"ocean_custom_logo_mobile_max_width":0,"ocean_custom_logo_max_height":0,"ocean_custom_logo_tablet_max_height":0,"ocean_custom_logo_mobile_max_height":0,"ocean_header_custom_menu":"","ocean_menu_typo_font_family":"","ocean_menu_typo_font_subset":"","ocean_menu_typo_font_size":0,"ocean_menu_typo_font_size_tablet":0,"ocean_menu_typo_font_size_mobile":0,"ocean_menu_typo_font_size_unit":"px","ocean_menu_typo_font_weight":"","ocean_menu_typo_font_weight_tablet":"","ocean_menu_typo_font_weight_mobile":"","ocean_menu_typo_transform":"","ocean_menu_typo_transform_tablet":"","ocean_menu_typo_transform_mobile":"","ocean_menu_typo_line_height":0,"ocean_menu_typo_line_height_tablet":0,"ocean_menu_typo_line_height_mobile":0,"ocean_menu_typo_line_height_unit":"","ocean_menu_typo_spacing":0,"ocean_menu_typo_spacing_tablet":0,"ocean_menu_typo_spacing_mobile":0,"ocean_menu_typo_spacing_unit":"","ocean_menu_link_color":"","ocean_menu_link_color_hover":"","ocean_menu_link_color_active":"","ocean_menu_link_background":"","ocean_menu_link_hover_background":"","ocean_menu_link_active_background":"","ocean_menu_social_links_bg":"","ocean_menu_social_hover_links_bg":"","ocean_menu_social_links_color":"","ocean_menu_social_hover_links_color":"","ocean_disable_title":"default","ocean_disable_heading":"default","ocean_post_title":"","ocean_post_subheading":"","ocean_post_title_style":"","ocean_post_title_background_color":"","ocean_post_title_background":0,"ocean_post_title_bg_image_position":"","ocean_post_title_bg_image_attachment":"","ocean_post_title_bg_image_repeat":"","ocean_post_title_bg_image_size":"","ocean_post_title_height":0,"ocean_post_title_bg_overlay":0.5,"ocean_post_title_bg_overlay_color":"","ocean_disable_breadcrumbs":"default","ocean_breadcrumbs_color":"","ocean_breadcrumbs_separator_color":"","ocean_breadcrumbs_links_color":"","ocean_breadcrumbs_links_hover_color":"","ocean_display_footer_widgets":"default","ocean_display_footer_bottom":"default","ocean_custom_footer_template":""},"product_brand":[109],"product_cat":[41,29,47,16,43],"product_tag":[126,127,125],"class_list":{"0":"post-2225","1":"product","2":"type-product","3":"status-publish","4":"has-post-thumbnail","6":"product_brand-cannaderm","7":"product_cat-cbd-et-chanvre-biologique","8":"product_cat-hygiene-buccale","9":"product_cat-offres-et-minis","10":"product_cat-soins","11":"product_cat-soins-naturels-cbd","12":"product_tag-sans-paraben","13":"product_tag-sans-silicone","14":"product_tag-vegan","16":"entry","17":"has-media","19":"first","20":"instock","21":"taxable","22":"shipping-taxable","23":"purchasable","24":"product-type-simple","25":"has-rating","26":"col","27":"span_1_of_3","28":"owp-content-center","29":"owp-thumbs-layout-horizontal","30":"owp-btn-normal","31":"owp-tabs-layout-section","32":"has-no-thumbnails","33":"circle-sale"},"_links":{"self":[{"href":"https:\/\/www.biobey.be\/fr\/wp-json\/wp\/v2\/product\/2225","targetHints":{"allow":["GET"]}}],"collection":[{"href":"https:\/\/www.biobey.be\/fr\/wp-json\/wp\/v2\/product"}],"about":[{"href":"https:\/\/www.biobey.be\/fr\/wp-json\/wp\/v2\/types\/product"}],"replies":[{"embeddable":true,"href":"https:\/\/www.biobey.be\/fr\/wp-json\/wp\/v2\/comments?post=2225"}],"wp:featuredmedia":[{"embeddable":true,"href":"https:\/\/www.biobey.be\/fr\/wp-json\/wp\/v2\/media\/236"}],"wp:attachment":[{"href":"https:\/\/www.biobey.be\/fr\/wp-json\/wp\/v2\/media?parent=2225"}],"wp:term":[{"taxonomy":"product_brand","embeddable":true,"href":"https:\/\/www.biobey.be\/fr\/wp-json\/wp\/v2\/product_brand?post=2225"},{"taxonomy":"product_cat","embeddable":true,"href":"https:\/\/www.biobey.be\/fr\/wp-json\/wp\/v2\/product_cat?post=2225"},{"taxonomy":"product_tag","embeddable":true,"href":"https:\/\/www.biobey.be\/fr\/wp-json\/wp\/v2\/product_tag?post=2225"}],"curies":[{"name":"wp","href":"https:\/\/api.w.org\/{rel}","templated":true}]}}