{"id":2229,"date":"2023-08-20T22:56:59","date_gmt":"2023-08-20T20:56:59","guid":{"rendered":"https:\/\/www.biobey.be\/fr-temp\/produit\/creme-pour-les-mains-sensibles\/"},"modified":"2025-07-11T18:25:34","modified_gmt":"2025-07-11T16:25:34","slug":"creme-pour-les-mains-sensibles","status":"publish","type":"product","link":"https:\/\/www.biobey.be\/fr\/produit\/creme-pour-les-mains-sensibles\/","title":{"rendered":"Cr\u00e8me pour les mains sensibles 50ml"},"content":{"rendered":"<p>Cr\u00e8me pour les mains sensibles et hypoallerg\u00e9nique a \u00e9t\u00e9 sp\u00e9cialement d\u00e9velopp\u00e9e pour les mains sensibles souffrant d&rsquo;ecz\u00e9ma, de dermatite et de psoriasis. C&rsquo;est un produit naturel pur, sans ingr\u00e9dients synth\u00e9tiques, parfums, colorants et huiles essentielles. Il ne contient aucune substance pouvant provoquer des r\u00e9actions allergiques chez les personnes ayant une peau tr\u00e8s sensible.<\/p>\n<p>Cr\u00e8me pour les mains sensibles bio contre l&rsquo;ecz\u00e9ma des mains est recommand\u00e9e pour un soin et une protection efficaces. La cr\u00e8me pour les mains hypoallerg\u00e9nique est compos\u00e9e d&rsquo;extraits de plantes b\u00e9n\u00e9fiques qui soignent et hydratent la peau.<\/p>\n<h2>Cr\u00e8me mains pour les mains sensibles \u00e0 l&rsquo;ecz\u00e9ma &#8211; hypoallerg\u00e9nique<\/h2>\n<p>Cette cr\u00e8me hypoallerg\u00e9nique pour les mains sensibles contient des ingr\u00e9dients comme l&rsquo;extrait de violettes tricolores, l&rsquo;huile de jojoba, le gel d&rsquo;argile verte et l&rsquo;extrait d&rsquo;\u00e9chinac\u00e9e. Gr\u00e2ce \u00e0 l&rsquo;action des ingr\u00e9dients actifs, la cr\u00e8me est utilis\u00e9e pour le traitement du psoriasis sur les mains, de la dermatite et de l&rsquo;ecz\u00e9ma atopique des mains.<\/p>\n<p>Le gel d&rsquo;argile verte est riche en min\u00e9raux et en vitamines. Il acc\u00e9l\u00e8re le processus de r\u00e9g\u00e9n\u00e9ration de la peau et prot\u00e8ge de mani\u00e8re naturelle contre les d\u00e9mangeaisons et les irritations.<\/p>\n<p>L&rsquo;extrait de violette tricolore est tr\u00e8s doux pour la peau allergique. Cet extrait est utilis\u00e9 pour traiter les affections cutan\u00e9es telles que le ver de vase, le psoriasis, l&rsquo;ecz\u00e9ma et l&rsquo;acn\u00e9 en raison de ses propri\u00e9t\u00e9s b\u00e9n\u00e9fiques.<\/p>\n<p>L&rsquo;extrait d&rsquo;\u00e9chinac\u00e9e favorise la r\u00e9paration des tissus endommag\u00e9s. En usage externe, l&rsquo;extrait d&rsquo;\u00e9chinac\u00e9e acc\u00e9l\u00e8re la cicatrisation des petites blessures. L&rsquo;huile de jojoba a un effet apaisant et anti-inflammatoire.<\/p>\n<p>Cr\u00e8me pour les mains sensibles contribue \u00e0 un r\u00e9tablissement rapide des mains souffrant d&rsquo;allergies, de psoriasis et d&rsquo;ecz\u00e9ma. De plus, la cr\u00e8me \u00e0 mains naturelle hypoallerg\u00e9nique a un effet protecteur sur les peaux sensibles.<\/p>\n<p>La cr\u00e8me pour les mains sensibles convient aux v\u00e9gans. Elle est c<a href=\"https:\/\/www.biobey.be\/fr\/encyclopedie\/certificats-bio\/bdih\/\">ertifi\u00e9 BDIH<\/a>, ICEA et LAV. Pour plus d&rsquo;informations sur la signification des certificats et des explications d\u00e9taill\u00e9es sur les ingr\u00e9dients, veuillez consulter notre encyclop\u00e9die Biobey.<\/p>\n<p><strong>Informations d\u00e9taill\u00e9es sur cr\u00e8me pour les mains sensibles<\/strong><\/p>\n<p>&#8211; Processus de production \u00e9cologique : certificat Demeter, agriculture bio-dynamique<br \/>\n&#8211; Pays d&rsquo;origine des mati\u00e8res premi\u00e8res EUROPE<br \/>\n&#8211; Produit en : Italie<br \/>\n&#8211; Emballage \u00e9cologique : tube en aluminium sans bouchon en microplastiques certifi\u00e9 ICEA ECO.<\/p>\n<p>Ingredients (INCI): Aqua, Glycerin, Simmondsia Chinensis Oil*, Polyglyceryl,6 Distearate (d\u00e9riv\u00e9 v\u00e9g\u00e9tal), Alcohol, (Extrait de Viola Tricolor) Viola Tricolor Extract, Cetyl Alcohol, Lavandula Angustifolia Flower Extract*, Echinacea Purpurea Root Extract*, Calendula Officinalis Flower Extract, Solum Fullonum (argile verte), Styrax Benzoin Resin Extract, Berberis Vulgaris Bark Extract, Theobroma Cacao Butter,* Helichrysum Italicum Flower Extract<\/p>\n<p>Ingr\u00e9dients issus de l&rsquo;agriculture biologique*.<\/p>\n","protected":false},"excerpt":{"rendered":"<p>Cr\u00e8me pour les mains sensibles hydrate intens\u00e9ment, acc\u00e9l\u00e8re le processus de r\u00e9g\u00e9n\u00e9ration de la peau et prot\u00e8ge naturellement contre les irritations et les d\u00e9mangeaisons.<br \/>\nGr\u00e2ce \u00e0 l&rsquo;action des ingr\u00e9dients, la cr\u00e8me est utilis\u00e9e pour traiter le psoriasis des mains, la dermatite et l&rsquo;ecz\u00e9ma atopique.<\/p>\n","protected":false},"featured_media":229,"comment_status":"open","ping_status":"closed","template":"","meta":{"ocean_post_layout":"","ocean_both_sidebars_style":"","ocean_both_sidebars_content_width":0,"ocean_both_sidebars_sidebars_width":0,"ocean_sidebar":"","ocean_second_sidebar":"","ocean_disable_margins":"enable","ocean_add_body_class":"","ocean_shortcode_before_top_bar":"","ocean_shortcode_after_top_bar":"","ocean_shortcode_before_header":"","ocean_shortcode_after_header":"","ocean_has_shortcode":"","ocean_shortcode_after_title":"","ocean_shortcode_before_footer_widgets":"","ocean_shortcode_after_footer_widgets":"","ocean_shortcode_before_footer_bottom":"","ocean_shortcode_after_footer_bottom":"","ocean_display_top_bar":"default","ocean_display_header":"default","ocean_header_style":"","ocean_center_header_left_menu":"","ocean_custom_header_template":"","ocean_custom_logo":0,"ocean_custom_retina_logo":0,"ocean_custom_logo_max_width":0,"ocean_custom_logo_tablet_max_width":0,"ocean_custom_logo_mobile_max_width":0,"ocean_custom_logo_max_height":0,"ocean_custom_logo_tablet_max_height":0,"ocean_custom_logo_mobile_max_height":0,"ocean_header_custom_menu":"","ocean_menu_typo_font_family":"","ocean_menu_typo_font_subset":"","ocean_menu_typo_font_size":0,"ocean_menu_typo_font_size_tablet":0,"ocean_menu_typo_font_size_mobile":0,"ocean_menu_typo_font_size_unit":"px","ocean_menu_typo_font_weight":"","ocean_menu_typo_font_weight_tablet":"","ocean_menu_typo_font_weight_mobile":"","ocean_menu_typo_transform":"","ocean_menu_typo_transform_tablet":"","ocean_menu_typo_transform_mobile":"","ocean_menu_typo_line_height":0,"ocean_menu_typo_line_height_tablet":0,"ocean_menu_typo_line_height_mobile":0,"ocean_menu_typo_line_height_unit":"","ocean_menu_typo_spacing":0,"ocean_menu_typo_spacing_tablet":0,"ocean_menu_typo_spacing_mobile":0,"ocean_menu_typo_spacing_unit":"","ocean_menu_link_color":"","ocean_menu_link_color_hover":"","ocean_menu_link_color_active":"","ocean_menu_link_background":"","ocean_menu_link_hover_background":"","ocean_menu_link_active_background":"","ocean_menu_social_links_bg":"","ocean_menu_social_hover_links_bg":"","ocean_menu_social_links_color":"","ocean_menu_social_hover_links_color":"","ocean_disable_title":"default","ocean_disable_heading":"default","ocean_post_title":"","ocean_post_subheading":"","ocean_post_title_style":"","ocean_post_title_background_color":"","ocean_post_title_background":0,"ocean_post_title_bg_image_position":"","ocean_post_title_bg_image_attachment":"","ocean_post_title_bg_image_repeat":"","ocean_post_title_bg_image_size":"","ocean_post_title_height":0,"ocean_post_title_bg_overlay":0.5,"ocean_post_title_bg_overlay_color":"","ocean_disable_breadcrumbs":"default","ocean_breadcrumbs_color":"","ocean_breadcrumbs_separator_color":"","ocean_breadcrumbs_links_color":"","ocean_breadcrumbs_links_hover_color":"","ocean_display_footer_widgets":"default","ocean_display_footer_bottom":"default","ocean_custom_footer_template":""},"product_brand":[102],"product_cat":[33,26,31,16],"product_tag":[132,126,133],"class_list":{"0":"post-2229","1":"product","2":"type-product","3":"status-publish","4":"has-post-thumbnail","6":"product_brand-argital","7":"product_cat-irritation-cutanee-eczema-et-psoriasis","8":"product_cat-mains-et-pieds","9":"product_cat-sante","10":"product_cat-soins","11":"product_tag-sans-alcool","12":"product_tag-sans-paraben","13":"product_tag-sansparfumsynthetique","15":"entry","16":"has-media","18":"first","19":"instock","20":"taxable","21":"shipping-taxable","22":"purchasable","23":"product-type-simple","24":"has-rating","25":"col","26":"span_1_of_3","27":"owp-content-center","28":"owp-thumbs-layout-horizontal","29":"owp-btn-normal","30":"owp-tabs-layout-section","31":"has-no-thumbnails","32":"circle-sale"},"_links":{"self":[{"href":"https:\/\/www.biobey.be\/fr\/wp-json\/wp\/v2\/product\/2229","targetHints":{"allow":["GET"]}}],"collection":[{"href":"https:\/\/www.biobey.be\/fr\/wp-json\/wp\/v2\/product"}],"about":[{"href":"https:\/\/www.biobey.be\/fr\/wp-json\/wp\/v2\/types\/product"}],"replies":[{"embeddable":true,"href":"https:\/\/www.biobey.be\/fr\/wp-json\/wp\/v2\/comments?post=2229"}],"wp:featuredmedia":[{"embeddable":true,"href":"https:\/\/www.biobey.be\/fr\/wp-json\/wp\/v2\/media\/229"}],"wp:attachment":[{"href":"https:\/\/www.biobey.be\/fr\/wp-json\/wp\/v2\/media?parent=2229"}],"wp:term":[{"taxonomy":"product_brand","embeddable":true,"href":"https:\/\/www.biobey.be\/fr\/wp-json\/wp\/v2\/product_brand?post=2229"},{"taxonomy":"product_cat","embeddable":true,"href":"https:\/\/www.biobey.be\/fr\/wp-json\/wp\/v2\/product_cat?post=2229"},{"taxonomy":"product_tag","embeddable":true,"href":"https:\/\/www.biobey.be\/fr\/wp-json\/wp\/v2\/product_tag?post=2229"}],"curies":[{"name":"wp","href":"https:\/\/api.w.org\/{rel}","templated":true}]}}