{"id":2232,"date":"2025-05-26T01:05:29","date_gmt":"2025-05-25T23:05:29","guid":{"rendered":"https:\/\/www.biobey.be\/fr-temp\/produit\/deodorant-pour-les-pieds-bio-50ml\/"},"modified":"2026-04-22T17:07:34","modified_gmt":"2026-04-22T15:07:34","slug":"deodorant-pour-les-pieds-bio-50ml","status":"publish","type":"product","link":"https:\/\/www.biobey.be\/fr\/produit\/deodorant-pour-les-pieds-bio-50ml\/","title":{"rendered":"D\u00e9odorant pour les pieds &#8211; cr\u00e8me anti-transpirante bio 50ml"},"content":{"rendered":"<p>Quelle cr\u00e8me pour les pieds est efficace contre la transpiration des pieds ? La cr\u00e8me d\u00e9odorante naturelle pour les pieds \u00e9limine les mauvaises odeurs et pr\u00e9vient la transpiration excessive des pieds. La cr\u00e8me d\u00e9odorante pour les pieds 100 % naturelle a une action antibact\u00e9rienne et antiseptique.<\/p>\n<ol>\n<li>La cr\u00e8me pour les pieds Bema contre la transpiration des pieds a un effet anti-inflammatoire et r\u00e9g\u00e9n\u00e9rant.<\/li>\n<li>La combinaison d&rsquo;extraits de sauge et de romarin tue les mauvaises bact\u00e9ries et a un effet antifongique. Cela aide \u00e0 combattre la cause des mauvaises odeurs.<\/li>\n<li>Le beurre de karit\u00e9 contenu dans la cr\u00e8me pour les pieds adoucit et prot\u00e8ge les pieds secs.<\/li>\n<li>Gr\u00e2ce \u00e0 l&rsquo;huile essentielle de thym et \u00e0 l&rsquo;extrait de sauge, la cr\u00e8me pour les pieds a un l\u00e9ger effet astringent sur les pores. Elle aide ainsi \u00e0 traiter la transpiration des pieds. Elle r\u00e9duit la transpiration de mani\u00e8re naturelle et s\u00fbre.<\/li>\n<li>L&rsquo;huile essentielle de thym a une action antibact\u00e9rienne. Elle \u00e9limine les odeurs d\u00e9sagr\u00e9ables et <span style=\"color: #0000ff;\"><a style=\"color: #0000ff;\" href=\"https:\/\/www.biobey.be\/fr\/produit\/deodorant-pour-les-pieds-bio-50ml\/\">prot\u00e8ge les pieds contre les mauvaises odeurs<\/a><\/span>.<\/li>\n<\/ol>\n<p>Gr\u00e2ce \u00e0 sa composition naturelle sans ingr\u00e9dients synth\u00e9tiques, la peau n&rsquo;est pas expos\u00e9e \u00e0 des substances irritantes. Le d\u00e9odorant naturel pour les pieds est exempt de substances synth\u00e9tiques, de silicones, de vaseline et de parab\u00e8nes<\/p>\n<h2>D\u00e9odorant pour les pieds &#8211; Composants actifs<\/h2>\n<p>Les ingr\u00e9dients actifs du d\u00e9odorant cr\u00e8me pour les pieds comprennent un extrait de sauge, un extrait de romarin, une huile essentielle de thym et du beurre de karit\u00e9. L&rsquo;extrait de romarin r\u00e9duit les odeurs d\u00e9sagr\u00e9ables. C&rsquo;est un ingr\u00e9dient courant dans les bougies parfum\u00e9es et les d\u00e9odorants.<\/p>\n<p>De plus, il a des propri\u00e9t\u00e9s anti-inflammatoires, tuant les mauvaises bact\u00e9ries. En plus de ses propri\u00e9t\u00e9s antibact\u00e9riennes, l&rsquo;huile essentielle de thym a aussi un effet rafra\u00eechissant. Elle assure une agr\u00e9able sensation de fra\u00eecheur aux pieds.<\/p>\n<p>L&rsquo;huile de thym est utilis\u00e9e pour traiter les verrues, les champignons et les infections. Le beurre de karit\u00e9 est fabriqu\u00e9 \u00e0 partir des noix de karit\u00e9. Elle est riche en acides gras anti-inflammatoires.<br \/>\nElle <span style=\"color: #0000ff;\"><a style=\"color: #0000ff;\" href=\"https:\/\/www.biobey.be\/fr\/produit\/bio-creme-pour-pieds-tres-secs-crevasses\/\">hydrate et nourrit intens\u00e9ment les peaux s\u00e8ches.<\/a><\/span><\/p>\n<p>Ce beurre de karit\u00e9 augmente en outre l&rsquo;absorption d&rsquo;humidit\u00e9 et pr\u00e9vient la s\u00e9cheresse de la peau. Le d\u00e9odorant pour les pieds \u00e9limine les mauvaises odeurs et r\u00e9duit la transpiration.<br \/>\nD\u00e9odorant cr\u00e8me pour les pieds est v\u00e9g\u00e9talienne. Les produits Bema ne sont pas test\u00e9s sur les animaux.<\/p>\n<p><strong>Utilisation :<\/strong> Appliquer D\u00e9odorant pour les pieds sur les pieds lav\u00e9s. S\u00e9chez les pieds avant d&rsquo;appliquer la cr\u00e8me. Massez D\u00e9odorant cr\u00e8me pour les pieds jusqu&rsquo;\u00e0 ce qu&rsquo;elle soit bien absorb\u00e9e.Soigner les pieds qui transpirent.<\/p>\n<h2>Vous voulez savoir comment soigner naturellement les pieds qui transpirent ?<\/h2>\n<p>Voici une routine de soins en trois \u00e9tapes pour rem\u00e9dier \u00e0 la transpiration des pieds.<\/p>\n<p><strong>\u00c9tape 1<\/strong> : Bain de pieds pour des pieds frais<br \/>\nLavez vos pieds avec un savon antibact\u00e9rien naturel et de l&rsquo;eau chaude. N&rsquo;oubliez pas de bien s\u00e9cher entre vos orteils, car les zones humides favorisent la prolif\u00e9ration des bact\u00e9ries.<\/p>\n<p><strong>\u00c9tape 2 :<\/strong> Traitement avec la cr\u00e8me d\u00e9odorante pour les pieds Bema Bio<br \/>\nAppliquez la cr\u00e8me d\u00e9odorante pour les pieds Bema pour garder vos pieds au sec et r\u00e9duire le risque de prolif\u00e9ration bact\u00e9rienne.<br \/>\nHydratez vos pieds avec une cr\u00e8me hydratante pour les pieds. Cela gardera votre peau heureuse et hydrat\u00e9e.<\/p>\n<p><strong>\u00c9tape 3 :<\/strong> Chaussures confortables et chaussettes naturelles Choisissez des chaussettes faites de mat\u00e9riaux naturels tels que le coton ou le bambou. Ces chaussettes respirent mieux et absorbent l&rsquo;humidit\u00e9. \u00c9vitez les chaussettes synth\u00e9tiques et les chaussures serr\u00e9es.<\/p>\n<p>Si ces \u00e9tapes ne vous aident pas \u00e0 traiter vos pieds moites et que vous souffrez toujours de transpiration excessive, il est pr\u00e9f\u00e9rable de consulter un m\u00e9decin ou un dermatologue pour obtenir plus de conseils et d&rsquo;options de traitement.<\/p>\n<p><strong>(INCI):<\/strong> Acqua, Glycerin, Cetearyl Glucoside, Cetearyl Alcohol (composant des huiles essentielles), Prunus Amygdalus Dulcis* Oil, Oryza Sativa (Rijst) Germ Oil, Zinc Ricinoleate, Olea Europaea* Fruit Oil, Glycine Soja*Oil, Butyrospermum Parkii* , Potassium Cetyl Phosphate, Glyceryl Caprylate, Origanum Vulgare Leaf Oil, Thymus Vulgaris*(Essenti\u00eble tijm olie) Oil,<\/p>\n<p>Cinnamomum Zeylanicum (Kaneel) Bark Oil, Olea Europaea (Oliif)Leaf Oil, Rosmarinus Officinalis Leaf Oil, Lavandula Angustifolia(Lavender) Flower Oil, Citrus Medica Limonum (Lemon) Peel Oil,<\/p>\n<p>Mentha Piperita(Peppermint) Leaf Oil, Hydrastis Canadensis Root Oil, Kaolin,Benzyl Alcohol, Dehydroacetic Acid, Citric Acid, Tocopherol, Cinnamal**,Limonene**, Linalool**, Citronellol**,Fragrance(origine naturelle)<\/p>\n","protected":false},"excerpt":{"rendered":"<p>Le d\u00e9odorant pour les pieds \u00e9limine les mauvaises odeurs et r\u00e9duit la transpiration. Cette cr\u00e8me anti-transpirante prot\u00e8ge les pieds contre les mauvaises odeurs. D\u00e9odorant cr\u00e8me pour les pieds a un effet antibact\u00e9rien et antiseptique. Produit BIO<\/p>\n","protected":false},"featured_media":246,"comment_status":"open","ping_status":"closed","template":"","meta":{"ocean_post_layout":"","ocean_both_sidebars_style":"","ocean_both_sidebars_content_width":0,"ocean_both_sidebars_sidebars_width":0,"ocean_sidebar":"","ocean_second_sidebar":"","ocean_disable_margins":"enable","ocean_add_body_class":"","ocean_shortcode_before_top_bar":"","ocean_shortcode_after_top_bar":"","ocean_shortcode_before_header":"","ocean_shortcode_after_header":"","ocean_has_shortcode":"","ocean_shortcode_after_title":"","ocean_shortcode_before_footer_widgets":"","ocean_shortcode_after_footer_widgets":"","ocean_shortcode_before_footer_bottom":"","ocean_shortcode_after_footer_bottom":"","ocean_display_top_bar":"default","ocean_display_header":"default","ocean_header_style":"","ocean_center_header_left_menu":"","ocean_custom_header_template":"","ocean_custom_logo":0,"ocean_custom_retina_logo":0,"ocean_custom_logo_max_width":0,"ocean_custom_logo_tablet_max_width":0,"ocean_custom_logo_mobile_max_width":0,"ocean_custom_logo_max_height":0,"ocean_custom_logo_tablet_max_height":0,"ocean_custom_logo_mobile_max_height":0,"ocean_header_custom_menu":"","ocean_menu_typo_font_family":"","ocean_menu_typo_font_subset":"","ocean_menu_typo_font_size":0,"ocean_menu_typo_font_size_tablet":0,"ocean_menu_typo_font_size_mobile":0,"ocean_menu_typo_font_size_unit":"px","ocean_menu_typo_font_weight":"","ocean_menu_typo_font_weight_tablet":"","ocean_menu_typo_font_weight_mobile":"","ocean_menu_typo_transform":"","ocean_menu_typo_transform_tablet":"","ocean_menu_typo_transform_mobile":"","ocean_menu_typo_line_height":0,"ocean_menu_typo_line_height_tablet":0,"ocean_menu_typo_line_height_mobile":0,"ocean_menu_typo_line_height_unit":"","ocean_menu_typo_spacing":0,"ocean_menu_typo_spacing_tablet":0,"ocean_menu_typo_spacing_mobile":0,"ocean_menu_typo_spacing_unit":"","ocean_menu_link_color":"","ocean_menu_link_color_hover":"","ocean_menu_link_color_active":"","ocean_menu_link_background":"","ocean_menu_link_hover_background":"","ocean_menu_link_active_background":"","ocean_menu_social_links_bg":"","ocean_menu_social_hover_links_bg":"","ocean_menu_social_links_color":"","ocean_menu_social_hover_links_color":"","ocean_disable_title":"default","ocean_disable_heading":"default","ocean_post_title":"","ocean_post_subheading":"","ocean_post_title_style":"","ocean_post_title_background_color":"","ocean_post_title_background":0,"ocean_post_title_bg_image_position":"","ocean_post_title_bg_image_attachment":"","ocean_post_title_bg_image_repeat":"","ocean_post_title_bg_image_size":"","ocean_post_title_height":0,"ocean_post_title_bg_overlay":0.5,"ocean_post_title_bg_overlay_color":"","ocean_disable_breadcrumbs":"default","ocean_breadcrumbs_color":"","ocean_breadcrumbs_separator_color":"","ocean_breadcrumbs_links_color":"","ocean_breadcrumbs_links_hover_color":"","ocean_display_footer_widgets":"default","ocean_display_footer_bottom":"default","ocean_custom_footer_template":""},"product_brand":[106],"product_cat":[26,16],"product_tag":[126,133,125],"class_list":{"0":"post-2232","1":"product","2":"type-product","3":"status-publish","4":"has-post-thumbnail","6":"product_brand-bema-bio","7":"product_cat-mains-et-pieds","8":"product_cat-soins","9":"product_tag-sans-paraben","10":"product_tag-sansparfumsynthetique","11":"product_tag-vegan","13":"entry","14":"has-media","16":"first","17":"instock","18":"taxable","19":"shipping-taxable","20":"purchasable","21":"product-type-simple","22":"has-rating","23":"col","24":"span_1_of_3","25":"owp-content-center","26":"owp-thumbs-layout-horizontal","27":"owp-btn-normal","28":"owp-tabs-layout-section","29":"has-no-thumbnails","30":"circle-sale"},"_links":{"self":[{"href":"https:\/\/www.biobey.be\/fr\/wp-json\/wp\/v2\/product\/2232","targetHints":{"allow":["GET"]}}],"collection":[{"href":"https:\/\/www.biobey.be\/fr\/wp-json\/wp\/v2\/product"}],"about":[{"href":"https:\/\/www.biobey.be\/fr\/wp-json\/wp\/v2\/types\/product"}],"replies":[{"embeddable":true,"href":"https:\/\/www.biobey.be\/fr\/wp-json\/wp\/v2\/comments?post=2232"}],"wp:featuredmedia":[{"embeddable":true,"href":"https:\/\/www.biobey.be\/fr\/wp-json\/wp\/v2\/media\/246"}],"wp:attachment":[{"href":"https:\/\/www.biobey.be\/fr\/wp-json\/wp\/v2\/media?parent=2232"}],"wp:term":[{"taxonomy":"product_brand","embeddable":true,"href":"https:\/\/www.biobey.be\/fr\/wp-json\/wp\/v2\/product_brand?post=2232"},{"taxonomy":"product_cat","embeddable":true,"href":"https:\/\/www.biobey.be\/fr\/wp-json\/wp\/v2\/product_cat?post=2232"},{"taxonomy":"product_tag","embeddable":true,"href":"https:\/\/www.biobey.be\/fr\/wp-json\/wp\/v2\/product_tag?post=2232"}],"curies":[{"name":"wp","href":"https:\/\/api.w.org\/{rel}","templated":true}]}}