{"id":2233,"date":"2025-03-31T16:22:08","date_gmt":"2025-03-31T14:22:08","guid":{"rendered":"https:\/\/www.biobey.be\/fr-temp\/produit\/boue-auto-chauffante-dargile-500-ml\/"},"modified":"2026-03-26T21:56:02","modified_gmt":"2026-03-26T20:56:02","slug":"boue-auto-chauffante-dargile-500-ml","status":"publish","type":"product","link":"https:\/\/www.biobey.be\/fr\/produit\/boue-auto-chauffante-dargile-500-ml\/","title":{"rendered":"Boue auto-chauffante d\u2019argile 500 ml"},"content":{"rendered":"<p>La boue auto-chauffante d&rsquo;argile verte est une solution efficace pour les lombalgies, les douleurs aux \u00e9paules, les douleurs musculaires et articulaires. La thermoth\u00e9rapie \u00e0 l&rsquo;argile verte activ\u00e9e est appliqu\u00e9e dans le <span style=\"color: #0000ff;\"><a style=\"color: #0000ff;\" href=\"https:\/\/www.biobey.be\/fr\/produit\/gel-anti-douleur-du-dos-de-la-nuque\/\">traitement des lombalgies<\/a><\/span>.<\/p>\n<p>La th\u00e9rapie par la boue auto-chauffante aide \u00e0 soulager les tensions musculaires, les jambes lourdes ainsi que les douleurs aux genoux.<\/p>\n<p>Boue auto-chauffante est compos\u00e9e d&rsquo;argile verte ventil\u00e9e, d&rsquo;huiles essentielles et d&rsquo;extraits de plantes issus de l&rsquo;agriculture biologique. Ces composants ont un <strong>effet anti-inflammatoire<\/strong> et analg\u00e9sique. C&rsquo;est <strong>un rem\u00e8de 100% naturel<\/strong> pour les douleurs articulaires et musculaires. Le principal ingr\u00e9dient est l&rsquo;argile verte activ\u00e9e qui est s\u00e9ch\u00e9e au soleil.<\/p>\n<h2>Boue auto-chauffante contre les probl\u00e8mes musculaires et articulaires.<\/h2>\n<p>La boue chauffante d\u2019argile inhibe l&rsquo;inflammation et favorise la circulation sanguine. Le prochain ingr\u00e9dient actif est l&rsquo;huile essentielle de Gaulth\u00e9rie biologique. Cette huile essentielle contient beaucoup de salicylate de m\u00e9thyle.<\/p>\n<p>Cette substance est un composant important dans les cr\u00e8mes et des m\u00e9dicaments contre les douleurs articulaires. Elle a un effet analg\u00e9sique sur les muscles tendus et douleurs musculaires. La puissante composition de l&rsquo;enveloppement de boue auto-chauffant <strong>acc\u00e9l\u00e8re la r\u00e9cup\u00e9ration et r\u00e9duit les sympt\u00f4mes.<\/strong><\/p>\n<p>Utilisation :Appliquer la boue chauffante<br \/>\nd\u2019argile verte sur la zone \u00e0 traiter. Veillez \u00e0 ce que boue d&rsquo;argile verte chauffante soit \u00e9tal\u00e9e sur une surface plus grande que la zone \u00e0 traiter. Une fine couche d&rsquo;environ un demi-centim\u00e8tre (0,5 cm) est suffisante.<\/p>\n<p>Apr\u00e8s avoir \u00e9tal\u00e9 le produit, couvrez la zone avec un papier absorbant. Enveloppez-la ensuite avec un tissu en coton, un tissu en laine ou un vieux v\u00eatement. Il faut quelques minutes apr\u00e8s l&rsquo;application de la boue de l&rsquo;argile chauffante pour ressentir la chaleur. Cela vous permet de vous sentir d\u00e9tendu et favorise la circulation sanguine.<\/p>\n<p>L&rsquo;intensit\u00e9 de la chaleur varie en fonction de la sensibilit\u00e9 personnelle et de la zone du corps \u00e0 traiter. Utilisez une cuill\u00e8re pour retirer la boue d&rsquo;argile verte. Lavez les r\u00e9sidus restants avec une \u00e9ponge humide et de l&rsquo;eau ti\u00e8de. Cette proc\u00e9dure peut \u00eatre effectu\u00e9e quotidiennement.<\/p>\n<p>Gr\u00e2ce \u00e0 sa composition naturel, ce produit peut \u00eatre utilis\u00e9 plusieurs fois par jour. Cette proc\u00e9dure peut \u00eatre effectu\u00e9e jusqu&rsquo;\u00e0 trois fois par jour. La boue auto-chauffante d&rsquo;argile verte peut \u00eatre appliqu\u00e9e sur diff\u00e9rentes parties du corps en m\u00eame temps. Tant pour les douleurs aux \u00e9paules que pour le dos, les jambes lourdes, etc.<\/p>\n<p>Ingr\u00e9dients INCI: Solum fullonum (argile verte s\u00e9ch\u00e9es au soleil ), Aqua, Glycerine, Gaultheria Procumbens Oil ***, Pinus Pumilio Oil ***, (Huile de Camphre) Kamferolie ***, ( Huile de Thym) Thymus Vulgaris Oil ***, Capsicum Frutescens oleohars, Melaleuca Viridiflora Oil ***, Cinnamonum Zeylanicum Oil ***, Origanum Vulgare Oil ***, Styrax Benzo\u00eb Extract, xanthaangom (v\u00e9g\u00e9tale ), Alcohol *.<\/p>\n<p>Issus de l&rsquo;agriculture biologique*<br \/>\nla boue auto-chauffante contre les douleurs musculaires convient aux v\u00e9ganes.<\/p>\n<h2>Boue auto-chauffante d\u2019argile &#8211; Argital<\/h2>\n<p>Argital est une marque italienne de cosm\u00e9tiques naturels et biologiques fond\u00e9e en 1979 par le biologiste Giuseppe Ferraro.<br \/>\nCertificats Argital :<br \/>\nBDIH, la marque qui certifie les cosm\u00e9tiques naturels<br \/>\n<span style=\"color: #0000ff;\"><a style=\"color: #0000ff;\" href=\"https:\/\/www.biobey.be\/fr\/encyclopedie\/certificats-bio\/demeter\/\">DEMETER<\/a><\/span>, une certification de qualit\u00e9 internationalement reconnue qui labellise les herbes officinales.<br \/>\nLes produits Argital sont certifi\u00e9s ecoCONTROL. Ce certificat garantit la qualit\u00e9 biologique et naturelle des mati\u00e8res premi\u00e8res utilis\u00e9es.<br \/>\nICEA VEGAN<br \/>\nEmballage \u00e9cologique : Les tubes et les emballages des produits naturels Argital sont enti\u00e8rement compos\u00e9s de mat\u00e9riaux \u00e9cologiques recyclables ou recycl\u00e9s.<\/p>\n","protected":false},"excerpt":{"rendered":"<p>La th\u00e9rapie par la boue auto-chauffante aide \u00e0 soulager les tensions musculaires, les jambes lourdes ainsi que les douleurs \u00e0 l&rsquo;int\u00e9rieur du genou. L&rsquo;enveloppement corporel \u00e0 base de la boue auto-chauffante est un traitement 100% naturel pour les probl\u00e8mes musculaires et articulaires.<\/p>\n","protected":false},"featured_media":235,"comment_status":"open","ping_status":"closed","template":"","meta":{"ocean_post_layout":"","ocean_both_sidebars_style":"","ocean_both_sidebars_content_width":0,"ocean_both_sidebars_sidebars_width":0,"ocean_sidebar":"0","ocean_second_sidebar":"0","ocean_disable_margins":"enable","ocean_add_body_class":"","ocean_shortcode_before_top_bar":"","ocean_shortcode_after_top_bar":"","ocean_shortcode_before_header":"","ocean_shortcode_after_header":"","ocean_has_shortcode":"","ocean_shortcode_after_title":"","ocean_shortcode_before_footer_widgets":"","ocean_shortcode_after_footer_widgets":"","ocean_shortcode_before_footer_bottom":"","ocean_shortcode_after_footer_bottom":"","ocean_display_top_bar":"default","ocean_display_header":"default","ocean_header_style":"","ocean_center_header_left_menu":"0","ocean_custom_header_template":"0","ocean_custom_logo":0,"ocean_custom_retina_logo":0,"ocean_custom_logo_max_width":0,"ocean_custom_logo_tablet_max_width":0,"ocean_custom_logo_mobile_max_width":0,"ocean_custom_logo_max_height":0,"ocean_custom_logo_tablet_max_height":0,"ocean_custom_logo_mobile_max_height":0,"ocean_header_custom_menu":"0","ocean_menu_typo_font_family":"0","ocean_menu_typo_font_subset":"","ocean_menu_typo_font_size":0,"ocean_menu_typo_font_size_tablet":0,"ocean_menu_typo_font_size_mobile":0,"ocean_menu_typo_font_size_unit":"px","ocean_menu_typo_font_weight":"","ocean_menu_typo_font_weight_tablet":"","ocean_menu_typo_font_weight_mobile":"","ocean_menu_typo_transform":"","ocean_menu_typo_transform_tablet":"","ocean_menu_typo_transform_mobile":"","ocean_menu_typo_line_height":0,"ocean_menu_typo_line_height_tablet":0,"ocean_menu_typo_line_height_mobile":0,"ocean_menu_typo_line_height_unit":"","ocean_menu_typo_spacing":0,"ocean_menu_typo_spacing_tablet":0,"ocean_menu_typo_spacing_mobile":0,"ocean_menu_typo_spacing_unit":"","ocean_menu_link_color":"","ocean_menu_link_color_hover":"","ocean_menu_link_color_active":"","ocean_menu_link_background":"","ocean_menu_link_hover_background":"","ocean_menu_link_active_background":"","ocean_menu_social_links_bg":"","ocean_menu_social_hover_links_bg":"","ocean_menu_social_links_color":"","ocean_menu_social_hover_links_color":"","ocean_disable_title":"default","ocean_disable_heading":"default","ocean_post_title":"","ocean_post_subheading":"","ocean_post_title_style":"","ocean_post_title_background_color":"","ocean_post_title_background":0,"ocean_post_title_bg_image_position":"","ocean_post_title_bg_image_attachment":"","ocean_post_title_bg_image_repeat":"","ocean_post_title_bg_image_size":"","ocean_post_title_height":0,"ocean_post_title_bg_overlay":0.5,"ocean_post_title_bg_overlay_color":"","ocean_disable_breadcrumbs":"default","ocean_breadcrumbs_color":"","ocean_breadcrumbs_separator_color":"","ocean_breadcrumbs_links_color":"","ocean_breadcrumbs_links_hover_color":"","ocean_display_footer_widgets":"default","ocean_display_footer_bottom":"default","ocean_custom_footer_template":"0"},"product_brand":[102],"product_cat":[32,31],"product_tag":[137,126,125],"class_list":{"0":"post-2233","1":"product","2":"type-product","3":"status-publish","4":"has-post-thumbnail","6":"product_brand-argital","7":"product_cat-muscles-articulations-et-dos","8":"product_cat-sante","9":"product_tag-sans-colorants-synthetiques","10":"product_tag-sans-paraben","11":"product_tag-vegan","13":"entry","14":"has-media","16":"first","17":"instock","18":"taxable","19":"shipping-taxable","20":"purchasable","21":"product-type-simple","22":"has-rating","23":"col","24":"span_1_of_3","25":"owp-content-center","26":"owp-thumbs-layout-horizontal","27":"owp-btn-normal","28":"owp-tabs-layout-section","29":"has-no-thumbnails","30":"circle-sale"},"_links":{"self":[{"href":"https:\/\/www.biobey.be\/fr\/wp-json\/wp\/v2\/product\/2233","targetHints":{"allow":["GET"]}}],"collection":[{"href":"https:\/\/www.biobey.be\/fr\/wp-json\/wp\/v2\/product"}],"about":[{"href":"https:\/\/www.biobey.be\/fr\/wp-json\/wp\/v2\/types\/product"}],"replies":[{"embeddable":true,"href":"https:\/\/www.biobey.be\/fr\/wp-json\/wp\/v2\/comments?post=2233"}],"wp:featuredmedia":[{"embeddable":true,"href":"https:\/\/www.biobey.be\/fr\/wp-json\/wp\/v2\/media\/235"}],"wp:attachment":[{"href":"https:\/\/www.biobey.be\/fr\/wp-json\/wp\/v2\/media?parent=2233"}],"wp:term":[{"taxonomy":"product_brand","embeddable":true,"href":"https:\/\/www.biobey.be\/fr\/wp-json\/wp\/v2\/product_brand?post=2233"},{"taxonomy":"product_cat","embeddable":true,"href":"https:\/\/www.biobey.be\/fr\/wp-json\/wp\/v2\/product_cat?post=2233"},{"taxonomy":"product_tag","embeddable":true,"href":"https:\/\/www.biobey.be\/fr\/wp-json\/wp\/v2\/product_tag?post=2233"}],"curies":[{"name":"wp","href":"https:\/\/api.w.org\/{rel}","templated":true}]}}