{"id":2236,"date":"2025-04-06T19:59:57","date_gmt":"2025-04-06T17:59:57","guid":{"rendered":"https:\/\/www.biobey.be\/fr-temp\/produit\/savon-hydratant-naturel\/"},"modified":"2026-02-18T13:42:29","modified_gmt":"2026-02-18T12:42:29","slug":"savon-hydratant-naturel","status":"publish","type":"product","link":"https:\/\/www.biobey.be\/fr\/produit\/savon-hydratant-naturel\/","title":{"rendered":"Savon hydratant naturel \u00e0 l&rsquo;huile de chanvre 100g"},"content":{"rendered":"<p>Le savon hydratant naturel nettoie la peau efficacement et en douceur. Gr\u00e2ce \u00e0 sa composition douce, il n&rsquo;affecte pas la couche protectrice naturelle de la peau. Le savon hydratant naturel \u00e0 l&rsquo;huile de graines de chanvre biologique \u00e9limine les impuret\u00e9s et hydrate la peau.<\/p>\n<p>Le savon hydratant naturel a un pH de 5,5. Il convient pour les soins de tous les types de peau. Peaux s\u00e8ches ainsi que peaux mixtes et sensibles. Apr\u00e8s le lavage, la peau est douce et lisse. Le savon hydratant naturel \u00e9limine la salet\u00e9 et les impuret\u00e9s sans ass\u00e9cher la peau.<\/p>\n<h2>Savon hydratant naturel au chanvre est un savon au PH neutre.<\/h2>\n<p>Le savon naturel au chanvre pour le corps contient 2 % d&rsquo;huile de chanvre biologique. La graine de chanvre a un effet calmant et nourrissant sur les peaux irrit\u00e9es et ab\u00eem\u00e9es. Elle est riche en vitamines, min\u00e9raux, acides insatur\u00e9s om\u00e9ga 3, om\u00e9ga 6 et om\u00e9ga 9.<\/p>\n<p>Les acides insatur\u00e9s nourrissent intensivement la peau. De plus, l&rsquo;huile de chanvre a un effet antibact\u00e9rien. Elle est utilis\u00e9e dans le traitement des inflammations. La glyc\u00e9rine, \u00e0 son tour, assure une hydratation profonde de la peau. Cette substance naturelle nettoie, adoucit et pr\u00e9vient la s\u00e9cheresse de la peau.<\/p>\n<p>Le savon hydratant a un ar\u00f4me doux et subtil. Il \u00e9limine en douceur mais efficacement les impuret\u00e9s et les d\u00e9bris sans perturber la valeur naturelle du pH de la peau. Il est certifi\u00e9 CPK Natural.<\/p>\n<h3>Le savon hydratant naturel convient comme mousse \u00e0 raser<\/h3>\n<p>Le savon hydratant naturel ne contient aucun ingr\u00e9dient synth\u00e9tique irritant. Gr\u00e2ce \u00e0 ses propri\u00e9t\u00e9s moussantes, il peut \u00eatre utilis\u00e9 pour remplacer la mousse \u00e0 raser. Il s&rsquo;agit d&rsquo;une alternative naturelle et plus saine aux mousses \u00e0 raser conventionnelles contenant des ingr\u00e9dients chimiques.<\/p>\n<p><strong>Utilisation :<\/strong> utiliser le savon hydratant \u00e0 l&rsquo;huile de chanvre sur la peau humide. Laissez le savon mousser dans vos mains, puis massez-le doucement sur votre peau. Rincez abondamment. \u00c9vitez tout contact avec les yeux et la zone sensible autour des yeux.<br \/>\nConservation : entre +10 et +25\u00b0C.<\/p>\n<p><strong>*Ingr\u00e9dients :<\/strong> Sodium Palmate, Sodium Cocoate, Aqua, Glyc\u00e9rine, Sodium Citrate, Extrait de graine de Cannabis Sativa.<\/p>\n<p><strong>*CPK Natural :<\/strong> la composition et les ingr\u00e9dients doivent \u00eatre naturels. Les mati\u00e8res de base sont collect\u00e9es de mani\u00e8re \u00e9cologique et \u00e9cologique. Plus d&rsquo;informations<\/p>\n<p><strong>Savon hydratant naturel \u00e0 l&rsquo;huile de chanvre a \u00e9t\u00e9 cr\u00e9\u00e9 par Cannaderm.<\/strong><\/p>\n<p>Cannaderm est une marque tch\u00e8que cr\u00e9\u00e9e en 2002 par la compagnie C. Pharma. Il s&rsquo;agit de la plus grande entreprise d&rsquo;Europe centrale sp\u00e9cialis\u00e9e dans le d\u00e9veloppement, la production et la distribution de cosm\u00e9tiques et de compl\u00e9ments alimentaires bio-gu\u00e9risseurs sp\u00e9ciaux qui utilisent l&rsquo;action de l&rsquo;huile de chanvre biologique.<\/p>\n<p>Tous les produits sont approuv\u00e9s et certifi\u00e9s par les autorit\u00e9s comp\u00e9tentes pour la vente dans tous les pays de l&rsquo;Union europ\u00e9enne.<\/p>\n","protected":false},"excerpt":{"rendered":"<p>Savon hydratant naturel \u00e0 l&rsquo;huile de chanvre PH neutre \u00e9limine la salet\u00e9 et les impuret\u00e9s sans ass\u00e9cher la peau. Le savon hydratant naturel ne contient aucun ingr\u00e9dient synth\u00e9tique irritant.<\/p>\n","protected":false},"featured_media":260,"comment_status":"open","ping_status":"closed","template":"","meta":{"ocean_post_layout":"","ocean_both_sidebars_style":"","ocean_both_sidebars_content_width":0,"ocean_both_sidebars_sidebars_width":0,"ocean_sidebar":"0","ocean_second_sidebar":"0","ocean_disable_margins":"enable","ocean_add_body_class":"","ocean_shortcode_before_top_bar":"","ocean_shortcode_after_top_bar":"","ocean_shortcode_before_header":"","ocean_shortcode_after_header":"","ocean_has_shortcode":"","ocean_shortcode_after_title":"","ocean_shortcode_before_footer_widgets":"","ocean_shortcode_after_footer_widgets":"","ocean_shortcode_before_footer_bottom":"","ocean_shortcode_after_footer_bottom":"","ocean_display_top_bar":"default","ocean_display_header":"default","ocean_header_style":"","ocean_center_header_left_menu":"0","ocean_custom_header_template":"0","ocean_custom_logo":0,"ocean_custom_retina_logo":0,"ocean_custom_logo_max_width":0,"ocean_custom_logo_tablet_max_width":0,"ocean_custom_logo_mobile_max_width":0,"ocean_custom_logo_max_height":0,"ocean_custom_logo_tablet_max_height":0,"ocean_custom_logo_mobile_max_height":0,"ocean_header_custom_menu":"0","ocean_menu_typo_font_family":"0","ocean_menu_typo_font_subset":"","ocean_menu_typo_font_size":0,"ocean_menu_typo_font_size_tablet":0,"ocean_menu_typo_font_size_mobile":0,"ocean_menu_typo_font_size_unit":"px","ocean_menu_typo_font_weight":"","ocean_menu_typo_font_weight_tablet":"","ocean_menu_typo_font_weight_mobile":"","ocean_menu_typo_transform":"","ocean_menu_typo_transform_tablet":"","ocean_menu_typo_transform_mobile":"","ocean_menu_typo_line_height":0,"ocean_menu_typo_line_height_tablet":0,"ocean_menu_typo_line_height_mobile":0,"ocean_menu_typo_line_height_unit":"","ocean_menu_typo_spacing":0,"ocean_menu_typo_spacing_tablet":0,"ocean_menu_typo_spacing_mobile":0,"ocean_menu_typo_spacing_unit":"","ocean_menu_link_color":"","ocean_menu_link_color_hover":"","ocean_menu_link_color_active":"","ocean_menu_link_background":"","ocean_menu_link_hover_background":"","ocean_menu_link_active_background":"","ocean_menu_social_links_bg":"","ocean_menu_social_hover_links_bg":"","ocean_menu_social_links_color":"","ocean_menu_social_hover_links_color":"","ocean_disable_title":"default","ocean_disable_heading":"default","ocean_post_title":"","ocean_post_subheading":"","ocean_post_title_style":"","ocean_post_title_background_color":"","ocean_post_title_background":0,"ocean_post_title_bg_image_position":"","ocean_post_title_bg_image_attachment":"","ocean_post_title_bg_image_repeat":"","ocean_post_title_bg_image_size":"","ocean_post_title_height":0,"ocean_post_title_bg_overlay":0.5,"ocean_post_title_bg_overlay_color":"","ocean_disable_breadcrumbs":"default","ocean_breadcrumbs_color":"","ocean_breadcrumbs_separator_color":"","ocean_breadcrumbs_links_color":"","ocean_breadcrumbs_links_hover_color":"","ocean_display_footer_widgets":"default","ocean_display_footer_bottom":"default","ocean_custom_footer_template":"0"},"product_brand":[109],"product_cat":[52,16,51,30],"product_tag":[126,133,128,125],"class_list":{"0":"post-2236","1":"product","2":"type-product","3":"status-publish","4":"has-post-thumbnail","6":"product_brand-cannaderm","7":"product_cat-nettoyage-et-hygiene","8":"product_cat-soins","9":"product_cat-soins-du-corps","10":"product_cat-soins-pour-hommes","11":"product_tag-sans-paraben","12":"product_tag-sansparfumsynthetique","13":"product_tag-sanssulfates","14":"product_tag-vegan","16":"entry","17":"has-media","19":"first","20":"instock","21":"taxable","22":"shipping-taxable","23":"purchasable","24":"product-type-simple","25":"has-rating","26":"col","27":"span_1_of_3","28":"owp-content-center","29":"owp-thumbs-layout-horizontal","30":"owp-btn-normal","31":"owp-tabs-layout-section","32":"has-no-thumbnails","33":"circle-sale"},"_links":{"self":[{"href":"https:\/\/www.biobey.be\/fr\/wp-json\/wp\/v2\/product\/2236","targetHints":{"allow":["GET"]}}],"collection":[{"href":"https:\/\/www.biobey.be\/fr\/wp-json\/wp\/v2\/product"}],"about":[{"href":"https:\/\/www.biobey.be\/fr\/wp-json\/wp\/v2\/types\/product"}],"replies":[{"embeddable":true,"href":"https:\/\/www.biobey.be\/fr\/wp-json\/wp\/v2\/comments?post=2236"}],"wp:featuredmedia":[{"embeddable":true,"href":"https:\/\/www.biobey.be\/fr\/wp-json\/wp\/v2\/media\/260"}],"wp:attachment":[{"href":"https:\/\/www.biobey.be\/fr\/wp-json\/wp\/v2\/media?parent=2236"}],"wp:term":[{"taxonomy":"product_brand","embeddable":true,"href":"https:\/\/www.biobey.be\/fr\/wp-json\/wp\/v2\/product_brand?post=2236"},{"taxonomy":"product_cat","embeddable":true,"href":"https:\/\/www.biobey.be\/fr\/wp-json\/wp\/v2\/product_cat?post=2236"},{"taxonomy":"product_tag","embeddable":true,"href":"https:\/\/www.biobey.be\/fr\/wp-json\/wp\/v2\/product_tag?post=2236"}],"curies":[{"name":"wp","href":"https:\/\/api.w.org\/{rel}","templated":true}]}}