{"id":2237,"date":"2024-01-06T23:55:32","date_gmt":"2024-01-06T22:55:32","guid":{"rendered":"https:\/\/www.biobey.be\/fr-temp\/produit\/creme-anti-lumiere-bleue-anti-age\/"},"modified":"2025-07-11T13:28:50","modified_gmt":"2025-07-11T11:28:50","slug":"creme-anti-lumiere-bleue-anti-age","status":"publish","type":"product","link":"https:\/\/www.biobey.be\/fr\/produit\/creme-anti-lumiere-bleue-anti-age\/","title":{"rendered":"Cr\u00e8me anti lumi\u00e8re bleue anti-\u00e2ge 50 ml"},"content":{"rendered":"<p>La cr\u00e8me anti lumi\u00e8re bleue anti-\u00e2ge hydratante multi-protectrice stimule le m\u00e9canisme d&rsquo;hydratation interne de la peau. Elle a un effet hydratant important sur la peau s\u00e8che. La cr\u00e8me anti lumi\u00e8re bleue anti-\u00e2ge lisse les rides caus\u00e9es par la s\u00e9cheresse de la peau.<\/p>\n<p>La cr\u00e8me anti-oxydante contient le Visiblue Screen Complex\u00ae. Ce complexe d&rsquo;extraits de plantes a \u00e9t\u00e9 sp\u00e9cialement d\u00e9velopp\u00e9 pour prot\u00e9ger la peau contre le vieillissement pr\u00e9matur\u00e9 de la peau caus\u00e9 par l&rsquo;exposition \u00e0 la lumi\u00e8re bleue et aux rayons UV.<\/p>\n<p>La lumi\u00e8re bleue de l&rsquo;\u00e9cran d&rsquo;ordinateur, du t\u00e9l\u00e9phone portable, de la tablette, de l&rsquo;\u00e9clairage,&#8230; a, tout comme les rayons UV du soleil, un effet d\u00e9shydratant sur la peau. Elle acc\u00e9l\u00e8re la formation des rides et provoque des taches de pigmentation. La<\/p>\n<p>Cr\u00e8me anti lumi\u00e8re bleue anti-\u00e2ge prot\u00e8ge la peau contre les influences n\u00e9gatives de la lumi\u00e8re bleue.<\/p>\n<h2>Cr\u00e8me anti lumi\u00e8re bleue anti-\u00e2ge hydratante Blue Defence<\/h2>\n<p>La Cr\u00e8me anti lumi\u00e8re bleue anti-\u00e2ge contient une forte teneur en antioxydants tels que la vitamine C et la vitamine E. Ceux-ci prot\u00e8gent la peau contre le stress oxydatif et pr\u00e9viennent le vieillissement cutan\u00e9. Les isoflavones de soja stimulent la production de collag\u00e8ne de la peau.<\/p>\n<p>La cr\u00e8me anti lumi\u00e8re bleue anti-\u00e2ge hydratante lisse les rides superficielles et prot\u00e8ge la peau contre les radicaux libres et les influences n\u00e9fastes de la lumi\u00e8re bleue. C&rsquo;est un produit multifonctionnel pour soigner, hydrater et prot\u00e9ger la peau.<\/p>\n<h3>Protection contre la lumi\u00e8re bleue et les radicaux libres<\/h3>\n<p>Le <strong>Visiblue Screen Complex\u00ae e<\/strong>st un filtre naturel qui prot\u00e8ge la peau contre les influences n\u00e9fastes de la lumi\u00e8re bleue. Il a \u00e9t\u00e9 sp\u00e9cialement cr\u00e9\u00e9 pour prot\u00e9ger la peau contre l&rsquo;hyperpigmentation et les rides pr\u00e9matur\u00e9es caus\u00e9es par l&rsquo;exposition \u00e0 la lumi\u00e8re bleue ou \u00e0 la lumi\u00e8re visible de haute \u00e9nergie.<\/p>\n<p>Avec une utilisation r\u00e9guli\u00e8re, le <strong>visage appara\u00eet plus ferme, plus plein et plus uniforme<\/strong>. De plus, il est prot\u00e9g\u00e9 contre les rides, la peau terne et les taches brunes. L&rsquo;effet anti-oxydant neutralise les influences nocives des radicaux libres.<\/p>\n<p>Le Visiblue Screen Complex\u00ae a \u00e9t\u00e9 d\u00e9velopp\u00e9 dans le laboratoire de Bema Bio. Il s&rsquo;agit d&rsquo;un complexe exclusif de principes actifs et d&rsquo;extraits de plantes de nouvelle g\u00e9n\u00e9ration qui prot\u00e8gent la peau contre les influences n\u00e9fastes de la lumi\u00e8re bleue et rouge (lumi\u00e8re bleue, UVA, UVB).<\/p>\n<p>Utilisation : Appliquer la cr\u00e8me sur une peau nettoy\u00e9e. Massez doucement. A utiliser deux fois par jour.<\/p>\n<p>Les produits Bema sont adapt\u00e9s aux v\u00e9g\u00e9taliens. Les produits finis et les mati\u00e8res premi\u00e8res ne sont pas test\u00e9s sur les animaux. Bema produit des soins naturels en utilisant des mati\u00e8res premi\u00e8res issues de l&rsquo;agriculture biologique.<\/p>\n<p><strong>Cr\u00e8me anti lumi\u00e8re bleue anti-\u00e2ge action<\/strong><br \/>\n&#8211; Prot\u00e8ge la peau contre les radicaux libres lumi\u00e8re bleue (digitala ging)<br \/>\n&#8211; Hydrate intens\u00e9ment les peaux s\u00e8ches<br \/>\n&#8211; R\u00e9duit les rides superficielles<\/p>\n<p>Ingr\u00e9dients : Eau florale de Hordeum vulgaris*, Aqua, alcool c\u00e9t\u00e9arylique, carbonate de dicaprylyle, huile de soja glycine*, glyc\u00e9rine, coco-caprylate, glucoside c\u00e9t\u00e9arylique, triglyc\u00e9ride caprylique\/caprique, oxyde de zinc, huile de graines de Solanum lycopersicum, eau florale de Rosa damascena*,<\/p>\n<p>Fleur de verveine thapsus hydrolys\u00e9e*, Phosphate de c\u00e9tyle de potassium, Lycop\u00e8ne, Eau de fleur de Centaurea cyanus*, Eau de feuille de Camellia sinensis*, Huile de graines de Vaccinium macrocarpon, Huile de noyau d&rsquo;Argania spinosa*,<\/p>\n<p>Huile de son d&rsquo;Oryza sativa. Butyrospermum parkii butter*, Olea europaea fruit oil*, Arctostaphylos uva ursi leaf extract, Polygonum aviculare extract, Vitis vinifera seed oil*, Persea gratissima oil*, Helianthus annuus seed oil, Glycyrrhiza glabra root extract*, Extrait de fruit de Vaccinium myrtillus*,<\/p>\n<p>Und\u00e9cane, Trid\u00e9cane, Tocoph\u00e9rol, Acide d\u00e9shydroac\u00e9tique, Alcool benzylique, Acide citrique, Sorbate de potassium, Benzoate de sodium, Fragrance naturelle, Citronellol**, Coumarine**, Eug\u00e9nol**, Limon\u00e8ne**, Linalool**<\/p>\n","protected":false},"excerpt":{"rendered":"<p><strong>Cr\u00e8me anti lumi\u00e8re bleue anti-\u00e2ge action<\/strong><br \/>\n&#8211; \u00c9limine les rides superficielles<br \/>\n&#8211; Prot\u00e8ge la peau contre les radicaux libres lumi\u00e8re bleue (digital aging)<br \/>\n&#8211; Hydrate intens\u00e9ment les peaux s\u00e8ches<br \/>\nLa cr\u00e8me anti-oxydante contient le Visiblue Screen Complex\u00ae<\/p>\n","protected":false},"featured_media":230,"comment_status":"open","ping_status":"closed","template":"","meta":{"ocean_post_layout":"","ocean_both_sidebars_style":"","ocean_both_sidebars_content_width":0,"ocean_both_sidebars_sidebars_width":0,"ocean_sidebar":"","ocean_second_sidebar":"","ocean_disable_margins":"enable","ocean_add_body_class":"","ocean_shortcode_before_top_bar":"","ocean_shortcode_after_top_bar":"","ocean_shortcode_before_header":"","ocean_shortcode_after_header":"","ocean_has_shortcode":"","ocean_shortcode_after_title":"","ocean_shortcode_before_footer_widgets":"","ocean_shortcode_after_footer_widgets":"","ocean_shortcode_before_footer_bottom":"","ocean_shortcode_after_footer_bottom":"","ocean_display_top_bar":"default","ocean_display_header":"default","ocean_header_style":"","ocean_center_header_left_menu":"","ocean_custom_header_template":"","ocean_custom_logo":0,"ocean_custom_retina_logo":0,"ocean_custom_logo_max_width":0,"ocean_custom_logo_tablet_max_width":0,"ocean_custom_logo_mobile_max_width":0,"ocean_custom_logo_max_height":0,"ocean_custom_logo_tablet_max_height":0,"ocean_custom_logo_mobile_max_height":0,"ocean_header_custom_menu":"","ocean_menu_typo_font_family":"","ocean_menu_typo_font_subset":"","ocean_menu_typo_font_size":0,"ocean_menu_typo_font_size_tablet":0,"ocean_menu_typo_font_size_mobile":0,"ocean_menu_typo_font_size_unit":"px","ocean_menu_typo_font_weight":"","ocean_menu_typo_font_weight_tablet":"","ocean_menu_typo_font_weight_mobile":"","ocean_menu_typo_transform":"","ocean_menu_typo_transform_tablet":"","ocean_menu_typo_transform_mobile":"","ocean_menu_typo_line_height":0,"ocean_menu_typo_line_height_tablet":0,"ocean_menu_typo_line_height_mobile":0,"ocean_menu_typo_line_height_unit":"","ocean_menu_typo_spacing":0,"ocean_menu_typo_spacing_tablet":0,"ocean_menu_typo_spacing_mobile":0,"ocean_menu_typo_spacing_unit":"","ocean_menu_link_color":"","ocean_menu_link_color_hover":"","ocean_menu_link_color_active":"","ocean_menu_link_background":"","ocean_menu_link_hover_background":"","ocean_menu_link_active_background":"","ocean_menu_social_links_bg":"","ocean_menu_social_hover_links_bg":"","ocean_menu_social_links_color":"","ocean_menu_social_hover_links_color":"","ocean_disable_title":"default","ocean_disable_heading":"default","ocean_post_title":"","ocean_post_subheading":"","ocean_post_title_style":"","ocean_post_title_background_color":"","ocean_post_title_background":0,"ocean_post_title_bg_image_position":"","ocean_post_title_bg_image_attachment":"","ocean_post_title_bg_image_repeat":"","ocean_post_title_bg_image_size":"","ocean_post_title_height":0,"ocean_post_title_bg_overlay":0.5,"ocean_post_title_bg_overlay_color":"","ocean_disable_breadcrumbs":"default","ocean_breadcrumbs_color":"","ocean_breadcrumbs_separator_color":"","ocean_breadcrumbs_links_color":"","ocean_breadcrumbs_links_hover_color":"","ocean_display_footer_widgets":"default","ocean_display_footer_bottom":"default","ocean_custom_footer_template":""},"product_brand":[106],"product_cat":[19,17,16,20],"product_tag":[126,133,125],"class_list":{"0":"post-2237","1":"product","2":"type-product","3":"status-publish","4":"has-post-thumbnail","6":"product_brand-bema-bio","7":"product_cat-cremes-naturelles-de-jour-et-de-nuit","8":"product_cat-soins-du-visage","9":"product_cat-soins","10":"product_cat-anti-age","11":"product_tag-sans-paraben","12":"product_tag-sansparfumsynthetique","13":"product_tag-vegan","15":"entry","16":"has-media","18":"first","19":"instock","20":"taxable","21":"shipping-taxable","22":"purchasable","23":"product-type-simple","24":"has-rating","25":"col","26":"span_1_of_3","27":"owp-content-center","28":"owp-thumbs-layout-horizontal","29":"owp-btn-normal","30":"owp-tabs-layout-section","31":"has-no-thumbnails","32":"circle-sale"},"_links":{"self":[{"href":"https:\/\/www.biobey.be\/fr\/wp-json\/wp\/v2\/product\/2237","targetHints":{"allow":["GET"]}}],"collection":[{"href":"https:\/\/www.biobey.be\/fr\/wp-json\/wp\/v2\/product"}],"about":[{"href":"https:\/\/www.biobey.be\/fr\/wp-json\/wp\/v2\/types\/product"}],"replies":[{"embeddable":true,"href":"https:\/\/www.biobey.be\/fr\/wp-json\/wp\/v2\/comments?post=2237"}],"wp:featuredmedia":[{"embeddable":true,"href":"https:\/\/www.biobey.be\/fr\/wp-json\/wp\/v2\/media\/230"}],"wp:attachment":[{"href":"https:\/\/www.biobey.be\/fr\/wp-json\/wp\/v2\/media?parent=2237"}],"wp:term":[{"taxonomy":"product_brand","embeddable":true,"href":"https:\/\/www.biobey.be\/fr\/wp-json\/wp\/v2\/product_brand?post=2237"},{"taxonomy":"product_cat","embeddable":true,"href":"https:\/\/www.biobey.be\/fr\/wp-json\/wp\/v2\/product_cat?post=2237"},{"taxonomy":"product_tag","embeddable":true,"href":"https:\/\/www.biobey.be\/fr\/wp-json\/wp\/v2\/product_tag?post=2237"}],"curies":[{"name":"wp","href":"https:\/\/api.w.org\/{rel}","templated":true}]}}