{"id":2238,"date":"2025-05-23T12:57:12","date_gmt":"2025-05-23T10:57:12","guid":{"rendered":"https:\/\/www.biobey.be\/fr-temp\/produit\/ballonnement-et-gaz\/"},"modified":"2026-03-03T16:19:40","modified_gmt":"2026-03-03T15:19:40","slug":"ballonnement-et-gaz","status":"publish","type":"product","link":"https:\/\/www.biobey.be\/fr\/produit\/ballonnement-et-gaz\/","title":{"rendered":"Ballonnement et gaz 80 comprim\u00e9s"},"content":{"rendered":"<p>Vous recherchez un rem\u00e8de naturel et efficace contre les gaz et les ballonnements? Compl\u00e9ment alimentaire bio contre ballonnement et gaz est un compl\u00e9ment alimentaire bio b\u00e9n\u00e9fique pour les personnes qui souffrent de probl\u00e8mes digestifs, de ballonnements, de flatulences et de spasmes intestinaux.<\/p>\n<p>Le compl\u00e9ment <span style=\"color: #0000ff;\"><a style=\"color: #0000ff;\" href=\"https:\/\/www.biobey.be\/fr\/produit\/comprimes-de-spiruline-sans-additifs-90c\/\">Spiruline de Bio Earth<\/a><\/span> am\u00e9liore \u00e9galement la flore intestinale.<\/p>\n<p><strong>Les principaux composants actifs b\u00e9n\u00e9fiques de ce compl\u00e9ment sont:<\/strong><\/p>\n<ul>\n<li>extrait d&rsquo;ortie<\/li>\n<li>extrait de pissenlit<\/li>\n<li>huile de sauge biologique Demeter<\/li>\n<li>Enrichi en<span style=\"color: #0000ff;\"><a style=\"color: #0000ff;\" href=\"https:\/\/www.biobey.be\/fr\/produit\/huile-essentielle-de-menthe-poivree-bio\/\"> huiles essentielles bio d&rsquo;anis et de menthe<\/a><\/span><\/li>\n<\/ul>\n<p>Le compl\u00e9ment alimentaire 100% v\u00e9g\u00e9tal peut \u00eatre efficace en cas de troubles intestinaux et gastriques.<\/p>\n<p>Gr\u00e2ce \u00e0 sa formule naturelle optimale d&rsquo;extraits de plantes et d&rsquo;huiles essentielles organiques, il contribue \u00e0 la r\u00e9cup\u00e9ration de la flore intestinale et am\u00e9liore le fonctionnement de l&rsquo;estomac et des intestins de mani\u00e8re naturelle.<\/p>\n<p>Le compl\u00e9ment alimentaire contre ballonnement et gaz est le r\u00e9sultat de recherches approfondies sur un rem\u00e8de naturel pour un fonctionnement sain de l&rsquo;intestin et de l&rsquo;estomac. Il est compos\u00e9 d&rsquo;extraits naturels de plantes et d&rsquo;huiles essentielles biologiques.<\/p>\n<h2>Compl\u00e9ment alimentaire contre ballonnement et gaz &#8211; Composition unique<\/h2>\n<p>L&rsquo;action puissante du V\u00e9g\u00e9targil est le r\u00e9sultat de la combinaison d&rsquo;extraits biologiques d&rsquo;ortie, de pissenlit et d&rsquo;huiles essentielles de sauge, d&rsquo;anis et de menthe certifi\u00e9es Demeter.<\/p>\n<p>L&rsquo;ortie aide \u00e0 \u00e9liminer plus rapidement les toxines de l&rsquo;organisme en stimulant le fonctionnement de la digestion. Des \u00e9tudes et des recherches ont montr\u00e9 que l&rsquo;extrait de pissenlit aide \u00e0 lutter contre les ballonnements et les troubles digestifs.<br \/>\nLes ingr\u00e9dients naturels \u00e9liminent les ballonnements et assurent une digestion saine.<\/p>\n<p>Usage : Prenez 6 comprim\u00e9s de Vegetargil par jour. Prenez 2 comprim\u00e9s avant chaque repas (petit d\u00e9jeuner, d\u00e9jeuner, d\u00eener) avec un verre d&rsquo;eau de 200 ml.<\/p>\n<p>Le compl\u00e9ment alimentaire contre ballonnement et gaz est un produit 100% v\u00e9g\u00e9tal adapt\u00e9 aux v\u00e9g\u00e9taliens. Le produit final et les mati\u00e8res premi\u00e8res n&rsquo;ont pas \u00e9t\u00e9 test\u00e9s sur les animaux.<\/p>\n<p><strong>Remarques et avertissements :<\/strong><\/p>\n<p>Tenir hors de port\u00e9e des enfants de moins de 3 ans. Le produit n&rsquo;est pas destin\u00e9 \u00e0 remplacer un r\u00e9gime alimentaire vari\u00e9 et doit \u00eatre utilis\u00e9 selon un mode de vie sain et \u00e9quilibr\u00e9. Ne pas d\u00e9passer la dose quotidienne recommand\u00e9e. Conserver dans un endroit frais, \u00e0 l&rsquo;abri des sources de chaleur et de la lumi\u00e8re du soleil.<\/p>\n<p><strong>Certificat<\/strong> : LAV<\/p>\n<p>INCI: Rice starch, extrait d&rsquo;ortie s\u00e9ch\u00e9e (Urtica dioica, leaves), Taraxacum officinale, root, Equisetum arvense, plant, Salvia officinalis \u2013 leaves, essential oil, Pimpinella anisum \u2013 fruit, essential oil), Foeniculum vulgare \u2013 fruit, essential oil, Mentha piperita \u2013 leaves, essential oil). Micronized silica, gum arabic , cellulose and starch<\/p>\n","protected":false},"excerpt":{"rendered":"<p>Compl\u00e9ment alimentaire bio contre ballonnement et gaz est b\u00e9n\u00e9fique en cas de troubles intestinaux et gastriques. Un produit 100% v\u00e9g\u00e9tal adapt\u00e9 aux v\u00e9g\u00e9taliens.<\/p>\n","protected":false},"featured_media":267,"comment_status":"open","ping_status":"closed","template":"","meta":{"ocean_post_layout":"","ocean_both_sidebars_style":"","ocean_both_sidebars_content_width":0,"ocean_both_sidebars_sidebars_width":0,"ocean_sidebar":"","ocean_second_sidebar":"","ocean_disable_margins":"enable","ocean_add_body_class":"","ocean_shortcode_before_top_bar":"","ocean_shortcode_after_top_bar":"","ocean_shortcode_before_header":"","ocean_shortcode_after_header":"","ocean_has_shortcode":"","ocean_shortcode_after_title":"","ocean_shortcode_before_footer_widgets":"","ocean_shortcode_after_footer_widgets":"","ocean_shortcode_before_footer_bottom":"","ocean_shortcode_after_footer_bottom":"","ocean_display_top_bar":"default","ocean_display_header":"default","ocean_header_style":"","ocean_center_header_left_menu":"","ocean_custom_header_template":"","ocean_custom_logo":0,"ocean_custom_retina_logo":0,"ocean_custom_logo_max_width":0,"ocean_custom_logo_tablet_max_width":0,"ocean_custom_logo_mobile_max_width":0,"ocean_custom_logo_max_height":0,"ocean_custom_logo_tablet_max_height":0,"ocean_custom_logo_mobile_max_height":0,"ocean_header_custom_menu":"","ocean_menu_typo_font_family":"","ocean_menu_typo_font_subset":"","ocean_menu_typo_font_size":0,"ocean_menu_typo_font_size_tablet":0,"ocean_menu_typo_font_size_mobile":0,"ocean_menu_typo_font_size_unit":"px","ocean_menu_typo_font_weight":"","ocean_menu_typo_font_weight_tablet":"","ocean_menu_typo_font_weight_mobile":"","ocean_menu_typo_transform":"","ocean_menu_typo_transform_tablet":"","ocean_menu_typo_transform_mobile":"","ocean_menu_typo_line_height":0,"ocean_menu_typo_line_height_tablet":0,"ocean_menu_typo_line_height_mobile":0,"ocean_menu_typo_line_height_unit":"","ocean_menu_typo_spacing":0,"ocean_menu_typo_spacing_tablet":0,"ocean_menu_typo_spacing_mobile":0,"ocean_menu_typo_spacing_unit":"","ocean_menu_link_color":"","ocean_menu_link_color_hover":"","ocean_menu_link_color_active":"","ocean_menu_link_background":"","ocean_menu_link_hover_background":"","ocean_menu_link_active_background":"","ocean_menu_social_links_bg":"","ocean_menu_social_hover_links_bg":"","ocean_menu_social_links_color":"","ocean_menu_social_hover_links_color":"","ocean_disable_title":"default","ocean_disable_heading":"default","ocean_post_title":"","ocean_post_subheading":"","ocean_post_title_style":"","ocean_post_title_background_color":"","ocean_post_title_background":0,"ocean_post_title_bg_image_position":"","ocean_post_title_bg_image_attachment":"","ocean_post_title_bg_image_repeat":"","ocean_post_title_bg_image_size":"","ocean_post_title_height":0,"ocean_post_title_bg_overlay":0.5,"ocean_post_title_bg_overlay_color":"","ocean_disable_breadcrumbs":"default","ocean_breadcrumbs_color":"","ocean_breadcrumbs_separator_color":"","ocean_breadcrumbs_links_color":"","ocean_breadcrumbs_links_hover_color":"","ocean_display_footer_widgets":"default","ocean_display_footer_bottom":"default","ocean_custom_footer_template":""},"product_brand":[102],"product_cat":[57,39,31,40],"product_tag":[126,125],"class_list":{"0":"post-2238","1":"product","2":"type-product","3":"status-publish","4":"has-post-thumbnail","6":"product_brand-argital","7":"product_cat-complements-alimentaires-bio","8":"product_cat-resistance-et-immunite","9":"product_cat-sante","10":"product_cat-stress-sommeil-et-concentration","11":"product_tag-sans-paraben","12":"product_tag-vegan","14":"entry","15":"has-media","17":"first","18":"instock","19":"taxable","20":"shipping-taxable","21":"purchasable","22":"product-type-simple","23":"has-rating","24":"col","25":"span_1_of_3","26":"owp-content-center","27":"owp-thumbs-layout-horizontal","28":"owp-btn-normal","29":"owp-tabs-layout-section","30":"has-no-thumbnails","31":"circle-sale"},"_links":{"self":[{"href":"https:\/\/www.biobey.be\/fr\/wp-json\/wp\/v2\/product\/2238","targetHints":{"allow":["GET"]}}],"collection":[{"href":"https:\/\/www.biobey.be\/fr\/wp-json\/wp\/v2\/product"}],"about":[{"href":"https:\/\/www.biobey.be\/fr\/wp-json\/wp\/v2\/types\/product"}],"replies":[{"embeddable":true,"href":"https:\/\/www.biobey.be\/fr\/wp-json\/wp\/v2\/comments?post=2238"}],"wp:featuredmedia":[{"embeddable":true,"href":"https:\/\/www.biobey.be\/fr\/wp-json\/wp\/v2\/media\/267"}],"wp:attachment":[{"href":"https:\/\/www.biobey.be\/fr\/wp-json\/wp\/v2\/media?parent=2238"}],"wp:term":[{"taxonomy":"product_brand","embeddable":true,"href":"https:\/\/www.biobey.be\/fr\/wp-json\/wp\/v2\/product_brand?post=2238"},{"taxonomy":"product_cat","embeddable":true,"href":"https:\/\/www.biobey.be\/fr\/wp-json\/wp\/v2\/product_cat?post=2238"},{"taxonomy":"product_tag","embeddable":true,"href":"https:\/\/www.biobey.be\/fr\/wp-json\/wp\/v2\/product_tag?post=2238"}],"curies":[{"name":"wp","href":"https:\/\/api.w.org\/{rel}","templated":true}]}}