{"id":2240,"date":"2022-07-12T15:14:42","date_gmt":"2022-07-12T13:14:42","guid":{"rendered":"https:\/\/www.biobey.be\/fr-temp\/produit\/coffret-cadeau-pour-elle\/"},"modified":"2025-10-28T00:38:13","modified_gmt":"2025-10-27T23:38:13","slug":"coffret-cadeau-pour-elle","status":"publish","type":"product","link":"https:\/\/www.biobey.be\/fr\/produit\/coffret-cadeau-pour-elle\/","title":{"rendered":"Coffret cadeau pour femme"},"content":{"rendered":"<p>Coffret cadeau pour femme est un magnifique coffret naturel et durable avec des soins naturels italiens exclusifs. Ce coffret cadeau pour femme contient la cr\u00e8me de jour hydratante Blue Defence, un s\u00e9rum protecteur contre les rides et l&rsquo;hyperpigmentation, une trousse de toilette durable faite main de 20 x 15 cm et trois \u00e9chantillons de la solution Advanced.<\/p>\n<p><a href=\"https:\/\/www.biobey.be\/fr\/produit\/creme-anti-lumiere-bleue-anti-age\/\"><strong>La cr\u00e8me de jour anti-rides hydratante contre la lumi\u00e8re bleue 50ml<\/strong><\/a> de Bema bio prend soin de la peau de mani\u00e8re intensive. Elle nourrit la peau avec de la vitamine C et de la vitamine E. Gr\u00e2ce \u00e0 son effet hydratant, elle estompe les ridules. Elle prot\u00e8ge la peau contre les radicaux libres et la lumi\u00e8re bleue nocive des \u00e9crans d&rsquo;ordinateurs, des smartphones, des tablettes,&#8230;<\/p>\n<p><a href=\"https:\/\/www.biobey.be\/fr\/produit\/fluide-anti-ride-et-anti-lumiere-bleue\/\"><strong>S\u00e9rum antirides protecteur contre UV et lumi\u00e8re bleue 30 ml<\/strong><\/a><\/p>\n<p>Le s\u00e9rum naturel a \u00e9t\u00e9 sp\u00e9cialement formul\u00e9 pour prot\u00e9ger la peau contre la formation pr\u00e9matur\u00e9e de rides, l&rsquo;hyperpigmentation et les influences du stress oxydatif. Le s\u00e9rum de d\u00e9fense bleu contient le Visiblue Screen Complex\u00ae. Il prot\u00e8ge la peau contre les rayons UV nocifs et les rayons de lumi\u00e8re bleue des \u00e9quipements num\u00e9riques. Le s\u00e9rum anti-oxydant hydrate, nourrit et prot\u00e8ge la peau de mani\u00e8re intensive.<\/p>\n<p><strong>Trousse de toilette durable beige faite \u00e0 la main en mat\u00e9riau \u00e9cologique.<\/strong><\/p>\n<p>De taille pratique, elle est id\u00e9ale \u00e0 emporter lors de vos d\u00e9placements.<br \/>\nL&rsquo;int\u00e9rieur de la trousse de toilette durable est en coton (couleur jaune moutarde).<br \/>\nDimensions : Hauteur : 15 cm &#8211; Longueur : 20 cm &#8211; Largeur : 9 cm<\/p>\n<p><strong>Un cadeau chez vous demain ?<\/strong><\/p>\n<p>Le cadeau de No\u00ebl \u00e0 domicile le lendemain est possible pour les commandes pass\u00e9es avant 15 heures en semaine (du lundi au jeudi). Les commandes pass\u00e9es le jeudi apr\u00e8s 15 heures, le vendredi ou le samedi avant midi seront livr\u00e9es le lundi.<\/p>\n<h2>Coffret cadeau pour femme avec un message personnel<\/h2>\n<p>Biobey fournit une jolie carte de v\u0153ux personnelle. \u00c9crivez un message personnel dans la note lorsque vous compl\u00e9tez votre commande ou envoyez-nous un courriel avec l&rsquo;adresse \u00e9lectronique du message personnel : info@biobey.be. Le message personnel sera imprim\u00e9 sur une carte \u00e9cologique et ajout\u00e9 au coffret cadeau. La carte de message personnel avec le coffret cadeau est gratuite.<\/p>\n","protected":false},"excerpt":{"rendered":"<p>Coffret cadeau pour femme avec un message personnel<br \/>\n&#8211; Trousse de toilette beige durable (fabriqu\u00e9e \u00e0 la main en Belgique)<br \/>\n&#8211; S\u00e9rum antirides protecteur contre les UV et la lumi\u00e8re bleue 30 ml<br \/>\n&#8211; Cr\u00e8me de jour anti-rides hydratante contre la lumi\u00e8re bleue 50ml de Bema bio<br \/>\n&#8211; 3 \u00c9chantillons de solutions avanc\u00e9es.<\/p>\n","protected":false},"featured_media":273,"comment_status":"open","ping_status":"closed","template":"","meta":{"ocean_post_layout":"","ocean_both_sidebars_style":"","ocean_both_sidebars_content_width":0,"ocean_both_sidebars_sidebars_width":0,"ocean_sidebar":"0","ocean_second_sidebar":"0","ocean_disable_margins":"enable","ocean_add_body_class":"","ocean_shortcode_before_top_bar":"","ocean_shortcode_after_top_bar":"","ocean_shortcode_before_header":"","ocean_shortcode_after_header":"","ocean_has_shortcode":"","ocean_shortcode_after_title":"","ocean_shortcode_before_footer_widgets":"","ocean_shortcode_after_footer_widgets":"","ocean_shortcode_before_footer_bottom":"","ocean_shortcode_after_footer_bottom":"","ocean_display_top_bar":"default","ocean_display_header":"default","ocean_header_style":"","ocean_center_header_left_menu":"0","ocean_custom_header_template":"0","ocean_custom_logo":0,"ocean_custom_retina_logo":0,"ocean_custom_logo_max_width":0,"ocean_custom_logo_tablet_max_width":0,"ocean_custom_logo_mobile_max_width":0,"ocean_custom_logo_max_height":0,"ocean_custom_logo_tablet_max_height":0,"ocean_custom_logo_mobile_max_height":0,"ocean_header_custom_menu":"0","ocean_menu_typo_font_family":"0","ocean_menu_typo_font_subset":"","ocean_menu_typo_font_size":0,"ocean_menu_typo_font_size_tablet":0,"ocean_menu_typo_font_size_mobile":0,"ocean_menu_typo_font_size_unit":"px","ocean_menu_typo_font_weight":"","ocean_menu_typo_font_weight_tablet":"","ocean_menu_typo_font_weight_mobile":"","ocean_menu_typo_transform":"","ocean_menu_typo_transform_tablet":"","ocean_menu_typo_transform_mobile":"","ocean_menu_typo_line_height":0,"ocean_menu_typo_line_height_tablet":0,"ocean_menu_typo_line_height_mobile":0,"ocean_menu_typo_line_height_unit":"","ocean_menu_typo_spacing":0,"ocean_menu_typo_spacing_tablet":0,"ocean_menu_typo_spacing_mobile":0,"ocean_menu_typo_spacing_unit":"","ocean_menu_link_color":"","ocean_menu_link_color_hover":"","ocean_menu_link_color_active":"","ocean_menu_link_background":"","ocean_menu_link_hover_background":"","ocean_menu_link_active_background":"","ocean_menu_social_links_bg":"","ocean_menu_social_hover_links_bg":"","ocean_menu_social_links_color":"","ocean_menu_social_hover_links_color":"","ocean_disable_title":"default","ocean_disable_heading":"default","ocean_post_title":"","ocean_post_subheading":"","ocean_post_title_style":"","ocean_post_title_background_color":"","ocean_post_title_background":0,"ocean_post_title_bg_image_position":"","ocean_post_title_bg_image_attachment":"","ocean_post_title_bg_image_repeat":"","ocean_post_title_bg_image_size":"","ocean_post_title_height":0,"ocean_post_title_bg_overlay":0.5,"ocean_post_title_bg_overlay_color":"","ocean_disable_breadcrumbs":"default","ocean_breadcrumbs_color":"","ocean_breadcrumbs_separator_color":"","ocean_breadcrumbs_links_color":"","ocean_breadcrumbs_links_hover_color":"","ocean_display_footer_widgets":"default","ocean_display_footer_bottom":"default","ocean_custom_footer_template":"0"},"product_brand":[108],"product_cat":[17,16],"product_tag":[126,133,125],"class_list":{"0":"post-2240","1":"product","2":"type-product","3":"status-publish","4":"has-post-thumbnail","6":"product_brand-naturys","7":"product_cat-soins-du-visage","8":"product_cat-soins","9":"product_tag-sans-paraben","10":"product_tag-sansparfumsynthetique","11":"product_tag-vegan","13":"entry","14":"has-media","16":"first","17":"instock","18":"taxable","19":"shipping-taxable","20":"purchasable","21":"product-type-simple","22":"has-rating","23":"col","24":"span_1_of_3","25":"owp-content-center","26":"owp-thumbs-layout-horizontal","27":"owp-btn-normal","28":"owp-tabs-layout-section","29":"has-no-thumbnails","30":"circle-sale"},"_links":{"self":[{"href":"https:\/\/www.biobey.be\/fr\/wp-json\/wp\/v2\/product\/2240","targetHints":{"allow":["GET"]}}],"collection":[{"href":"https:\/\/www.biobey.be\/fr\/wp-json\/wp\/v2\/product"}],"about":[{"href":"https:\/\/www.biobey.be\/fr\/wp-json\/wp\/v2\/types\/product"}],"replies":[{"embeddable":true,"href":"https:\/\/www.biobey.be\/fr\/wp-json\/wp\/v2\/comments?post=2240"}],"wp:featuredmedia":[{"embeddable":true,"href":"https:\/\/www.biobey.be\/fr\/wp-json\/wp\/v2\/media\/273"}],"wp:attachment":[{"href":"https:\/\/www.biobey.be\/fr\/wp-json\/wp\/v2\/media?parent=2240"}],"wp:term":[{"taxonomy":"product_brand","embeddable":true,"href":"https:\/\/www.biobey.be\/fr\/wp-json\/wp\/v2\/product_brand?post=2240"},{"taxonomy":"product_cat","embeddable":true,"href":"https:\/\/www.biobey.be\/fr\/wp-json\/wp\/v2\/product_cat?post=2240"},{"taxonomy":"product_tag","embeddable":true,"href":"https:\/\/www.biobey.be\/fr\/wp-json\/wp\/v2\/product_tag?post=2240"}],"curies":[{"name":"wp","href":"https:\/\/api.w.org\/{rel}","templated":true}]}}