{"id":2241,"date":"2022-07-12T15:25:23","date_gmt":"2022-07-12T13:25:23","guid":{"rendered":"https:\/\/www.biobey.be\/fr-temp\/produit\/coffret-cadeau-pour-homme-ecologique\/"},"modified":"2025-10-28T00:42:28","modified_gmt":"2025-10-27T23:42:28","slug":"coffret-cadeau-pour-homme-ecologique","status":"publish","type":"product","link":"https:\/\/www.biobey.be\/fr\/produit\/coffret-cadeau-pour-homme-ecologique\/","title":{"rendered":"Coffret cadeau pour homme &#8211; Ecologique"},"content":{"rendered":"<p>Coffret cadeau pour homme est un magnifique cadeau de No\u00ebl unique pour un ami ou un membre de la famille.<\/p>\n<p>Le coffret cadeau pour homme contient la cr\u00e8me hydratante anti-\u00e2ge Nature up, le savon au chanvre Scrub, le dentifrice bio blanchissant Travelsize et le dentifrice \u00e0 la menthe, ainsi que trois \u00e9chantillons de LoveBio.<\/p>\n<p><a href=\"https:\/\/www.biobey.be\/fr\/produit\/creme-hydratante-homme-bio\/\"><strong>La cr\u00e8me de jour anti-\u00e2ge hydratante naturelle 50 ml<\/strong> <\/a>pour homme estompe les rides et ridules superficielles gr\u00e2ce \u00e0 son action r\u00e9paratrice et nourrissante. La cr\u00e8me de jour hydratante \u00e0 base d&rsquo;extraits de plantes et d&rsquo;huiles naturelles prot\u00e8ge la peau contre les influences n\u00e9gatives ext\u00e9rieures.<\/p>\n<p>Elle stimule le renouvellement cellulaire et renforce la couche protectrice naturelle de la peau. La cr\u00e8me pour homme hydrate et prot\u00e8ge la peau contre les radicaux libres pendant 12 heures. Elle est rapidement absorb\u00e9e par la peau.<\/p>\n<p><strong><a href=\"https:\/\/www.biobey.be\/fr\/produit\/savon-exfoliant-pour-le-corps-80g\/\">Le savon Natural Scrub 80g aux extraits de chanvre<\/a><\/strong> nettoie la peau et exfolie en douceur. Le savon de gommage naturel a un effet antibact\u00e9rien. Il \u00e9limine efficacement les cellules mortes de la peau et pr\u00e9vient l&rsquo;inflammation.<\/p>\n<p>Gr\u00e2ce \u00e0 sa composition d&rsquo;extraits de chanvre, de romarin et d&rsquo;huile de citronnelle, il soigne les peaux \u00e0 probl\u00e8mes. L&rsquo;huile de romarin contenue dans le savon de gommage donne un ar\u00f4me agr\u00e9able. Apr\u00e8s utilisation, la peau est lisse et douce.<\/p>\n<h2>Le coffret cadeau pour homme &#8211; \u00e9cologique et bio<\/h2>\n<p>Dentifrice blanchissant format voyage 10ml &amp; Dentifrice a la Menthe 10ml<br \/>\nLe dentifrice blanchissant naturel est exempt de fluorure et d&rsquo;autres ingr\u00e9dients synth\u00e9tiques. Il nettoie les dents et la cavit\u00e9 buccale des mauvaises bact\u00e9ries.<\/p>\n<p>Le dentifrice rend les dents plus blanches de mani\u00e8re naturelle. Le dentifrice \u00e0 la menthe nettoie la cavit\u00e9 buccale des mauvaises bact\u00e9ries, \u00e9limine la plaque dentaire et procure une haleine fra\u00eeche.Il s&rsquo;agit d&rsquo;un produit naturel pur, sans fluorure.<br \/>\nIl s&rsquo;agit d&rsquo;un produit naturel pur, sans fluorure.<\/p>\n","protected":false},"excerpt":{"rendered":"<p>Coffret cadeau \u00e9cologique pour homme :<br \/>\n&#8211; Cr\u00e8me de jour hydratante naturelle anti-\u00e2ge 50 ml pour homme<br \/>\n&#8211; Savon de gommage naturel 80g aux extraits de chanvre<br \/>\n&#8211; Dentifrice blanchissant format voyage 10ml &amp; Dentifrice \u00e0 la menthe 10ml<\/p>\n","protected":false},"featured_media":272,"comment_status":"open","ping_status":"closed","template":"","meta":{"ocean_post_layout":"","ocean_both_sidebars_style":"","ocean_both_sidebars_content_width":0,"ocean_both_sidebars_sidebars_width":0,"ocean_sidebar":"0","ocean_second_sidebar":"0","ocean_disable_margins":"enable","ocean_add_body_class":"","ocean_shortcode_before_top_bar":"","ocean_shortcode_after_top_bar":"","ocean_shortcode_before_header":"","ocean_shortcode_after_header":"","ocean_has_shortcode":"","ocean_shortcode_after_title":"","ocean_shortcode_before_footer_widgets":"","ocean_shortcode_after_footer_widgets":"","ocean_shortcode_before_footer_bottom":"","ocean_shortcode_after_footer_bottom":"","ocean_display_top_bar":"default","ocean_display_header":"default","ocean_header_style":"","ocean_center_header_left_menu":"0","ocean_custom_header_template":"0","ocean_custom_logo":0,"ocean_custom_retina_logo":0,"ocean_custom_logo_max_width":0,"ocean_custom_logo_tablet_max_width":0,"ocean_custom_logo_mobile_max_width":0,"ocean_custom_logo_max_height":0,"ocean_custom_logo_tablet_max_height":0,"ocean_custom_logo_mobile_max_height":0,"ocean_header_custom_menu":"0","ocean_menu_typo_font_family":"0","ocean_menu_typo_font_subset":"","ocean_menu_typo_font_size":0,"ocean_menu_typo_font_size_tablet":0,"ocean_menu_typo_font_size_mobile":0,"ocean_menu_typo_font_size_unit":"px","ocean_menu_typo_font_weight":"","ocean_menu_typo_font_weight_tablet":"","ocean_menu_typo_font_weight_mobile":"","ocean_menu_typo_transform":"","ocean_menu_typo_transform_tablet":"","ocean_menu_typo_transform_mobile":"","ocean_menu_typo_line_height":0,"ocean_menu_typo_line_height_tablet":0,"ocean_menu_typo_line_height_mobile":0,"ocean_menu_typo_line_height_unit":"","ocean_menu_typo_spacing":0,"ocean_menu_typo_spacing_tablet":0,"ocean_menu_typo_spacing_mobile":0,"ocean_menu_typo_spacing_unit":"","ocean_menu_link_color":"","ocean_menu_link_color_hover":"","ocean_menu_link_color_active":"","ocean_menu_link_background":"","ocean_menu_link_hover_background":"","ocean_menu_link_active_background":"","ocean_menu_social_links_bg":"","ocean_menu_social_hover_links_bg":"","ocean_menu_social_links_color":"","ocean_menu_social_hover_links_color":"","ocean_disable_title":"default","ocean_disable_heading":"default","ocean_post_title":"","ocean_post_subheading":"","ocean_post_title_style":"","ocean_post_title_background_color":"","ocean_post_title_background":0,"ocean_post_title_bg_image_position":"","ocean_post_title_bg_image_attachment":"","ocean_post_title_bg_image_repeat":"","ocean_post_title_bg_image_size":"","ocean_post_title_height":0,"ocean_post_title_bg_overlay":0.5,"ocean_post_title_bg_overlay_color":"","ocean_disable_breadcrumbs":"default","ocean_breadcrumbs_color":"","ocean_breadcrumbs_separator_color":"","ocean_breadcrumbs_links_color":"","ocean_breadcrumbs_links_hover_color":"","ocean_display_footer_widgets":"default","ocean_display_footer_bottom":"default","ocean_custom_footer_template":"0"},"product_brand":[109],"product_cat":[47,16,30],"product_tag":[133,125],"class_list":{"0":"post-2241","1":"product","2":"type-product","3":"status-publish","4":"has-post-thumbnail","6":"product_brand-cannaderm","7":"product_cat-offres-et-minis","8":"product_cat-soins","9":"product_cat-soins-pour-hommes","10":"product_tag-sansparfumsynthetique","11":"product_tag-vegan","13":"entry","14":"has-media","16":"first","17":"instock","18":"taxable","19":"shipping-taxable","20":"purchasable","21":"product-type-simple","22":"has-rating","23":"col","24":"span_1_of_3","25":"owp-content-center","26":"owp-thumbs-layout-horizontal","27":"owp-btn-normal","28":"owp-tabs-layout-section","29":"has-no-thumbnails","30":"circle-sale"},"_links":{"self":[{"href":"https:\/\/www.biobey.be\/fr\/wp-json\/wp\/v2\/product\/2241","targetHints":{"allow":["GET"]}}],"collection":[{"href":"https:\/\/www.biobey.be\/fr\/wp-json\/wp\/v2\/product"}],"about":[{"href":"https:\/\/www.biobey.be\/fr\/wp-json\/wp\/v2\/types\/product"}],"replies":[{"embeddable":true,"href":"https:\/\/www.biobey.be\/fr\/wp-json\/wp\/v2\/comments?post=2241"}],"wp:featuredmedia":[{"embeddable":true,"href":"https:\/\/www.biobey.be\/fr\/wp-json\/wp\/v2\/media\/272"}],"wp:attachment":[{"href":"https:\/\/www.biobey.be\/fr\/wp-json\/wp\/v2\/media?parent=2241"}],"wp:term":[{"taxonomy":"product_brand","embeddable":true,"href":"https:\/\/www.biobey.be\/fr\/wp-json\/wp\/v2\/product_brand?post=2241"},{"taxonomy":"product_cat","embeddable":true,"href":"https:\/\/www.biobey.be\/fr\/wp-json\/wp\/v2\/product_cat?post=2241"},{"taxonomy":"product_tag","embeddable":true,"href":"https:\/\/www.biobey.be\/fr\/wp-json\/wp\/v2\/product_tag?post=2241"}],"curies":[{"name":"wp","href":"https:\/\/api.w.org\/{rel}","templated":true}]}}