{"id":2243,"date":"2025-04-10T00:31:44","date_gmt":"2025-04-09T22:31:44","guid":{"rendered":"https:\/\/www.biobey.be\/fr-temp\/produit\/mycose-forte-traitement-de-la-mycose\/"},"modified":"2026-04-13T15:43:11","modified_gmt":"2026-04-13T13:43:11","slug":"mycose-forte-traitement-de-la-mycose","status":"publish","type":"product","link":"https:\/\/www.biobey.be\/fr\/produit\/mycose-forte-traitement-de-la-mycose\/","title":{"rendered":"Mycose Forte Traitement de la mycose des ongles"},"content":{"rendered":"<p>Mycose Forte Traitement de la mycose de l\u2019ongle, de la peau est un antifongique naturel efficace pour traiter la mycose des ongles et des pieds entre les orteils. Il s&rsquo;agit d&rsquo;un rem\u00e8de naturel \u00e0 base d&rsquo;huile de chanvre.<\/p>\n<p>Mycose Forte traitement contre les mycoses des pieds peut \u00eatre appliqu\u00e9 localement sur la peau ou l&rsquo;ongle \u00e0 traiter. Il est antibact\u00e9rien et aide \u00e0 lutter contre les d\u00e9mangeaisons et les sensations de br\u00fblure caus\u00e9es par les infections fongiques.<\/p>\n<h2>Le s\u00e9rum de traitement des mycoses du pied est-il efficace ?<\/h2>\n<p>Le s\u00e9rum Mycosis est le meilleur traitement naturel de Cannaderm contre les mycoses des pieds. Le s\u00e9rum a prouv\u00e9 son efficacit\u00e9 contre les mycoses des ongles, les mycoses des pieds et l&rsquo;ecz\u00e9ma des nageurs. La formule \u00e0 base d&rsquo;huile de graines de chanvre, de sauge, d&rsquo;acide salicylique, de romarin et de vitamine K a des effets antibact\u00e9riens et anti-inflammatoires.<\/p>\n<p>Le s\u00e9rum de traitement des mycoses du pied tue les mauvaises bact\u00e9ries et inhibe leur croissance. Le s\u00e9rum Cannaderm est test\u00e9 dermatologiquement et approuv\u00e9 pour son efficacit\u00e9. D\u00e8s la premi\u00e8re application, on constate une am\u00e9lioration notable. Sa composition naturelle est tr\u00e8s douce pour la peau et <strong>ne provoque donc pas d&rsquo;irritation chez les personnes \u00e0 la peau sensible.<\/strong><\/p>\n<h2>Traitement de la mycose contre la mycose des ongles et les ongles \u00e9cailleux<\/h2>\n<p>Le traitement de la mycose p\u00e9n\u00e8tre profond\u00e9ment dans la peau sous l&rsquo;ongle et combat les microbes et les mycoses gr\u00e2ce \u00e0 sa composition unique. Mycose Forte contre les mycoses des pieds prot\u00e8ge la peau contre la formation de nouvelles mycoses et d&rsquo;infections. Il favorise le processus de r\u00e9cup\u00e9ration des cellules de la peau et restaure l&rsquo;acidit\u00e9 de la peau. Les principes actifs contenus dans le mycosan <strong>renforcent la r\u00e9sistance de la peau et pr\u00e9viennent ainsi de nouvelles infections par des mycoses et des bact\u00e9ries.<\/strong><\/p>\n<h3>Agent antifongique biologique avec 42% d&rsquo;extraits de chanvre b\u00e9n\u00e9fiques<\/h3>\n<p>Mycose forte anti-fongique est compos\u00e9e d&rsquo;ingr\u00e9dients de haute qualit\u00e9 tels que l&rsquo;huile de chanvre, l&rsquo;extrait d&rsquo;arnica, l&rsquo;extrait de sauge et l&rsquo;acide salicylique. L&rsquo;huile de chanvre a un effet antimycosique. Ce traitement contre les mycoses<strong> stimule le processus de r\u00e9g\u00e9n\u00e9ration de la peau<\/strong> et renforce la r\u00e9sistance de la peau. L&rsquo;extrait de sauge contient des substances actives telles que des flavono\u00efdes, de l&rsquo;acide de romarin et de la vitamine K.<\/p>\n<p>L&rsquo;extrait de sauge inhibe la croissance des bact\u00e9ries nocives. Il est utilis\u00e9 pour les blessures mal cicatris\u00e9es, les affections cutan\u00e9es et les d\u00e9mangeaisons. L&rsquo;acide salicylique adoucit la couche corn\u00e9e de la peau. Il est souvent utilis\u00e9 pour enlever les callosit\u00e9s, les verrues et les cors. La synergie de ces composants <strong>assure un fonctionnement efficace du traitement de la mycose.<\/strong><\/p>\n<p>Conseils d&rsquo;utilisation : bien agiter avant l&#8217;emploi. Appliquez le s\u00e9rum antifongique directement sur la zone \u00e0 traiter. Il peut \u00eatre utilis\u00e9 plusieurs fois par jour. Ne pas utiliser pour traiter la peau autour des yeux.<\/p>\n<p>Ne convient pas aux enfants de moins de 3 ans.<br \/>\nAutre utilisation : ajouter quelques gouttes de s\u00e9rum antifongique dans une lotion ou une cr\u00e8me.<br \/>\nCertificat <a href=\"https:\/\/www.biobey.be\/fr\/encyclopedie\/certificats-bio\/cpk-bio\/\">CPK BIO<\/a><\/p>\n<p>INCI: Helianthus Annuus Seed Oil, Cannabis Sativa Seed Oil, Copaifera Officinalis Resin, Olea Europaea Fruit Oil, Menthol, Eugenia Caryophyllus Bud Oil, Carapa Guaianensis Seed Oil, Citrus Limon Peel Oil, Salicylic Acid, Salvia Officinalis Oil, Leptospermum Scoparium Branch\/ Leaf Oil, Tocopherol, Beta-Sitosterol, Squalene, Eugenol, Citral, Limonene, Linalool<\/p>\n","protected":false},"excerpt":{"rendered":"<p>Mycose Forte est un produit antifongique certifi\u00e9 BIO pour le traitement de la mycose des ongles, de la peau et des pieds. C&rsquo;est un produit au chanvre efficace contre les mycoses. Mycose Forte contient 42% d&rsquo;extraits de chanvre b\u00e9n\u00e9fiques.<\/p>\n","protected":false},"featured_media":278,"comment_status":"open","ping_status":"closed","template":"","meta":{"ocean_post_layout":"","ocean_both_sidebars_style":"","ocean_both_sidebars_content_width":0,"ocean_both_sidebars_sidebars_width":0,"ocean_sidebar":"0","ocean_second_sidebar":"0","ocean_disable_margins":"enable","ocean_add_body_class":"","ocean_shortcode_before_top_bar":"","ocean_shortcode_after_top_bar":"","ocean_shortcode_before_header":"","ocean_shortcode_after_header":"","ocean_has_shortcode":"","ocean_shortcode_after_title":"","ocean_shortcode_before_footer_widgets":"","ocean_shortcode_after_footer_widgets":"","ocean_shortcode_before_footer_bottom":"","ocean_shortcode_after_footer_bottom":"","ocean_display_top_bar":"default","ocean_display_header":"default","ocean_header_style":"","ocean_center_header_left_menu":"0","ocean_custom_header_template":"0","ocean_custom_logo":0,"ocean_custom_retina_logo":0,"ocean_custom_logo_max_width":0,"ocean_custom_logo_tablet_max_width":0,"ocean_custom_logo_mobile_max_width":0,"ocean_custom_logo_max_height":0,"ocean_custom_logo_tablet_max_height":0,"ocean_custom_logo_mobile_max_height":0,"ocean_header_custom_menu":"0","ocean_menu_typo_font_family":"0","ocean_menu_typo_font_subset":"","ocean_menu_typo_font_size":0,"ocean_menu_typo_font_size_tablet":0,"ocean_menu_typo_font_size_mobile":0,"ocean_menu_typo_font_size_unit":"px","ocean_menu_typo_font_weight":"","ocean_menu_typo_font_weight_tablet":"","ocean_menu_typo_font_weight_mobile":"","ocean_menu_typo_transform":"","ocean_menu_typo_transform_tablet":"","ocean_menu_typo_transform_mobile":"","ocean_menu_typo_line_height":0,"ocean_menu_typo_line_height_tablet":0,"ocean_menu_typo_line_height_mobile":0,"ocean_menu_typo_line_height_unit":"","ocean_menu_typo_spacing":0,"ocean_menu_typo_spacing_tablet":0,"ocean_menu_typo_spacing_mobile":0,"ocean_menu_typo_spacing_unit":"","ocean_menu_link_color":"","ocean_menu_link_color_hover":"","ocean_menu_link_color_active":"","ocean_menu_link_background":"","ocean_menu_link_hover_background":"","ocean_menu_link_active_background":"","ocean_menu_social_links_bg":"","ocean_menu_social_hover_links_bg":"","ocean_menu_social_links_color":"","ocean_menu_social_hover_links_color":"","ocean_disable_title":"default","ocean_disable_heading":"default","ocean_post_title":"","ocean_post_subheading":"","ocean_post_title_style":"","ocean_post_title_background_color":"","ocean_post_title_background":0,"ocean_post_title_bg_image_position":"","ocean_post_title_bg_image_attachment":"","ocean_post_title_bg_image_repeat":"","ocean_post_title_bg_image_size":"","ocean_post_title_height":0,"ocean_post_title_bg_overlay":0.5,"ocean_post_title_bg_overlay_color":"","ocean_disable_breadcrumbs":"default","ocean_breadcrumbs_color":"","ocean_breadcrumbs_separator_color":"","ocean_breadcrumbs_links_color":"","ocean_breadcrumbs_links_hover_color":"","ocean_display_footer_widgets":"default","ocean_display_footer_bottom":"default","ocean_custom_footer_template":"0"},"product_brand":[109],"product_cat":[33,26,35,38,31,16,30],"product_tag":[137,127,125],"class_list":{"0":"post-2243","1":"product","2":"type-product","3":"status-publish","4":"has-post-thumbnail","6":"product_brand-cannaderm","7":"product_cat-irritation-cutanee-eczema-et-psoriasis","8":"product_cat-mains-et-pieds","9":"product_cat-pieds","10":"product_cat-piqures-dinsectes-et-irritations","11":"product_cat-sante","12":"product_cat-soins","13":"product_cat-soins-pour-hommes","14":"product_tag-sans-colorants-synthetiques","15":"product_tag-sans-silicone","16":"product_tag-vegan","18":"entry","19":"has-media","21":"first","22":"instock","23":"taxable","24":"shipping-taxable","25":"purchasable","26":"product-type-simple","27":"has-rating","28":"col","29":"span_1_of_3","30":"owp-content-center","31":"owp-thumbs-layout-horizontal","32":"owp-btn-normal","33":"owp-tabs-layout-section","34":"has-no-thumbnails","35":"circle-sale"},"_links":{"self":[{"href":"https:\/\/www.biobey.be\/fr\/wp-json\/wp\/v2\/product\/2243","targetHints":{"allow":["GET"]}}],"collection":[{"href":"https:\/\/www.biobey.be\/fr\/wp-json\/wp\/v2\/product"}],"about":[{"href":"https:\/\/www.biobey.be\/fr\/wp-json\/wp\/v2\/types\/product"}],"replies":[{"embeddable":true,"href":"https:\/\/www.biobey.be\/fr\/wp-json\/wp\/v2\/comments?post=2243"}],"wp:featuredmedia":[{"embeddable":true,"href":"https:\/\/www.biobey.be\/fr\/wp-json\/wp\/v2\/media\/278"}],"wp:attachment":[{"href":"https:\/\/www.biobey.be\/fr\/wp-json\/wp\/v2\/media?parent=2243"}],"wp:term":[{"taxonomy":"product_brand","embeddable":true,"href":"https:\/\/www.biobey.be\/fr\/wp-json\/wp\/v2\/product_brand?post=2243"},{"taxonomy":"product_cat","embeddable":true,"href":"https:\/\/www.biobey.be\/fr\/wp-json\/wp\/v2\/product_cat?post=2243"},{"taxonomy":"product_tag","embeddable":true,"href":"https:\/\/www.biobey.be\/fr\/wp-json\/wp\/v2\/product_tag?post=2243"}],"curies":[{"name":"wp","href":"https:\/\/api.w.org\/{rel}","templated":true}]}}