{"id":2245,"date":"2025-03-31T21:02:01","date_gmt":"2025-03-31T19:02:01","guid":{"rendered":"https:\/\/www.biobey.be\/fr-temp\/produit\/la-mousse-nettoyante-peau-atopique-180-ml\/"},"modified":"2025-07-11T18:21:11","modified_gmt":"2025-07-11T16:21:11","slug":"la-mousse-nettoyante-peau-atopique-180-ml","status":"publish","type":"product","link":"https:\/\/www.biobey.be\/fr\/produit\/la-mousse-nettoyante-peau-atopique-180-ml\/","title":{"rendered":"La mousse nettoyante peau atopique 180 ml"},"content":{"rendered":"<p>La mousse nettoyante peau atopique est sp\u00e9cialement formul\u00e9e pour les personnes qui souffrent de psoriasis, de peau s\u00e8che sensible \u00e0 l&rsquo;ecz\u00e9ma et de d\u00e9mangeaisons. La mousse nettoyante naturelle pour la peau atopique convient pour le visage et le corps. Elle nettoie efficacement la peau sans irriter son \u00e9piderme sensible.<\/p>\n<p>Gr\u00e2ce \u00e0 sa composition douce mais efficace d&rsquo;extraits de plantes et d&rsquo;huiles naturelles pures, elle convient aux peaux les plus sensibles. La mousse nettoyante pour la peau atopique apaise et restaure la peau endommag\u00e9e. La mousse nettoyante naturelle peut \u00eatre utilis\u00e9e <strong>sur les zones irrit\u00e9es et la peau du contour des yeux. En outre, elle convient pour le <span style=\"color: #0000ff;\"><a style=\"color: #0000ff;\" href=\"https:\/\/www.biobey.be\/fr\/produit\/demaquillant-yeux-et-levres-bio\/\">d\u00e9maquillage<\/a><\/span>.<\/strong><\/p>\n<p><strong>Application nettoyante pour le visage et le corps :<\/strong><\/p>\n<p>Les personnes souffrant d&rsquo;ecz\u00e9ma atopique, d&rsquo;ecz\u00e9ma de contact ou de psoriasis<br \/>\nPeau enflamm\u00e9e, irrit\u00e9e avec des taches rouges<br \/>\nPeau et yeux secs ou tr\u00e8s sensibles<\/p>\n<h2>Quand utiliser la mousse nettoyante pour peaux atopiques ?<\/h2>\n<p>La mousse nettoyante bio Cannaderm pour peaux atopiques peut \u00eatre utilis\u00e9e pour un nettoyage doux du corps et du visage. Elle a \u00e9t\u00e9 d\u00e9velopp\u00e9e pour les personnes ayant une peau atopique. La mousse nettoyante, \u00e0 base d&rsquo;huile de graines de chanvre biologique, purifie la peau des toxines et des radicaux libres.<\/p>\n<p>Sa formule douce \u00e0 base d&rsquo;huile de graines de chanvre a un effet anti-inflammatoire. Elle acc\u00e9l\u00e8re le processus de gu\u00e9rison de la peau affect\u00e9e et soulage les d\u00e9mangeaisons.<\/p>\n<p>Les acides gras insatur\u00e9s et la vitamine B5 <strong>nourrissent la peau et renforcent la barri\u00e8re cutan\u00e9e.<\/strong> La vitamine E <a href=\"https:\/\/www.biobey.be\/fr\/produit\/lait-nettoyant-anti-rougeur-bio\/\"><span style=\"color: #0000ff;\">prot\u00e8ge la peau contre le stress oxydatif<\/span><\/a>. La mousse nettoyante pour peaux atopiques convient \u00e0 une utilisation r\u00e9guli\u00e8re et \u00e0 long terme.<\/p>\n<h2>La mousse nettoyante peau atopique nettoyage du corps et du visage<\/h2>\n<p>La mousse nettoyante pour la peau atopique est exempte de substances synth\u00e9tiques irritantes que l&rsquo;on trouve dans la plupart des produits de soins de la peau conventionnels. La mousse nettoyante peau atopique est id\u00e9ale pour les personnes allergiques aux parfums et aux colorants.<\/p>\n<p>L&rsquo;huile de chanvre biologique a des effets positifs sur les d\u00e9mangeaisons et les inflammations de la peau.<\/p>\n<p>Elle stimule le renouvellement cellulaire et renforce la barri\u00e8re cutan\u00e9e naturelle. L&rsquo;allanto\u00efne est une substance v\u00e9g\u00e9tale utilis\u00e9e pour traiter les blessures, les irritations et les d\u00e9mangeaisons de la peau. Il permet d&rsquo;hydrater les peaux tr\u00e8s s\u00e8ches. Le panth\u00e9nol ou la vitamine B5 a un effet nourrissant et emp\u00eache la perte d&rsquo;humidit\u00e9.<\/p>\n<p>La combinaison de ces ingr\u00e9dients actifs permet un nettoyage doux du corps et du visage pour les personnes souffrant d&rsquo;ecz\u00e9ma atopique, de psoriasis, de peau enflamm\u00e9e et de d\u00e9mangeaisons.<\/p>\n<p><strong>Conseils d&rsquo;utilisation :<\/strong> flacon pompe de mousse nettoyante peau atopique 180\u2009ml. Bien agiter avant utilisation. Massez doucement sur la peau humide et rincez \u00e0 l&rsquo;eau ti\u00e8de. Convient pour le nettoyage de la peau sensible autour des yeux. Peut \u00eatre utilis\u00e9 sur les peaux hypersensibles et alt\u00e9r\u00e9es.<\/p>\n<p>La mousse nettoyante pour la peau atopique est certifi\u00e9e par le <a href=\"https:\/\/www.biobey.be\/fr\/encyclopedie\/certificats-bio\/cpk-natural\/\">CPK Natural<\/a>, un organisme de cosm\u00e9tique naturelle. C&rsquo;est un produit naturel qui convient aux v\u00e9g\u00e9taliens. Pour plus d&rsquo;explications sur les ingr\u00e9dients et les normes de certification, consultez l&rsquo;encyclop\u00e9die sur Biobey.<\/p>\n<p><strong>Pouvez-vous utiliser ce produit si vous \u00eates intol\u00e9rant au gluten ?<\/strong><\/p>\n<p>Oui, ce produit ne contient pas de gluten et convient aux personnes intol\u00e9rantes au gluten.<\/p>\n<p><strong>INCI:<\/strong> Aqua, Glycerin, Cocoamidopropyl Betaine (derivaat kokosolie) Polyglyceryl-4 Caprate (plantaardige oorsprong), Glyceryl Caprylate, Alcohol denat., Sodium Chlodire, Citrus Grandis Seed Extract, Cannabis Sativa Seed Oil, Carthamus Tinctorius Seed Oil, Panthenol, Inositol,<\/p>\n<p>Tocopheryl Acetate, Glyceryl Undecylenate, p-Anisic Acid, Cannabis Sativa Seed Extract, Citric Acid, Achillea Millefolium Oil, Euphrasia Officinalis Extract, Foeniculum Vulgare Fruit Extract, Ascorbic Acid, Hypericum Perforatum Extract, Illicium Verum Fruit Extract, Illicium Verum Fruit Oil, Ocimum Basilicum Oil.<\/p>\n","protected":false},"excerpt":{"rendered":"<p>La mousse nettoyante naturelle pour les peaux tr\u00e8s s\u00e8ches et sensibles \u00e0 l&rsquo;ecz\u00e9ma permet un nettoyage doux mais efficace sans irritation. Il s&rsquo;agit d&rsquo;un produit 100\u2009% naturel. L\u00e9ger pour les peaux sensibles \u00e0 l&rsquo;ecz\u00e9ma<\/p>\n","protected":false},"featured_media":276,"comment_status":"open","ping_status":"closed","template":"","meta":{"ocean_post_layout":"","ocean_both_sidebars_style":"","ocean_both_sidebars_content_width":0,"ocean_both_sidebars_sidebars_width":0,"ocean_sidebar":"","ocean_second_sidebar":"","ocean_disable_margins":"enable","ocean_add_body_class":"","ocean_shortcode_before_top_bar":"","ocean_shortcode_after_top_bar":"","ocean_shortcode_before_header":"","ocean_shortcode_after_header":"","ocean_has_shortcode":"","ocean_shortcode_after_title":"","ocean_shortcode_before_footer_widgets":"","ocean_shortcode_after_footer_widgets":"","ocean_shortcode_before_footer_bottom":"","ocean_shortcode_after_footer_bottom":"","ocean_display_top_bar":"default","ocean_display_header":"default","ocean_header_style":"","ocean_center_header_left_menu":"","ocean_custom_header_template":"","ocean_custom_logo":0,"ocean_custom_retina_logo":0,"ocean_custom_logo_max_width":0,"ocean_custom_logo_tablet_max_width":0,"ocean_custom_logo_mobile_max_width":0,"ocean_custom_logo_max_height":0,"ocean_custom_logo_tablet_max_height":0,"ocean_custom_logo_mobile_max_height":0,"ocean_header_custom_menu":"","ocean_menu_typo_font_family":"","ocean_menu_typo_font_subset":"","ocean_menu_typo_font_size":0,"ocean_menu_typo_font_size_tablet":0,"ocean_menu_typo_font_size_mobile":0,"ocean_menu_typo_font_size_unit":"px","ocean_menu_typo_font_weight":"","ocean_menu_typo_font_weight_tablet":"","ocean_menu_typo_font_weight_mobile":"","ocean_menu_typo_transform":"","ocean_menu_typo_transform_tablet":"","ocean_menu_typo_transform_mobile":"","ocean_menu_typo_line_height":0,"ocean_menu_typo_line_height_tablet":0,"ocean_menu_typo_line_height_mobile":0,"ocean_menu_typo_line_height_unit":"","ocean_menu_typo_spacing":0,"ocean_menu_typo_spacing_tablet":0,"ocean_menu_typo_spacing_mobile":0,"ocean_menu_typo_spacing_unit":"","ocean_menu_link_color":"","ocean_menu_link_color_hover":"","ocean_menu_link_color_active":"","ocean_menu_link_background":"","ocean_menu_link_hover_background":"","ocean_menu_link_active_background":"","ocean_menu_social_links_bg":"","ocean_menu_social_hover_links_bg":"","ocean_menu_social_links_color":"","ocean_menu_social_hover_links_color":"","ocean_disable_title":"default","ocean_disable_heading":"default","ocean_post_title":"","ocean_post_subheading":"","ocean_post_title_style":"","ocean_post_title_background_color":"","ocean_post_title_background":0,"ocean_post_title_bg_image_position":"","ocean_post_title_bg_image_attachment":"","ocean_post_title_bg_image_repeat":"","ocean_post_title_bg_image_size":"","ocean_post_title_height":0,"ocean_post_title_bg_overlay":0.5,"ocean_post_title_bg_overlay_color":"","ocean_disable_breadcrumbs":"default","ocean_breadcrumbs_color":"","ocean_breadcrumbs_separator_color":"","ocean_breadcrumbs_links_color":"","ocean_breadcrumbs_links_hover_color":"","ocean_display_footer_widgets":"default","ocean_display_footer_bottom":"default","ocean_custom_footer_template":""},"product_brand":[109],"product_cat":[33,18,52,49,31,17,16,51,30],"product_tag":[126,127,125],"class_list":{"0":"post-2245","1":"product","2":"type-product","3":"status-publish","4":"has-post-thumbnail","6":"product_brand-cannaderm","7":"product_cat-irritation-cutanee-eczema-et-psoriasis","8":"product_cat-nettoyage-de-la-peau-et-masques","9":"product_cat-nettoyage-et-hygiene","10":"product_cat-peau-seche","11":"product_cat-sante","12":"product_cat-soins-du-visage","13":"product_cat-soins","14":"product_cat-soins-du-corps","15":"product_cat-soins-pour-hommes","16":"product_tag-sans-paraben","17":"product_tag-sans-silicone","18":"product_tag-vegan","20":"entry","21":"has-media","23":"first","24":"instock","25":"taxable","26":"shipping-taxable","27":"purchasable","28":"product-type-simple","29":"has-rating","30":"col","31":"span_1_of_3","32":"owp-content-center","33":"owp-thumbs-layout-horizontal","34":"owp-btn-normal","35":"owp-tabs-layout-section","36":"has-no-thumbnails","37":"circle-sale"},"_links":{"self":[{"href":"https:\/\/www.biobey.be\/fr\/wp-json\/wp\/v2\/product\/2245","targetHints":{"allow":["GET"]}}],"collection":[{"href":"https:\/\/www.biobey.be\/fr\/wp-json\/wp\/v2\/product"}],"about":[{"href":"https:\/\/www.biobey.be\/fr\/wp-json\/wp\/v2\/types\/product"}],"replies":[{"embeddable":true,"href":"https:\/\/www.biobey.be\/fr\/wp-json\/wp\/v2\/comments?post=2245"}],"wp:featuredmedia":[{"embeddable":true,"href":"https:\/\/www.biobey.be\/fr\/wp-json\/wp\/v2\/media\/276"}],"wp:attachment":[{"href":"https:\/\/www.biobey.be\/fr\/wp-json\/wp\/v2\/media?parent=2245"}],"wp:term":[{"taxonomy":"product_brand","embeddable":true,"href":"https:\/\/www.biobey.be\/fr\/wp-json\/wp\/v2\/product_brand?post=2245"},{"taxonomy":"product_cat","embeddable":true,"href":"https:\/\/www.biobey.be\/fr\/wp-json\/wp\/v2\/product_cat?post=2245"},{"taxonomy":"product_tag","embeddable":true,"href":"https:\/\/www.biobey.be\/fr\/wp-json\/wp\/v2\/product_tag?post=2245"}],"curies":[{"name":"wp","href":"https:\/\/api.w.org\/{rel}","templated":true}]}}