{"id":2246,"date":"2026-02-18T03:17:50","date_gmt":"2026-02-18T02:17:50","guid":{"rendered":"https:\/\/www.biobey.be\/fr-temp\/produit\/huile-donagre-bio-nevrodermite\/"},"modified":"2026-02-18T03:17:19","modified_gmt":"2026-02-18T02:17:19","slug":"huile-donagre-bio-nevrodermite","status":"publish","type":"product","link":"https:\/\/www.biobey.be\/fr\/produit\/huile-donagre-bio-nevrodermite\/","title":{"rendered":"Huile D&rsquo;Onagre Bio Gold 10 ml"},"content":{"rendered":"<p>L&rsquo;huile d&rsquo;onagre bio press\u00e9e \u00e0 froid ( Oenothera biennis scopoli) est une huile cosm\u00e9tique bio de la ligne Argital Gold. Cette huile est ajout\u00e9e aux cr\u00e8mes, lotions et masques. L&rsquo;huile d&rsquo;onagre contient une tr\u00e8s forte concentration d&rsquo;acide gamma-linol\u00e9nique et d&rsquo;acide linol\u00e9ique. Ces derniers sont essentiels pour la barri\u00e8re cutan\u00e9e de l&rsquo;\u00e9piderme.<\/p>\n<p>Les huiles Gold BIO sont extraites selon une m\u00e9thode unique patent\u00e9e par Argital. Des m\u00e9taux pr\u00e9cieux et des gemmes sont utilis\u00e9s pour obtenir l&rsquo;huile. Les huiles Gold Bio d&rsquo;Argital sont tr\u00e8s douces pour la peau.<\/p>\n<h2>Comment pr\u00e9venir les rides pr\u00e9matur\u00e9es avec l&rsquo;huile d&rsquo;onagre bio?<\/h2>\n<p>L&rsquo;huile d&rsquo;onagre BIO prot\u00e8ge la peau contre le vieillissement pr\u00e9matur\u00e9 en stimulant le renouvellement cellulaire. Elle emp\u00eache \u00e9galement la perte d&rsquo;humidit\u00e9 de la peau et renforce la barri\u00e8re cutan\u00e9e. Oenothera biennis scopoli a prouv\u00e9 son efficacit\u00e9 dans le traitement de la n\u00e9vrodermite due \u00e0 une maladie de la peau.<\/p>\n<p>Gr\u00e2ce \u00e0 ses propri\u00e9t\u00e9s m\u00e9dicinales \u00e9prouv\u00e9es, l&rsquo;huile d&rsquo;onagre biologique est ajout\u00e9e \u00e0 diverses formulations de cr\u00e8mes pour la peau, \u00e0 des suppl\u00e9ments pour maintenir l&rsquo;\u00e9lasticit\u00e9 de la peau et pour r\u00e9duire ou \u00e9liminer les rides, les ridules. En outre, l&rsquo;huile d&rsquo;Oenothera biennis scopoli est \u00e9galement utilis\u00e9e pour le traitement de l&rsquo;acn\u00e9.<\/p>\n<h3>L&rsquo;huile d&rsquo;onagre BIO\u00a0 est-elle utile dans le traitement de la n\u00e9vrodermite ?<\/h3>\n<p>Oui, l&rsquo;huile d&rsquo;onagre biologique ou oenothera biennis scopoli a prouv\u00e9 son efficacit\u00e9 dans le traitement de la n\u00e9vrodermite, maladie inflammatoire de la peau. La n\u00e9vrodermite est une maladie inflammatoire courante de la peau qui provoque de fortes d\u00e9mangeaisons. Cette inflammation cutan\u00e9e est donc entretenue par des d\u00e9mangeaisons et des grattements de la peau.<\/p>\n<p>La solution pour la n\u00e9vrodermite est de suppresser les d\u00e9mangeaisons et d&rsquo;arr\u00eater de se gratter. En g\u00e9n\u00e9ral des pommades hormonales sont prescrites pour soulager les d\u00e9mangeaisons, mais des<a href=\"https:\/\/www.biobey.be\/fr\/produit\/atopicann-creme-au-chanvre-naturel-pour-eczema-et-psoriasis\/\"> cr\u00e8mes<\/a> et <a href=\"https:\/\/www.biobey.be\/fr\/produit\/eczema-peau-atopique-lotion-bio-150-ml\/\">lotions naturelles pour l&rsquo;ecz\u00e9ma<\/a> sans hormones peuvent \u00e9galement soulager les d\u00e9mangeaisons et emp\u00eacher la peau de se dess\u00e9cher.<\/p>\n<p>L&rsquo;huile d&rsquo;onagre \u00e9tait traditionnellement utilis\u00e9e comme un rem\u00e8de efficace contre les inflammations cutan\u00e9es, les d\u00e9mangeaisons et la s\u00e9cheresse de la peau. Cette huile organique press\u00e9e \u00e0 froid est utilis\u00e9e avec succ\u00e8s pour le traitement de la n\u00e9vrodermite. L&rsquo;huile d&rsquo;onagre biologique \u00e9limine les d\u00e9mangeaisons de la peau. La forte concentration d&rsquo;acide gamma-linol\u00e9nique et d&rsquo;acide linol\u00e9ique r\u00e9gule l&rsquo;\u00e9quilibre de la graisse et de l&rsquo;humidit\u00e9 de la peau.<\/p>\n<h2>Comment utiliser l&rsquo;huile d&rsquo;onagre contre la peau s\u00e8che ?<\/h2>\n<p>L&rsquo;huile d&rsquo;onagre biologique Argital peut \u00eatre appliqu\u00e9e directement sur la peau s\u00e8che ou m\u00e9lang\u00e9e \u00e0 une cr\u00e8me de jour hydratante. Appliqu\u00e9e directement sur la peau, l&rsquo;huile prot\u00e8ge la barri\u00e8re cutan\u00e9e contre les agressions ext\u00e9rieures. L&rsquo;huile pr\u00e9vient la perte d&rsquo;hydratation et apaise la peau s\u00e8che et sensible. Pour \u00e9viter un effet gras, l&rsquo;huile d&rsquo;onagre peut \u00eatre m\u00e9lang\u00e9e \u00e0<span style=\"color: #0000ff;\"><a style=\"color: #0000ff;\" href=\"https:\/\/www.biobey.be\/fr\/produit\/creme-nourrissante-visage-et-cou-bio-50ml\/\"> une cr\u00e8me de jour hydratante naturelle douce<\/a><\/span> avant d&rsquo;\u00eatre appliqu\u00e9e sur la peau.<\/p>\n<p><strong>L&rsquo;huile d&rsquo;onagre biologique peut-elle provoquer des r\u00e9actions allergiques de la peau ?<\/strong><\/p>\n<p>L&rsquo;huile d&rsquo;onagre press\u00e9e \u00e0 froid est particuli\u00e8rement douce pour la peau et convient \u00e0 tous les types de peau, y compris les peaux matures, sensibles ou tr\u00e8s s\u00e8ches.<\/p>\n","protected":false},"excerpt":{"rendered":"<p>L&rsquo;huile d&rsquo;onagre biologique est utilis\u00e9e dans le traitement des peaux s\u00e8ches et des neurodermites. L&rsquo;huile d&rsquo;onagre biologique r\u00e9duit les rides en r\u00e9gulant l&rsquo;\u00e9quilibre des lipides et de l&rsquo;hydratation de la peau.<\/p>\n","protected":false},"featured_media":285,"comment_status":"open","ping_status":"closed","template":"","meta":{"ocean_post_layout":"","ocean_both_sidebars_style":"","ocean_both_sidebars_content_width":0,"ocean_both_sidebars_sidebars_width":0,"ocean_sidebar":"0","ocean_second_sidebar":"0","ocean_disable_margins":"enable","ocean_add_body_class":"","ocean_shortcode_before_top_bar":"","ocean_shortcode_after_top_bar":"","ocean_shortcode_before_header":"","ocean_shortcode_after_header":"","ocean_has_shortcode":"","ocean_shortcode_after_title":"","ocean_shortcode_before_footer_widgets":"","ocean_shortcode_after_footer_widgets":"","ocean_shortcode_before_footer_bottom":"","ocean_shortcode_after_footer_bottom":"","ocean_display_top_bar":"default","ocean_display_header":"default","ocean_header_style":"","ocean_center_header_left_menu":"0","ocean_custom_header_template":"0","ocean_custom_logo":0,"ocean_custom_retina_logo":0,"ocean_custom_logo_max_width":0,"ocean_custom_logo_tablet_max_width":0,"ocean_custom_logo_mobile_max_width":0,"ocean_custom_logo_max_height":0,"ocean_custom_logo_tablet_max_height":0,"ocean_custom_logo_mobile_max_height":0,"ocean_header_custom_menu":"0","ocean_menu_typo_font_family":"0","ocean_menu_typo_font_subset":"","ocean_menu_typo_font_size":0,"ocean_menu_typo_font_size_tablet":0,"ocean_menu_typo_font_size_mobile":0,"ocean_menu_typo_font_size_unit":"px","ocean_menu_typo_font_weight":"","ocean_menu_typo_font_weight_tablet":"","ocean_menu_typo_font_weight_mobile":"","ocean_menu_typo_transform":"","ocean_menu_typo_transform_tablet":"","ocean_menu_typo_transform_mobile":"","ocean_menu_typo_line_height":0,"ocean_menu_typo_line_height_tablet":0,"ocean_menu_typo_line_height_mobile":0,"ocean_menu_typo_line_height_unit":"","ocean_menu_typo_spacing":0,"ocean_menu_typo_spacing_tablet":0,"ocean_menu_typo_spacing_mobile":0,"ocean_menu_typo_spacing_unit":"","ocean_menu_link_color":"","ocean_menu_link_color_hover":"","ocean_menu_link_color_active":"","ocean_menu_link_background":"","ocean_menu_link_hover_background":"","ocean_menu_link_active_background":"","ocean_menu_social_links_bg":"","ocean_menu_social_hover_links_bg":"","ocean_menu_social_links_color":"","ocean_menu_social_hover_links_color":"","ocean_disable_title":"default","ocean_disable_heading":"default","ocean_post_title":"","ocean_post_subheading":"","ocean_post_title_style":"","ocean_post_title_background_color":"","ocean_post_title_background":0,"ocean_post_title_bg_image_position":"","ocean_post_title_bg_image_attachment":"","ocean_post_title_bg_image_repeat":"","ocean_post_title_bg_image_size":"","ocean_post_title_height":0,"ocean_post_title_bg_overlay":0.5,"ocean_post_title_bg_overlay_color":"","ocean_disable_breadcrumbs":"default","ocean_breadcrumbs_color":"","ocean_breadcrumbs_separator_color":"","ocean_breadcrumbs_links_color":"","ocean_breadcrumbs_links_hover_color":"","ocean_display_footer_widgets":"default","ocean_display_footer_bottom":"default","ocean_custom_footer_template":"0"},"product_brand":[102],"product_cat":[33,49,38,31,17,16],"product_tag":[132,133,125],"class_list":{"0":"post-2246","1":"product","2":"type-product","3":"status-publish","4":"has-post-thumbnail","6":"product_brand-argital","7":"product_cat-irritation-cutanee-eczema-et-psoriasis","8":"product_cat-peau-seche","9":"product_cat-piqures-dinsectes-et-irritations","10":"product_cat-sante","11":"product_cat-soins-du-visage","12":"product_cat-soins","13":"product_tag-sans-alcool","14":"product_tag-sansparfumsynthetique","15":"product_tag-vegan","17":"entry","18":"has-media","20":"first","21":"instock","22":"taxable","23":"shipping-taxable","24":"purchasable","25":"product-type-simple","26":"has-rating","27":"col","28":"span_1_of_3","29":"owp-content-center","30":"owp-thumbs-layout-horizontal","31":"owp-btn-normal","32":"owp-tabs-layout-section","33":"has-no-thumbnails","34":"circle-sale"},"_links":{"self":[{"href":"https:\/\/www.biobey.be\/fr\/wp-json\/wp\/v2\/product\/2246","targetHints":{"allow":["GET"]}}],"collection":[{"href":"https:\/\/www.biobey.be\/fr\/wp-json\/wp\/v2\/product"}],"about":[{"href":"https:\/\/www.biobey.be\/fr\/wp-json\/wp\/v2\/types\/product"}],"replies":[{"embeddable":true,"href":"https:\/\/www.biobey.be\/fr\/wp-json\/wp\/v2\/comments?post=2246"}],"wp:featuredmedia":[{"embeddable":true,"href":"https:\/\/www.biobey.be\/fr\/wp-json\/wp\/v2\/media\/285"}],"wp:attachment":[{"href":"https:\/\/www.biobey.be\/fr\/wp-json\/wp\/v2\/media?parent=2246"}],"wp:term":[{"taxonomy":"product_brand","embeddable":true,"href":"https:\/\/www.biobey.be\/fr\/wp-json\/wp\/v2\/product_brand?post=2246"},{"taxonomy":"product_cat","embeddable":true,"href":"https:\/\/www.biobey.be\/fr\/wp-json\/wp\/v2\/product_cat?post=2246"},{"taxonomy":"product_tag","embeddable":true,"href":"https:\/\/www.biobey.be\/fr\/wp-json\/wp\/v2\/product_tag?post=2246"}],"curies":[{"name":"wp","href":"https:\/\/api.w.org\/{rel}","templated":true}]}}