{"id":2248,"date":"2023-08-20T23:16:04","date_gmt":"2023-08-20T21:16:04","guid":{"rendered":"https:\/\/www.biobey.be\/fr-temp\/produit\/trousse-de-toilette-sunny-eco-friendly\/"},"modified":"2025-07-11T13:49:37","modified_gmt":"2025-07-11T11:49:37","slug":"trousse-de-toilette-sunny-eco-friendly","status":"publish","type":"product","link":"https:\/\/www.biobey.be\/fr\/produit\/trousse-de-toilette-sunny-eco-friendly\/","title":{"rendered":"Trousse de toilette Sunny Eco friendly"},"content":{"rendered":"<p>La trousse de toilette Sunny eco friendly est id\u00e9ale pour ranger les produits de maquillage et de soins personnels. Cette trousse de toilette durable est fabriqu\u00e9e \u00e0 partir de mat\u00e9riaux 100% recycl\u00e9s. Sunny, le petit sac est fait main en Belgique. La taille pratique du sac permet de le ranger facilement dans un sac de voyage.<\/p>\n<p>\u00c0 l&rsquo;int\u00e9rieur, Sunny est fabriqu\u00e9 en coton 100% recycl\u00e9 avec un beau motif de petits carr\u00e9s couleur caf\u00e9. La fermeture \u00e9clair bleu fonc\u00e9 cr\u00e9e une jolie combinaison de couleurs qui attire l&rsquo;attention.<\/p>\n<h2>Trousse de toilette Sunny eco friendly faite \u00e0 la main<\/h2>\n<p>La trousse de maquillage ou la trousse de toilette Sunny eco friendly est une solution pratique et durable pour le rangement des accessoires pour les cheveux, des produits de beaut\u00e9 et des articles de toilette. La trousse de maquillage \u00e9cologique Sunny est suffisamment grande pour contenir \u00e0 la fois des produits de soin et des accessoires plus petits.<\/p>\n<h2>Les sacs toilettes 100% upcycl\u00e9s de Biobey<\/h2>\n<p>Les sacs de toilette Biobey sont fabriqu\u00e9s \u00e0 partir de tissus de seconde main et de restes de textiles. Cela rend chaque sac unique. La couleur et le design de l&rsquo;int\u00e9rieur du sac peuvent varier l\u00e9g\u00e8rement.\u00a0 Nos sacs ne sont pas achet\u00e9s ailleurs. Ils sont fabriqu\u00e9s \u00e0 la main en Belgique \u00e0 partir de mat\u00e9riaux de seconde main et de restes de textiles provenant de friperies. De cette fa\u00e7on, un vieux rideau a une seconde vie.<\/p>\n<p>La trousse de toilette Sunny eco friendly est assez grande pour \u00eatre emport\u00e9e avec vous lors des voyages scolaires et pour stocker les produits d&rsquo;hygi\u00e8ne essentiels.<\/p>\n<p>Motif ext\u00e9rieur de la trousse de toilette : tissu 100% recycl\u00e9de couleur jaune \u00e0 moutarde surmont\u00e9 de petites boules en forme de goutte de diff\u00e9rentes couleurs (jaune, bleu, rouge, bleu clair)<br \/>\nCouleur et motif \u00e0 l&rsquo;int\u00e9rieur de la trousse de toilette : coton 100% recycl\u00e9 doux et soyeux avec motif de petits carr\u00e9s couleur caf\u00e9.<\/p>\n<p>Dimensions de la trousse de toilette Sunny eco friendly faite \u00e0 la main :<br \/>\nHauteur 16 cm<br \/>\nLargeur 8 cm<br \/>\nLongueur 20 cm<br \/>\nMat\u00e9riau ext\u00e9rieur : 100% coton recycl\u00e9<br \/>\nMat\u00e9riau int\u00e9rieur : coton de soie 100% recycl\u00e9<\/p>\n<p>La trousse de toilette Sunny eco friendly peut \u00eatre lav\u00e9e dans la machine \u00e0 laver \u00e0 30 degr\u00e9s. Lors de l&rsquo;achat de la trousse de maquillage durable, vous recevrez un mini-produit d&rsquo;Argital. Un bain de bouche de format voyage de 20 ml ou un apr\u00e8s-shampoing pour cheveux naturels de 20 ml.<\/p>\n<p>Le bain de bouche et l&rsquo;apr\u00e8s-shampooing d&rsquo;Argital sont tous deux naturels et v\u00e9g\u00e9taliens. Les emballages sont fabriqu\u00e9s en mat\u00e9riaux ICEA ECO.<\/p>\n","protected":false},"excerpt":{"rendered":"<p>La trousse de maquillage jaune Sunny est une solution pratique et durable pour le rangement pratique des accessoires pour cheveux, des produits de beaut\u00e9 et des articles de toilette.<\/p>\n","protected":false},"featured_media":282,"comment_status":"open","ping_status":"closed","template":"","meta":{"ocean_post_layout":"","ocean_both_sidebars_style":"","ocean_both_sidebars_content_width":0,"ocean_both_sidebars_sidebars_width":0,"ocean_sidebar":"","ocean_second_sidebar":"","ocean_disable_margins":"enable","ocean_add_body_class":"","ocean_shortcode_before_top_bar":"","ocean_shortcode_after_top_bar":"","ocean_shortcode_before_header":"","ocean_shortcode_after_header":"","ocean_has_shortcode":"","ocean_shortcode_after_title":"","ocean_shortcode_before_footer_widgets":"","ocean_shortcode_after_footer_widgets":"","ocean_shortcode_before_footer_bottom":"","ocean_shortcode_after_footer_bottom":"","ocean_display_top_bar":"default","ocean_display_header":"default","ocean_header_style":"","ocean_center_header_left_menu":"","ocean_custom_header_template":"","ocean_custom_logo":0,"ocean_custom_retina_logo":0,"ocean_custom_logo_max_width":0,"ocean_custom_logo_tablet_max_width":0,"ocean_custom_logo_mobile_max_width":0,"ocean_custom_logo_max_height":0,"ocean_custom_logo_tablet_max_height":0,"ocean_custom_logo_mobile_max_height":0,"ocean_header_custom_menu":"","ocean_menu_typo_font_family":"","ocean_menu_typo_font_subset":"","ocean_menu_typo_font_size":0,"ocean_menu_typo_font_size_tablet":0,"ocean_menu_typo_font_size_mobile":0,"ocean_menu_typo_font_size_unit":"px","ocean_menu_typo_font_weight":"","ocean_menu_typo_font_weight_tablet":"","ocean_menu_typo_font_weight_mobile":"","ocean_menu_typo_transform":"","ocean_menu_typo_transform_tablet":"","ocean_menu_typo_transform_mobile":"","ocean_menu_typo_line_height":0,"ocean_menu_typo_line_height_tablet":0,"ocean_menu_typo_line_height_mobile":0,"ocean_menu_typo_line_height_unit":"","ocean_menu_typo_spacing":0,"ocean_menu_typo_spacing_tablet":0,"ocean_menu_typo_spacing_mobile":0,"ocean_menu_typo_spacing_unit":"","ocean_menu_link_color":"","ocean_menu_link_color_hover":"","ocean_menu_link_color_active":"","ocean_menu_link_background":"","ocean_menu_link_hover_background":"","ocean_menu_link_active_background":"","ocean_menu_social_links_bg":"","ocean_menu_social_hover_links_bg":"","ocean_menu_social_links_color":"","ocean_menu_social_hover_links_color":"","ocean_disable_title":"default","ocean_disable_heading":"default","ocean_post_title":"","ocean_post_subheading":"","ocean_post_title_style":"","ocean_post_title_background_color":"","ocean_post_title_background":0,"ocean_post_title_bg_image_position":"","ocean_post_title_bg_image_attachment":"","ocean_post_title_bg_image_repeat":"","ocean_post_title_bg_image_size":"","ocean_post_title_height":0,"ocean_post_title_bg_overlay":0.5,"ocean_post_title_bg_overlay_color":"","ocean_disable_breadcrumbs":"default","ocean_breadcrumbs_color":"","ocean_breadcrumbs_separator_color":"","ocean_breadcrumbs_links_color":"","ocean_breadcrumbs_links_hover_color":"","ocean_display_footer_widgets":"default","ocean_display_footer_bottom":"default","ocean_custom_footer_template":""},"product_brand":[113],"product_cat":[44],"product_tag":[125],"class_list":{"0":"post-2248","1":"product","2":"type-product","3":"status-publish","4":"has-post-thumbnail","6":"product_brand-green-juice","7":"product_cat-enfant-et-bebe","8":"product_tag-vegan","10":"entry","11":"has-media","13":"first","14":"instock","15":"taxable","16":"shipping-taxable","17":"purchasable","18":"product-type-simple","19":"has-rating","20":"col","21":"span_1_of_3","22":"owp-content-center","23":"owp-thumbs-layout-horizontal","24":"owp-btn-normal","25":"owp-tabs-layout-section","26":"has-no-thumbnails","27":"circle-sale"},"_links":{"self":[{"href":"https:\/\/www.biobey.be\/fr\/wp-json\/wp\/v2\/product\/2248","targetHints":{"allow":["GET"]}}],"collection":[{"href":"https:\/\/www.biobey.be\/fr\/wp-json\/wp\/v2\/product"}],"about":[{"href":"https:\/\/www.biobey.be\/fr\/wp-json\/wp\/v2\/types\/product"}],"replies":[{"embeddable":true,"href":"https:\/\/www.biobey.be\/fr\/wp-json\/wp\/v2\/comments?post=2248"}],"wp:featuredmedia":[{"embeddable":true,"href":"https:\/\/www.biobey.be\/fr\/wp-json\/wp\/v2\/media\/282"}],"wp:attachment":[{"href":"https:\/\/www.biobey.be\/fr\/wp-json\/wp\/v2\/media?parent=2248"}],"wp:term":[{"taxonomy":"product_brand","embeddable":true,"href":"https:\/\/www.biobey.be\/fr\/wp-json\/wp\/v2\/product_brand?post=2248"},{"taxonomy":"product_cat","embeddable":true,"href":"https:\/\/www.biobey.be\/fr\/wp-json\/wp\/v2\/product_cat?post=2248"},{"taxonomy":"product_tag","embeddable":true,"href":"https:\/\/www.biobey.be\/fr\/wp-json\/wp\/v2\/product_tag?post=2248"}],"curies":[{"name":"wp","href":"https:\/\/api.w.org\/{rel}","templated":true}]}}