{"id":2249,"date":"2025-04-21T15:49:59","date_gmt":"2025-04-21T13:49:59","guid":{"rendered":"https:\/\/www.biobey.be\/fr-temp\/produit\/huile-darnica-bio-125ml\/"},"modified":"2025-11-26T20:09:05","modified_gmt":"2025-11-26T19:09:05","slug":"huile-darnica-bio-125ml","status":"publish","type":"product","link":"https:\/\/www.biobey.be\/fr\/produit\/huile-darnica-bio-125ml\/","title":{"rendered":"Huile d&rsquo;arnica BIO 125ml"},"content":{"rendered":"<p>L&rsquo;huile d&rsquo;arnica BIO d&rsquo;Argital est une huile multifonctionnelle 100% naturelle. Cette huile sp\u00e9ciale a de nombreuses propri\u00e9t\u00e9s positives pour notre organisme.<\/p>\n<p>Elle soulage la douleur, inhibe l&rsquo;inflammation et a un effet relaxant. C&rsquo;est pourquoi l&rsquo;huile d&rsquo;arnica est souvent utilis\u00e9e comme huile de massage pour les muscles raides, les crampes musculaires et autres troubles musculaires rhumatismaux. Pour soulager les douleurs musculaires intenses, nous vous recommandons la pommade<a href=\"https:\/\/www.biobey.be\/fr\/produit\/trompetol-pommade-au-cbd-revitalisante-30ml\/\"><span style=\"color: #0000ff;\"> Trompetol<\/span> <\/a>ou la <span style=\"color: #0000ff;\"><a style=\"color: #0000ff;\" href=\"https:\/\/www.biobey.be\/fr\/produit\/gel-anti-douleur-du-dos-de-la-nuque\/\">pommade au Chanvre extra<\/a><\/span>.<\/p>\n<p>Elle a un fort effet protecteur et nourrissant sur la peau et les cheveux. Ainsi, l&rsquo;huile d&rsquo;arnica est aussi utilis\u00e9e pour stimuler la croissance des cheveux.<br \/>\nCette huile 100% naturelle stimule la circulation et acc\u00e9l\u00e8re ainsi la gu\u00e9rison des ecchymoses.<\/p>\n<h2>\u00c0 quoi sert l&rsquo;huile d&rsquo;arnica bio ?<\/h2>\n<p>En raison de sa composition pure et de ses ingr\u00e9dients b\u00e9n\u00e9fiques, l&rsquo;arnica a diverses applications. Vous trouverez ci-dessous trois des principales utilisations de l&rsquo;huile d&rsquo;arnica.<\/p>\n<p><strong>Pourquoi l&rsquo;huile d&rsquo;arnica bio est b\u00e9n\u00e9fique pour les cheveux<\/strong><\/p>\n<p>L&rsquo;huile d&rsquo;arnica est b\u00e9n\u00e9fique pour les cheveux car elle stimule leur croissance. L&rsquo;huile d&rsquo;arnica est riche en vitamines et en nutriments qui nourrissent le cuir chevelu et renforcent les cheveux \u00e0 partir de la racine. L&rsquo;arnica est anti-inflammatoire et antibact\u00e9rienne, c&rsquo;est pourquoi elle prot\u00e8ge contre la chute des cheveux.<\/p>\n<p>En hom\u00e9opathie, l&rsquo;arnica, qui favorise la circulation sanguine, est utilis\u00e9e depuis longtemps pour traiter la chute des cheveux et d&rsquo;autres probl\u00e8mes des cheveux et du cuir chevelu.<\/p>\n<p><strong>Arnica pour la peau<\/strong><\/p>\n<p>L&rsquo;huile d&rsquo;arnica bio a des effets curatifs impressionnants sur la peau. Cette huile 100 % v\u00e9g\u00e9tale peut r\u00e9parer les blessures profondes, faire dispara\u00eetre les cicatrices postop\u00e9ratoires et r\u00e9duire les ecchymoses et les gonflements.<\/p>\n<h3>Huile de massage bio \u00e0 l&rsquo;arnica<\/h3>\n<p>Un massage \u00e0 l&rsquo;huile de massage \u00e0 l&rsquo;arnica acc\u00e9l\u00e8re la r\u00e9cup\u00e9ration musculaire. De plus, l&rsquo;huile de massage \u00e0 l&rsquo;arnica a un effet relaxant et r\u00e9chauffant. L&rsquo;huile de lavande contenue dans la composition favorise l&rsquo;effet relaxant de l&rsquo;huile de massage \u00e0 l&rsquo;arnica et d\u00e9tend les muscles en cas de tension musculaire.<\/p>\n<h2>L&rsquo;arnica est-il bon pour les muscles ?<\/h2>\n<p>L&rsquo;extrait d&rsquo;arnica est traditionnellement utilis\u00e9 <span style=\"color: #0000ff;\"><a style=\"color: #0000ff;\" href=\"https:\/\/www.biobey.be\/fr\/produit\/gel-anti-douleur-du-dos-de-la-nuque\/\">pour soigner et traiter les douleurs musculaires<\/a><\/span>, les blessures musculaires et les douleurs articulaires. Il favorise la circulation sanguine dans les muscles douloureux et acc\u00e9l\u00e8re la r\u00e9cup\u00e9ration. L&rsquo;huile d&rsquo;arnica naturelle Argital r\u00e9chauffe et apaise les muscles endoloris.<\/p>\n<p>Elle agit comme un anti-inflammatoire et r\u00e9duit les gonflements. L&rsquo;extrait d&rsquo;arnica est donc utilis\u00e9 pour acc\u00e9l\u00e9rer le r\u00e9tablissement apr\u00e8s une chute ou une blessure douloureuse.<\/p>\n<p>De plus, l&rsquo;huile et le gel d&rsquo;arnica sont indiqu\u00e9s pour les personnes souffrant des sympt\u00f4mes d\u00e9sagr\u00e9ables de l&rsquo;arthrose ou de l&rsquo;usure des articulations. Elle r\u00e9duit la raideur musculaire et apaise les douleurs articulaires.<\/p>\n<h4>Combinaison b\u00e9n\u00e9fique de 4 ingr\u00e9dients<\/h4>\n<p>L&rsquo;ingr\u00e9dient actif de cette huile d&rsquo;arnica 100% naturelle est l&rsquo;extrait d&rsquo;Arnica Montana. L&rsquo;Arnica Montana a des propri\u00e9t\u00e9s analg\u00e9siques et anti-inflammatoires cliniquement prouv\u00e9es. C&rsquo;est pourquoi il est utilis\u00e9 en physioth\u00e9rapie pour le traitement des douleurs musculaires et articulaires.<\/p>\n<p>L&rsquo;huile d&rsquo;amande douce pure enrichie d&rsquo;huile de lavande et de vitamine E (tocoph\u00e9rol) sont les trois autres ingr\u00e9dients de cette huile unique. La combinaison de l&rsquo;huile d&rsquo;amande douce avec l&rsquo;extrait d&rsquo;arnica, l&rsquo;huile de lavande et la vitamine E favorise la circulation, nourrit la peau et les cheveux et a un effet calmant sur la peau et le cuir chevelu.<\/p>\n<p>Ingr\u00e9dients : Prunus Amygdalus Dulcis oil, Arnica Montana flower extract, Lavandula Hybrida oil *, Tocopherol.<\/p>\n<p>* Composants des huiles essentielles naturelles : limon\u00e8ne, linalol.<br \/>\nSans conservateurs.<br \/>\nCertificats : LAV.<br \/>\nEmballage de : 125 ml<\/p>\n","protected":false},"excerpt":{"rendered":"<p>L&rsquo;huile d&rsquo;arnica bio a de nombreuses applications. Elle est utilis\u00e9e pour traiter les muscles fatigu\u00e9s et raides. L&rsquo;huile d&rsquo;arnica stimule la croissance des cheveux et peut att\u00e9nuer les cicatrices postop\u00e9ratoires et faire gu\u00e9rir les bleus plus rapidement.<\/p>\n","protected":false},"featured_media":405,"comment_status":"open","ping_status":"closed","template":"","meta":{"ocean_post_layout":"","ocean_both_sidebars_style":"","ocean_both_sidebars_content_width":0,"ocean_both_sidebars_sidebars_width":0,"ocean_sidebar":"0","ocean_second_sidebar":"0","ocean_disable_margins":"enable","ocean_add_body_class":"","ocean_shortcode_before_top_bar":"","ocean_shortcode_after_top_bar":"","ocean_shortcode_before_header":"","ocean_shortcode_after_header":"","ocean_has_shortcode":"","ocean_shortcode_after_title":"","ocean_shortcode_before_footer_widgets":"","ocean_shortcode_after_footer_widgets":"","ocean_shortcode_before_footer_bottom":"","ocean_shortcode_after_footer_bottom":"","ocean_display_top_bar":"default","ocean_display_header":"default","ocean_header_style":"","ocean_center_header_left_menu":"0","ocean_custom_header_template":"0","ocean_custom_logo":0,"ocean_custom_retina_logo":0,"ocean_custom_logo_max_width":0,"ocean_custom_logo_tablet_max_width":0,"ocean_custom_logo_mobile_max_width":0,"ocean_custom_logo_max_height":0,"ocean_custom_logo_tablet_max_height":0,"ocean_custom_logo_mobile_max_height":0,"ocean_header_custom_menu":"0","ocean_menu_typo_font_family":"0","ocean_menu_typo_font_subset":"","ocean_menu_typo_font_size":0,"ocean_menu_typo_font_size_tablet":0,"ocean_menu_typo_font_size_mobile":0,"ocean_menu_typo_font_size_unit":"px","ocean_menu_typo_font_weight":"","ocean_menu_typo_font_weight_tablet":"","ocean_menu_typo_font_weight_mobile":"","ocean_menu_typo_transform":"","ocean_menu_typo_transform_tablet":"","ocean_menu_typo_transform_mobile":"","ocean_menu_typo_line_height":0,"ocean_menu_typo_line_height_tablet":0,"ocean_menu_typo_line_height_mobile":0,"ocean_menu_typo_line_height_unit":"","ocean_menu_typo_spacing":0,"ocean_menu_typo_spacing_tablet":0,"ocean_menu_typo_spacing_mobile":0,"ocean_menu_typo_spacing_unit":"","ocean_menu_link_color":"","ocean_menu_link_color_hover":"","ocean_menu_link_color_active":"","ocean_menu_link_background":"","ocean_menu_link_hover_background":"","ocean_menu_link_active_background":"","ocean_menu_social_links_bg":"","ocean_menu_social_hover_links_bg":"","ocean_menu_social_links_color":"","ocean_menu_social_hover_links_color":"","ocean_disable_title":"default","ocean_disable_heading":"default","ocean_post_title":"","ocean_post_subheading":"","ocean_post_title_style":"","ocean_post_title_background_color":"","ocean_post_title_background":0,"ocean_post_title_bg_image_position":"","ocean_post_title_bg_image_attachment":"","ocean_post_title_bg_image_repeat":"","ocean_post_title_bg_image_size":"","ocean_post_title_height":0,"ocean_post_title_bg_overlay":0.5,"ocean_post_title_bg_overlay_color":"","ocean_disable_breadcrumbs":"default","ocean_breadcrumbs_color":"","ocean_breadcrumbs_separator_color":"","ocean_breadcrumbs_links_color":"","ocean_breadcrumbs_links_hover_color":"","ocean_display_footer_widgets":"default","ocean_display_footer_bottom":"default","ocean_custom_footer_template":"0"},"product_brand":[102],"product_cat":[32,31,16,24,30],"product_tag":[138,129,127,125],"class_list":{"0":"post-2249","1":"product","2":"type-product","3":"status-publish","4":"has-post-thumbnail","6":"product_brand-argital","7":"product_cat-muscles-articulations-et-dos","8":"product_cat-sante","9":"product_cat-soins","10":"product_cat-soins-cheveux","11":"product_cat-soins-pour-hommes","12":"product_tag-homeopathique","13":"product_tag-sans-gluten","14":"product_tag-sans-silicone","15":"product_tag-vegan","17":"entry","18":"has-media","20":"first","21":"instock","22":"taxable","23":"shipping-taxable","24":"purchasable","25":"product-type-simple","26":"has-rating","27":"col","28":"span_1_of_3","29":"owp-content-center","30":"owp-thumbs-layout-horizontal","31":"owp-btn-normal","32":"owp-tabs-layout-section","33":"has-no-thumbnails","34":"circle-sale"},"_links":{"self":[{"href":"https:\/\/www.biobey.be\/fr\/wp-json\/wp\/v2\/product\/2249","targetHints":{"allow":["GET"]}}],"collection":[{"href":"https:\/\/www.biobey.be\/fr\/wp-json\/wp\/v2\/product"}],"about":[{"href":"https:\/\/www.biobey.be\/fr\/wp-json\/wp\/v2\/types\/product"}],"replies":[{"embeddable":true,"href":"https:\/\/www.biobey.be\/fr\/wp-json\/wp\/v2\/comments?post=2249"}],"wp:featuredmedia":[{"embeddable":true,"href":"https:\/\/www.biobey.be\/fr\/wp-json\/wp\/v2\/media\/405"}],"wp:attachment":[{"href":"https:\/\/www.biobey.be\/fr\/wp-json\/wp\/v2\/media?parent=2249"}],"wp:term":[{"taxonomy":"product_brand","embeddable":true,"href":"https:\/\/www.biobey.be\/fr\/wp-json\/wp\/v2\/product_brand?post=2249"},{"taxonomy":"product_cat","embeddable":true,"href":"https:\/\/www.biobey.be\/fr\/wp-json\/wp\/v2\/product_cat?post=2249"},{"taxonomy":"product_tag","embeddable":true,"href":"https:\/\/www.biobey.be\/fr\/wp-json\/wp\/v2\/product_tag?post=2249"}],"curies":[{"name":"wp","href":"https:\/\/api.w.org\/{rel}","templated":true}]}}