{"id":2251,"date":"2025-03-24T02:25:14","date_gmt":"2025-03-24T01:25:14","guid":{"rendered":"https:\/\/www.biobey.be\/fr-temp\/produit\/creme-solaire-naturelle-spf-30-100ml\/"},"modified":"2025-07-11T13:14:21","modified_gmt":"2025-07-11T11:14:21","slug":"creme-solaire-naturelle-spf-30-100ml","status":"publish","type":"product","link":"https:\/\/www.biobey.be\/fr\/produit\/creme-solaire-naturelle-spf-30-100ml\/","title":{"rendered":"Cr\u00e8me solaire naturelle SPF 30 100 ml"},"content":{"rendered":"<p>Cr\u00e8me solaire naturelle SPF 30 sans nanoparticule et sans filtre chimique avec un facteur de protection \u00e9lev\u00e9 et des filtres 100% min\u00e9raux (\u00e0 base d&rsquo;oxyde de zinc). La cr\u00e8me solaire naturelle SPF30 est destin\u00e9e aux peaux sensibles, tr\u00e8s claires ou \u00e0 celles qui s&rsquo;exposent pour la premi\u00e8re fois au soleil.<\/p>\n<p>Cette cr\u00e8me solaire naturelle SPF 30 sans nanoparticule prot\u00e8ge naturellement votre peau des rayons UVA et UVB nocifs.<\/p>\n<p>La composition b\u00e9n\u00e9fique de la cr\u00e8me solaire naturelle SPF 30 sans filtre chimique \u00e0 indice de protection \u00e9lev\u00e9 hydrate et prot\u00e8ge votre peau sans perturber la barri\u00e8re cutan\u00e9e naturelle de votre peau. La formule Cr\u00e8me solaire naturelle SPF 30 sans nanoparticule sans produits chimiques est non grasse, non obstructive et non blanchissante.<\/p>\n<h2>Formule efficace de la cr\u00e8me solaire naturelle SPF 30 sans nanoparticule<\/h2>\n<p>Solar Tea SPF 30 est une cr\u00e8me solaire naturelle SPF 30 sans substances nocives telles que l&rsquo;oxybenzone, le parfum synth\u00e9tique ou les nanoparticules. Cette cr\u00e8me solaire naturelle SPF 30 contient des ingr\u00e9dients de qualit\u00e9 qui prot\u00e8gent efficacement et durablement la peau du soleil. De plus, cet \u00e9cran solaire naturel a un effet hydratant et nourrissant sur la peau.<\/p>\n<h3>Composants actifs de la cr\u00e8me solaire SPF30 sans produits chimiques.<\/h3>\n<p>L&rsquo;oxyde de zinc (non-nano) d&rsquo;origine durable est un composant non irritant qui prot\u00e8ge activement la peau du soleil de mani\u00e8re naturelle.<br \/>\nL&rsquo;huile d&rsquo;argan biologique avec de vitamine E, de vitamine A et d&rsquo;om\u00e9ga 3 &#8211; 6. Cette huile v\u00e9g\u00e9tale biologique hydrate intens\u00e9ment la peau et a des propri\u00e9t\u00e9s anti-rides.<\/p>\n<p>La feuille de Camellia sinensis ou th\u00e9ier bio nourrit et prot\u00e8ge intens\u00e9ment la peau contre le stress oxydatif. L&rsquo;huile de soja biologique favorise la r\u00e9paration de la peau contre les effets nocifs du soleil, les radicaux libres et prot\u00e8ge la peau des rayons UV.<\/p>\n<p><strong>Conseils d&rsquo;utilisation de la cr\u00e8me solaire SPF30 sans nanoparticule<\/strong><\/p>\n<p>Agitez bien avant l&rsquo;utilisation. Appliquez la cr\u00e8me solaire SPF30 sans nanoparticule sur la peau et r\u00e9partissez-la uniform\u00e9ment. Renouvelez l&rsquo;application r\u00e9guli\u00e8rement (toutes les 2 heures ou apr\u00e8s la baignade, en vous s\u00e9chant) pour maintenir la protection.<\/p>\n<p>La cr\u00e8me solaire SPF30 sans filtre chimique et sans parfum synth\u00e9tique convient \u00e0 tous les types de peau, m\u00eame les plus sensibles.<\/p>\n<p><strong>Conseil :<\/strong><br \/>\nGardez les nourrissons et les jeunes enfants \u00e0 l&rsquo;abri de la lumi\u00e8re directe du soleil.<br \/>\nLa surexposition au soleil peut causer de graves dommages \u00e0 la peau.<\/p>\n<p><strong>INCI:<\/strong> Dicaprylyl carbonate, Camellia sinensis leaf water*, Chamomilla recutita (Matricaria) flower water*, Aqua\/Water, Zinc oxide, Glycine soja (Soybean) oil*, Glycerin, Cetearyl alcohol, Sodium cetearyl sulfate,<\/p>\n<p>Glyceryl stearate, Argania spinosa kernel oil*, Butyrospermum parkii (Shea) butter*, Olea europaea (Olive) fruit oil*, Polyhydroxystearic acid, Aloe barbadensis leaf juice powder*, Glyceryl laurate, Bertholletia excelsa seed oil*,<\/p>\n<p>Ilex paraguariensis leaf extract, Malpighia punicifolia (Acerola) fruit extract, Terminalia ferdinandiana fruit extract*, Copaifera officinalis (Balsam copaiba) resin*, Aspalathus linearis leaf extract, , Camellia Sinensis (Green Tea) Leaf Extract, Camellia Sinensis (White Tea) Leaf Extract, Maltodextrin, Xanthan gum, Potassium sorbate, Benzyl alcohol, Sodium benzoate, Citric acid, Tocopherol (vitamine E), Fragrance (origine naturelle)<\/p>\n","protected":false},"excerpt":{"rendered":"<p>Cr\u00e8me solaire 100% naturelle SPF 30 sans nanoparticule. Cette cr\u00e8me solaire naturelle n&rsquo;est pas grasse et ne laisse pas de traces blanches.<\/p>\n","protected":false},"featured_media":303,"comment_status":"open","ping_status":"closed","template":"","meta":{"ocean_post_layout":"","ocean_both_sidebars_style":"","ocean_both_sidebars_content_width":0,"ocean_both_sidebars_sidebars_width":0,"ocean_sidebar":"","ocean_second_sidebar":"","ocean_disable_margins":"enable","ocean_add_body_class":"","ocean_shortcode_before_top_bar":"","ocean_shortcode_after_top_bar":"","ocean_shortcode_before_header":"","ocean_shortcode_after_header":"","ocean_has_shortcode":"","ocean_shortcode_after_title":"","ocean_shortcode_before_footer_widgets":"","ocean_shortcode_after_footer_widgets":"","ocean_shortcode_before_footer_bottom":"","ocean_shortcode_after_footer_bottom":"","ocean_display_top_bar":"default","ocean_display_header":"default","ocean_header_style":"","ocean_center_header_left_menu":"","ocean_custom_header_template":"","ocean_custom_logo":0,"ocean_custom_retina_logo":0,"ocean_custom_logo_max_width":0,"ocean_custom_logo_tablet_max_width":0,"ocean_custom_logo_mobile_max_width":0,"ocean_custom_logo_max_height":0,"ocean_custom_logo_tablet_max_height":0,"ocean_custom_logo_mobile_max_height":0,"ocean_header_custom_menu":"","ocean_menu_typo_font_family":"","ocean_menu_typo_font_subset":"","ocean_menu_typo_font_size":0,"ocean_menu_typo_font_size_tablet":0,"ocean_menu_typo_font_size_mobile":0,"ocean_menu_typo_font_size_unit":"px","ocean_menu_typo_font_weight":"","ocean_menu_typo_font_weight_tablet":"","ocean_menu_typo_font_weight_mobile":"","ocean_menu_typo_transform":"","ocean_menu_typo_transform_tablet":"","ocean_menu_typo_transform_mobile":"","ocean_menu_typo_line_height":0,"ocean_menu_typo_line_height_tablet":0,"ocean_menu_typo_line_height_mobile":0,"ocean_menu_typo_line_height_unit":"","ocean_menu_typo_spacing":0,"ocean_menu_typo_spacing_tablet":0,"ocean_menu_typo_spacing_mobile":0,"ocean_menu_typo_spacing_unit":"","ocean_menu_link_color":"","ocean_menu_link_color_hover":"","ocean_menu_link_color_active":"","ocean_menu_link_background":"","ocean_menu_link_hover_background":"","ocean_menu_link_active_background":"","ocean_menu_social_links_bg":"","ocean_menu_social_hover_links_bg":"","ocean_menu_social_links_color":"","ocean_menu_social_hover_links_color":"","ocean_disable_title":"default","ocean_disable_heading":"default","ocean_post_title":"","ocean_post_subheading":"","ocean_post_title_style":"","ocean_post_title_background_color":"","ocean_post_title_background":0,"ocean_post_title_bg_image_position":"","ocean_post_title_bg_image_attachment":"","ocean_post_title_bg_image_repeat":"","ocean_post_title_bg_image_size":"","ocean_post_title_height":0,"ocean_post_title_bg_overlay":0.5,"ocean_post_title_bg_overlay_color":"","ocean_disable_breadcrumbs":"default","ocean_breadcrumbs_color":"","ocean_breadcrumbs_separator_color":"","ocean_breadcrumbs_links_color":"","ocean_breadcrumbs_links_hover_color":"","ocean_display_footer_widgets":"default","ocean_display_footer_bottom":"default","ocean_custom_footer_template":""},"product_brand":[110],"product_cat":[59,16,51],"product_tag":[126,133,125],"class_list":{"0":"post-2251","1":"product","2":"type-product","3":"status-publish","4":"has-post-thumbnail","6":"product_brand-solar-tea","7":"product_cat-protection-solaire","8":"product_cat-soins","9":"product_cat-soins-du-corps","10":"product_tag-sans-paraben","11":"product_tag-sansparfumsynthetique","12":"product_tag-vegan","14":"entry","15":"has-media","17":"first","18":"instock","19":"taxable","20":"shipping-taxable","21":"purchasable","22":"product-type-simple","23":"has-rating","24":"col","25":"span_1_of_3","26":"owp-content-center","27":"owp-thumbs-layout-horizontal","28":"owp-btn-normal","29":"owp-tabs-layout-section","30":"has-no-thumbnails","31":"circle-sale"},"_links":{"self":[{"href":"https:\/\/www.biobey.be\/fr\/wp-json\/wp\/v2\/product\/2251","targetHints":{"allow":["GET"]}}],"collection":[{"href":"https:\/\/www.biobey.be\/fr\/wp-json\/wp\/v2\/product"}],"about":[{"href":"https:\/\/www.biobey.be\/fr\/wp-json\/wp\/v2\/types\/product"}],"replies":[{"embeddable":true,"href":"https:\/\/www.biobey.be\/fr\/wp-json\/wp\/v2\/comments?post=2251"}],"wp:featuredmedia":[{"embeddable":true,"href":"https:\/\/www.biobey.be\/fr\/wp-json\/wp\/v2\/media\/303"}],"wp:attachment":[{"href":"https:\/\/www.biobey.be\/fr\/wp-json\/wp\/v2\/media?parent=2251"}],"wp:term":[{"taxonomy":"product_brand","embeddable":true,"href":"https:\/\/www.biobey.be\/fr\/wp-json\/wp\/v2\/product_brand?post=2251"},{"taxonomy":"product_cat","embeddable":true,"href":"https:\/\/www.biobey.be\/fr\/wp-json\/wp\/v2\/product_cat?post=2251"},{"taxonomy":"product_tag","embeddable":true,"href":"https:\/\/www.biobey.be\/fr\/wp-json\/wp\/v2\/product_tag?post=2251"}],"curies":[{"name":"wp","href":"https:\/\/api.w.org\/{rel}","templated":true}]}}