{"id":2252,"date":"2025-03-15T21:53:04","date_gmt":"2025-03-15T20:53:04","guid":{"rendered":"https:\/\/www.biobey.be\/fr-temp\/produit\/serum-vitamine-c-bio-visage-anti-ride\/"},"modified":"2025-08-20T02:37:10","modified_gmt":"2025-08-20T00:37:10","slug":"serum-vitamine-c-bio-visage-anti-ride","status":"publish","type":"product","link":"https:\/\/www.biobey.be\/fr\/produit\/serum-vitamine-c-bio-visage-anti-ride\/","title":{"rendered":"S\u00e9rum vitamine C Bio visage ou L\u2019elixir anti ride"},"content":{"rendered":"<p>S\u00e9rum vitamine C Bio visage ou L&rsquo;\u00e9lixir naturel \u00e0 la vitamine C est une cr\u00e8me liquide qui contient une forte concentration de vitamines. L&rsquo;Elixir favorise la production de collag\u00e8ne dans les cellules de la peau. En outre, il a un effet antioxydant sur la peau.<\/p>\n<p>Il peut \u00e9galement \u00eatre utilis\u00e9 pour am\u00e9liorer l&rsquo;absorption de la <span style=\"color: #0000ff;\"><a style=\"color: #0000ff;\" href=\"https:\/\/www.biobey.be\/fr\/produit\/creme-visage-bio-a-effet-botox-50ml\/\">cr\u00e8me antirides Nuy Botox<\/a><\/span>.<\/p>\n<p>Le s\u00e9rum vitamine C Bio visage prot\u00e8ge la peau contre les radicaux libres et le vieillissement pr\u00e9matur\u00e9 de la peau. Le puissant complexe de vitamines C, E et d&rsquo;extrait de fruit d&rsquo;ac\u00e9rola garantit que l&rsquo;\u00e9lixir hydrate, prot\u00e8ge et r\u00e9g\u00e9n\u00e8re la peau. Il stimule ensuite le processus de renouvellement cellulaire de la peau.<\/p>\n<p>Cela permet de restaurer les peaux ternes et d&rsquo;am\u00e9liorer leur \u00e9lasticit\u00e9. Le s\u00e9rum vitamine C Bio visage assure un teint uniforme et une apparence jeune.<\/p>\n<h2>S\u00e9rum vitamine C Bio visage avec combinaison de vitamines<\/h2>\n<p>L&rsquo;efficacit\u00e9 de la vitamine C augmente lorsqu&rsquo;elle est combin\u00e9e avec la vitamine E antioxydante. La vitamine E renforce la fonction de barri\u00e8re de la peau et r\u00e9duit les br\u00fblures cutan\u00e9es. Elle contribue \u00e0 r\u00e9duire les dommages caus\u00e9s aux cellules de la peau par les rayons UV.<\/p>\n<p>En combinaison avec la vitamine C, elle aide \u00e0 \u00e9claircir les taches pigmentaires superficielles. Les radicaux libres provoquent un stress oxydatif. Cela entra\u00eene le vieillissement de la peau, une peau terne et un teint irr\u00e9gulier. Les vitamines E et C sont de puissants antioxydants qui prot\u00e8gent la peau des radicaux libres.<\/p>\n<h3>Utilisation de l&rsquo;\u00e9lixir de s\u00e9rum vitamine C Bio visage<\/h3>\n<p>Le s\u00e9rum vitamine C Bio visage convient aux peaux normales, s\u00e8ches et sensibles. L&rsquo;\u00e9lixir a une consistance liquide qui est rapidement absorb\u00e9e par la peau et ne laisse pas de couche grasse.<\/p>\n<p>L&rsquo;application de l&rsquo;\u00e9lixir le matin prot\u00e8ge efficacement la peau contre les influences ext\u00e9rieures n\u00e9gatives. Il peut \u00eatre appliqu\u00e9 sous le maquillage ou la cr\u00e8me de soin.<\/p>\n<p><strong>Utilisation :<\/strong> Appliquer l&rsquo;\u00e9lixir \u00e0 la vitamine C deux fois par jour sur le visage. Massez-le doucement sur la peau jusqu&rsquo;\u00e0 ce qu&rsquo;il soit bien absorb\u00e9. Il peut \u00e9galement \u00eatre appliqu\u00e9 sur le cou et le d\u00e9collet\u00e9.<br \/>\nNuy s\u00e9rum vitamine C Bio visage est un produit v\u00e9g\u00e9talien, de composition purement naturelle, sans ingr\u00e9dients synth\u00e9tiques tels que parfum synth\u00e9tique, silicones, parabens, colorants.<\/p>\n<p><strong>Action du s\u00e9rum vitamine C Bio visage<\/strong><br \/>\n&#8211; Stimule la production de collag\u00e8ne dans les cellules de la peau.<br \/>\n&#8211; Restaure la peau terne et assure un teint uniforme.<br \/>\n&#8211; Prot\u00e8ge la peau contre les radicaux libres<br \/>\n&#8211; A un effet anti rides et am\u00e9liore l&rsquo;\u00e9lasticit\u00e9 de la peau<br \/>\n&#8211; Contient une forte concentration de vitamines qui nourrissent la peau.<\/p>\n<p>INCI: Aqua\/Water, Glycine Soja*, Glyceryl Stearate, Cetearyl Alcohol, Stearic Acid, Sodium Lauroyl Glutamate, Glycerin, Butyrospermum Parkii *(karite boter), Achillea Millefolium* Extract, Malva Sylvestris* (Mallow) Extract, Aloe Barbadensis*Leaf Extract,<\/p>\n<p>Hydrolyzed Hibiscus Esculentus Extract, Benzyl Alcohol, Sodium Ascorbyl Phosphate, Dehydroacetic Acid, Potassium Sorbate, Sodium Benzoate, Glyceryl Caprylate, Citric Acid, Tocopherol, Kaolin, Fragrance** naturell<\/p>\n<p>*Agriculture biologique<br \/>\n*Sourc\u00e9 de composants naturels<br \/>\nCertifi\u00e9 <a href=\"https:\/\/www.biobey.be\/fr\/encyclopedie\/certificats-bio\/icea-bio-cosmetica\/\">ICEA Bio Eco<\/a><\/p>\n","protected":false},"excerpt":{"rendered":"<p><strong>Action du s\u00e9rum vitamine C Bio visage<\/strong><br \/>\n&#8211; Stimule la production de collag\u00e8ne dans les cellules de la peau.<br \/>\n&#8211; Restaure la peau terne et assure un teint uniforme.<br \/>\n&#8211; Prot\u00e8ge la peau contre les radicaux libres<br \/>\n&#8211; A un effet anti rides et am\u00e9liore l&rsquo;\u00e9lasticit\u00e9 de la peau<br \/>\n&#8211; Contient une forte concentration de vitamines qui nourrissent la peau<\/p>\n","protected":false},"featured_media":304,"comment_status":"open","ping_status":"closed","template":"","meta":{"ocean_post_layout":"","ocean_both_sidebars_style":"","ocean_both_sidebars_content_width":0,"ocean_both_sidebars_sidebars_width":0,"ocean_sidebar":"0","ocean_second_sidebar":"0","ocean_disable_margins":"enable","ocean_add_body_class":"","ocean_shortcode_before_top_bar":"","ocean_shortcode_after_top_bar":"","ocean_shortcode_before_header":"","ocean_shortcode_after_header":"","ocean_has_shortcode":"","ocean_shortcode_after_title":"","ocean_shortcode_before_footer_widgets":"","ocean_shortcode_after_footer_widgets":"","ocean_shortcode_before_footer_bottom":"","ocean_shortcode_after_footer_bottom":"","ocean_display_top_bar":"default","ocean_display_header":"default","ocean_header_style":"","ocean_center_header_left_menu":"0","ocean_custom_header_template":"0","ocean_custom_logo":0,"ocean_custom_retina_logo":0,"ocean_custom_logo_max_width":0,"ocean_custom_logo_tablet_max_width":0,"ocean_custom_logo_mobile_max_width":0,"ocean_custom_logo_max_height":0,"ocean_custom_logo_tablet_max_height":0,"ocean_custom_logo_mobile_max_height":0,"ocean_header_custom_menu":"0","ocean_menu_typo_font_family":"0","ocean_menu_typo_font_subset":"","ocean_menu_typo_font_size":0,"ocean_menu_typo_font_size_tablet":0,"ocean_menu_typo_font_size_mobile":0,"ocean_menu_typo_font_size_unit":"px","ocean_menu_typo_font_weight":"","ocean_menu_typo_font_weight_tablet":"","ocean_menu_typo_font_weight_mobile":"","ocean_menu_typo_transform":"","ocean_menu_typo_transform_tablet":"","ocean_menu_typo_transform_mobile":"","ocean_menu_typo_line_height":0,"ocean_menu_typo_line_height_tablet":0,"ocean_menu_typo_line_height_mobile":0,"ocean_menu_typo_line_height_unit":"","ocean_menu_typo_spacing":0,"ocean_menu_typo_spacing_tablet":0,"ocean_menu_typo_spacing_mobile":0,"ocean_menu_typo_spacing_unit":"","ocean_menu_link_color":"","ocean_menu_link_color_hover":"","ocean_menu_link_color_active":"","ocean_menu_link_background":"","ocean_menu_link_hover_background":"","ocean_menu_link_active_background":"","ocean_menu_social_links_bg":"","ocean_menu_social_hover_links_bg":"","ocean_menu_social_links_color":"","ocean_menu_social_hover_links_color":"","ocean_disable_title":"default","ocean_disable_heading":"default","ocean_post_title":"","ocean_post_subheading":"","ocean_post_title_style":"","ocean_post_title_background_color":"","ocean_post_title_background":0,"ocean_post_title_bg_image_position":"","ocean_post_title_bg_image_attachment":"","ocean_post_title_bg_image_repeat":"","ocean_post_title_bg_image_size":"","ocean_post_title_height":0,"ocean_post_title_bg_overlay":0.5,"ocean_post_title_bg_overlay_color":"","ocean_disable_breadcrumbs":"default","ocean_breadcrumbs_color":"","ocean_breadcrumbs_separator_color":"","ocean_breadcrumbs_links_color":"","ocean_breadcrumbs_links_hover_color":"","ocean_display_footer_widgets":"default","ocean_display_footer_bottom":"default","ocean_custom_footer_template":"0"},"product_brand":[111],"product_cat":[17,16,20],"product_tag":[126,133,127,125],"class_list":{"0":"post-2252","1":"product","2":"type-product","3":"status-publish","4":"has-post-thumbnail","6":"product_brand-nuy","7":"product_cat-soins-du-visage","8":"product_cat-soins","9":"product_cat-anti-age","10":"product_tag-sans-paraben","11":"product_tag-sansparfumsynthetique","12":"product_tag-sans-silicone","13":"product_tag-vegan","15":"entry","16":"has-media","18":"first","19":"instock","20":"taxable","21":"shipping-taxable","22":"purchasable","23":"product-type-simple","24":"has-rating","25":"col","26":"span_1_of_3","27":"owp-content-center","28":"owp-thumbs-layout-horizontal","29":"owp-btn-normal","30":"owp-tabs-layout-section","31":"has-no-thumbnails","32":"circle-sale"},"_links":{"self":[{"href":"https:\/\/www.biobey.be\/fr\/wp-json\/wp\/v2\/product\/2252","targetHints":{"allow":["GET"]}}],"collection":[{"href":"https:\/\/www.biobey.be\/fr\/wp-json\/wp\/v2\/product"}],"about":[{"href":"https:\/\/www.biobey.be\/fr\/wp-json\/wp\/v2\/types\/product"}],"replies":[{"embeddable":true,"href":"https:\/\/www.biobey.be\/fr\/wp-json\/wp\/v2\/comments?post=2252"}],"wp:featuredmedia":[{"embeddable":true,"href":"https:\/\/www.biobey.be\/fr\/wp-json\/wp\/v2\/media\/304"}],"wp:attachment":[{"href":"https:\/\/www.biobey.be\/fr\/wp-json\/wp\/v2\/media?parent=2252"}],"wp:term":[{"taxonomy":"product_brand","embeddable":true,"href":"https:\/\/www.biobey.be\/fr\/wp-json\/wp\/v2\/product_brand?post=2252"},{"taxonomy":"product_cat","embeddable":true,"href":"https:\/\/www.biobey.be\/fr\/wp-json\/wp\/v2\/product_cat?post=2252"},{"taxonomy":"product_tag","embeddable":true,"href":"https:\/\/www.biobey.be\/fr\/wp-json\/wp\/v2\/product_tag?post=2252"}],"curies":[{"name":"wp","href":"https:\/\/api.w.org\/{rel}","templated":true}]}}