{"id":2257,"date":"2024-04-14T12:27:54","date_gmt":"2024-04-14T10:27:54","guid":{"rendered":"https:\/\/www.biobey.be\/fr-temp\/produit\/creme-de-jour-hydratante-bio-peau-seche\/"},"modified":"2025-07-11T13:21:53","modified_gmt":"2025-07-11T11:21:53","slug":"creme-de-jour-hydratante-bio-peau-seche","status":"publish","type":"product","link":"https:\/\/www.biobey.be\/fr\/produit\/creme-de-jour-hydratante-bio-peau-seche\/","title":{"rendered":"Cr\u00e8me de jour hydratante bio peau s\u00e8che 50ml"},"content":{"rendered":"<p>Cr\u00e8me de jour hydratante bio peau s\u00e8che a un effet nourrissant en profondeur. Cette cr\u00e8me de jour est sp\u00e9cialement formul\u00e9e pour nourrir et restaurer les peaux ternes.<\/p>\n<p>La cr\u00e8me de jour hydratante bio pour les peaux s\u00e8ches <strong>soigne les peaux fatigu\u00e9es<\/strong> et s\u00e8ches caus\u00e9es par la d\u00e9shydratation, la carence en vitamines et le stress oxydatif. La peau est intens\u00e9ment nourrie de vitamines et de min\u00e9raux.<\/p>\n<p>Son action efficace est due \u00e0 une formule riche en isoflavones, en acides gras insatur\u00e9s essentiels, en vitamines E, A, B et C. La cr\u00e8me de jour hydratante bio pour peaux s\u00e8ches <strong>prot\u00e8ge contre la formation pr\u00e9matur\u00e9e de rides<\/strong> et les dommages caus\u00e9s par les radicaux libres.<\/p>\n<p>Elle rend la peau douce et renforce la couche protectrice naturelle de la peau. La cr\u00e8me de jour hydratante bio peau s\u00e8che aide \u00e0 r\u00e9parer les peaux s\u00e8ches sans laisser de film gras.<\/p>\n<h2>Les avantages d&rsquo;une cr\u00e8me de jour hydratante bio peau s\u00e8che<\/h2>\n<p>La cr\u00e8me de jour hydratante bio peau s\u00e8che contient des ingr\u00e9dients actifs comme l&rsquo;extrait de bois de santal, l&rsquo;extrait de malt, l&rsquo;huile de p\u00e9pins de raisin, l&rsquo;extrait d&rsquo;avocat et l&rsquo;extrait d&rsquo;aloe vera. Le bois de santal p\u00e9n\u00e8tre en profondeur dans la peau. Il a un effet hydratant et raffermissant.<\/p>\n<p>L&rsquo;extrait de malt a des propri\u00e9t\u00e9s nourrissantes pour la peau. L&rsquo;huile d&rsquo;avocat est riche en vitamines A, E et K. L&rsquo;huile d&rsquo;avocat am\u00e9liore l&rsquo;absorption des carot\u00e9no\u00efdes. Bien que l&rsquo;huile d&rsquo;avocat soit grasse, elle p\u00e9n\u00e8tre bien dans la peau et assure l&rsquo;hydratation et l&rsquo;apport de vitamines aux cellules cutan\u00e9es.<\/p>\n<p>La cr\u00e8me de jour hydratante bio peau s\u00e8che contiennent des antioxydants utilis\u00e9s pour <strong>ralentir le vieillissement pr\u00e9matur\u00e9 de la peau<\/strong>. L&rsquo;extrait d&rsquo;huile de p\u00e9pins de raisin est un ingr\u00e9dient populaire dans les cr\u00e8mes pour le visage pour ses propri\u00e9t\u00e9s hydratantes.<\/p>\n<p>Cet extrait p\u00e9n\u00e8tre profond\u00e9ment dans les couches de la peau et apporte une hydratation en profondeur aux peaux d\u00e9shydrat\u00e9es. En outre, il adoucit la couche sup\u00e9rieure de la peau et donne au visage un aspect sain. La combinaison de ces ingr\u00e9dients actifs permet d&rsquo;hydrater en profondeur les peaux s\u00e8ches.<\/p>\n<p>Gr\u00e2ce \u00e0 son <strong>effet nourrissant<\/strong>, cette cr\u00e8me de jour hydratante bio peau s\u00e8che convient aux peaux d\u00e9shydrat\u00e9es et ternes. Avec une utilisation r\u00e9guli\u00e8re, le visage devient souple.<\/p>\n<h3>Fonctionnement de la Cr\u00e8me de jour hydratante bio peau s\u00e8che<\/h3>\n<ol>\n<li>Prot\u00e8ge la peau contre les radicaux libres et la formation pr\u00e9matur\u00e9e de rides.<\/li>\n<li>Nourrit et hydrate les peaux ternes et s\u00e8ches.<\/li>\n<li>A un effet matifiant<\/li>\n<li>Rend la peau radieuse et douce.<\/li>\n<li>Type de peau : peau s\u00e8che, peau d\u00e9shydrat\u00e9e, peau normale<\/li>\n<li>La cr\u00e8me de jour hydratante bio pour les peaux s\u00e8ches est exempte de parfum, de parab\u00e8nes, de silicones, de vaseline et d&rsquo;autres irritants. Elle convient aux v\u00e9g\u00e9taliens. Non test\u00e9 sur les animaux (tant sur le produit fini que sur les mati\u00e8res premi\u00e8res distinctes utilis\u00e9es pour la fabrication de la cr\u00e8me de jour).<\/li>\n<\/ol>\n<h2>Quand utiliser une cr\u00e8me hydratante bio ?<\/h2>\n<p>Il est important d&rsquo;utiliser une cr\u00e8me hydratante bio pour les peaux d\u00e9shydrat\u00e9es. La cr\u00e8me de jour hydratante bio peau s\u00e8che Bema a des propri\u00e9t\u00e9s \u00e0 la fois hydratantes et nourrissantes. Lorsque la peau ne retient pas bien l&rsquo;humidit\u00e9, il est important d&rsquo;utiliser une bonne cr\u00e8me hydratante.<\/p>\n<p>Pour les peaux mixtes d\u00e9shydrat\u00e9es, il est recommand\u00e9 d&rsquo;utiliser une cr\u00e8me hydratante. Pour les peaux d\u00e9shydrat\u00e9es et s\u00e8ches, il est possible d&rsquo;utiliser une cr\u00e8me de jour hydratante bio peau s\u00e8che qui poss\u00e8de \u00e0 la fois des propri\u00e9t\u00e9s hydratantes et nourrissantes.<\/p>\n<h3>Comment utiliser la cr\u00e8me hydratante bio ?<\/h3>\n<p>La cr\u00e8me hydratante bio Bema peut \u00eatre appliqu\u00e9e deux fois par jour sur une peau nettoy\u00e9e. Massez doucement la cr\u00e8me en mouvements circulaires jusqu&rsquo;\u00e0 ce qu&rsquo;elle soit bien absorb\u00e9e par la peau.<\/p>\n<p>INCI: Aqua\/Water, Cetearyl Alcohol, Propylheptyl Caprylate, Cetearyl Glucoside, Glycerin, Dicaprylyl Carbonate, Chamomilla Recutita* Matricaria Flower Water, Hamamelis Virginiana* (Witch Hazel) Water, Oryza Sativa Germ Oil, Glycine Soja*, Cocoglycerides, Potassium Cetyl Phosphate, Olea Europaea* (Olive) Fruit Oil,<\/p>\n<p>Phellodendron Amurense Bark Extract, Aloe Barbadensis* Leaf Extract, Hordeum Distichon Extract, Vitis Vinifera* Grape Seed Oil, Persea Gratissima* Avocado Oil, Santalum Album (Sandelhout) Extract, Benzyl Alcohol, Tocopherol,<\/p>\n<p>Glyceryl Caprylate, Citric Acid, Kaolin, Dehydroacetic Acid, Potassium Sorbate, Sodium Benzoate,Fragrance** (origine naturelle)<br \/>\n*Instituants issus de l&rsquo;agriculture biologique<br \/>\n**fragnance de composants naturels<\/p>\n","protected":false},"excerpt":{"rendered":"<p>La Cr\u00e8me de jour hydratante bio peau s\u00e8che nourrit et hydrate les peaux ternes et s\u00e8ches. Cette cr\u00e8me de jour hydratante bio prot\u00e8ge la peau contre les radicaux libres et la formation pr\u00e9matur\u00e9e de rides. Elle rend la peau radieuse et douce. La cr\u00e8me de jour hydratante est formul\u00e9e uniquement avec des ingr\u00e9dients 100% d&rsquo;origine naturelle.<\/p>\n<p>Type de peau : peau s\u00e8che, peau d\u00e9shydrat\u00e9e, peau normale<\/p>\n","protected":false},"featured_media":298,"comment_status":"open","ping_status":"closed","template":"","meta":{"ocean_post_layout":"","ocean_both_sidebars_style":"","ocean_both_sidebars_content_width":0,"ocean_both_sidebars_sidebars_width":0,"ocean_sidebar":"","ocean_second_sidebar":"","ocean_disable_margins":"enable","ocean_add_body_class":"","ocean_shortcode_before_top_bar":"","ocean_shortcode_after_top_bar":"","ocean_shortcode_before_header":"","ocean_shortcode_after_header":"","ocean_has_shortcode":"","ocean_shortcode_after_title":"","ocean_shortcode_before_footer_widgets":"","ocean_shortcode_after_footer_widgets":"","ocean_shortcode_before_footer_bottom":"","ocean_shortcode_after_footer_bottom":"","ocean_display_top_bar":"default","ocean_display_header":"default","ocean_header_style":"","ocean_center_header_left_menu":"","ocean_custom_header_template":"","ocean_custom_logo":0,"ocean_custom_retina_logo":0,"ocean_custom_logo_max_width":0,"ocean_custom_logo_tablet_max_width":0,"ocean_custom_logo_mobile_max_width":0,"ocean_custom_logo_max_height":0,"ocean_custom_logo_tablet_max_height":0,"ocean_custom_logo_mobile_max_height":0,"ocean_header_custom_menu":"","ocean_menu_typo_font_family":"","ocean_menu_typo_font_subset":"","ocean_menu_typo_font_size":0,"ocean_menu_typo_font_size_tablet":0,"ocean_menu_typo_font_size_mobile":0,"ocean_menu_typo_font_size_unit":"px","ocean_menu_typo_font_weight":"","ocean_menu_typo_font_weight_tablet":"","ocean_menu_typo_font_weight_mobile":"","ocean_menu_typo_transform":"","ocean_menu_typo_transform_tablet":"","ocean_menu_typo_transform_mobile":"","ocean_menu_typo_line_height":0,"ocean_menu_typo_line_height_tablet":0,"ocean_menu_typo_line_height_mobile":0,"ocean_menu_typo_line_height_unit":"","ocean_menu_typo_spacing":0,"ocean_menu_typo_spacing_tablet":0,"ocean_menu_typo_spacing_mobile":0,"ocean_menu_typo_spacing_unit":"","ocean_menu_link_color":"","ocean_menu_link_color_hover":"","ocean_menu_link_color_active":"","ocean_menu_link_background":"","ocean_menu_link_hover_background":"","ocean_menu_link_active_background":"","ocean_menu_social_links_bg":"","ocean_menu_social_hover_links_bg":"","ocean_menu_social_links_color":"","ocean_menu_social_hover_links_color":"","ocean_disable_title":"default","ocean_disable_heading":"default","ocean_post_title":"","ocean_post_subheading":"","ocean_post_title_style":"","ocean_post_title_background_color":"","ocean_post_title_background":0,"ocean_post_title_bg_image_position":"","ocean_post_title_bg_image_attachment":"","ocean_post_title_bg_image_repeat":"","ocean_post_title_bg_image_size":"","ocean_post_title_height":0,"ocean_post_title_bg_overlay":0.5,"ocean_post_title_bg_overlay_color":"","ocean_disable_breadcrumbs":"default","ocean_breadcrumbs_color":"","ocean_breadcrumbs_separator_color":"","ocean_breadcrumbs_links_color":"","ocean_breadcrumbs_links_hover_color":"","ocean_display_footer_widgets":"default","ocean_display_footer_bottom":"default","ocean_custom_footer_template":""},"product_brand":[106],"product_cat":[19,49,17,16,20],"product_tag":[126,133,127,125],"class_list":{"0":"post-2257","1":"product","2":"type-product","3":"status-publish","4":"has-post-thumbnail","6":"product_brand-bema-bio","7":"product_cat-cremes-naturelles-de-jour-et-de-nuit","8":"product_cat-peau-seche","9":"product_cat-soins-du-visage","10":"product_cat-soins","11":"product_cat-anti-age","12":"product_tag-sans-paraben","13":"product_tag-sansparfumsynthetique","14":"product_tag-sans-silicone","15":"product_tag-vegan","17":"entry","18":"has-media","20":"first","21":"instock","22":"taxable","23":"shipping-taxable","24":"purchasable","25":"product-type-simple","26":"has-rating","27":"col","28":"span_1_of_3","29":"owp-content-center","30":"owp-thumbs-layout-horizontal","31":"owp-btn-normal","32":"owp-tabs-layout-section","33":"has-no-thumbnails","34":"circle-sale"},"_links":{"self":[{"href":"https:\/\/www.biobey.be\/fr\/wp-json\/wp\/v2\/product\/2257","targetHints":{"allow":["GET"]}}],"collection":[{"href":"https:\/\/www.biobey.be\/fr\/wp-json\/wp\/v2\/product"}],"about":[{"href":"https:\/\/www.biobey.be\/fr\/wp-json\/wp\/v2\/types\/product"}],"replies":[{"embeddable":true,"href":"https:\/\/www.biobey.be\/fr\/wp-json\/wp\/v2\/comments?post=2257"}],"wp:featuredmedia":[{"embeddable":true,"href":"https:\/\/www.biobey.be\/fr\/wp-json\/wp\/v2\/media\/298"}],"wp:attachment":[{"href":"https:\/\/www.biobey.be\/fr\/wp-json\/wp\/v2\/media?parent=2257"}],"wp:term":[{"taxonomy":"product_brand","embeddable":true,"href":"https:\/\/www.biobey.be\/fr\/wp-json\/wp\/v2\/product_brand?post=2257"},{"taxonomy":"product_cat","embeddable":true,"href":"https:\/\/www.biobey.be\/fr\/wp-json\/wp\/v2\/product_cat?post=2257"},{"taxonomy":"product_tag","embeddable":true,"href":"https:\/\/www.biobey.be\/fr\/wp-json\/wp\/v2\/product_tag?post=2257"}],"curies":[{"name":"wp","href":"https:\/\/api.w.org\/{rel}","templated":true}]}}