{"id":2258,"date":"2024-01-06T23:14:33","date_gmt":"2024-01-06T22:14:33","guid":{"rendered":"https:\/\/www.biobey.be\/fr-temp\/produit\/shampooing-doux-bio-cuir-chevelu-sensible\/"},"modified":"2026-02-10T11:04:38","modified_gmt":"2026-02-10T10:04:38","slug":"shampooing-doux-bio-cuir-chevelu-sensible","status":"publish","type":"product","link":"https:\/\/www.biobey.be\/fr\/produit\/shampooing-doux-bio-cuir-chevelu-sensible\/","title":{"rendered":"Shampooing doux bio pour cuir chevelu sensible 200ml"},"content":{"rendered":"<p>Le shampooing doux bio \u00e0 usage fr\u00e9quent a \u00e9t\u00e9 sp\u00e9cialement con\u00e7u pour les personnes souffrant de cuir chevelu sec et sensible et de cheveux ab\u00eem\u00e9s. Gr\u00e2ce \u00e0 ses propri\u00e9t\u00e9s r\u00e9paratrices, il est id\u00e9al pour les cheveux fragiles et ab\u00eem\u00e9s et les cuirs chevelus secs et sensibles.<\/p>\n<p>Ce shampooing doux bio cuir sensible sans sulfates, silicones et autres ingr\u00e9dients agressifs est id\u00e9al pour un usage quotidien. Des ingr\u00e9dients actifs tels que l&rsquo;extrait de camomille, le moringa et le ch\u00e8vrefeuille japonais sont riches en vitamines et min\u00e9raux. Cette formule permet d&rsquo;hydrater les cheveux et le cuir chevelu.<\/p>\n<p>De plus, ce shampooing doux bio <strong>pour cuir chevelu sensible donne plus de brillance et d&rsquo;\u00e9lasticit\u00e9 aux cheveux fragiles<\/strong> et statiques.<\/p>\n<h2>Shampooing doux bio cuir chevelu sensible et secs et les cheveux ab\u00eem\u00e9s.<\/h2>\n<p>La sensibilit\u00e9 du cuir chevelu sec et les cheveux ab\u00eem\u00e9s peuvent avoir des causes diff\u00e9rentes. Il est important de soigner les cheveux en douceur avec des produits de soin exempts d&rsquo;ingr\u00e9dients agressifs et nocifs pour le cuir chevelu et les cheveux. Ce shampooing doux bio est id\u00e9al <strong>pour un usage fr\u00e9quent gr\u00e2ce \u00e0 sa composition \u00e0 la fois douce et puissante<\/strong>.<\/p>\n<p>L&rsquo;extrait de camomille a un effet anti-inflammatoire. Il aide le cuir chevelu sec et les d\u00e9mangeaisons. En outre, l&rsquo;extrait de camomille est traditionnellement utilis\u00e9 pour obtenir des cheveux naturellement brillants.<\/p>\n<h3>Shampooing doux vegan pour un usage quotidien<\/h3>\n<p>L&rsquo;extrait de Moringa oleifera est riche en nombreuses vitamines et min\u00e9raux tels que le zinc, le magn\u00e9sium, le calcium. Il contient \u00e9galement des vitamines A, B, D et E.<\/p>\n<p>Le zinc renforce la r\u00e9sistance des cheveux. La vitamine A emp\u00eache l&rsquo;obstruction des glandes s\u00e9bac\u00e9es. Cela permet de prot\u00e9ger les cheveux des influences ext\u00e9rieures n\u00e9gatives. Ce shampooing doux bio r\u00e9pare les pointes fourchues et nourrit les cheveux et le cuir chevelu.<\/p>\n<p><strong>Sp\u00e9cifications<\/strong><br \/>\n&#8211; Shampooing doux bio pour un usage quotidien<br \/>\n&#8211; Restaure le cuir chevelu sec et les cheveux endommag\u00e9s<br \/>\n&#8211; apporte de l&rsquo;\u00e9lasticit\u00e9 et de la brillance<\/p>\n<p>Mode d&#8217;emploi : Appliquer le shampooing doux bio sur les cheveux humides et masser doucement. Rincez ensuite les cheveux apr\u00e8s 2-3 minutes.<\/p>\n<p>INCI: Aqua\/Water, Sodium Lauryl Glucose Carboxylate, Lauryl Glucoside,Cocamidopropyl Betaine, Chamomilla Recutita* Flower Water, Lavandula Angustifolia* Flower Water, Moringa Pterygosperma Seed Extract, Glycerin, Cassia Angustifolia Seed Polysaccharide, Olea Europaea*<\/p>\n<p>Fruit Oil, Benzyl Alcohol, Dehydroacetic Acid, Sodium Benzoate,Potassium Sorbate, Tocopherol, Citric Acid, Fragrance**( origine naturelle)<\/p>\n<p>*Agriculture biologique<br \/>\n**Origine naturelle<br \/>\nCertifi\u00e9 ICEA BIo et ICEA Vegan<\/p>\n","protected":false},"excerpt":{"rendered":"<p>Shampooing doux bio pour cuir chevelu sensible \u00e0 usage fr\u00e9quent contient des vitamines A, B, D et E, zinc. Cette formule permet d&rsquo;hydrater les cheveux et le cuir chevelu. Le shampooing doux bio renforce la r\u00e9sistance des cheveux.<\/p>\n","protected":false},"featured_media":294,"comment_status":"open","ping_status":"closed","template":"","meta":{"ocean_post_layout":"","ocean_both_sidebars_style":"","ocean_both_sidebars_content_width":0,"ocean_both_sidebars_sidebars_width":0,"ocean_sidebar":"","ocean_second_sidebar":"","ocean_disable_margins":"enable","ocean_add_body_class":"","ocean_shortcode_before_top_bar":"","ocean_shortcode_after_top_bar":"","ocean_shortcode_before_header":"","ocean_shortcode_after_header":"","ocean_has_shortcode":"","ocean_shortcode_after_title":"","ocean_shortcode_before_footer_widgets":"","ocean_shortcode_after_footer_widgets":"","ocean_shortcode_before_footer_bottom":"","ocean_shortcode_after_footer_bottom":"","ocean_display_top_bar":"default","ocean_display_header":"default","ocean_header_style":"","ocean_center_header_left_menu":"","ocean_custom_header_template":"","ocean_custom_logo":0,"ocean_custom_retina_logo":0,"ocean_custom_logo_max_width":0,"ocean_custom_logo_tablet_max_width":0,"ocean_custom_logo_mobile_max_width":0,"ocean_custom_logo_max_height":0,"ocean_custom_logo_tablet_max_height":0,"ocean_custom_logo_mobile_max_height":0,"ocean_header_custom_menu":"","ocean_menu_typo_font_family":"","ocean_menu_typo_font_subset":"","ocean_menu_typo_font_size":0,"ocean_menu_typo_font_size_tablet":0,"ocean_menu_typo_font_size_mobile":0,"ocean_menu_typo_font_size_unit":"px","ocean_menu_typo_font_weight":"","ocean_menu_typo_font_weight_tablet":"","ocean_menu_typo_font_weight_mobile":"","ocean_menu_typo_transform":"","ocean_menu_typo_transform_tablet":"","ocean_menu_typo_transform_mobile":"","ocean_menu_typo_line_height":0,"ocean_menu_typo_line_height_tablet":0,"ocean_menu_typo_line_height_mobile":0,"ocean_menu_typo_line_height_unit":"","ocean_menu_typo_spacing":0,"ocean_menu_typo_spacing_tablet":0,"ocean_menu_typo_spacing_mobile":0,"ocean_menu_typo_spacing_unit":"","ocean_menu_link_color":"","ocean_menu_link_color_hover":"","ocean_menu_link_color_active":"","ocean_menu_link_background":"","ocean_menu_link_hover_background":"","ocean_menu_link_active_background":"","ocean_menu_social_links_bg":"","ocean_menu_social_hover_links_bg":"","ocean_menu_social_links_color":"","ocean_menu_social_hover_links_color":"","ocean_disable_title":"default","ocean_disable_heading":"default","ocean_post_title":"","ocean_post_subheading":"","ocean_post_title_style":"","ocean_post_title_background_color":"","ocean_post_title_background":0,"ocean_post_title_bg_image_position":"","ocean_post_title_bg_image_attachment":"","ocean_post_title_bg_image_repeat":"","ocean_post_title_bg_image_size":"","ocean_post_title_height":0,"ocean_post_title_bg_overlay":0.5,"ocean_post_title_bg_overlay_color":"","ocean_disable_breadcrumbs":"default","ocean_breadcrumbs_color":"","ocean_breadcrumbs_separator_color":"","ocean_breadcrumbs_links_color":"","ocean_breadcrumbs_links_hover_color":"","ocean_display_footer_widgets":"default","ocean_display_footer_bottom":"default","ocean_custom_footer_template":""},"product_brand":[106],"product_cat":[25,16,24,50],"product_tag":[133,127,128,125],"class_list":{"0":"post-2258","1":"product","2":"type-product","3":"status-publish","4":"has-post-thumbnail","6":"product_brand-bema-bio","7":"product_cat-shampooing-naturel","8":"product_cat-soins","9":"product_cat-soins-cheveux","10":"product_cat-traitement-capillaire-intensif","11":"product_tag-sansparfumsynthetique","12":"product_tag-sans-silicone","13":"product_tag-sanssulfates","14":"product_tag-vegan","16":"entry","17":"has-media","19":"first","20":"instock","21":"taxable","22":"shipping-taxable","23":"purchasable","24":"product-type-simple","25":"has-rating","26":"col","27":"span_1_of_3","28":"owp-content-center","29":"owp-thumbs-layout-horizontal","30":"owp-btn-normal","31":"owp-tabs-layout-section","32":"has-no-thumbnails","33":"circle-sale"},"_links":{"self":[{"href":"https:\/\/www.biobey.be\/fr\/wp-json\/wp\/v2\/product\/2258","targetHints":{"allow":["GET"]}}],"collection":[{"href":"https:\/\/www.biobey.be\/fr\/wp-json\/wp\/v2\/product"}],"about":[{"href":"https:\/\/www.biobey.be\/fr\/wp-json\/wp\/v2\/types\/product"}],"replies":[{"embeddable":true,"href":"https:\/\/www.biobey.be\/fr\/wp-json\/wp\/v2\/comments?post=2258"}],"wp:featuredmedia":[{"embeddable":true,"href":"https:\/\/www.biobey.be\/fr\/wp-json\/wp\/v2\/media\/294"}],"wp:attachment":[{"href":"https:\/\/www.biobey.be\/fr\/wp-json\/wp\/v2\/media?parent=2258"}],"wp:term":[{"taxonomy":"product_brand","embeddable":true,"href":"https:\/\/www.biobey.be\/fr\/wp-json\/wp\/v2\/product_brand?post=2258"},{"taxonomy":"product_cat","embeddable":true,"href":"https:\/\/www.biobey.be\/fr\/wp-json\/wp\/v2\/product_cat?post=2258"},{"taxonomy":"product_tag","embeddable":true,"href":"https:\/\/www.biobey.be\/fr\/wp-json\/wp\/v2\/product_tag?post=2258"}],"curies":[{"name":"wp","href":"https:\/\/api.w.org\/{rel}","templated":true}]}}