{"id":2259,"date":"2025-05-24T14:29:08","date_gmt":"2025-05-24T12:29:08","guid":{"rendered":"https:\/\/www.biobey.be\/fr-temp\/produit\/creme-pour-le-corps-bio-hydratante-200ml\/"},"modified":"2026-04-11T17:40:56","modified_gmt":"2026-04-11T15:40:56","slug":"creme-pour-le-corps-bio-hydratante-200ml","status":"publish","type":"product","link":"https:\/\/www.biobey.be\/fr\/produit\/creme-pour-le-corps-bio-hydratante-200ml\/","title":{"rendered":"Cr\u00e8me pour le corps bio hydratante 200ml"},"content":{"rendered":"<p>Vous souhaitez une cr\u00e8me corporelle naturelle pour les peaux s\u00e8ches sans ingr\u00e9dients irritants ? Sugar berry de Green juice est un beurre corporel naturel ou une cr\u00e8me corporelle contre la peau s\u00e8che \u00e0 base de beurre de karit\u00e9 et d&rsquo;huile d&rsquo;a\u00e7a\u00ef.<\/p>\n<p>Exfolier la peau avec le <span style=\"color: #0000ff;\"><a style=\"color: #0000ff;\" href=\"https:\/\/www.biobey.be\/fr\/produit\/gommage-doux-bio-corps-smoothie-cutie-200ml\/\">gommage naturel Smoothie<\/a><\/span> pour \u00e9liminer les cellules mortes avant d&rsquo;appliquer la cr\u00e8me pour le corps.<\/p>\n<p><strong>Sugar berry de Green juice pr\u00e9sente les caract\u00e9ristiques suivantes:<\/strong><\/p>\n<ol>\n<li>hydrate et nourrit les peaux tr\u00e8s s\u00e8ches<\/li>\n<li>favorise l&rsquo;\u00e9lasticit\u00e9 et la r\u00e9g\u00e9n\u00e9ration de la peau<\/li>\n<li>rend la peau douce et soyeuse<\/li>\n<\/ol>\n<p>Cr\u00e8me pour le corps bio riche hydratante contre la s\u00e9cheresse de la peau est sp\u00e9cialement con\u00e7ue pour hydrater et raffermir la peau. Ce beurre corporel bio doux est riche en vitamine E et en antioxydants. Il stimule le renouvellement cellulaire et favorise l&rsquo;\u00e9lasticit\u00e9 de la peau.<\/p>\n<p>Pour les peaux s\u00e8ches et en perte d&rsquo;\u00e9lasticit\u00e9, nous recommandons de combiner la cr\u00e8me pour le corps avec la <span style=\"color: #0000ff;\"><a style=\"color: #0000ff;\" href=\"https:\/\/www.biobey.be\/fr\/produit\/creme-raffermissante-corps-bio-150-ml\/\">cr\u00e8me raffermissante pour le corps Bema<\/a><\/span>.<\/p>\n<p>La cr\u00e8me pour le corps bio hydratante Sugar Berry pour lutter contre les peaux s\u00e8ches nourrit et rend la peau douce et soyeuse. Le beurre de karit\u00e9 combin\u00e9 \u00e0 l&rsquo;huile d&rsquo;a\u00e7ai a un effet r\u00e9g\u00e9n\u00e9rant et adoucissant gr\u00e2ce \u00e0 sa forte teneur en acides gras insatur\u00e9s et en vitamines.<\/p>\n<p>La cr\u00e8me pour le corps bio hydratante contre les peaux s\u00e8ches est nourrissante et hydratante. Apr\u00e8s utilisation, la peau est douce et soyeuse.<\/p>\n<h2>\u00a0Cr\u00e8me pour le corps bio hydratante contre la peau s\u00e8che<\/h2>\n<p>Les extraits de plantes et les huiles b\u00e9n\u00e9fiques contenus dans la cr\u00e8me pour le corps bio restaurant, renforcent et hydratent. La canneberge ou l&rsquo;extrait de canneberge est utilis\u00e9 pour traiter les probl\u00e8mes de peau tels que l&rsquo;ecz\u00e9ma, la dermatite et l&rsquo;acn\u00e9.<\/p>\n<p>L&rsquo;extrait de canneberge contient beaucoup de nutriments comme les vitamines E, C, K et le complexe B. Il a des propri\u00e9t\u00e9s d\u00e9toxifiantes et antioxydantes. L&rsquo;huile d&rsquo;a\u00e7ai contient des min\u00e9raux tels que le zinc, le magn\u00e9sium. Elle est \u00e9galement riche en vitamines C, A, E et B. L&rsquo;huile d&rsquo;a\u00e7ai prot\u00e8ge les cellules de la peau et aide \u00e0 pr\u00e9venir l&rsquo;oxydation.<\/p>\n<p>La combinaison de l&rsquo;extrait de canneberge et de l&rsquo;huile d&rsquo;a\u00e7ai garantit que la cr\u00e8me corporelle naturelle contre la peau s\u00e8che favorise la production de collag\u00e8ne. Elle restaure <span style=\"color: #0000ff;\"><a style=\"color: #0000ff;\" href=\"https:\/\/www.biobey.be\/fr\/produit\/bio-pommade-calendula-dermatite\/\">les peaux irrit\u00e9es et squameuses gr\u00e2ce \u00e0 ses propri\u00e9t\u00e9s hydratantes<\/a><\/span>.<\/p>\n<p>Le beurre corporel bio Sugar Berry est rapidement absorb\u00e9 par la peau. Il ne laisse pas de film gras sur la peau. Avec une utilisation r\u00e9guli\u00e8re, la peau devient plus tendue et se sent agr\u00e9ablement douce.<\/p>\n<h3>Comment hydrater une peau s\u00e8che corps?<\/h3>\n<p>Utilisez la cr\u00e8me naturelle pour hydrater la peau apr\u00e8s la douche. La cr\u00e8me hydratante peut \u00e9galement \u00eatre utilis\u00e9e plusieurs fois par jour en cas de peau tr\u00e8s s\u00e8che. La cr\u00e8me pour le corps restaure la peau s\u00e8che gr\u00e2ce \u00e0 sa formule efficace. La cr\u00e8me pour le corps renforce la barri\u00e8re cutan\u00e9e et aide \u00e0 pr\u00e9venir la d\u00e9shydratation.<\/p>\n<p>(INCI): Aqua, Olus Oil, Shorea Stenoptera Butter Extract, Cetearyl Glucoside, Cetearyl Alcohol, Hydrogenated Vegetable Glycerides, Glycerin, Dicaprylyl Ether, Butyrospermum Parkii* (Shea) Butter, Hydrogenated Vegetable Oil, Candelilla Cera, Vaccinium Macrocarpon (Veenbessen) Seed Oil ,<\/p>\n<p>Copaifera officinalis* (balsam copaiba) resin, Carapa guianensis seed oil*, Euterpe oleracea fruit oil*, Caprylic, Capric Triglyceride, Behenyl Alcohol, Tocopherol, Xanthan Gum, Benzyl Alcohol, Dehydroacetic Acid, Fragrance** ( Aroma d\u00e9riv\u00e9 de composants naturels) Sodium Stearoyl Glutamate.<\/p>\n<p>**Fragnance de composants naturels<br \/>\n*Agriculture biologique<\/p>\n<p>Certifi\u00e9 ICEA BIO. La cr\u00e8me pour le corps bio hydratante Sugar Berry est un produit v\u00e9g\u00e9talien purement naturel. Non test\u00e9 sur les animaux.<\/p>\n","protected":false},"excerpt":{"rendered":"<p>La cr\u00e8me pour le corps bio riche hydratante stimule le renouvellement cellulaire et favorise l&rsquo;\u00e9lasticit\u00e9 de la peau. Le beurre corporel bio Sugar Berry est rapidement absorb\u00e9 par la peau. Il ne laisse pas de film gras sur la peau.<\/p>\n","protected":false},"featured_media":288,"comment_status":"open","ping_status":"closed","template":"","meta":{"ocean_post_layout":"","ocean_both_sidebars_style":"","ocean_both_sidebars_content_width":0,"ocean_both_sidebars_sidebars_width":0,"ocean_sidebar":"","ocean_second_sidebar":"","ocean_disable_margins":"enable","ocean_add_body_class":"","ocean_shortcode_before_top_bar":"","ocean_shortcode_after_top_bar":"","ocean_shortcode_before_header":"","ocean_shortcode_after_header":"","ocean_has_shortcode":"","ocean_shortcode_after_title":"","ocean_shortcode_before_footer_widgets":"","ocean_shortcode_after_footer_widgets":"","ocean_shortcode_before_footer_bottom":"","ocean_shortcode_after_footer_bottom":"","ocean_display_top_bar":"default","ocean_display_header":"default","ocean_header_style":"","ocean_center_header_left_menu":"","ocean_custom_header_template":"","ocean_custom_logo":0,"ocean_custom_retina_logo":0,"ocean_custom_logo_max_width":0,"ocean_custom_logo_tablet_max_width":0,"ocean_custom_logo_mobile_max_width":0,"ocean_custom_logo_max_height":0,"ocean_custom_logo_tablet_max_height":0,"ocean_custom_logo_mobile_max_height":0,"ocean_header_custom_menu":"","ocean_menu_typo_font_family":"","ocean_menu_typo_font_subset":"","ocean_menu_typo_font_size":0,"ocean_menu_typo_font_size_tablet":0,"ocean_menu_typo_font_size_mobile":0,"ocean_menu_typo_font_size_unit":"px","ocean_menu_typo_font_weight":"","ocean_menu_typo_font_weight_tablet":"","ocean_menu_typo_font_weight_mobile":"","ocean_menu_typo_transform":"","ocean_menu_typo_transform_tablet":"","ocean_menu_typo_transform_mobile":"","ocean_menu_typo_line_height":0,"ocean_menu_typo_line_height_tablet":0,"ocean_menu_typo_line_height_mobile":0,"ocean_menu_typo_line_height_unit":"","ocean_menu_typo_spacing":0,"ocean_menu_typo_spacing_tablet":0,"ocean_menu_typo_spacing_mobile":0,"ocean_menu_typo_spacing_unit":"","ocean_menu_link_color":"","ocean_menu_link_color_hover":"","ocean_menu_link_color_active":"","ocean_menu_link_background":"","ocean_menu_link_hover_background":"","ocean_menu_link_active_background":"","ocean_menu_social_links_bg":"","ocean_menu_social_hover_links_bg":"","ocean_menu_social_links_color":"","ocean_menu_social_hover_links_color":"","ocean_disable_title":"default","ocean_disable_heading":"default","ocean_post_title":"","ocean_post_subheading":"","ocean_post_title_style":"","ocean_post_title_background_color":"","ocean_post_title_background":0,"ocean_post_title_bg_image_position":"","ocean_post_title_bg_image_attachment":"","ocean_post_title_bg_image_repeat":"","ocean_post_title_bg_image_size":"","ocean_post_title_height":0,"ocean_post_title_bg_overlay":0.5,"ocean_post_title_bg_overlay_color":"","ocean_disable_breadcrumbs":"default","ocean_breadcrumbs_color":"","ocean_breadcrumbs_separator_color":"","ocean_breadcrumbs_links_color":"","ocean_breadcrumbs_links_hover_color":"","ocean_display_footer_widgets":"default","ocean_display_footer_bottom":"default","ocean_custom_footer_template":""},"product_brand":[113],"product_cat":[53,16,51],"product_tag":[126,127,125],"class_list":{"0":"post-2259","1":"product","2":"type-product","3":"status-publish","4":"has-post-thumbnail","6":"product_brand-green-juice","7":"product_cat-corps-peau","8":"product_cat-soins","9":"product_cat-soins-du-corps","10":"product_tag-sans-paraben","11":"product_tag-sans-silicone","12":"product_tag-vegan","14":"entry","15":"has-media","17":"first","18":"instock","19":"taxable","20":"shipping-taxable","21":"purchasable","22":"product-type-simple","23":"has-rating","24":"col","25":"span_1_of_3","26":"owp-content-center","27":"owp-thumbs-layout-horizontal","28":"owp-btn-normal","29":"owp-tabs-layout-section","30":"has-no-thumbnails","31":"circle-sale"},"_links":{"self":[{"href":"https:\/\/www.biobey.be\/fr\/wp-json\/wp\/v2\/product\/2259","targetHints":{"allow":["GET"]}}],"collection":[{"href":"https:\/\/www.biobey.be\/fr\/wp-json\/wp\/v2\/product"}],"about":[{"href":"https:\/\/www.biobey.be\/fr\/wp-json\/wp\/v2\/types\/product"}],"replies":[{"embeddable":true,"href":"https:\/\/www.biobey.be\/fr\/wp-json\/wp\/v2\/comments?post=2259"}],"wp:featuredmedia":[{"embeddable":true,"href":"https:\/\/www.biobey.be\/fr\/wp-json\/wp\/v2\/media\/288"}],"wp:attachment":[{"href":"https:\/\/www.biobey.be\/fr\/wp-json\/wp\/v2\/media?parent=2259"}],"wp:term":[{"taxonomy":"product_brand","embeddable":true,"href":"https:\/\/www.biobey.be\/fr\/wp-json\/wp\/v2\/product_brand?post=2259"},{"taxonomy":"product_cat","embeddable":true,"href":"https:\/\/www.biobey.be\/fr\/wp-json\/wp\/v2\/product_cat?post=2259"},{"taxonomy":"product_tag","embeddable":true,"href":"https:\/\/www.biobey.be\/fr\/wp-json\/wp\/v2\/product_tag?post=2259"}],"curies":[{"name":"wp","href":"https:\/\/api.w.org\/{rel}","templated":true}]}}