{"id":2263,"date":"2026-03-05T20:02:24","date_gmt":"2026-03-05T19:02:24","guid":{"rendered":"https:\/\/www.biobey.be\/fr-temp\/produit\/spray-solaire-visage-et-corps-spf-50-bio\/"},"modified":"2026-03-05T20:02:23","modified_gmt":"2026-03-05T19:02:23","slug":"spray-solaire-visage-et-corps-spf-50-bio","status":"publish","type":"product","link":"https:\/\/www.biobey.be\/fr\/produit\/spray-solaire-visage-et-corps-spf-50-bio\/","title":{"rendered":"Spray solaire visage et corps SPF 50 bio 100 ml"},"content":{"rendered":"<p>Le spray solaire visage et corps SPF 50 bio est un spray solaire 100% naturel. Ce spray solaire visage et corps spf 50 bio assure une protection tr\u00e8s efficace contre les rayons UVA\/UVB nocifs, de mani\u00e8re saine et naturelle.<\/p>\n<p>Sa formule unique, riche en vitamines et en min\u00e9raux, prot\u00e8ge non seulement la peau sensible du visage et du corps, mais l&rsquo;hydrate aussi intens\u00e9ment en profondeur. Ce spray solaire naturel sans parfum pour le visage et le corps SPF 50 avec un facteur de protection \u00e9lev\u00e9 a \u00e9t\u00e9 sp\u00e9cialement d\u00e9velopp\u00e9 pour les peaux tr\u00e8s sensibles.<\/p>\n<h2>Spray solaire visage et corps SPF 50 bio avec une formule douce<\/h2>\n<p>Le spray solaire naturel sans parfum Solar Tea pour le visage et le corps SPF50 a une formulation tr\u00e8s naturelle et douce pour minimiser le risque d&rsquo;allergies cutan\u00e9es. Il ne laisse pas de film blanc sur la peau.<\/p>\n<h2>En cas d&rsquo;allergie, quel spray solaire pour le visage ?<\/h2>\n<p>En cas d&rsquo;allergie et de sensibilit\u00e9, il est recommand\u00e9 d&rsquo;utiliser une cr\u00e8me solaire \u00e0 base de filtres solaires min\u00e9raux et dont la formule est exempte de substances irritantes telles que le parfum. Le spray solaire Solar Tea visage et corps spf 50 est \u00e0 base de filtres solaires min\u00e9raux.<\/p>\n<p>L&rsquo;huile de jojoba biologique associ\u00e9e \u00e0 la vitamine E et \u00e0 l&rsquo;huile de s\u00e9same hydrate les peaux s\u00e8ches et r\u00e9g\u00e9n\u00e8re les cellules cutan\u00e9es. <span style=\"color: #0000ff;\"><a style=\"color: #0000ff;\" href=\"https:\/\/www.biobey.be\/fr\/produit\/violet-creme-visage-hypoallergenique-argital-50-ml\/\">Sa formule hypoallerg\u00e9nique sans ingr\u00e9dients synth\u00e9tiques irritants<\/a><\/span> offre la protection et les soins n\u00e9cessaires \u00e0 la peau.<\/p>\n<h3>Spray solaire visage et corps SPF 50 bio &#8211; multifonction<\/h3>\n<p>Gr\u00e2ce \u00e0 sa formule unique enrichie en vitamines A, B, D, E, ce spray solaire visage et corps spf 50 bio a un effet intens\u00e9ment hydratant et soignant. Ce spray solaire l\u00e9ger et sans parfum convient \u00e0 tous les types de peau.<\/p>\n<p><strong>Mode d&#8217;emploi :<\/strong> Agiter avant l&rsquo;utilisation. Appliquez g\u00e9n\u00e9reusement le spray de protection solaire naturelle sur le visage et le corps. Renouvelez r\u00e9guli\u00e8rement l&rsquo;application du spray solaire pour maintenir le haut niveau de protection, notamment apr\u00e8s la baignade, la transpiration ou le s\u00e9chage.<\/p>\n<p><strong>Attention :<\/strong> une exposition prolong\u00e9e au soleil est dangereuse pour la sant\u00e9, m\u00eame si vous utilisez une cr\u00e8me ou un spray solaire protecteur.<\/p>\n<p>Les produits de protection solaire naturels offrent une protection efficace contre les rayons UVA\/UVB nocifs. Exempt de filtres chimiques nocifs et de parfum synth\u00e9tique. Sp\u00e9cialement formul\u00e9 pour minimiser les allergies cutan\u00e9es. Convient aux peaux sensibles.<\/p>\n<p><strong>Sp\u00e9cification :<\/strong><\/p>\n<p>Assure une protection tr\u00e8s efficace contre les rayons nocifs UVA\/UVB.<br \/>\nApporte une hydratation profonde aux peaux sensibles<br \/>\nNe laisse pas de traces blanches sur la peau<\/p>\n<p>Convient aux peaux tr\u00e8s sensibles<br \/>\nNourrit la peau et ne laisse pas de sensation grasse ou collante apr\u00e8s l&rsquo;application.<\/p>\n<p>Sans \u00e9crans solaires chimiques nocifs tels que l&rsquo;oxybenzone, l&rsquo;avobenzone, le mexoryl, le m\u00e9thoxycinnamate d&rsquo;octyle ou l&rsquo;octocryl\u00e8ne.<\/p>\n<h3>Peut-on utiliser ce spray solaire naturel contre la lumi\u00e8re bleue des ordinateurs et des t\u00e9l\u00e9phones ?<\/h3>\n<p>Oui, bien s\u00fbr, la lumi\u00e8re bleue provoque un vieillissement pr\u00e9matur\u00e9 de la peau et l&rsquo;utilisation d&rsquo;un spray solaire naturel \u00e0 la maison constitue une excellente protection contre le vieillissement pr\u00e9matur\u00e9 de la peau d\u00fb \u00e0 la lumi\u00e8re bleue.<\/p>\n<p><strong>INCI:<\/strong> Dicaprylyl carbonate, Glycine soja oil*, Caprylic\/capric triglyceride, Titanium dioxide, Helianthus annuus seed oil*, Sesamum indicum seed oil*, Coco-caprylate, Simmondsia chinensis seed oil*, Olea europaea (Olive) fruit oil*, Polyglyceryl-3 diisostearate, Stearic acid, Aluminum hydroxide, Persea gratissima oil*, Polyglyceryl-2 dipolyhydroxystearate, Tocopherol, Undecane, Tridecane<\/p>\n","protected":false},"excerpt":{"rendered":"<p>Spray solaire spf50 bio pour le visage et le corps nourrit, hydrate et prot\u00e8ge la peau du soleil et du vieillissement pr\u00e9matur\u00e9. Composition sp\u00e9cifique pour les peaux tr\u00e8s sensibles.<br \/>\n100 ml<\/p>\n","protected":false},"featured_media":564,"comment_status":"open","ping_status":"closed","template":"","meta":{"ocean_post_layout":"","ocean_both_sidebars_style":"","ocean_both_sidebars_content_width":0,"ocean_both_sidebars_sidebars_width":0,"ocean_sidebar":"0","ocean_second_sidebar":"0","ocean_disable_margins":"enable","ocean_add_body_class":"","ocean_shortcode_before_top_bar":"","ocean_shortcode_after_top_bar":"","ocean_shortcode_before_header":"","ocean_shortcode_after_header":"","ocean_has_shortcode":"","ocean_shortcode_after_title":"","ocean_shortcode_before_footer_widgets":"","ocean_shortcode_after_footer_widgets":"","ocean_shortcode_before_footer_bottom":"","ocean_shortcode_after_footer_bottom":"","ocean_display_top_bar":"default","ocean_display_header":"default","ocean_header_style":"","ocean_center_header_left_menu":"0","ocean_custom_header_template":"0","ocean_custom_logo":0,"ocean_custom_retina_logo":0,"ocean_custom_logo_max_width":0,"ocean_custom_logo_tablet_max_width":0,"ocean_custom_logo_mobile_max_width":0,"ocean_custom_logo_max_height":0,"ocean_custom_logo_tablet_max_height":0,"ocean_custom_logo_mobile_max_height":0,"ocean_header_custom_menu":"0","ocean_menu_typo_font_family":"0","ocean_menu_typo_font_subset":"","ocean_menu_typo_font_size":0,"ocean_menu_typo_font_size_tablet":0,"ocean_menu_typo_font_size_mobile":0,"ocean_menu_typo_font_size_unit":"px","ocean_menu_typo_font_weight":"","ocean_menu_typo_font_weight_tablet":"","ocean_menu_typo_font_weight_mobile":"","ocean_menu_typo_transform":"","ocean_menu_typo_transform_tablet":"","ocean_menu_typo_transform_mobile":"","ocean_menu_typo_line_height":0,"ocean_menu_typo_line_height_tablet":0,"ocean_menu_typo_line_height_mobile":0,"ocean_menu_typo_line_height_unit":"","ocean_menu_typo_spacing":0,"ocean_menu_typo_spacing_tablet":0,"ocean_menu_typo_spacing_mobile":0,"ocean_menu_typo_spacing_unit":"","ocean_menu_link_color":"","ocean_menu_link_color_hover":"","ocean_menu_link_color_active":"","ocean_menu_link_background":"","ocean_menu_link_hover_background":"","ocean_menu_link_active_background":"","ocean_menu_social_links_bg":"","ocean_menu_social_hover_links_bg":"","ocean_menu_social_links_color":"","ocean_menu_social_hover_links_color":"","ocean_disable_title":"default","ocean_disable_heading":"default","ocean_post_title":"","ocean_post_subheading":"","ocean_post_title_style":"","ocean_post_title_background_color":"","ocean_post_title_background":0,"ocean_post_title_bg_image_position":"","ocean_post_title_bg_image_attachment":"","ocean_post_title_bg_image_repeat":"","ocean_post_title_bg_image_size":"","ocean_post_title_height":0,"ocean_post_title_bg_overlay":0.5,"ocean_post_title_bg_overlay_color":"","ocean_disable_breadcrumbs":"default","ocean_breadcrumbs_color":"","ocean_breadcrumbs_separator_color":"","ocean_breadcrumbs_links_color":"","ocean_breadcrumbs_links_hover_color":"","ocean_display_footer_widgets":"default","ocean_display_footer_bottom":"default","ocean_custom_footer_template":"0"},"product_brand":[110],"product_cat":[59,16],"product_tag":[133,127,128,125],"class_list":{"0":"post-2263","1":"product","2":"type-product","3":"status-publish","4":"has-post-thumbnail","6":"product_brand-solar-tea","7":"product_cat-protection-solaire","8":"product_cat-soins","9":"product_tag-sansparfumsynthetique","10":"product_tag-sans-silicone","11":"product_tag-sanssulfates","12":"product_tag-vegan","14":"entry","15":"has-media","17":"first","18":"instock","19":"taxable","20":"shipping-taxable","21":"purchasable","22":"product-type-simple","23":"has-rating","24":"col","25":"span_1_of_3","26":"owp-content-center","27":"owp-thumbs-layout-horizontal","28":"owp-btn-normal","29":"owp-tabs-layout-section","30":"has-no-thumbnails","31":"circle-sale"},"_links":{"self":[{"href":"https:\/\/www.biobey.be\/fr\/wp-json\/wp\/v2\/product\/2263","targetHints":{"allow":["GET"]}}],"collection":[{"href":"https:\/\/www.biobey.be\/fr\/wp-json\/wp\/v2\/product"}],"about":[{"href":"https:\/\/www.biobey.be\/fr\/wp-json\/wp\/v2\/types\/product"}],"replies":[{"embeddable":true,"href":"https:\/\/www.biobey.be\/fr\/wp-json\/wp\/v2\/comments?post=2263"}],"wp:featuredmedia":[{"embeddable":true,"href":"https:\/\/www.biobey.be\/fr\/wp-json\/wp\/v2\/media\/564"}],"wp:attachment":[{"href":"https:\/\/www.biobey.be\/fr\/wp-json\/wp\/v2\/media?parent=2263"}],"wp:term":[{"taxonomy":"product_brand","embeddable":true,"href":"https:\/\/www.biobey.be\/fr\/wp-json\/wp\/v2\/product_brand?post=2263"},{"taxonomy":"product_cat","embeddable":true,"href":"https:\/\/www.biobey.be\/fr\/wp-json\/wp\/v2\/product_cat?post=2263"},{"taxonomy":"product_tag","embeddable":true,"href":"https:\/\/www.biobey.be\/fr\/wp-json\/wp\/v2\/product_tag?post=2263"}],"curies":[{"name":"wp","href":"https:\/\/api.w.org\/{rel}","templated":true}]}}