{"id":2265,"date":"2023-08-19T23:59:45","date_gmt":"2023-08-19T21:59:45","guid":{"rendered":"https:\/\/www.biobey.be\/fr-temp\/produit\/soin-des-mains-bio-creme-mains-et-gommage\/"},"modified":"2025-09-14T20:14:02","modified_gmt":"2025-09-14T18:14:02","slug":"soin-des-mains-bio-creme-mains-et-gommage","status":"publish","type":"product","link":"https:\/\/www.biobey.be\/fr\/produit\/soin-des-mains-bio-creme-mains-et-gommage\/","title":{"rendered":"Soin des mains bio &#8211; cr\u00e8me mains et gommage mains"},"content":{"rendered":"<p>Soin des mains bio &#8211; cr\u00e8me mains et gommage mains v\u00e9g\u00e9talien de Nature Up offre un soin intense aux mains s\u00e8ches. La cr\u00e8me naturelle contre les mains s\u00e8ches adoucit et hydrate efficacement. La cr\u00e8me \u00e0 base de beurre de karit\u00e9 et d&rsquo;extrait de grenade rend les mains agr\u00e9ablement douces. Soin des mains bio: cr\u00e8me mains et gommage mains est id\u00e9ale pour le soin des mains irrit\u00e9es et sensibles.<\/p>\n<p>Le gommage des mains au beurre de karit\u00e9, \u00e0 la canneberge et \u00e0 l&rsquo;extrait de riz est id\u00e9al pour le gommage des mains et des ongles. Gr\u00e2ce aux diff\u00e9rentes tailles des grains de riz et de canneberge, le gommage des mains a un double effet. Il \u00e9limine les cellules mortes de la peau et laisse les mains lisses et soyeuses.<\/p>\n<h2>Soin des mains bio &#8211; cr\u00e8me mains et gommage mains &#8211; renouvellement cellulaire<\/h2>\n<p>Le gommage naturel des mains et des ongles aux grains de riz et de canneberge biologiques exfolie la peau et \u00e9limine les cellules mortes. Le gommage des mains favorise le renouvellement cellulaire de la peau. De plus, le soin des mains bio a un effet \u00e9claircissant sur la pigmentation superficielle.<\/p>\n<p><strong>Mode d&#8217;emploi du gommage pour les mains<\/strong> : utilisez le gommage mains deux fois par semaine. Massez le gommage des mains et rincez \u00e0 l&rsquo;eau ti\u00e8de et chaude. Appliquez ensuite la cr\u00e8me hydratante naturelle pour les mains de Nature Up.<\/p>\n<p><strong>Cr\u00e8me mains hydratante et r\u00e9paratrice 75ml<\/strong><br \/>\nLa cr\u00e8me pour les mains Nature up est sp\u00e9cialement con\u00e7ue pour soigner et r\u00e9g\u00e9n\u00e9rer les mains s\u00e8ches et sensibles. Les extraits b\u00e9n\u00e9fiques de beurre de karit\u00e9, de grenade, d&rsquo;huile de s\u00e9same, d&rsquo;huile de p\u00e9pins de cassis contenus dans la cr\u00e8me pour les mains nourrissent la peau. Le beurre de karit\u00e9 et les groseilles ont un effet hydratant de longue dur\u00e9e. Tandis que l&rsquo;extrait de grenade prot\u00e8ge la peau de la pigmentation, de la d\u00e9shydratation et des irritations. La cr\u00e8me pour les mains p\u00e9n\u00e8tre rapidement dans la peau et ne laisse pas de film gras.<\/p>\n<p><strong>Mode d&#8217;emploi : Massez d\u00e9licatement la cr\u00e8me pour les mains jusqu&rsquo;\u00e0 absorption compl\u00e8te.<\/strong><\/p>\n<p>L&rsquo;ensemble de soins naturels pour les mains est exempt de silicones, de parfums synth\u00e9tiques, de parab\u00e8nes, d&rsquo;OGM, d&rsquo;ingr\u00e9dients d&rsquo;origine animale, de colorants synth\u00e9tiques ou d&rsquo;autres ingr\u00e9dients chimiques.<\/p>\n<p><strong>Composition des ingr\u00e9dients de la cr\u00e8me mains :<\/strong> Aqua, Citrus aurantium dulcis flower*, Glyceryl stearate SE, Glycerin, Punica granatum fruit extract*, Butyrospermum parkii butter*, Cetearyl alcohol, Sesamum indicum seed oil*, Helianthus annuus seed oil*, Persea gratissima oil*, Simmondsia chinensis seed oil*, Ribes nigrum seed oil*, Xanthan gum, Centaurea cyanus flower water*, Citrus medica limonum peel extract*, Polyglutamic acid, Vaccinium myrtillus fruit extract*, Sodium ascorbyl phosphate, Sodium hyaluronate, Tocopherol, Sodium benzoate, Glyceryl laurate, Potassium sorbate, Dehydroacetic acid, Benzyl alcohol, Citric acid, Parfum**, Amyl Cinnamal**,Cinnamal**,Eugenol**,Limonene**.<br \/>\n*Les ingr\u00e9dients de l&rsquo;agriculture biologique<br \/>\n**Parfum naturel \u00e0 base d&rsquo;huiles essentielles<\/p>\n<p><strong>Ingr\u00e9dients naturels du gommage pour les main<\/strong>s : Aqua, Punica granatum fruit extract, Citrus aurantium dulcis flower*, Glyceryl stearate SE, Glycerin, Butyrospermum parkii butter*, Cetearyl alcohol, Oryza sativa powder*, Ribes nigrum seed oil*, Sesamum indicum seed oil*, Persea gratissima oil, Vaccinium macrocarpon seed powder, Vaccinium myrtillus fruit extract*, Simmondsia chinensis seed oil*, Centaurea cyanus flower water*, Citrus medica limonum peel extract*,Glyceryl laurate, Sodium hyaluronate, Tocopherol, Sodium benzoate, Potassium sorbate, Benzyl alcohol, Polyglutamic acid, Sodium ascorbyl phosphate, Dehydroacetic acid, Xanthan gum, Citric acid, Fragnance\/ Aroma, Linalool**, Amyl cinnamal**, Cinnamal**, Limonene**, Eugenol**.<\/p>\n<p>*Les ingr\u00e9dients de l&rsquo;agriculture biologique<br \/>\n**Fragnance naturel \u00e0 base d&rsquo;huiles essentielles<\/p>\n","protected":false},"excerpt":{"rendered":"<p>Soin des mains bio: cr\u00e8me mains et gommage mains exfolie, adoucit et hydrate les mains. Soin des mains bio est id\u00e9ale pour le soin des mains irrit\u00e9es et sensibles.<\/p>\n","protected":false},"featured_media":295,"comment_status":"open","ping_status":"closed","template":"","meta":{"ocean_post_layout":"","ocean_both_sidebars_style":"","ocean_both_sidebars_content_width":0,"ocean_both_sidebars_sidebars_width":0,"ocean_sidebar":"","ocean_second_sidebar":"","ocean_disable_margins":"enable","ocean_add_body_class":"","ocean_shortcode_before_top_bar":"","ocean_shortcode_after_top_bar":"","ocean_shortcode_before_header":"","ocean_shortcode_after_header":"","ocean_has_shortcode":"","ocean_shortcode_after_title":"","ocean_shortcode_before_footer_widgets":"","ocean_shortcode_after_footer_widgets":"","ocean_shortcode_before_footer_bottom":"","ocean_shortcode_after_footer_bottom":"","ocean_display_top_bar":"default","ocean_display_header":"default","ocean_header_style":"","ocean_center_header_left_menu":"","ocean_custom_header_template":"","ocean_custom_logo":0,"ocean_custom_retina_logo":0,"ocean_custom_logo_max_width":0,"ocean_custom_logo_tablet_max_width":0,"ocean_custom_logo_mobile_max_width":0,"ocean_custom_logo_max_height":0,"ocean_custom_logo_tablet_max_height":0,"ocean_custom_logo_mobile_max_height":0,"ocean_header_custom_menu":"","ocean_menu_typo_font_family":"","ocean_menu_typo_font_subset":"","ocean_menu_typo_font_size":0,"ocean_menu_typo_font_size_tablet":0,"ocean_menu_typo_font_size_mobile":0,"ocean_menu_typo_font_size_unit":"px","ocean_menu_typo_font_weight":"","ocean_menu_typo_font_weight_tablet":"","ocean_menu_typo_font_weight_mobile":"","ocean_menu_typo_transform":"","ocean_menu_typo_transform_tablet":"","ocean_menu_typo_transform_mobile":"","ocean_menu_typo_line_height":0,"ocean_menu_typo_line_height_tablet":0,"ocean_menu_typo_line_height_mobile":0,"ocean_menu_typo_line_height_unit":"","ocean_menu_typo_spacing":0,"ocean_menu_typo_spacing_tablet":0,"ocean_menu_typo_spacing_mobile":0,"ocean_menu_typo_spacing_unit":"","ocean_menu_link_color":"","ocean_menu_link_color_hover":"","ocean_menu_link_color_active":"","ocean_menu_link_background":"","ocean_menu_link_hover_background":"","ocean_menu_link_active_background":"","ocean_menu_social_links_bg":"","ocean_menu_social_hover_links_bg":"","ocean_menu_social_links_color":"","ocean_menu_social_hover_links_color":"","ocean_disable_title":"default","ocean_disable_heading":"default","ocean_post_title":"","ocean_post_subheading":"","ocean_post_title_style":"","ocean_post_title_background_color":"","ocean_post_title_background":0,"ocean_post_title_bg_image_position":"","ocean_post_title_bg_image_attachment":"","ocean_post_title_bg_image_repeat":"","ocean_post_title_bg_image_size":"","ocean_post_title_height":0,"ocean_post_title_bg_overlay":0.5,"ocean_post_title_bg_overlay_color":"","ocean_disable_breadcrumbs":"default","ocean_breadcrumbs_color":"","ocean_breadcrumbs_separator_color":"","ocean_breadcrumbs_links_color":"","ocean_breadcrumbs_links_hover_color":"","ocean_display_footer_widgets":"default","ocean_display_footer_bottom":"default","ocean_custom_footer_template":"","ofc_meta_disable_footer_callout":"","ofc_meta_callout_button_url":"","ofc_meta_callout_button_txt":"","ofc_meta_callout_text":""},"product_brand":[107],"product_cat":[26,16],"product_tag":[127,128,125],"class_list":{"0":"post-2265","1":"product","2":"type-product","3":"status-publish","4":"has-post-thumbnail","6":"product_brand-nature-up","7":"product_cat-mains-et-pieds","8":"product_cat-soins","9":"product_tag-sans-silicone","10":"product_tag-sanssulfates","11":"product_tag-vegan","13":"entry","14":"has-media","16":"first","17":"instock","18":"taxable","19":"shipping-taxable","20":"purchasable","21":"product-type-simple","22":"has-rating","23":"col","24":"span_1_of_3","25":"owp-content-center","26":"owp-thumbs-layout-horizontal","27":"owp-btn-normal","28":"owp-tabs-layout-section","29":"has-no-thumbnails","30":"circle-sale"},"_links":{"self":[{"href":"https:\/\/www.biobey.be\/fr\/wp-json\/wp\/v2\/product\/2265","targetHints":{"allow":["GET"]}}],"collection":[{"href":"https:\/\/www.biobey.be\/fr\/wp-json\/wp\/v2\/product"}],"about":[{"href":"https:\/\/www.biobey.be\/fr\/wp-json\/wp\/v2\/types\/product"}],"replies":[{"embeddable":true,"href":"https:\/\/www.biobey.be\/fr\/wp-json\/wp\/v2\/comments?post=2265"}],"wp:featuredmedia":[{"embeddable":true,"href":"https:\/\/www.biobey.be\/fr\/wp-json\/wp\/v2\/media\/295"}],"wp:attachment":[{"href":"https:\/\/www.biobey.be\/fr\/wp-json\/wp\/v2\/media?parent=2265"}],"wp:term":[{"taxonomy":"product_brand","embeddable":true,"href":"https:\/\/www.biobey.be\/fr\/wp-json\/wp\/v2\/product_brand?post=2265"},{"taxonomy":"product_cat","embeddable":true,"href":"https:\/\/www.biobey.be\/fr\/wp-json\/wp\/v2\/product_cat?post=2265"},{"taxonomy":"product_tag","embeddable":true,"href":"https:\/\/www.biobey.be\/fr\/wp-json\/wp\/v2\/product_tag?post=2265"}],"curies":[{"name":"wp","href":"https:\/\/api.w.org\/{rel}","templated":true}]}}