{"id":2268,"date":"2023-09-13T22:49:51","date_gmt":"2023-09-13T20:49:51","guid":{"rendered":"https:\/\/www.biobey.be\/fr-temp\/produit\/creme-mains-antibacterienne-bio\/"},"modified":"2025-07-11T13:38:16","modified_gmt":"2025-07-11T11:38:16","slug":"creme-mains-antibacterienne-bio","status":"publish","type":"product","link":"https:\/\/www.biobey.be\/fr\/produit\/creme-mains-antibacterienne-bio\/","title":{"rendered":"Cr\u00e8me mains antibact\u00e9rienne bio sans alcool 100ml"},"content":{"rendered":"<p>La cr\u00e8me mains antibact\u00e9rienne bio sans alcool a une action multiple. Elle d\u00e9sinfecte, prot\u00e8ge, hydrate et adoucit les mains. La cr\u00e8me pour les mains d\u00e9sinfecte les mains gr\u00e2ce \u00e0 son action antibact\u00e9rienne. Elle assure une <strong>protection jusqu&rsquo;\u00e0 8 heures contre les virus et les bact\u00e9ries<\/strong>.<\/p>\n<p>Cette cr\u00e8me mains antibact\u00e9rienne bio sans alcool nourrit ensuite intens\u00e9ment les mains s\u00e8ches et renforce la couche protectrice naturelle de la peau. La cr\u00e8me naturelle antibact\u00e9rienne pour les mains <strong>pr\u00e9vient la d\u00e9shydratation et les mains irrit\u00e9es.<\/strong><\/p>\n<p>L&rsquo;alcool antiseptique synth\u00e9tique est tr\u00e8s dess\u00e9chant et irritant pour la peau. Les ingr\u00e9dients hydratants et \u00e9mollients de la cr\u00e8me antibact\u00e9rienne naturelle pour les mains apaisent les mains s\u00e8ches et nourrissent la peau sans laisser de film gras.<\/p>\n<h2>Cr\u00e8me mains antibact\u00e9rienne bio\u00a0&#8211; la composition<\/h2>\n<p>La cr\u00e8me pour les mains d\u00e9sinfecte les mains gr\u00e2ce \u00e0 sa composition efficace. Elle a un niveau d&rsquo;acidit\u00e9 \u00e9lev\u00e9 pour emp\u00eacher la propagation des bact\u00e9ries. En outre, la <strong>cr\u00e8me mains antibact\u00e9rienne<\/strong> bio contient des AHA ou acides alpha-hydroxyl\u00e9s de fruits qui r\u00e9duisent la valeur du pH \u00e0 3. En outre, elle contient de l&rsquo;huile de neem.<\/p>\n<p>Cette huile aide \u00e0 combattre les virus, les champignons et les mauvaises bact\u00e9ries. Cela garantit une d\u00e9sinfection efficace des mains et une protection de huit heures apr\u00e8s l&rsquo;application de la cr\u00e8me pour les mains. La cr\u00e8me mains antibact\u00e9rienne bio est <strong>id\u00e9ale pour prot\u00e9ger et d\u00e9sinfecter les mains sans dess\u00e9cher la peau.<\/strong><\/p>\n<p><strong>Cr\u00e8me antibact\u00e9rienne apaisante et nourrissante pour les mains<\/strong><\/p>\n<p>La cr\u00e8me antibact\u00e9rienne naturelle pour les mains est compos\u00e9e d&rsquo;extraits organiques hydratants et nourrissants tels que le beurre de karit\u00e9, l&rsquo;huile d&rsquo;amande, la glyc\u00e9rine v\u00e9g\u00e9tale et les AHA. L&rsquo;huile d&rsquo;amande fine aide \u00e0 une absorption plus profonde des ingr\u00e9dients actifs de la cr\u00e8me pour les mains dans la peau.<\/p>\n<p>La glyc\u00e9rine v\u00e9g\u00e9tale permet une hydratation rapide des mains s\u00e8ches. Le beurre de karit\u00e9 pr\u00e9vient la perte d&rsquo;humidit\u00e9 et adoucit la peau s\u00e8che. Le beurre de karit\u00e9 forme \u00e9galement une couche protectrice autour de la peau pour emp\u00eacher la perte d&rsquo;humidit\u00e9. Les mains s\u00e8ches et irrit\u00e9es avec des crevasses redeviennent douces.<\/p>\n<p>Mode d&#8217;emploi : Massez la cr\u00e8me mains antibact\u00e9rienne bio pour les mains sur la peau jusqu&rsquo;\u00e0 ce qu&rsquo;elle soit bien absorb\u00e9e.<\/p>\n<p>La <strong>cr\u00e8me pour les mains sans alcool<\/strong> Bema <strong>Bio Ecopharma<\/strong> est naturelle et convient aux v\u00e9g\u00e9taliens.<\/p>\n<p><strong>Action multifonctionnelle et propri\u00e9t\u00e9s de cette cr\u00e8me mains bio :<\/strong><br \/>\n&#8211; d\u00e9sinfecte les mains et offre une protection de 8 heures apr\u00e8s application.<br \/>\n&#8211; nourrit et hydrate efficacement les mains s\u00e8ches et pr\u00e9vient la perte d&rsquo;hydratation.<br \/>\n&#8211; purifie les mains et emp\u00eache la propagation des bact\u00e9ries gr\u00e2ce \u00e0 son faible pH de 3.<\/p>\n<p>INCI: Aqua , Cetearyl alcohol, Glycerin, Cetearyl glucoside, Glycine soja oil*, Oryza sativa bran oil, Butyrospermum parkii butter*, Kaolin, Olea europaea fruit oil*, Prunus amygdalus dulcis oil*, Potassium cetyl phosphate, Cymbopogon nardus oil*, Melaleuca alternifolia leaf oil*, Rosmarinus officinalis (Rosemary) leaf oil, Melia azadirachta seed oil*, Vitis vinifera (Grape) skin extract*,<\/p>\n<p>Zinc sulfate, Pyrus malus (Apple) fruit extract, Persea gratissima (Avocado) oil*, Glyceryl stearate SE, Triticum vulgare bran extract*, Citrus limon fruit extract [Citrus medica limonum fruit extract], Origanum vulgare leaf oil*, Tartaric acid, Tocopherol, Glyceryl laurate, Salix alba<\/p>\n<p>(Willow) bark extract, Citric acid, Sodium benzoate, Potassium sorbate, Benzyl alcohol, Fragrance naturelle, Limonene**, Farnesol**, Linalool**, Citronellol**, Geraniol**.<\/p>\n<p>*Ingr\u00e9dients issus de l&rsquo;agriculture biologique<br \/>\n**Composants issus d&rsquo;huiles essentielles biologiques<br \/>\nFragnance d\u00e9riv\u00e9 de composants organiques<\/p>\n","protected":false},"excerpt":{"rendered":"<p>La cr\u00e8me mains antibact\u00e9rienne bio sans alcool d\u00e9sinfecte les mains et offre une protection de 8 heures apr\u00e8s application. Elle restaure la couche protectrice naturelle de la peau qui a \u00e9t\u00e9 endommag\u00e9e par les gels alcoolis\u00e9s d\u00e9sinfectants. Cette cr\u00e8me mains bio nourrit et hydrate efficacement les mains s\u00e8ches et pr\u00e9vient la perte d&rsquo;hydratation.<br \/>\nElle purifie les mains et emp\u00eache la propagation des bact\u00e9ries gr\u00e2ce \u00e0 son faible pH de 3.<\/p>\n","protected":false},"featured_media":309,"comment_status":"open","ping_status":"closed","template":"","meta":{"ocean_post_layout":"","ocean_both_sidebars_style":"","ocean_both_sidebars_content_width":0,"ocean_both_sidebars_sidebars_width":0,"ocean_sidebar":"","ocean_second_sidebar":"","ocean_disable_margins":"enable","ocean_add_body_class":"","ocean_shortcode_before_top_bar":"","ocean_shortcode_after_top_bar":"","ocean_shortcode_before_header":"","ocean_shortcode_after_header":"","ocean_has_shortcode":"","ocean_shortcode_after_title":"","ocean_shortcode_before_footer_widgets":"","ocean_shortcode_after_footer_widgets":"","ocean_shortcode_before_footer_bottom":"","ocean_shortcode_after_footer_bottom":"","ocean_display_top_bar":"default","ocean_display_header":"default","ocean_header_style":"","ocean_center_header_left_menu":"","ocean_custom_header_template":"","ocean_custom_logo":0,"ocean_custom_retina_logo":0,"ocean_custom_logo_max_width":0,"ocean_custom_logo_tablet_max_width":0,"ocean_custom_logo_mobile_max_width":0,"ocean_custom_logo_max_height":0,"ocean_custom_logo_tablet_max_height":0,"ocean_custom_logo_mobile_max_height":0,"ocean_header_custom_menu":"","ocean_menu_typo_font_family":"","ocean_menu_typo_font_subset":"","ocean_menu_typo_font_size":0,"ocean_menu_typo_font_size_tablet":0,"ocean_menu_typo_font_size_mobile":0,"ocean_menu_typo_font_size_unit":"px","ocean_menu_typo_font_weight":"","ocean_menu_typo_font_weight_tablet":"","ocean_menu_typo_font_weight_mobile":"","ocean_menu_typo_transform":"","ocean_menu_typo_transform_tablet":"","ocean_menu_typo_transform_mobile":"","ocean_menu_typo_line_height":0,"ocean_menu_typo_line_height_tablet":0,"ocean_menu_typo_line_height_mobile":0,"ocean_menu_typo_line_height_unit":"","ocean_menu_typo_spacing":0,"ocean_menu_typo_spacing_tablet":0,"ocean_menu_typo_spacing_mobile":0,"ocean_menu_typo_spacing_unit":"","ocean_menu_link_color":"","ocean_menu_link_color_hover":"","ocean_menu_link_color_active":"","ocean_menu_link_background":"","ocean_menu_link_hover_background":"","ocean_menu_link_active_background":"","ocean_menu_social_links_bg":"","ocean_menu_social_hover_links_bg":"","ocean_menu_social_links_color":"","ocean_menu_social_hover_links_color":"","ocean_disable_title":"default","ocean_disable_heading":"default","ocean_post_title":"","ocean_post_subheading":"","ocean_post_title_style":"","ocean_post_title_background_color":"","ocean_post_title_background":0,"ocean_post_title_bg_image_position":"","ocean_post_title_bg_image_attachment":"","ocean_post_title_bg_image_repeat":"","ocean_post_title_bg_image_size":"","ocean_post_title_height":0,"ocean_post_title_bg_overlay":0.5,"ocean_post_title_bg_overlay_color":"","ocean_disable_breadcrumbs":"default","ocean_breadcrumbs_color":"","ocean_breadcrumbs_separator_color":"","ocean_breadcrumbs_links_color":"","ocean_breadcrumbs_links_hover_color":"","ocean_display_footer_widgets":"default","ocean_display_footer_bottom":"default","ocean_custom_footer_template":""},"product_brand":[115],"product_cat":[26,16],"product_tag":[126,133,128,125],"class_list":{"0":"post-2268","1":"product","2":"type-product","3":"status-publish","4":"has-post-thumbnail","6":"product_brand-bio-ecopharma","7":"product_cat-mains-et-pieds","8":"product_cat-soins","9":"product_tag-sans-paraben","10":"product_tag-sansparfumsynthetique","11":"product_tag-sanssulfates","12":"product_tag-vegan","14":"entry","15":"has-media","17":"first","18":"instock","19":"taxable","20":"shipping-taxable","21":"purchasable","22":"product-type-simple","23":"has-rating","24":"col","25":"span_1_of_3","26":"owp-content-center","27":"owp-thumbs-layout-horizontal","28":"owp-btn-normal","29":"owp-tabs-layout-section","30":"has-no-thumbnails","31":"circle-sale"},"_links":{"self":[{"href":"https:\/\/www.biobey.be\/fr\/wp-json\/wp\/v2\/product\/2268","targetHints":{"allow":["GET"]}}],"collection":[{"href":"https:\/\/www.biobey.be\/fr\/wp-json\/wp\/v2\/product"}],"about":[{"href":"https:\/\/www.biobey.be\/fr\/wp-json\/wp\/v2\/types\/product"}],"replies":[{"embeddable":true,"href":"https:\/\/www.biobey.be\/fr\/wp-json\/wp\/v2\/comments?post=2268"}],"wp:featuredmedia":[{"embeddable":true,"href":"https:\/\/www.biobey.be\/fr\/wp-json\/wp\/v2\/media\/309"}],"wp:attachment":[{"href":"https:\/\/www.biobey.be\/fr\/wp-json\/wp\/v2\/media?parent=2268"}],"wp:term":[{"taxonomy":"product_brand","embeddable":true,"href":"https:\/\/www.biobey.be\/fr\/wp-json\/wp\/v2\/product_brand?post=2268"},{"taxonomy":"product_cat","embeddable":true,"href":"https:\/\/www.biobey.be\/fr\/wp-json\/wp\/v2\/product_cat?post=2268"},{"taxonomy":"product_tag","embeddable":true,"href":"https:\/\/www.biobey.be\/fr\/wp-json\/wp\/v2\/product_tag?post=2268"}],"curies":[{"name":"wp","href":"https:\/\/api.w.org\/{rel}","templated":true}]}}