{"id":2269,"date":"2024-04-14T11:10:39","date_gmt":"2024-04-14T09:10:39","guid":{"rendered":"https:\/\/www.biobey.be\/fr-temp\/produit\/shampooing-sebo-equilibrant-bio-250-ml\/"},"modified":"2025-12-18T08:28:00","modified_gmt":"2025-12-18T07:28:00","slug":"shampooing-sebo-equilibrant-bio-250-ml","status":"publish","type":"product","link":"https:\/\/www.biobey.be\/fr\/produit\/shampooing-sebo-equilibrant-bio-250-ml\/","title":{"rendered":"Shampooing sebo &#8211; \u00e9quilibrant bio 250 ml"},"content":{"rendered":"<p>Shampooing sebo &#8211; \u00e9quilibrant bio Bema Bio r\u00e9duit la production excessive de s\u00e9bum et r\u00e9gule le fonctionnement des glandes s\u00e9bac\u00e9es. Ce shampooing est sp\u00e9cialement con\u00e7u pour traiter le cuir chevelu et les cheveux gras.<\/p>\n<p>Une production excessive de s\u00e9bum entra\u00eene un cuir chevelu gras et des squames. En outre, le d\u00e9s\u00e9quilibre du cuir chevelu peut provoquer la chute des cheveux.<\/p>\n<p>Le shampooing sebo &#8211; \u00e9quilibrant bio r\u00e9tablit la fonction des glandes s\u00e9bac\u00e9es et r\u00e9duit la production excessive de s\u00e9bum. Par cons\u00e9quent, le cuir chevelu est moins susceptible de devenir gras. Les cheveux deviennent plus faciles \u00e0 coiffer et retrouvent leur brillance naturelle.<\/p>\n<h2>Que faire en cas de surproduction de s\u00e9bum sur le cuir chevelu ?<\/h2>\n<p>La production excessive de s\u00e9bum sur le cuir chevelu provoque un cuir chevelu gras et des squames. Les cheveux deviennent gras plus rapidement et de mauvaises bact\u00e9ries se forment. La production excessive de s\u00e9bum peut \u00eatre caus\u00e9e, entre autres, par des fluctuations hormonales, le stress ou un mode de vie malsain.<\/p>\n<p>La production excessive de s\u00e9bum se produit \u00e9galement lorsque le cuir chevelu est irrit\u00e9 ou affect\u00e9. Un mode de vie sain et une alimentation riche en vitamines permettent de rem\u00e9dier aux causes courantes de la production excessive de s\u00e9bum du cuir chevelu.<\/p>\n<p>En cas de cuir chevelu gras caus\u00e9 par un cuir chevelu affect\u00e9, il est important d&rsquo;utiliser des soins capillaires doux et nourrissants.<\/p>\n<p>Le shampooing sebo \u2013 \u00e9quilibrant bio Bema Bio pour cuir chevelu gras r\u00e9duit la production excessive de s\u00e9bum et nettoie le cuir chevelu des impuret\u00e9s et des mauvaises bact\u00e9ries ? Sa formule nourrissante permet de nourrir et d&rsquo;hydrater le cuir chevelu.<\/p>\n<h3>Le shampooing s\u00e9bor\u00e9gulateur naturel est-il efficace pour le cuir chevelu gras ?<\/h3>\n<p>Le complexe actif \u00e0 base de plantes du shampooing naturel contre le cuir chevelu gras contient des extraits de romarin, de thym, de sauge, de moringa et de ch\u00e8vrefeuille japonais. Le romarin, comme le thym, a des propri\u00e9t\u00e9s antiseptiques. Ceux-ci \u00e9liminent les mauvaises bact\u00e9ries et pr\u00e9viennent les effets n\u00e9gatifs des radicaux libres.<\/p>\n<p>En outre, le romarin contient du magn\u00e9sium et du fer qui stimulent la circulation sanguine du cuir chevelu. Cela garantit la croissance des cheveux et des cheveux plus forts. L&rsquo;extrait de sauge a un effet s\u00e9bo-r\u00e9gulateur.<\/p>\n<p>Il est utilis\u00e9 pour traiter le cuir chevelu et les cheveux gras. La combinaison d&rsquo;extraits de sauge et de romarin <strong>r\u00e9g\u00e9n\u00e8re le cuir chevelu et rend les cheveux plus forts et plus \u00e9pais.<\/strong><\/p>\n<h2>Shampooing sebo &#8211; \u00e9quilibrant bio contre les cheveux gras<\/h2>\n<p>L&rsquo;extrait de moringa est riche en antioxydants. Il contient des nutriments et des vitamines pour les cheveux et le cuir chevelu. L&rsquo;extrait de moringa est riche en vitamines A, B, C, fer et magn\u00e9sium.<\/p>\n<p>Gr\u00e2ce \u00e0 sa composition riche en nutriments, l&rsquo;extrait de moringa aide \u00e0 stabiliser le fonctionnement des glandes s\u00e9bac\u00e9es. Ce shampooing naturel r\u00e9gulateur de s\u00e9bum <strong>traite efficacement les cuirs chevelus gras en \u00e9quilibrant l&rsquo;action des glandes s\u00e9bac\u00e9es<\/strong>. En outre, le shampooing renforce les cheveux, leur donnant plus de volume et une brillance naturelle.<\/p>\n<p>Le shampooing sebo &#8211; \u00e9quilibrant bio est certifi\u00e9 ICEA BIO et convient aux v\u00e9g\u00e9taliens.<br \/>\nPour des explications d\u00e9taill\u00e9es sur les ingr\u00e9dients et les \u00e9tiquettes des produits, veuillez consulter l&rsquo;encyclop\u00e9die Biobey.<\/p>\n<p>Mode d&#8217;emploi : Massez le shampooing sur les cheveux mouill\u00e9s. Laissez agir pendant 3 \u00e0 4 minutes, puis rincez abondamment. Utilisation externe<\/p>\n<p>INCI : Aqua, Sodium Lauryl Glucose Carboxylate, Lauryl Glucoside,Cocamidopropyl Betaine, Rosmarinus Officinalis * Leaf Water, ThymusVulgaris* Leaf Water, Salvia Officinalis* Leaf Water,<\/p>\n<p>Moringa Pterygosperma Seed Extract, Glycerin, Olea Europaea* Fruit Oil,Dehydroacetic Acid, Benzyl Alcohol, Potassium Sorbate, Sodium Benzoate, Tocopherol,Citric Acid, Fragrance naturelle<\/p>\n<p>**Ingr\u00e9dients issus de l&rsquo;agriculture biologique<br \/>\nfragnance d&rsquo;origine naturelle<\/p>\n","protected":false},"excerpt":{"rendered":"<p><strong>Caract\u00e9ristiques de shampooing sebo-equilibrant bio<\/strong><br \/>\n&#8211; r\u00e9duit le cuir chevelu et les cheveux gras<br \/>\n&#8211; r\u00e9gule la production de s\u00e9bum<br \/>\n&#8211; apporte plus de volume et de brillance.<br \/>\n&#8211; rend les cheveux plus forts et les prot\u00e8ge contre les radicaux libres<\/p>\n","protected":false},"featured_media":314,"comment_status":"open","ping_status":"closed","template":"","meta":{"ocean_post_layout":"","ocean_both_sidebars_style":"","ocean_both_sidebars_content_width":0,"ocean_both_sidebars_sidebars_width":0,"ocean_sidebar":"","ocean_second_sidebar":"","ocean_disable_margins":"enable","ocean_add_body_class":"","ocean_shortcode_before_top_bar":"","ocean_shortcode_after_top_bar":"","ocean_shortcode_before_header":"","ocean_shortcode_after_header":"","ocean_has_shortcode":"","ocean_shortcode_after_title":"","ocean_shortcode_before_footer_widgets":"","ocean_shortcode_after_footer_widgets":"","ocean_shortcode_before_footer_bottom":"","ocean_shortcode_after_footer_bottom":"","ocean_display_top_bar":"default","ocean_display_header":"default","ocean_header_style":"","ocean_center_header_left_menu":"","ocean_custom_header_template":"","ocean_custom_logo":0,"ocean_custom_retina_logo":0,"ocean_custom_logo_max_width":0,"ocean_custom_logo_tablet_max_width":0,"ocean_custom_logo_mobile_max_width":0,"ocean_custom_logo_max_height":0,"ocean_custom_logo_tablet_max_height":0,"ocean_custom_logo_mobile_max_height":0,"ocean_header_custom_menu":"","ocean_menu_typo_font_family":"","ocean_menu_typo_font_subset":"","ocean_menu_typo_font_size":0,"ocean_menu_typo_font_size_tablet":0,"ocean_menu_typo_font_size_mobile":0,"ocean_menu_typo_font_size_unit":"px","ocean_menu_typo_font_weight":"","ocean_menu_typo_font_weight_tablet":"","ocean_menu_typo_font_weight_mobile":"","ocean_menu_typo_transform":"","ocean_menu_typo_transform_tablet":"","ocean_menu_typo_transform_mobile":"","ocean_menu_typo_line_height":0,"ocean_menu_typo_line_height_tablet":0,"ocean_menu_typo_line_height_mobile":0,"ocean_menu_typo_line_height_unit":"","ocean_menu_typo_spacing":0,"ocean_menu_typo_spacing_tablet":0,"ocean_menu_typo_spacing_mobile":0,"ocean_menu_typo_spacing_unit":"","ocean_menu_link_color":"","ocean_menu_link_color_hover":"","ocean_menu_link_color_active":"","ocean_menu_link_background":"","ocean_menu_link_hover_background":"","ocean_menu_link_active_background":"","ocean_menu_social_links_bg":"","ocean_menu_social_hover_links_bg":"","ocean_menu_social_links_color":"","ocean_menu_social_hover_links_color":"","ocean_disable_title":"default","ocean_disable_heading":"default","ocean_post_title":"","ocean_post_subheading":"","ocean_post_title_style":"","ocean_post_title_background_color":"","ocean_post_title_background":0,"ocean_post_title_bg_image_position":"","ocean_post_title_bg_image_attachment":"","ocean_post_title_bg_image_repeat":"","ocean_post_title_bg_image_size":"","ocean_post_title_height":0,"ocean_post_title_bg_overlay":0.5,"ocean_post_title_bg_overlay_color":"","ocean_disable_breadcrumbs":"default","ocean_breadcrumbs_color":"","ocean_breadcrumbs_separator_color":"","ocean_breadcrumbs_links_color":"","ocean_breadcrumbs_links_hover_color":"","ocean_display_footer_widgets":"default","ocean_display_footer_bottom":"default","ocean_custom_footer_template":""},"product_brand":[106],"product_cat":[25,16,24],"product_tag":[127,128,125],"class_list":{"0":"post-2269","1":"product","2":"type-product","3":"status-publish","4":"has-post-thumbnail","6":"product_brand-bema-bio","7":"product_cat-shampooing-naturel","8":"product_cat-soins","9":"product_cat-soins-cheveux","10":"product_tag-sans-silicone","11":"product_tag-sanssulfates","12":"product_tag-vegan","14":"entry","15":"has-media","17":"first","18":"instock","19":"taxable","20":"shipping-taxable","21":"purchasable","22":"product-type-simple","23":"has-rating","24":"col","25":"span_1_of_3","26":"owp-content-center","27":"owp-thumbs-layout-horizontal","28":"owp-btn-normal","29":"owp-tabs-layout-section","30":"has-no-thumbnails","31":"circle-sale"},"_links":{"self":[{"href":"https:\/\/www.biobey.be\/fr\/wp-json\/wp\/v2\/product\/2269","targetHints":{"allow":["GET"]}}],"collection":[{"href":"https:\/\/www.biobey.be\/fr\/wp-json\/wp\/v2\/product"}],"about":[{"href":"https:\/\/www.biobey.be\/fr\/wp-json\/wp\/v2\/types\/product"}],"replies":[{"embeddable":true,"href":"https:\/\/www.biobey.be\/fr\/wp-json\/wp\/v2\/comments?post=2269"}],"wp:featuredmedia":[{"embeddable":true,"href":"https:\/\/www.biobey.be\/fr\/wp-json\/wp\/v2\/media\/314"}],"wp:attachment":[{"href":"https:\/\/www.biobey.be\/fr\/wp-json\/wp\/v2\/media?parent=2269"}],"wp:term":[{"taxonomy":"product_brand","embeddable":true,"href":"https:\/\/www.biobey.be\/fr\/wp-json\/wp\/v2\/product_brand?post=2269"},{"taxonomy":"product_cat","embeddable":true,"href":"https:\/\/www.biobey.be\/fr\/wp-json\/wp\/v2\/product_cat?post=2269"},{"taxonomy":"product_tag","embeddable":true,"href":"https:\/\/www.biobey.be\/fr\/wp-json\/wp\/v2\/product_tag?post=2269"}],"curies":[{"name":"wp","href":"https:\/\/api.w.org\/{rel}","templated":true}]}}